{"id":85361,"date":"2022-02-28T11:01:29","date_gmt":"2022-02-28T11:01:29","guid":{"rendered":"https:\/\/www.trend-networks.com\/?post_type=product&#038;p=85361"},"modified":"2026-04-01T13:51:21","modified_gmt":"2026-04-01T12:51:21","slug":"lantek-iv-certificateur-de-cables","status":"publish","type":"product","link":"https:\/\/www.trend-networks.com\/fr\/produit\/lantek-iv-certificateur-de-cables\/","title":{"rendered":"LANTEK IV CERTIFICATEUR DE C\u00c2BLES"},"content":{"rendered":"<p><img decoding=\"async\" class=\"alignnone size-medium wp-image-85193\" src=\"https:\/\/www.trend-networks.com\/wp-content\/uploads\/2022\/02\/FR_01-447x600.jpg\" alt=\"FR_01\" width=\"447\" height=\"600\" title=\"\" srcset=\"https:\/\/www.trend-networks.com\/wp-content\/uploads\/2022\/02\/FR_01-447x600.jpg 447w, https:\/\/www.trend-networks.com\/wp-content\/uploads\/2022\/02\/FR_01-762x1024.jpg 762w, https:\/\/www.trend-networks.com\/wp-content\/uploads\/2022\/02\/FR_01-768x1031.jpg 768w, https:\/\/www.trend-networks.com\/wp-content\/uploads\/2022\/02\/FR_01-1144x1536.jpg 1144w, https:\/\/www.trend-networks.com\/wp-content\/uploads\/2022\/02\/FR_01-1525x2048.jpg 1525w, https:\/\/www.trend-networks.com\/wp-content\/uploads\/2022\/02\/FR_01-600x806.jpg 600w, https:\/\/www.trend-networks.com\/wp-content\/uploads\/2022\/02\/FR_01-scaled.jpg 1906w\" sizes=\"(max-width: 447px) 100vw, 447px\" \/><\/p>\n<h4><strong>AVEC LES ADAPTATEURS PERMANENT LINK VISILINQ\u2122 : TRAVAILLEZ PLUS EFFICACEMENT<\/strong><\/h4>\n<p>VisiLINQ\u2122 permet aux techniciens de gagner du temps car ils n\u2019ont pas besoin de regarder et manipuler le testeur pour lancer et voir le r\u00e9sultat des tests.<br \/>\n<!--more--><\/p>\n<p><img decoding=\"async\" class=\"alignnone size-medium wp-image-85202\" src=\"https:\/\/www.trend-networks.com\/wp-content\/uploads\/2022\/02\/FR_02-600x452.jpg\" alt=\"FR_02\" width=\"600\" height=\"452\" title=\"\" srcset=\"https:\/\/www.trend-networks.com\/wp-content\/uploads\/2022\/02\/FR_02-600x452.jpg 600w, https:\/\/www.trend-networks.com\/wp-content\/uploads\/2022\/02\/FR_02-1024x771.jpg 1024w, https:\/\/www.trend-networks.com\/wp-content\/uploads\/2022\/02\/FR_02-768x578.jpg 768w, https:\/\/www.trend-networks.com\/wp-content\/uploads\/2022\/02\/FR_02-1536x1156.jpg 1536w, https:\/\/www.trend-networks.com\/wp-content\/uploads\/2022\/02\/FR_02-2048x1541.jpg 2048w, https:\/\/www.trend-networks.com\/wp-content\/uploads\/2022\/02\/FR_02.jpg 1920w\" sizes=\"(max-width: 600px) 100vw, 600px\" \/><\/p>\n<h4><strong>PERMANENT LINK VISILINQ\u2122 PEUVENT \u00caTRE REMPLAC\u00c9S DIRECTEMENT SUR LE TERRAIN<\/strong><\/h4>\n<p>Les contacts RJ45 sur les modules Permanent Link VisiLINQ\u2122 peuvent \u00eatre remplac\u00e9s directement sur le terrain par les utilisateurs afin de r\u00e9duire les d\u00e9penses. Le nombre moyen d\u2019insertions r\u00e9alisables est de 2000, soit 1250 de plus que des cordons RJ45, d\u2019apr\u00e8s les normes ISO\/TIA.<\/p>\n<p><img decoding=\"async\" class=\"alignnone size-full wp-image-84754\" src=\"https:\/\/www.trend-networks.com\/wp-content\/uploads\/2022\/02\/UK_03.jpg\" alt=\"UK_03\" width=\"500\" height=\"500\" title=\"\" srcset=\"https:\/\/www.trend-networks.com\/wp-content\/uploads\/2022\/02\/UK_03.jpg 500w, https:\/\/www.trend-networks.com\/wp-content\/uploads\/2022\/02\/UK_03-150x150.jpg 150w, https:\/\/www.trend-networks.com\/wp-content\/uploads\/2022\/02\/UK_03-125x125.jpg 125w, https:\/\/www.trend-networks.com\/wp-content\/uploads\/2022\/02\/UK_03-100x100.jpg 100w\" sizes=\"(max-width: 500px) 100vw, 500px\" \/><\/p>\n<h4><strong>PRISE EN MAIN \u00c0 DISTANCE AVEC TEAMVIEWER<\/strong><\/h4>\n<p>Avec cet outil TREND AnyWARE Cloud les utilisateurs au bureau peuvent se connecter sur le LanTEK IV-S de leur coll\u00e8gue \u00e0 distance, pour aider \u00e0 d\u00e9panner des liens d\u00e9faillants, am\u00e9liorer la collaboration entre les \u00e9quipes, expertiser les r\u00e9sultats et r\u00e9duire les rappels clients<\/p>\n<p>Coll\u00e8gues, fabricants de mat\u00e9riel de c\u00e2blage et hotline d\u2019TREND Networks peuvent se connecter \u00e0 distance au LanTEK IV-S. Trois avantages : gain de temps sur le d\u00e9pannage, am\u00e9lioration de la collaboration entre \u00e9quipes et r\u00e9duction des rappels client.<\/p>\n<p><img decoding=\"async\" class=\"alignnone size-medium wp-image-85211\" src=\"https:\/\/www.trend-networks.com\/wp-content\/uploads\/2022\/02\/FR_04-600x323.jpg\" alt=\"FR_04\" width=\"600\" height=\"323\" title=\"\" srcset=\"https:\/\/www.trend-networks.com\/wp-content\/uploads\/2022\/02\/FR_04-600x323.jpg 600w, https:\/\/www.trend-networks.com\/wp-content\/uploads\/2022\/02\/FR_04-1024x552.jpg 1024w, https:\/\/www.trend-networks.com\/wp-content\/uploads\/2022\/02\/FR_04-768x414.jpg 768w, https:\/\/www.trend-networks.com\/wp-content\/uploads\/2022\/02\/FR_04-1536x827.jpg 1536w, https:\/\/www.trend-networks.com\/wp-content\/uploads\/2022\/02\/FR_04-2048x1103.jpg 2048w, https:\/\/www.trend-networks.com\/wp-content\/uploads\/2022\/02\/FR_04.jpg 2005w\" sizes=\"(max-width: 600px) 100vw, 600px\" \/><\/p>\n<h4><strong>KEY FEATURES<\/strong><\/h4>\n<p><img decoding=\"async\" class=\"alignnone size-medium wp-image-85220\" src=\"https:\/\/www.trend-networks.com\/wp-content\/uploads\/2022\/02\/FR_05-514x600.jpg\" alt=\"FR_05\" width=\"514\" height=\"600\" title=\"\" srcset=\"https:\/\/www.trend-networks.com\/wp-content\/uploads\/2022\/02\/FR_05-514x600.jpg 514w, https:\/\/www.trend-networks.com\/wp-content\/uploads\/2022\/02\/FR_05-878x1024.jpg 878w, https:\/\/www.trend-networks.com\/wp-content\/uploads\/2022\/02\/FR_05-768x896.jpg 768w, https:\/\/www.trend-networks.com\/wp-content\/uploads\/2022\/02\/FR_05-1317x1536.jpg 1317w, https:\/\/www.trend-networks.com\/wp-content\/uploads\/2022\/02\/FR_05-1756x2048.jpg 1756w, https:\/\/www.trend-networks.com\/wp-content\/uploads\/2022\/02\/FR_05-600x700.jpg 600w, https:\/\/www.trend-networks.com\/wp-content\/uploads\/2022\/02\/FR_05-scaled.jpg 1920w\" sizes=\"(max-width: 514px) 100vw, 514px\" \/><\/p>\n<h4><strong>LOGICIEL DE GESTION DES TESTS<\/strong><\/h4>\n<p>TREND AnyWARE Cloud est un nouveau syst\u00e8me de gestion qui permet aux chefs de projet et aux techniciens de terrain de travailler ensemble en temps r\u00e9el. Les techniciens sur place n\u2019ont plus besoin de configurer le LanTEK IV-S. Ce sont les chefs de projet qui s\u2019en occupent en configurant \u00e0 l\u2019avance les projets et les tests dans TREND AnyWARE Cloud. Ainsi, ils \u00e9limineront les erreurs \u00e9ventuelles et gagneront un temps pr\u00e9cieux autrefois pass\u00e9 \u00e0 pr\u00e9parer les rapports pour les clients et les garanties.<\/p>\n<p><img decoding=\"async\" class=\"alignnone size-full wp-image-84781\" src=\"https:\/\/www.trend-networks.com\/wp-content\/uploads\/2022\/02\/UK_06.jpg\" alt=\"UK_06\" width=\"499\" height=\"266\" title=\"\"><\/p>\n<h4><strong>LOGICIEL CLOUD<\/strong><\/h4>\n<ul>\n<li><strong>Fonctionne n\u2019importe o\u00f9 via un navigateur internet<\/strong> \u2013 TREND AnyWARE Cloud s\u2019utilise sur PC, MAC et tablette (Android et iOS)<\/li>\n<li><strong>Stockage gratuit<\/strong> \u2013 Pas besoin de serveurs ou de syst\u00e8mes de sauvegardes d\u00e9di\u00e9s<\/li>\n<li><strong>Grouper les informations dans le projet<\/strong> \u2013 Il est possible de lier, dans les projets, des fichiers utiles, tels des photos, vid\u00e9os, plans de masse. Avec TREND AnyWARE Cloud toutes les informations essentielles se combinent dans un seul et m\u00eame endroit<\/li>\n<li><strong>Partage plus facile des rapports<\/strong> \u2013 TREND AnyWARE Cloud offre le partage des liens vers les rapports de test : plus besoin donc d\u2019envoyer manuellement des pi\u00e8ces jointes lourdes par e-mail<\/li>\n<li><strong>Minimisation du temps de prise en main avec \u00abWalkMe\u00bb<\/strong> \u2013 TREND AnyWARE Cloud exploite l\u2019outil de guide \u00e0 l\u2019utilisation \u00e9tape par \u00e9tape \u00abWalkMe\u00bb pour avancer au plus vite sur les t\u00e2ches importantes<\/li>\n<\/ul>\n<p><img decoding=\"async\" class=\"alignnone size-full wp-image-84790\" src=\"https:\/\/www.trend-networks.com\/wp-content\/uploads\/2022\/02\/UK_07.jpg\" alt=\"UK_07\" width=\"500\" height=\"348\" title=\"\"><\/p>\n<h4><strong>GESTION DE FLOTTES AVEC PLUSIEURS CERTIFIATEURS<\/strong><\/h4>\n<p><strong>Superviser plusieurs appareils dans le m\u00eame parc<\/strong> : le syst\u00e8me de traitement de flottes permet de savoir ainsi qui a utilis\u00e9 le certificateur la derni\u00e8re fois, quand le logiciel embarqu\u00e9 a \u00e9t\u00e9 mis \u00e0 jour, la future date de calibrage usine \u00e0 r\u00e9aliser et la derni\u00e8re fois que les r\u00e9sultats ont \u00e9t\u00e9 synchronis\u00e9s. Il est \u00e9galement possible de g\u00e9rer les p\u00e9riodes d\u2019inactivit\u00e9 des testeurs et de s\u2019assurer que les r\u00e9sultats sont bien transf\u00e9r\u00e9s rapidement au bureau et non pas perdus ou effac\u00e9s.<\/p>\n<p><img decoding=\"async\" class=\"alignnone size-full wp-image-84799\" src=\"https:\/\/www.trend-networks.com\/wp-content\/uploads\/2022\/02\/UK_08.jpg\" alt=\"UK_08\" width=\"500\" height=\"344\" title=\"\"><\/p>\n<h4><strong>PR\u00c9-CONFIGURATION<\/strong><\/h4>\n<p><strong>Moins d\u2019erreurs de configurations<\/strong> \u2013 Les chefs de projet rentrent \u00e0 l\u2019avance sur leur PC avec TREND AnyWARE Cloud toutes les informations concernant le projet futur; ensuite, sur le terrain, les techniciens t\u00e9l\u00e9chargeront ce projet dans leur LanTEK IV-S et n\u2019auront plus qu\u2019\u00e0 lancer les Autotest pr\u00e9d\u00e9finis : ainsi plus d\u2019erreurs \u00e0 cause d\u2019informations mal configur\u00e9es et la n\u00e9cessit\u00e9 de refaire ensuite les tests<br \/>\n<strong>Cr\u00e9ation d\u2019identifiants de test complexes<\/strong> \u2013 Des nominations sophistiqu\u00e9es respectant les demandes des clients finaux sont totalement r\u00e9alisables<\/p>\n<h4><strong>D\u00c9PANNAGES<\/strong><\/h4>\n<p><strong>Filtrage avanc\u00e9<\/strong> \u2013 La fonction de filtres de tests avec plusieurs entr\u00e9es r\u00e9duit le temps pass\u00e9 \u00e0 faire des recherches et s\u00e9lections.<\/p>\n<h4><strong>SUPPORT ET FORMATION<\/strong><\/h4>\n<p><strong>R\u00e9duction du temps de prise en main<\/strong> \u2013 TREND AnyWARE Cloud int\u00e8gre une aide didactique pro-active pas \u00e0 pas sur les fonctionnalit\u00e9s principales<br \/>\n<strong>Prise en main \u00e0 distance avec TeamViewer<\/strong> \u2013 Avec cet outil TREND AnyWARE Cloud les utilisateurs au bureau peuvent se connecter sur le LanTEK IV-S de leur coll\u00e8gue \u00e0 distance, pour aider \u00e0 d\u00e9panner des liens d\u00e9faillants, am\u00e9liorer la collaboration entre les \u00e9quipes, expertiser les r\u00e9sultats et r\u00e9duire les rappels clients<\/p>\n<h4><strong>RAPPORTS DE CERTIFICATION PROFESSIONNELS<\/strong><\/h4>\n<p><strong>Trois formats possibles de rapports PDF<\/strong><\/p>\n<ul>\n<li><strong>Complet<\/strong> &#8211; Elle combine la synth\u00e8se de tous les liens du dossier avec les rapports de chaque lien et leurs graphiques<\/li>\n<li><strong>Synth\u00e8se<\/strong> &#8211; Uniquement la synth\u00e8se de tous les liens du dossier, avec une ligne par lien<\/li>\n<li><strong>Classique<\/strong> &#8211; Une page PDF par lien certifi\u00e9, avec les graphiques<\/li>\n<\/ul>\n<p><img decoding=\"async\" class=\"alignnone size-medium wp-image-85033\" src=\"https:\/\/www.trend-networks.com\/wp-content\/uploads\/2022\/02\/UK_09-454x600.jpg\" alt=\"UK_09\" width=\"454\" height=\"600\" title=\"\" srcset=\"https:\/\/www.trend-networks.com\/wp-content\/uploads\/2022\/02\/UK_09-454x600.jpg 454w, https:\/\/www.trend-networks.com\/wp-content\/uploads\/2022\/02\/UK_09-600x793.jpg 600w, https:\/\/www.trend-networks.com\/wp-content\/uploads\/2022\/02\/UK_09.jpg 757w\" sizes=\"(max-width: 454px) 100vw, 454px\" \/><\/p>\n","protected":false},"excerpt":{"rendered":"<h3>Le certificateur de c\u00e2bles de donn\u00e9es en cuivre et en fibre le plus puissant et le plus rapide que nous ayons jamais fabriqu\u00e9.<\/h3>\n<p>En vous faisant gagner du temps, il teste et enregistre une liaison Cat6A en 7 secondes et certifie les liaisons jusqu&#8217;\u00e0 Cat8.1 et Cat8.2, y compris les mesures de TCL et de d\u00e9s\u00e9quilibre R\u00e9sistif du courant continu-DCRU.<\/p>\n<p><strong>Acc\u00e9dez \u00e0 la certitude du printemps gr\u00e2ce \u00e0 des tests plus intelligents et des \u00e9conomies maximales. <a href=\"https:\/\/www.trend-networks.com\/wp-content\/uploads\/2026\/04\/Spring-Savings_FR-2026.pdf\">Cliquez ici.<\/a><\/strong><\/p>\n<ul>\n<li>Une mesure Cat.6A en moins de 7 secondes<\/li>\n<li>VisiLINQ\u2122 am\u00e9liore votre productivit\u00e9<\/li>\n<li>Le certificateur cloud le plus rapide au monde<\/li>\n<li>Navigation de projet dans le Cloud<\/li>\n<li>Deux fois plus de puissance CPU que LanTEK IV<\/li>\n<li>R\u00e9duction des d\u00e9penses d\u2019investissement gr\u00e2ce \u00e0 le contrat de services Sapphire<\/li>\n<\/ul>\n","protected":false},"featured_media":153146,"template":"","meta":{"_acf_changed":false,"inline_featured_image":false,"_glsr_average":5,"_glsr_ranking":3.928571428571399959395193945965729653835296630859375,"_glsr_reviews":4},"product_brand":[],"product_cat":[410,2943,2847],"product_tag":[2824],"woo-feed-brand":[],"class_list":{"0":"post-85361","1":"product","2":"type-product","3":"status-publish","4":"has-post-thumbnail","6":"product_cat-testeurs-de-cuivre","7":"product_cat-anyware-cloud-fr","8":"product_cat-promotions-en-vedette","9":"product_tag-lantek-iv-s-fr","11":"first","12":"instock","13":"sale","14":"taxable","15":"shipping-taxable","16":"product-type-grouped","17":"add-to-wishlist-before_image"},"acf":[],"_links":{"self":[{"href":"https:\/\/www.trend-networks.com\/fr\/wp-json\/wp\/v2\/product\/85361","targetHints":{"allow":["GET"]}}],"collection":[{"href":"https:\/\/www.trend-networks.com\/fr\/wp-json\/wp\/v2\/product"}],"about":[{"href":"https:\/\/www.trend-networks.com\/fr\/wp-json\/wp\/v2\/types\/product"}],"wp:featuredmedia":[{"embeddable":true,"href":"https:\/\/www.trend-networks.com\/fr\/wp-json\/wp\/v2\/media\/153146"}],"wp:attachment":[{"href":"https:\/\/www.trend-networks.com\/fr\/wp-json\/wp\/v2\/media?parent=85361"}],"wp:term":[{"taxonomy":"product_brand","embeddable":true,"href":"https:\/\/www.trend-networks.com\/fr\/wp-json\/wp\/v2\/product_brand?post=85361"},{"taxonomy":"product_cat","embeddable":true,"href":"https:\/\/www.trend-networks.com\/fr\/wp-json\/wp\/v2\/product_cat?post=85361"},{"taxonomy":"product_tag","embeddable":true,"href":"https:\/\/www.trend-networks.com\/fr\/wp-json\/wp\/v2\/product_tag?post=85361"},{"taxonomy":"woo-feed-brand","embeddable":true,"href":"https:\/\/www.trend-networks.com\/fr\/wp-json\/wp\/v2\/woo-feed-brand?post=85361"}],"curies":[{"name":"wp","href":"https:\/\/api.w.org\/{rel}","templated":true}]}}