{"id":69506,"date":"2021-07-06T11:58:31","date_gmt":"2021-07-08T09:40:18","guid":{"rendered":"https:\/\/www.trend-networks.com\/?post_type=product&#038;p=69506"},"modified":"2025-08-07T11:15:20","modified_gmt":"2025-08-07T10:15:20","slug":"kit-traceur-de-cables-sonores","status":"publish","type":"product","link":"https:\/\/www.trend-networks.com\/fr\/produit\/kit-traceur-de-cables-sonores\/","title":{"rendered":"KIT TRACEUR DE CABLES SONORES"},"content":{"rendered":"<p><strong>G\u00e9n\u00e9rateur de tonalit\u00e9s analogiques:<\/strong><\/p>\n<ul>\n<li>Tracez \u00e0 distances des c\u00e2bles sur de grandes longueurs, gr\u00e2ce \u00e0 une forte dynamique de signal<\/li>\n<li>R\u00e9solvez les probl\u00e8mes plus rapidement avec l\u2019alimentation pour les t\u00e9l\u00e9phones analogiques<\/li>\n<li>V\u00e9rifiez le c\u00e2blage en testant la polarit\u00e9 et la continuit\u00e9<\/li>\n<li>Utilisation facile tr\u00e8s intuitive<\/li>\n<\/ul>\n<p><!--more--><\/p>\n<p><strong>Sonde amplificatrice:<\/strong><\/p>\n<ul>\n<li>Localisez des signaux faibles \u00e0 l\u2019aide de la sonde haute sensibilit\u00e9<\/li>\n<li>Rep\u00e9rage des c\u00e2bles plus facile gr\u00e2ce \u00e0 des indicateurs \u00e0 la fois sonores et visuels<\/li>\n<li>Recherchez les c\u00e2bles dans des environnements bruyants via l\u2019entr\u00e9e jack pour une oreillette (non fournie)<\/li>\n<li>Fonctionne dans les zones sombres \u00e0 l\u2019aide de sa lampe torche LED<\/li>\n<\/ul>\n<p><img decoding=\"async\" src=\"https:\/\/www.trend-networks.com\/wp-content\/uploads\/2021\/07\/Features_FR.jpg\" alt=\"G\u00c9N\u00c9RATEUR DE TONALIT\u00c9 ET SONDE AMPLIFICATRICE - NOUVEAU\" title=\"\"><\/p>\n","protected":false},"excerpt":{"rendered":"<h3><strong>LOCALISEZ RAPIDEMENT LES CABLAGES VDI<\/strong><\/h3>\n<p>Kit G\u00e9n\u00e9rateur et Sonde pour le tra\u00e7age des c\u00e2blages LAN &amp; t\u00e9l\u00e9com WAN. Rep\u00e9rage sonore sur liens RJ45 Cat 5e, Cat 6, Cat.6A, coaxiaux, Ethernet, t\u00e9l\u00e9phoniques et bien plus encore.<\/p>\n<ul>\n<li>Tracez \u00e0 distances des c\u00e2bles sur de grandes longueurs, gr\u00e2ce \u00e0 une forte dynamique de signal<\/li>\n<li>R\u00e9solvez les probl\u00e8mes plus rapidement avec l\u2019alimentation pour les t\u00e9l\u00e9phones analogiques<\/li>\n<li>V\u00e9rifiez le c\u00e2blage en testant la polarit\u00e9 et la continuit\u00e9<\/li>\n<li>Utilisation facile tr\u00e8s intuitive<\/li>\n<li>Localisez des signaux faibles \u00e0 l\u2019aide de la sonde haute sensibilit\u00e9<\/li>\n<li>Rep\u00e9rage des c\u00e2bles plus facile gr\u00e2ce \u00e0 des indicateurs \u00e0 la fois sonores et visuels<\/li>\n<li>Recherchez les c\u00e2bles dans des environnements bruyants via l\u2019entr\u00e9e jack pour une oreillette (non fournie)<\/li>\n<li>Fonctionne dans les zones sombres \u00e0 l\u2019aide de sa lampe torche LED<\/li>\n<\/ul>\n","protected":false},"featured_media":108387,"template":"","meta":{"_acf_changed":false,"inline_featured_image":false,"_glsr_average":0,"_glsr_ranking":0,"_glsr_reviews":0},"product_brand":[],"product_cat":[410],"product_tag":[2323],"woo-feed-brand":[],"class_list":{"0":"post-69506","1":"product","2":"type-product","3":"status-publish","4":"has-post-thumbnail","6":"product_cat-testeurs-de-cuivre","7":"product_tag-cable-tracing-fr","9":"first","10":"instock","11":"taxable","12":"shipping-taxable","13":"product-type-grouped","14":"add-to-wishlist-before_image"},"acf":[],"_links":{"self":[{"href":"https:\/\/www.trend-networks.com\/fr\/wp-json\/wp\/v2\/product\/69506","targetHints":{"allow":["GET"]}}],"collection":[{"href":"https:\/\/www.trend-networks.com\/fr\/wp-json\/wp\/v2\/product"}],"about":[{"href":"https:\/\/www.trend-networks.com\/fr\/wp-json\/wp\/v2\/types\/product"}],"wp:featuredmedia":[{"embeddable":true,"href":"https:\/\/www.trend-networks.com\/fr\/wp-json\/wp\/v2\/media\/108387"}],"wp:attachment":[{"href":"https:\/\/www.trend-networks.com\/fr\/wp-json\/wp\/v2\/media?parent=69506"}],"wp:term":[{"taxonomy":"product_brand","embeddable":true,"href":"https:\/\/www.trend-networks.com\/fr\/wp-json\/wp\/v2\/product_brand?post=69506"},{"taxonomy":"product_cat","embeddable":true,"href":"https:\/\/www.trend-networks.com\/fr\/wp-json\/wp\/v2\/product_cat?post=69506"},{"taxonomy":"product_tag","embeddable":true,"href":"https:\/\/www.trend-networks.com\/fr\/wp-json\/wp\/v2\/product_tag?post=69506"},{"taxonomy":"woo-feed-brand","embeddable":true,"href":"https:\/\/www.trend-networks.com\/fr\/wp-json\/wp\/v2\/woo-feed-brand?post=69506"}],"curies":[{"name":"wp","href":"https:\/\/api.w.org\/{rel}","templated":true}]}}