{"id":46073,"date":"2019-06-05T15:29:37","date_gmt":"2019-06-05T14:29:37","guid":{"rendered":"https:\/\/www.trend-networks.com\/?post_type=product&#038;p=46073"},"modified":"2026-04-01T15:37:53","modified_gmt":"2026-04-01T14:37:53","slug":"poe-pro","status":"publish","type":"product","link":"https:\/\/www.trend-networks.com\/fr\/produit\/poe-pro\/","title":{"rendered":"TESTEUR DE C\u00c2BLAGE ET POE AVEC \u00c9DITION DE RAPPORTS PDF"},"content":{"rendered":"<p><strong>Avez-vous assez de puissance \u00e0 l&#8217;endroit pour votre futur \u00e9quipement ?<\/strong><\/p>\n<p>Le PoE Pro affiche la puissance maximale en W disponible \u00e0 l&#8217;endroit o\u00f9 se trouvera l&#8217;\u00e9quipement, ainsi que la classe (de 0 \u00e0 8), la tension en V, le type de PoE (af\/at\/bt) et les 2 ou 4 paires aliment\u00e9es.<\/p>\n<p>Certains switches ou injecteurs peuvent fournir un niveau de puissance qui d\u00e9passe leur indice de classe IEEE. Le PoE Pro est en mesure de v\u00e9ritablement tester cette capacit\u00e9 avec sa propre mesure de puissance \u00e9tendue. En appuyant sur le bouton r\u00e9seau pendant 3 secondes, le PoE Pro augmentera sa demande de puissance jusqu&#8217;\u00e0 90 W pour afficher la maximale disponible.<\/p>\n<p><!--more--><\/p>\n<p><img decoding=\"async\" class=\"alignnone wp-image-106683 size-medium\" src=\"https:\/\/www.trend-networks.com\/wp-content\/uploads\/2019\/06\/product_feature_1_fr-600x506.jpg\" alt=\"\" width=\"600\" height=\"506\" title=\"\" srcset=\"https:\/\/www.trend-networks.com\/wp-content\/uploads\/2019\/06\/product_feature_1_fr-600x506.jpg 600w, https:\/\/www.trend-networks.com\/wp-content\/uploads\/2019\/06\/product_feature_1_fr-768x648.jpg 768w, https:\/\/www.trend-networks.com\/wp-content\/uploads\/2019\/06\/product_feature_1_fr.jpg 1000w\" sizes=\"(max-width: 600px) 100vw, 600px\" \/><\/p>\n<p><strong>Tester et g\u00e9n\u00e9rer des rapports en seulement 3 \u00e9tapes.<\/strong> TESTER. EXPORTER. DOCUMENTER.<\/p>\n<p><strong>Avantages d\u2019AnyWARE Cloud :<\/strong><br \/>\n\u2022 Transmission aux clients finaux des tests r\u00e9alis\u00e9s pour laisser une tra\u00e7abilit\u00e9 des interventions.<br \/>\n\u2022 Stockage gratuit des donn\u00e9es et sans limite.<br \/>\n\u2022 Pas besoin de logiciel PC \u00e0 installer ni de droits administrateurs \u00e0 demander.<br \/>\n\u2022 Toujours la derni\u00e8re version actualis\u00e9e.<br \/>\n\u2022 Pas de pertes de tests, via les synchros r\u00e9guli\u00e8res.<br \/>\n\u2022 Gestion efficace via plusieurs dossiers pour plusieurs utilisateurs.<br \/>\n\u2022 Prestations optimis\u00e9es avec des rapports toujours en corr\u00e9lation avec les derniers standards de tests.<\/p>\n<p><img decoding=\"async\" class=\"alignnone wp-image-106743 size-medium\" src=\"https:\/\/www.trend-networks.com\/wp-content\/uploads\/2019\/06\/AnyWARE-Cloud-App-600x179.jpg\" alt=\"\" width=\"600\" height=\"179\" title=\"\" srcset=\"https:\/\/www.trend-networks.com\/wp-content\/uploads\/2019\/06\/AnyWARE-Cloud-App-600x179.jpg 600w, https:\/\/www.trend-networks.com\/wp-content\/uploads\/2019\/06\/AnyWARE-Cloud-App-1024x306.jpg 1024w, https:\/\/www.trend-networks.com\/wp-content\/uploads\/2019\/06\/AnyWARE-Cloud-App-768x229.jpg 768w, https:\/\/www.trend-networks.com\/wp-content\/uploads\/2019\/06\/AnyWARE-Cloud-App.jpg 1242w\" sizes=\"(max-width: 600px) 100vw, 600px\" \/><\/p>\n<p><img decoding=\"async\" class=\"alignnone wp-image-106945 size-medium\" src=\"https:\/\/www.trend-networks.com\/wp-content\/uploads\/2019\/06\/laptop-report_v2-1-600x348.png\" alt=\"\" width=\"600\" height=\"348\" title=\"\" srcset=\"https:\/\/www.trend-networks.com\/wp-content\/uploads\/2019\/06\/laptop-report_v2-1-600x348.png 600w, https:\/\/www.trend-networks.com\/wp-content\/uploads\/2019\/06\/laptop-report_v2-1-1024x594.png 1024w, https:\/\/www.trend-networks.com\/wp-content\/uploads\/2019\/06\/laptop-report_v2-1-768x445.png 768w, https:\/\/www.trend-networks.com\/wp-content\/uploads\/2019\/06\/laptop-report_v2-1-1536x890.png 1536w, https:\/\/www.trend-networks.com\/wp-content\/uploads\/2019\/06\/laptop-report_v2-1-2048x1187.png 2048w\" sizes=\"(max-width: 600px) 100vw, 600px\" \/><\/p>\n<p><strong>Quel type d&#8217;\u00e9quipement actif &#8220;PSE&#8221; (Power Sourcing Equipment) est utilis\u00e9 ?<\/strong><\/p>\n<p>Le PoE Pro r\u00e9duit le temps de d\u00e9pannage en identifiant le type d&#8217;\u00e9quipement actif PoE utilis\u00e9 car les injecteurs ou switchs ont des comportements diff\u00e9rents; ces derniers sont souvent dans les baies et les injecteurs mid-span peuvent se positionner le long du c\u00e2blage.<\/p>\n<p>Ceci se fait en affichant les paires torsad\u00e9es aliment\u00e9es : si ce sont les 1\/2 &amp; 3\/6 alors on a un switch PoE &#8211; si ce sont des paires 4\/5 &amp; 7\/8 il s&#8217;agit l\u00e0 d&#8217;un injecteur mid-span.<\/p>\n<p><strong>Le switch PoE fournit-il assez de puissance ?<\/strong><\/p>\n<p>Testez et v\u00e9rifiez des switchs PoE et injecteurs en vous branchant directement dessus et en affichant la puissance maximum. Seront affich\u00e9s : le type de PoE (af\/at\/bt), la classe (0-8) et la tension<\/p>\n<p><img decoding=\"async\" class=\"alignnone wp-image-106693 size-medium\" src=\"https:\/\/www.trend-networks.com\/wp-content\/uploads\/2019\/06\/product_feature_2_fr-1-564x600.jpg\" alt=\"\" width=\"564\" height=\"600\" title=\"\" srcset=\"https:\/\/www.trend-networks.com\/wp-content\/uploads\/2019\/06\/product_feature_2_fr-1-564x600.jpg 564w, https:\/\/www.trend-networks.com\/wp-content\/uploads\/2019\/06\/product_feature_2_fr-1-963x1024.jpg 963w, https:\/\/www.trend-networks.com\/wp-content\/uploads\/2019\/06\/product_feature_2_fr-1-768x816.jpg 768w, https:\/\/www.trend-networks.com\/wp-content\/uploads\/2019\/06\/product_feature_2_fr-1-600x638.jpg 600w, https:\/\/www.trend-networks.com\/wp-content\/uploads\/2019\/06\/product_feature_2_fr-1.jpg 1000w\" sizes=\"(max-width: 564px) 100vw, 564px\" \/><\/p>\n<p>&nbsp;<\/p>\n<p><strong>V\u00e9rification et d\u00e9pannage c\u00e2blages et r\u00e9seaux<\/strong><\/p>\n<p><em>D\u00e9tection pr\u00e9cise des d\u00e9fauts physiques, pour un gain de temps et d&#8217;argent<\/em><\/p>\n<p>Le PoE Pro exploite un r\u00e9flectom\u00e8tre temporel (TDR) pour mesurer pr\u00e9cis\u00e9ment la longueur du lien et mesure les distances aux d\u00e9fauts. Cela permet de d\u00e9tecter automatiquement les probl\u00e8mes de raccordements et de r\u00e9duire les temps de coupure.<\/p>\n<p><em>Des r\u00e9sultats instantan\u00e9s<\/em><\/p>\n<p>Le testeur identifie instantan\u00e9ment les erreurs de c\u00e2blage et donne des informations claires sur les d\u00e9fauts : courts-circuits, circuits ouverts, croisements et paires s\u00e9par\u00e9es.<\/p>\n<p><em>Pas besoin d&#8217;utiliser plusieurs testeurs diff\u00e9rents<\/em><\/p>\n<p>Les interfaces t\u00e9l\u00e9phonie (RJ11 &amp; RJ12), r\u00e9seau (RJ45) et vid\u00e9o (coaxial F (vid\u00e9o) apportent une totale polyvalence pour les tests de r\u00e9seaux courants faibles, le tout dans un seul et m\u00eame appareil.<\/p>\n<p><em>D\u00e9tection rapide des activit\u00e9s sur des liens actifs<\/em><\/p>\n<p>Le PoE Pro d\u00e9tecte imm\u00e9diatement s&#8217;il voit une activit\u00e9 : t\u00e9l\u00e9phonie analogique ou num\u00e9rique, Ethernet, ou PoE &#8211; pour un diagnostic complet<\/p>\n<p><em>D\u00e9termination rapide de la vitesse du r\u00e9seau<\/em><\/p>\n<p>Le testeur pour d\u00e9panner les r\u00e9seaux Ethernet actifs en d\u00e9tectant la vitesse pr\u00e9sente sur un lien (10\/100\/1000Mb\/s) et si la liaison est Half ou Full duplex.<\/p>\n<p><em>Protection \u00e9lectrique de la tension d&#8217;entr\u00e9e sur le testeur<\/em><\/p>\n<p>Le PoE Pro d\u00e9tectera la pr\u00e9sence de tensions fortes avec un avertissement sonore &amp; visuel, pour \u00e9viter d\u2019endommager l&#8217;appareil.<\/p>\n<p><em>Tracer et rep\u00e9rer de mani\u00e8re sonore un lien<\/em><\/p>\n<p>Le g\u00e9n\u00e9rateur de tonalit\u00e9s int\u00e9gr\u00e9s (num\u00e9riques et analogiques avec diff\u00e9rentes tonalit\u00e9s) se combine avec la majorit\u00e9 des sondes amplificatrices num\u00e9riques et analogiques. Cette fonction est indispensable pour tracer les c\u00e2blages et rep\u00e9rer les mal \u00e9tiquet\u00e9s.<\/p>\n<p><em>Identification du port du switch<\/em><\/p>\n<p>La fonction &#8220;Hub Blink&#8221; fera clignoter lentement la diode du switch auquel le c\u00e2ble est branch\u00e9, pour un rep\u00e9rage visuel \u00e0 partir d&#8217;une prise murale.<\/p>\n<p><img decoding=\"async\" class=\"alignnone wp-image-106337 size-medium\" src=\"https:\/\/www.trend-networks.com\/wp-content\/uploads\/2019\/06\/PoE_BT_img1-600x600.jpg\" alt=\"\" width=\"600\" height=\"600\" title=\"\" srcset=\"https:\/\/www.trend-networks.com\/wp-content\/uploads\/2019\/06\/PoE_BT_img1-600x600.jpg 600w, https:\/\/www.trend-networks.com\/wp-content\/uploads\/2019\/06\/PoE_BT_img1-150x150.jpg 150w, https:\/\/www.trend-networks.com\/wp-content\/uploads\/2019\/06\/PoE_BT_img1-768x768.jpg 768w, https:\/\/www.trend-networks.com\/wp-content\/uploads\/2019\/06\/PoE_BT_img1-125x125.jpg 125w, https:\/\/www.trend-networks.com\/wp-content\/uploads\/2019\/06\/PoE_BT_img1-100x100.jpg 100w, https:\/\/www.trend-networks.com\/wp-content\/uploads\/2019\/06\/PoE_BT_img1.jpg 900w\" sizes=\"(max-width: 600px) 100vw, 600px\" \/><\/p>\n<p><img decoding=\"async\" class=\"alignnone wp-image-106743 size-medium\" src=\"https:\/\/www.trend-networks.com\/wp-content\/uploads\/2019\/06\/AnyWARE-Cloud-App-600x179.jpg\" alt=\"\" width=\"600\" height=\"179\" title=\"\" srcset=\"https:\/\/www.trend-networks.com\/wp-content\/uploads\/2019\/06\/AnyWARE-Cloud-App-600x179.jpg 600w, https:\/\/www.trend-networks.com\/wp-content\/uploads\/2019\/06\/AnyWARE-Cloud-App-1024x306.jpg 1024w, https:\/\/www.trend-networks.com\/wp-content\/uploads\/2019\/06\/AnyWARE-Cloud-App-768x229.jpg 768w, https:\/\/www.trend-networks.com\/wp-content\/uploads\/2019\/06\/AnyWARE-Cloud-App.jpg 1242w\" sizes=\"(max-width: 600px) 100vw, 600px\" \/><\/p>\n","protected":false},"excerpt":{"rendered":"<h3>Installer, entretenir et d\u00e9panner les p\u00e9riph\u00e9riques PoE et le c\u00e2blage de donn\u00e9es.<\/h3>\n<p><strong>Acc\u00e9dez \u00e0 la certitude du printemps gr\u00e2ce \u00e0 des tests plus intelligents et des \u00e9conomies maximales. <a href=\"https:\/\/www.trend-networks.com\/wp-content\/uploads\/2026\/04\/Spring-Savings_FR-2026.pdf\">Cliquez ici.<\/a><\/strong><\/p>\n<ul>\n<li>Testeur de PoE et de c\u00e2blages<\/li>\n<li>Prise en charge la PoE jusqu&#8217;\u00e0 90 W en 802.3bt<\/li>\n<li>Eliminer les doutes sur les installations PoE<\/li>\n<li>Liens en coaxial F &amp; BNC, RJ45, RJ11\/12<\/li>\n<li>T\u00e9l\u00e9charger un rapport PDF professionnel<\/li>\n<li>D\u00e9tection des switchs jusqu\u2019\u00e0 10Gb\/s<\/li>\n<\/ul>\n","protected":false},"featured_media":153146,"template":"","meta":{"_acf_changed":false,"inline_featured_image":false,"_glsr_average":0,"_glsr_ranking":0,"_glsr_reviews":0},"product_brand":[],"product_cat":[2943,2847,2898,467],"product_tag":[2329],"woo-feed-brand":[],"class_list":{"0":"post-46073","1":"product","2":"type-product","3":"status-publish","4":"has-post-thumbnail","6":"product_cat-anyware-cloud-fr","7":"product_cat-promotions-en-vedette","8":"product_cat-testeurs-de-reseaux","9":"product_cat-testeurs-reseau-industrie-camera-telecom","10":"product_tag-poe-pro-fr","12":"first","13":"instock","14":"sale","15":"taxable","16":"shipping-taxable","17":"product-type-grouped","18":"add-to-wishlist-before_image"},"acf":[],"_links":{"self":[{"href":"https:\/\/www.trend-networks.com\/fr\/wp-json\/wp\/v2\/product\/46073","targetHints":{"allow":["GET"]}}],"collection":[{"href":"https:\/\/www.trend-networks.com\/fr\/wp-json\/wp\/v2\/product"}],"about":[{"href":"https:\/\/www.trend-networks.com\/fr\/wp-json\/wp\/v2\/types\/product"}],"wp:featuredmedia":[{"embeddable":true,"href":"https:\/\/www.trend-networks.com\/fr\/wp-json\/wp\/v2\/media\/153146"}],"wp:attachment":[{"href":"https:\/\/www.trend-networks.com\/fr\/wp-json\/wp\/v2\/media?parent=46073"}],"wp:term":[{"taxonomy":"product_brand","embeddable":true,"href":"https:\/\/www.trend-networks.com\/fr\/wp-json\/wp\/v2\/product_brand?post=46073"},{"taxonomy":"product_cat","embeddable":true,"href":"https:\/\/www.trend-networks.com\/fr\/wp-json\/wp\/v2\/product_cat?post=46073"},{"taxonomy":"product_tag","embeddable":true,"href":"https:\/\/www.trend-networks.com\/fr\/wp-json\/wp\/v2\/product_tag?post=46073"},{"taxonomy":"woo-feed-brand","embeddable":true,"href":"https:\/\/www.trend-networks.com\/fr\/wp-json\/wp\/v2\/woo-feed-brand?post=46073"}],"curies":[{"name":"wp","href":"https:\/\/api.w.org\/{rel}","templated":true}]}}