{"id":32158,"date":"2019-04-26T17:35:22","date_gmt":"2019-04-26T16:35:22","guid":{"rendered":"https:\/\/www.trend-networks.com\/?post_type=product&#038;p=32158"},"modified":"2026-01-14T16:03:51","modified_gmt":"2026-01-14T16:03:51","slug":"navitek-nt-series","status":"publish","type":"product","link":"https:\/\/www.trend-networks.com\/fr\/produit\/navitek-nt-series\/","title":{"rendered":"NAVITEK NT &#8211; VERIFICATEUR DE C\u00c2BLE R\u00c9SEAU"},"content":{"rendered":"<p><img decoding=\"async\" class=\"wp-image-10354 size-full alignnone\" src=\"https:\/\/www.trend-networks.com\/wp-content\/uploads\/2019\/04\/navitek-nt_touchscreen_fr_474by338.jpg\" alt=\"\" width=\"474\" height=\"338\" title=\"\" srcset=\"https:\/\/www.trend-networks.com\/wp-content\/uploads\/2019\/04\/navitek-nt_touchscreen_fr_474by338.jpg 474w, https:\/\/www.trend-networks.com\/wp-content\/uploads\/2019\/04\/navitek-nt_touchscreen_fr_474by338-300x214.jpg 300w, https:\/\/www.trend-networks.com\/wp-content\/uploads\/2019\/04\/navitek-nt_touchscreen_fr_474by338-400x284.jpg 400w\" sizes=\"(max-width: 474px) 100vw, 474px\" \/><\/p>\n<p><strong>Mode de s\u00e9lection de tests<\/strong><\/p>\n<p><img decoding=\"async\" class=\"wp-image-10408 size-full alignnone\" src=\"https:\/\/www.trend-networks.com\/wp-content\/uploads\/2019\/04\/navitek-nt-testmodeselection_fr.png\" alt=\"\" width=\"240\" height=\"320\" title=\"\" srcset=\"https:\/\/www.trend-networks.com\/wp-content\/uploads\/2019\/04\/navitek-nt-testmodeselection_fr.png 240w, https:\/\/www.trend-networks.com\/wp-content\/uploads\/2019\/04\/navitek-nt-testmodeselection_fr-225x300.png 225w\" sizes=\"(max-width: 240px) 100vw, 240px\" \/><\/p>\n<p>Une nouvelle pr\u00e9sentation des ic\u00f4nes sur le menu d&#8217;accueil propose de choisir entre des tests en Autotest, C\u00e2blage, Switch, R\u00e9seaux. De plus ans le cas o\u00f9 les switchs sont configur\u00e9s en ce sens, le NaviTEK NT affichera directement si ceux-ci sont en LLDP, CDP ou EDP.<\/p>\n<p><!--more--><\/p>\n<p><strong>R\u00e9sultat passe\/\u00e9chec lors du test du c\u00e2blage de fibre optique<\/strong><\/p>\n<p><img decoding=\"async\" class=\"size-full wp-image-1684 alignnone\" src=\"https:\/\/www.trend-networks.com\/wp-content\/uploads\/2019\/03\/fibreoptic_passfailtesting.png\" alt=\"\" width=\"240\" height=\"320\" title=\"\" srcset=\"https:\/\/www.trend-networks.com\/wp-content\/uploads\/2019\/03\/fibreoptic_passfailtesting.png 240w, https:\/\/www.trend-networks.com\/wp-content\/uploads\/2019\/03\/fibreoptic_passfailtesting-225x300.png 225w\" sizes=\"(max-width: 240px) 100vw, 240px\" \/><\/p>\n<p>Sur les interfaces optiques les NaviTEK NT Pro indiquent un r\u00e9sultat sous forme de Passe (en vert) ou Echec (en rouge). Le but est d&#8217;aider les techniciens \u00e0 localiser imm\u00e9diatement les r\u00e9ceptions de signaux optiques trop faibles m\u00eame s&#8217;ils ne sont pas experts en fibre. Ces seuils sont facilement param\u00e9trables par les utilisateurs.<\/p>\n<p><strong>Informations sur l\u2019activit\u00e9 du port r\u00e9seau<\/strong><\/p>\n<p><img decoding=\"async\" class=\"wp-image-10345 size-full alignnone\" src=\"https:\/\/www.trend-networks.com\/wp-content\/uploads\/2019\/04\/navitek-nt_activite_port_reseau.jpg\" alt=\"\" width=\"240\" height=\"320\" title=\"\" srcset=\"https:\/\/www.trend-networks.com\/wp-content\/uploads\/2019\/04\/navitek-nt_activite_port_reseau.jpg 240w, https:\/\/www.trend-networks.com\/wp-content\/uploads\/2019\/04\/navitek-nt_activite_port_reseau-225x300.jpg 225w\" sizes=\"(max-width: 240px) 100vw, 240px\" \/><\/p>\n<p>Appuyez sur le bouton Autotest pour visualiser la synth\u00e8se des informations du r\u00e9seau avec les param\u00e8tres d\u00e9taill\u00e9s.<\/p>\n<p><strong>D\u00e9tection VLAN et utilisations<\/strong><\/p>\n<p><img decoding=\"async\" class=\"wp-image-10363 size-full alignnone\" src=\"https:\/\/www.trend-networks.com\/wp-content\/uploads\/2019\/04\/navitek-nt-detection_vlan_utilisation.jpg\" alt=\"\" width=\"240\" height=\"320\" title=\"\" srcset=\"https:\/\/www.trend-networks.com\/wp-content\/uploads\/2019\/04\/navitek-nt-detection_vlan_utilisation.jpg 240w, https:\/\/www.trend-networks.com\/wp-content\/uploads\/2019\/04\/navitek-nt-detection_vlan_utilisation-225x300.jpg 225w\" sizes=\"(max-width: 240px) 100vw, 240px\" \/><\/p>\n<p>La d\u00e9tection automatique des identifiants VLAN permet \u00e0 l\u2019utilisateur de configurer NaviTEK NT pour une utilisation sur un VLAN.<\/p>\n<p><strong>Utilisations Ethernet<\/strong><\/p>\n<p><img decoding=\"async\" class=\"wp-image-10417 size-full alignnone\" src=\"https:\/\/www.trend-networks.com\/wp-content\/uploads\/2019\/04\/navitek-nt-utilisations_ethernet.jpg\" alt=\"\" width=\"240\" height=\"320\" title=\"\" srcset=\"https:\/\/www.trend-networks.com\/wp-content\/uploads\/2019\/04\/navitek-nt-utilisations_ethernet.jpg 240w, https:\/\/www.trend-networks.com\/wp-content\/uploads\/2019\/04\/navitek-nt-utilisations_ethernet-225x300.jpg 225w\" sizes=\"(max-width: 240px) 100vw, 240px\" \/><\/p>\n<p>Affichage du trafic r\u00e9seau en pourcentage de la vitesse du port, en temps r\u00e9el sur plusieurs \u00e9chelles temporelles.<\/p>\n<p><strong>Information de port CDP\/LLDP\/EDP<\/strong><\/p>\n<p><img decoding=\"async\" class=\"wp-image-10381 size-full alignnone\" src=\"https:\/\/www.trend-networks.com\/wp-content\/uploads\/2019\/04\/navitek-nt-information_port_cdp_lldp_edp.jpg\" alt=\"\" width=\"240\" height=\"320\" title=\"\" srcset=\"https:\/\/www.trend-networks.com\/wp-content\/uploads\/2019\/04\/navitek-nt-information_port_cdp_lldp_edp.jpg 240w, https:\/\/www.trend-networks.com\/wp-content\/uploads\/2019\/04\/navitek-nt-information_port_cdp_lldp_edp-225x300.jpg 225w\" sizes=\"(max-width: 240px) 100vw, 240px\" \/><\/p>\n<p>Montre les informations de port avec protocole EDP (Extreme Discovery Protocol), LLDP (Link Layer Discovery Protocol) et CDP (Cisco Discovery Protocol).<\/p>\n<p><strong>Netscan : scan du r\u00e9seau<\/strong><\/p>\n<p><img decoding=\"async\" class=\"wp-image-10390 size-full alignnone\" src=\"https:\/\/www.trend-networks.com\/wp-content\/uploads\/2019\/04\/navitek-nt-scan_reseau.jpg\" alt=\"\" width=\"240\" height=\"320\" title=\"\" srcset=\"https:\/\/www.trend-networks.com\/wp-content\/uploads\/2019\/04\/navitek-nt-scan_reseau.jpg 240w, https:\/\/www.trend-networks.com\/wp-content\/uploads\/2019\/04\/navitek-nt-scan_reseau-225x300.jpg 225w\" sizes=\"(max-width: 240px) 100vw, 240px\" \/><\/p>\n<p>Affiche la liste des adresses IP et MAC des dispositifs connect\u00e9s au r\u00e9seau.<\/p>\n<p><strong>Sonde surveillance r\u00e9seau<\/strong><\/p>\n<p><img decoding=\"async\" class=\"wp-image-10399 size-full alignnone\" src=\"https:\/\/www.trend-networks.com\/wp-content\/uploads\/2019\/04\/navitek-nt-surveillance_reseau.jpg\" alt=\"\" width=\"240\" height=\"320\" title=\"\" srcset=\"https:\/\/www.trend-networks.com\/wp-content\/uploads\/2019\/04\/navitek-nt-surveillance_reseau.jpg 240w, https:\/\/www.trend-networks.com\/wp-content\/uploads\/2019\/04\/navitek-nt-surveillance_reseau-225x300.jpg 225w\" sizes=\"(max-width: 240px) 100vw, 240px\" \/><\/p>\n<p>Repr\u00e9sentation visuelle du r\u00e9seau afin de v\u00e9rifier les r\u00e9sultats de chaque composants de celui-ci.<\/p>\n<p>&nbsp;<\/p>\n","protected":false},"excerpt":{"rendered":"<h3>V\u00e9rificateur de c\u00e2bles r\u00e9seau pour le d\u00e9pannage des r\u00e9seaux en cuivre et en fibre optique.<\/h3>\n<p>Le NaviTEK NT est utilis\u00e9 pour le d\u00e9pannage et la maintenance des r\u00e9seaux en cuivre et en fibre optique. Cet outil de test permet de localiser et de r\u00e9soudre les probl\u00e8mes de connectivit\u00e9 r\u00e9seau plus rapidement.<\/p>\n<ul>\n<li>D\u00e9sormais avec un \u00e9cran tactile<\/li>\n<li>D\u00e9panne les r\u00e9seaux (cuivre et fibre)<\/li>\n<li>M\u00e9morisation interne des tests<\/li>\n<li>Sauvegarde des tests et \u00e9dition en pdf (Mod\u00e8les Plus et Pro)<\/li>\n<li>Tra\u00e7age des c\u00e2bles \/ localisation des d\u00e9fauts (TDR)<\/li>\n<li>Supporte l\u2019application TREND AnyWARE<\/li>\n<\/ul>\n","protected":false},"featured_media":137464,"template":"","meta":{"_acf_changed":false,"inline_featured_image":false,"_glsr_average":0,"_glsr_ranking":0,"_glsr_reviews":0},"product_brand":[],"product_cat":[2898,467],"product_tag":[2304],"woo-feed-brand":[],"class_list":{"0":"post-32158","1":"product","2":"type-product","3":"status-publish","4":"has-post-thumbnail","6":"product_cat-testeurs-de-reseaux","7":"product_cat-testeurs-reseau-industrie-camera-telecom","8":"product_tag-navitek-nt-fr","10":"first","11":"instock","12":"sold-individually","13":"taxable","14":"shipping-taxable","15":"product-type-grouped","16":"add-to-wishlist-before_image"},"acf":[],"_links":{"self":[{"href":"https:\/\/www.trend-networks.com\/fr\/wp-json\/wp\/v2\/product\/32158","targetHints":{"allow":["GET"]}}],"collection":[{"href":"https:\/\/www.trend-networks.com\/fr\/wp-json\/wp\/v2\/product"}],"about":[{"href":"https:\/\/www.trend-networks.com\/fr\/wp-json\/wp\/v2\/types\/product"}],"wp:featuredmedia":[{"embeddable":true,"href":"https:\/\/www.trend-networks.com\/fr\/wp-json\/wp\/v2\/media\/137464"}],"wp:attachment":[{"href":"https:\/\/www.trend-networks.com\/fr\/wp-json\/wp\/v2\/media?parent=32158"}],"wp:term":[{"taxonomy":"product_brand","embeddable":true,"href":"https:\/\/www.trend-networks.com\/fr\/wp-json\/wp\/v2\/product_brand?post=32158"},{"taxonomy":"product_cat","embeddable":true,"href":"https:\/\/www.trend-networks.com\/fr\/wp-json\/wp\/v2\/product_cat?post=32158"},{"taxonomy":"product_tag","embeddable":true,"href":"https:\/\/www.trend-networks.com\/fr\/wp-json\/wp\/v2\/product_tag?post=32158"},{"taxonomy":"woo-feed-brand","embeddable":true,"href":"https:\/\/www.trend-networks.com\/fr\/wp-json\/wp\/v2\/woo-feed-brand?post=32158"}],"curies":[{"name":"wp","href":"https:\/\/api.w.org\/{rel}","templated":true}]}}