{"id":29702,"date":"2019-04-30T15:46:42","date_gmt":"2019-04-30T14:46:42","guid":{"rendered":"https:\/\/www.trend-networks.com\/product\/sonde-amplificatrice\/"},"modified":"2023-01-03T18:56:51","modified_gmt":"2023-01-03T18:56:51","slug":"sonde-amplificatrice","status":"publish","type":"product","link":"https:\/\/www.trend-networks.com\/fr\/produit\/sonde-amplificatrice\/","title":{"rendered":"Sonde amplificatrice"},"content":{"rendered":"<p>Sonde amplificatrice :<\/p>\n<p>Fonctionne avec n&#8217;importe quel g\u00e9n\u00e9rateur de tonalit\u00e9 pour identifier et tracer les fils dans un faisceau<br \/>\nContr\u00f4le du volume pour augmenter la sensibilit\u00e9 et s&#8217;adapter \u00e0 l&#8217;environnement de travail<br \/>\nBouton Marche\/Arr\u00eat renfonc\u00e9 afin de pr\u00e9venir une d\u00e9charge de la batterie<br \/>\nIndicateur de batterie faible<br \/>\nBatterie de 9 volts comprise<\/p>\n<p>G\u00e9n\u00e9rateur de tonalit\u00e9 :<\/p>\n<p>Offre quatre fonctions : G\u00e9n\u00e9ration de tonalit\u00e9, test de continuit\u00e9, Fonction test ligne analogique &#8220;Talk Battery&#8221; (combin\u00e9s d&#8217;essais requis)et confirmation de la polarit\u00e9 de la ligne<br \/>\nConnecteur femelle, port pour la tonalit\u00e9 et le tra\u00e7age de syst\u00e8mes de c\u00e2ble coaxial CATV<br \/>\nTrois tonalit\u00e9s diff\u00e9rentes s\u00e9lectionn\u00e9es \u00e0 partir du panneau avant<br \/>\nStatut s\u00e9par\u00e9 de la fonction de test analogique (Talk Battery) afin d&#8217;augmenter la tension et la puissance pour les tests<br \/>\nCordons de test amovibles et rempla\u00e7ables<br \/>\nArr\u00eat automatique de la tonalit\u00e9 apr\u00e8s 3 heures afin de pr\u00e9server l&#8217;autonomie de la batterie<br \/>\nSelection du niveau sonore de sortie de l&#8217;appareil sur 2 positions : fort ou faible<br \/>\nIndicateur de batterie faible<br \/>\nBatterie de 9 volts incluse<\/p>\n","protected":false},"excerpt":{"rendered":"<p>Sonde amplificatrice<\/p>\n","protected":false},"featured_media":108406,"template":"","meta":{"_acf_changed":false,"inline_featured_image":false,"_glsr_average":0,"_glsr_ranking":0,"_glsr_reviews":0},"product_brand":[],"product_cat":[460],"product_tag":[2323],"woo-feed-brand":[],"class_list":{"0":"post-29702","1":"product","2":"type-product","3":"status-publish","4":"has-post-thumbnail","6":"product_cat-accessoires","7":"product_tag-cable-tracing-fr","9":"first","10":"instock","11":"taxable","12":"shipping-taxable","13":"purchasable","14":"product-type-simple","15":"add-to-wishlist-before_image"},"acf":[],"_links":{"self":[{"href":"https:\/\/www.trend-networks.com\/fr\/wp-json\/wp\/v2\/product\/29702","targetHints":{"allow":["GET"]}}],"collection":[{"href":"https:\/\/www.trend-networks.com\/fr\/wp-json\/wp\/v2\/product"}],"about":[{"href":"https:\/\/www.trend-networks.com\/fr\/wp-json\/wp\/v2\/types\/product"}],"wp:featuredmedia":[{"embeddable":true,"href":"https:\/\/www.trend-networks.com\/fr\/wp-json\/wp\/v2\/media\/108406"}],"wp:attachment":[{"href":"https:\/\/www.trend-networks.com\/fr\/wp-json\/wp\/v2\/media?parent=29702"}],"wp:term":[{"taxonomy":"product_brand","embeddable":true,"href":"https:\/\/www.trend-networks.com\/fr\/wp-json\/wp\/v2\/product_brand?post=29702"},{"taxonomy":"product_cat","embeddable":true,"href":"https:\/\/www.trend-networks.com\/fr\/wp-json\/wp\/v2\/product_cat?post=29702"},{"taxonomy":"product_tag","embeddable":true,"href":"https:\/\/www.trend-networks.com\/fr\/wp-json\/wp\/v2\/product_tag?post=29702"},{"taxonomy":"woo-feed-brand","embeddable":true,"href":"https:\/\/www.trend-networks.com\/fr\/wp-json\/wp\/v2\/woo-feed-brand?post=29702"}],"curies":[{"name":"wp","href":"https:\/\/api.w.org\/{rel}","templated":true}]}}