{"id":29661,"date":"2019-04-30T13:25:27","date_gmt":"2019-04-30T14:09:20","guid":{"rendered":"https:\/\/www.trend-networks.com\/product\/lantek-iii-500mhz-inc-link-adapters\/"},"modified":"2021-06-01T09:20:35","modified_gmt":"2021-06-01T08:20:35","slug":"lantek-iii-500mhz-inc-link-adapters","status":"publish","type":"product","link":"https:\/\/www.trend-networks.com\/fr\/produit\/lantek-iii-500mhz-inc-link-adapters\/","title":{"rendered":"LANTEK III-500MHZ (INC. LINK ADAPTERS)"},"content":{"rendered":"<p>Vos r\u00e9sultats de tests quand et o\u00f9 vous les d\u00e9sirez<br \/>\nAvec l\u2019application gratuite IDEAL AnyWARE, les techniciens terrain peuvent partager les r\u00e9sultats de tests avec leurs coll\u00e8gues ou clients sans quitter le site. Il en r\u00e9sulte une collaboration optimis\u00e9e et des finalisations de chantier termin\u00e9es en temps voulu avec des co\u00fbts r\u00e9duits.<\/p>\n<p>Nouvelles fonctionnalit\u00e9s de d\u00e9pannage permettant d\u2019\u00e9conomiser du temps et de l\u2019argent<br \/>\nSi un c\u00e2blage cuivre s\u2019av\u00e8re d\u00e9fectueux, les nouvelles mesures nomm\u00e9es TDRL (pertes par retour temporelles) et TDX (diaphonies temporelles) aideront les diagnostiques en localisant les connexions cach\u00e9es, les r\u00e9parations, les d\u00e9g\u00e2ts sur les c\u00e2bles &#8230;et peuvent ainsi permettre de gagner des heures de d\u00e9pannages.<\/p>\n<p>Sur les liens fibres, pour d\u00e9tecter les d\u00e9fauts d\u2019extr\u00e9mit\u00e9s, les adaptateurs FiberTEK III int\u00e8grent une source de lumi\u00e8re rouge visible qui aide \u00e0 rep\u00e9rer les contraintes et localiser les interfaces; l\u00e0 encore permettant des gains de temps.<\/p>\n<p>Nouveaux adaptateurs de lien Permanent pour baisser les co\u00fbts d\u2019utilisation.<br \/>\nDe nouveaux adaptateurs PL permettent de r\u00e9duire les temps d\u2019immobilisation et les frais de maintenance gr\u00e2ce \u00e0 des contacts RL45 rempla\u00e7ables sur chantier, \u00e9vitant la n\u00e9cessit\u00e9 de remplacer les adaptateurs complets.<\/p>\n<p>Ces nouveaux adaptateurs utilisent des connecteurs RJ45 centr\u00e9s pour assurer la compatibilit\u00e9 avec tous les syst\u00e8mes de c\u00e2blages en Cat. 6A\/Classe EA.<\/p>\n<p>Les adaptateurs PL int\u00e8grent un c\u00e2ble hautes performances et tr\u00e8s flexible, afin de pouvoir les utiliser dans des espaces confin\u00e9s sans endommager les prises \u00e0 tester ni les adaptateurs eux-m\u00eames.<\/p>\n<p>Solution modulable pour r\u00e9duire les co\u00fbts d\u2019immobilisation<br \/>\nIl est critique de ma\u00eetriser l\u2019amortissement financier des \u00e9quipements. Les LanTEK III et FiberTEK III offrent des choix modulables, donc vous ne payez que ce dont vous avez besoin. Ceci inclut une large gamme d\u2019adaptateurs, accessoires et contrats de services CAREPLAN pour vos exigences particuli\u00e8res.<\/p>\n<p>Modules de tests Permanent Link<br \/>\nD\u00e9di\u00e9s \u00e0 certifier un lien horizontal du panneau de brassage \u00e0 une prise murale. Les contacts RJ45 \u00e0 l\u2019extr\u00e9mit\u00e9 des adaptateurs sont rempla\u00e7ables sur le terrain afin de r\u00e9duire les co\u00fbts.<\/p>\n<p>Modules de test Channel Link<br \/>\nDestin\u00e9s \u00e0 certifier le lien Permanent avec en plus les deux cordons d\u2019extr\u00e9mit\u00e9s. Choisissez parmi une large gamme d\u2019adaptateurs Channel en RJ45, GG45, TERA et EC7.<\/p>\n<p>Modules de test pour fibre optique<br \/>\nLes adaptateurs FiberTEK III offrent une certification simple et rapide de Niveau 1 des liens fibres monomodes et multimodes y compris avec les tests Encircled Flux.<\/p>\n<p>Logiciel d\u2019exploitation des tests sur ordinateur<\/p>\n<p>IDEAL DataCENTER (IDC) est le logiciel gratuit d\u2019\u00e9dition de rapports de certification des LanTEK III. IDC permet aux installateurs de facilement transf\u00e9rer, \u00e9diter et imprimer des rapports en format PDF. IDC offre une interface intuitive avec des fonctions procurant un gain de temps, telles :<\/p>\n<p>Outils dans le style Microsoft pour une utilisation ais\u00e9e<br \/>\nSeulement 4 clicks pour importer les donn\u00e9es \u00e0 partir du testeur<br \/>\nPlus de 10000 r\u00e9sultats g\u00e9r\u00e9s dans un seul projet<br \/>\nDes rapports professionnels destin\u00e9s \u00e0 vos clients<br \/>\nPossibilit\u00e9 de grouper et de filtrer les tests selon des cat\u00e9gories comme:<br \/>\n&#8211; limites de test<br \/>\n&#8211; p\u00e9riph\u00e9riques<br \/>\n&#8211; ou tout autres informations au sein de la base de donn\u00e9es<\/p>\n<p>Rapports professionnels<br \/>\nG\u00e9n\u00e8re automatiquement des rapports de certification aux formats PDF ou CSV.<br \/>\nLa page de chaque rapport peut \u00eatre personnalis\u00e9e en incluant un logo, le nom du client final et de l\u2019installateur.<\/p>\n<p>Dans les rapports qui peuvent int\u00e9grer, selon les tris, les tests bons, en \u00e9checs ou tous, choisissez entre 3 types de format:<\/p>\n<p>Synth\u00e8se<br \/>\nClassique<br \/>\nComplet<br \/>\nNouveaux adaptateurs de tests en Permanent Link (PL)<\/p>\n<p>Fonctionnent dans des lieux exigus<br \/>\nLes adaptateurs PL utilisent un c\u00e2ble sp\u00e9cifique, ultra flexible qui permet des utilisations dans des espaces confin\u00e9s sans risquer d\u2019endommager les prises RJ45 test\u00e9es ou les adaptateurs eux-m\u00eames.<\/p>\n<p>Compatibles avec tous les syst\u00e8mes de c\u00e2blages RJ45<br \/>\nCes nouveaux modules PL int\u00e8grent des connecteurs centr\u00e9s afin d\u2019assurer la compatibilit\u00e9 avec toutes les solutions de c\u00e2blage de Cat. 6A\/Classe EA existantes.<\/p>\n<p>Extr\u00e9mit\u00e9s RJ45 rempla\u00e7ables sur le terrain, ce qui r\u00e9duit les temps d\u2019immobilisation et les co\u00fbts de maintenance<br \/>\nLes nouveaux adaptateurs PL avec leurs contacts RJ45 rempla\u00e7ables ne n\u00e9cessitent pas le remplacement des adaptateurs complets, \u00e9conomisant du temps et de l\u2019argent.<br \/>\nUn embout PL supporte environ trois fois plus d\u2019insertions qu\u2019un cordon de brassage classique.<\/p>\n<p>Grace \u00e0 une conception innovante, l\u2019ensemble entier de l\u2019embout RJ45 sera remplac\u00e9 par un nouveau: le connecteur, les contacts internes et le m\u00e9canisme de verrouillage.<\/p>\n","protected":false},"excerpt":{"rendered":"<p>Contrats de services SAPPHIRE &#8211; S\u00e9curit\u00e9 totale pour votre certificateur de c\u00e2blage LanTEK\u00ae II\/III<br \/>\nAdaptateurs Permanent Link \u00e9conomiques<br \/>\nTransfert des donn\u00e9es avec l\u2019application IDEAL AnyWARE<br \/>\nEdition de rapports de tests en PDF, avec logiciel gratuit IDC<br \/>\nCertification des liens fibres multimodes et monomodes (via modules optionnels)<\/p>\n","protected":false},"featured_media":47959,"template":"","meta":{"_acf_changed":false,"inline_featured_image":false,"_glsr_average":0,"_glsr_ranking":0,"_glsr_reviews":0},"product_brand":[],"product_cat":[410],"product_tag":[2228],"woo-feed-brand":[],"class_list":{"0":"post-29661","1":"product","2":"type-product","3":"status-publish","4":"has-post-thumbnail","6":"product_cat-testeurs-de-cuivre","7":"product_tag-lantek-iii-fr","9":"first","10":"instock","11":"taxable","12":"shipping-taxable","13":"purchasable","14":"product-type-simple","15":"add-to-wishlist-before_image"},"acf":[],"_links":{"self":[{"href":"https:\/\/www.trend-networks.com\/fr\/wp-json\/wp\/v2\/product\/29661","targetHints":{"allow":["GET"]}}],"collection":[{"href":"https:\/\/www.trend-networks.com\/fr\/wp-json\/wp\/v2\/product"}],"about":[{"href":"https:\/\/www.trend-networks.com\/fr\/wp-json\/wp\/v2\/types\/product"}],"wp:featuredmedia":[{"embeddable":true,"href":"https:\/\/www.trend-networks.com\/fr\/wp-json\/wp\/v2\/media\/47959"}],"wp:attachment":[{"href":"https:\/\/www.trend-networks.com\/fr\/wp-json\/wp\/v2\/media?parent=29661"}],"wp:term":[{"taxonomy":"product_brand","embeddable":true,"href":"https:\/\/www.trend-networks.com\/fr\/wp-json\/wp\/v2\/product_brand?post=29661"},{"taxonomy":"product_cat","embeddable":true,"href":"https:\/\/www.trend-networks.com\/fr\/wp-json\/wp\/v2\/product_cat?post=29661"},{"taxonomy":"product_tag","embeddable":true,"href":"https:\/\/www.trend-networks.com\/fr\/wp-json\/wp\/v2\/product_tag?post=29661"},{"taxonomy":"woo-feed-brand","embeddable":true,"href":"https:\/\/www.trend-networks.com\/fr\/wp-json\/wp\/v2\/woo-feed-brand?post=29661"}],"curies":[{"name":"wp","href":"https:\/\/api.w.org\/{rel}","templated":true}]}}