{"id":29659,"date":"2019-04-30T13:25:12","date_gmt":"2019-04-30T12:25:12","guid":{"rendered":"https:\/\/www.trend-networks.com\/product\/signaltek-ct\/"},"modified":"2022-06-13T12:28:32","modified_gmt":"2022-06-13T11:28:32","slug":"signaltek-ct","status":"publish","type":"product","link":"https:\/\/www.trend-networks.com\/fr\/produit\/signaltek-ct\/","title":{"rendered":"SIGNALTEK CT &#8211; Testeur de transmission pour c\u00e2blage cuivre passif"},"content":{"rendered":"<p><img decoding=\"async\" class=\"size-full wp-image-33225 alignnone\" src=\"https:\/\/www.trend-networks.com\/wp-content\/uploads\/2019\/04\/stct_touchscreen_fr_474by338.jpg\" alt=\"\" width=\"474\" height=\"338\" title=\"\" srcset=\"https:\/\/www.trend-networks.com\/wp-content\/uploads\/2019\/04\/stct_touchscreen_fr_474by338.jpg 474w, https:\/\/www.trend-networks.com\/wp-content\/uploads\/2019\/04\/stct_touchscreen_fr_474by338-300x214.jpg 300w, https:\/\/www.trend-networks.com\/wp-content\/uploads\/2019\/04\/stct_touchscreen_fr_474by338-400x284.jpg 400w\" sizes=\"(max-width: 474px) 100vw, 474px\" \/><\/p>\n<p><img decoding=\"async\" class=\"size-full wp-image-33216 alignnone\" src=\"https:\/\/www.trend-networks.com\/wp-content\/uploads\/2019\/04\/signaltekct_fr_page3.jpg\" alt=\"\" width=\"600\" height=\"518\" title=\"\" srcset=\"https:\/\/www.trend-networks.com\/wp-content\/uploads\/2019\/04\/signaltekct_fr_page3.jpg 600w, https:\/\/www.trend-networks.com\/wp-content\/uploads\/2019\/04\/signaltekct_fr_page3-300x259.jpg 300w\" sizes=\"(max-width: 600px) 100vw, 600px\" \/><\/p>\n<p><!--more--><\/p>\n<p>Connexion Wi-Fi avec vos smartphones Android ou Apple via l&#8217;application gratuite TREND AnyWARE\u2122. Visualisez vos rapports de tests en pdf avant de les transf\u00e9rer via email ou par partage de fichier classiques.<\/p>\n<p><img decoding=\"async\" class=\"size-full wp-image-10471 alignnone\" src=\"https:\/\/www.trend-networks.com\/wp-content\/uploads\/2019\/04\/signaltek-nouveautes.jpg\" alt=\"\" width=\"474\" height=\"338\" title=\"\" srcset=\"https:\/\/www.trend-networks.com\/wp-content\/uploads\/2019\/04\/signaltek-nouveautes.jpg 474w, https:\/\/www.trend-networks.com\/wp-content\/uploads\/2019\/04\/signaltek-nouveautes-300x214.jpg 300w, https:\/\/www.trend-networks.com\/wp-content\/uploads\/2019\/04\/signaltek-nouveautes-400x284.jpg 400w\" sizes=\"(max-width: 474px) 100vw, 474px\" \/><\/p>\n<p><strong>Cr\u00e9ation de rapport de test<\/strong><\/p>\n<p>SignalTEK CT g\u00e9n\u00e8re automatiquement des rapports de tests au format PDF ou CSV.<\/p>\n<p>La page r\u00e9capitulative de chaque rapport peut \u00eatre personnalis\u00e9e permettant d\u2019inclure le logo, le nom de la soci\u00e9t\u00e9 et les coordonn\u00e9es de l\u2019op\u00e9rateur. Choisissez entre 3 types de rapports diff\u00e9rents qui peuvent indiquer soit les tests bons, en \u00e9checs ou tous les rapports de test dans chaque rapports :<\/p>\n<ol>\n<li>Synth\u00e8se<\/li>\n<li>Classique<\/li>\n<li>Complet (voir l\u2019exemple \u00e0 droite)<\/li>\n<\/ol>\n<p><img decoding=\"async\" class=\"size-full wp-image-10480 alignnone\" src=\"https:\/\/www.trend-networks.com\/wp-content\/uploads\/2019\/04\/signaltek-nouveautes-creation-de-rapport-de-test.jpg\" alt=\"\" width=\"300\" height=\"254\" title=\"\"><\/p>\n<p><strong>Rapide et flexible<\/strong><\/p>\n<ul>\n<li>Autotest fournit rapidement la preuve de la conformit\u00e9 de l\u2019installation au Gigabit Ethernet<\/li>\n<li>Le port USB permet simplement le transfert des r\u00e9sultats sur une cl\u00e9 USB<\/li>\n<li>Prise en charge des paires torsad\u00e9es blind\u00e9es ou non blind\u00e9es Cat\u00e9gories 5e, 6, 6A et 7 (sch\u00e9mas de c\u00e2blage TIA 568A et 568B)<\/li>\n<li>Permet de sauvegarder jusqu\u2019\u00e0 5 000 tests permettant la r\u00e9alisation de grands projets<\/li>\n<li>Permet l\u2019identification et le tra\u00e7age du c\u00e2blage \u00e0 l\u2019aide d\u2019une sonde amplificatrice inductive, 62-164 (en option)<\/li>\n<\/ul>\n<p><img decoding=\"async\" class=\"size-full wp-image-10489 alignnone\" src=\"https:\/\/www.trend-networks.com\/wp-content\/uploads\/2019\/04\/signaltek-rapide-et-flexible.jpg\" alt=\"\" width=\"300\" height=\"336\" title=\"\" srcset=\"https:\/\/www.trend-networks.com\/wp-content\/uploads\/2019\/04\/signaltek-rapide-et-flexible.jpg 300w, https:\/\/www.trend-networks.com\/wp-content\/uploads\/2019\/04\/signaltek-rapide-et-flexible-268x300.jpg 268w\" sizes=\"(max-width: 300px) 100vw, 300px\" \/><\/p>\n<p><strong>Intuitif<\/strong><\/p>\n<ul>\n<li>Cr\u00e9ation automatique de rapports de test au format PDF<\/li>\n<li>Interface simple et conviviale pour une prise en main simplifi\u00e9e au maximum<\/li>\n<li>Sauvegarde automatique des tests pour une productivit\u00e9 optimale sur le terrain<\/li>\n<\/ul>\n<p><img decoding=\"async\" class=\"size-full wp-image-10462 alignnone\" src=\"https:\/\/www.trend-networks.com\/wp-content\/uploads\/2019\/04\/signaltek-intuitif.jpg\" alt=\"\" width=\"300\" height=\"336\" title=\"\" srcset=\"https:\/\/www.trend-networks.com\/wp-content\/uploads\/2019\/04\/signaltek-intuitif.jpg 300w, https:\/\/www.trend-networks.com\/wp-content\/uploads\/2019\/04\/signaltek-intuitif-268x300.jpg 268w\" sizes=\"(max-width: 300px) 100vw, 300px\" \/><\/p>\n<p><strong>Fiable<\/strong><\/p>\n<ul>\n<li>Teste la conformit\u00e9 des performances du c\u00e2blage en se basant sur la norme IEEE802.3ab<\/li>\n<li>Connecteurs RJ45 interchangeables sur site \u00e9vitant des retours SAV causant des pertes de productivit\u00e9s<\/li>\n<li>Conception robuste orient\u00e9e terrain<\/li>\n<li>Pas de calibrage annuel permettant un co\u00fbt de fonctionnement r\u00e9duit<\/li>\n<\/ul>\n<p><img decoding=\"async\" class=\"size-full wp-image-10453 alignnone\" src=\"https:\/\/www.trend-networks.com\/wp-content\/uploads\/2019\/04\/signaltek-fiable.jpg\" alt=\"\" width=\"437\" height=\"510\" title=\"\" srcset=\"https:\/\/www.trend-networks.com\/wp-content\/uploads\/2019\/04\/signaltek-fiable.jpg 437w, https:\/\/www.trend-networks.com\/wp-content\/uploads\/2019\/04\/signaltek-fiable-257x300.jpg 257w\" sizes=\"(max-width: 437px) 100vw, 437px\" \/><\/p>\n<p><strong>Applications<\/strong><\/p>\n<p>Test de c\u00e2ble r\u00e9seaux informatiques pour d\u00e9montrer que celui-ci est correctement install\u00e9 et capable de soutenir les applications \u00e0 la norme Gigabit Ethernet 802.3ab<\/p>\n","protected":false},"excerpt":{"rendered":"<h3>Prouve la performance de votre r\u00e9seaux jusqu&#8217;\u00e0 1Gb\/s selon les standards Ethernet IEEE<\/h3>\n<p>SignalTEK CT prouve la performance de votre c\u00e2blage jusqu&#8217;\u00e0 1Gb\/s selon les standards Ethernet IEEE et v\u00e9rifie les continuit\u00e9s fil \u00e0 fil. Et de document cette qualification RJ45 avec un rapport PDF \u00e9dit\u00e9 en interne.<\/p>\n<ul>\n<li>D\u00e9sormais avec \u00e9cran tactile<\/li>\n<li>Sch\u00e9ma de cablage \u00e9volu\u00e9 avec localisation des d\u00e9fauts par reflectom\u00e9trie (TDR)<\/li>\n<li>Test de performance Gigabit \u00e0 la norme Ethernet IEEE802.3ab<\/li>\n<li>G\u00e9n\u00e9ration automatique de rapports PDF<\/li>\n<li>Transfert des r\u00e9sultats vers une cl\u00e9 USB directement en PDF sans passer par un ordinateur<\/li>\n<\/ul>\n","protected":false},"featured_media":48125,"template":"","meta":{"_acf_changed":false,"inline_featured_image":false,"_glsr_average":0,"_glsr_ranking":0,"_glsr_reviews":0},"product_brand":[],"product_cat":[410],"product_tag":[2243],"woo-feed-brand":[],"class_list":{"0":"post-29659","1":"product","2":"type-product","3":"status-publish","4":"has-post-thumbnail","6":"product_cat-testeurs-de-cuivre","7":"product_tag-signaltek-ct-fr","9":"first","10":"instock","11":"taxable","12":"shipping-taxable","13":"purchasable","14":"product-type-simple","15":"add-to-wishlist-before_image"},"acf":[],"_links":{"self":[{"href":"https:\/\/www.trend-networks.com\/fr\/wp-json\/wp\/v2\/product\/29659","targetHints":{"allow":["GET"]}}],"collection":[{"href":"https:\/\/www.trend-networks.com\/fr\/wp-json\/wp\/v2\/product"}],"about":[{"href":"https:\/\/www.trend-networks.com\/fr\/wp-json\/wp\/v2\/types\/product"}],"wp:featuredmedia":[{"embeddable":true,"href":"https:\/\/www.trend-networks.com\/fr\/wp-json\/wp\/v2\/media\/48125"}],"wp:attachment":[{"href":"https:\/\/www.trend-networks.com\/fr\/wp-json\/wp\/v2\/media?parent=29659"}],"wp:term":[{"taxonomy":"product_brand","embeddable":true,"href":"https:\/\/www.trend-networks.com\/fr\/wp-json\/wp\/v2\/product_brand?post=29659"},{"taxonomy":"product_cat","embeddable":true,"href":"https:\/\/www.trend-networks.com\/fr\/wp-json\/wp\/v2\/product_cat?post=29659"},{"taxonomy":"product_tag","embeddable":true,"href":"https:\/\/www.trend-networks.com\/fr\/wp-json\/wp\/v2\/product_tag?post=29659"},{"taxonomy":"woo-feed-brand","embeddable":true,"href":"https:\/\/www.trend-networks.com\/fr\/wp-json\/wp\/v2\/woo-feed-brand?post=29659"}],"curies":[{"name":"wp","href":"https:\/\/api.w.org\/{rel}","templated":true}]}}