{"id":29657,"date":"2019-04-30T13:25:12","date_gmt":"2019-04-30T14:09:03","guid":{"rendered":"https:\/\/www.trend-networks.com\/product\/vdv-ii-plus\/"},"modified":"2019-11-22T10:09:20","modified_gmt":"2019-11-22T10:09:20","slug":"vdv-ii-plus","status":"publish","type":"product","link":"https:\/\/www.trend-networks.com\/fr\/produit\/vdv-ii-plus\/","title":{"rendered":"VDV II PLUS"},"content":{"rendered":"<p>Pr\u00e9cision<\/p>\n<p>VDV II Pro exploite la r\u00e9felctom\u00e9trie (TDR) afin de mesurer la longueur du c\u00e2ble test\u00e9 et localiser avec pr\u00e9cision les d\u00e9fauts pr\u00e9sents. Il s\u2019agit d\u2019injecter une impulsion \u00e9l\u00e9ctrique dans le c\u00e2blage et de mesurer le d\u00e9lai des r\u00e9flexions du signal provoqu\u00e9es par les changements d\u2019imp\u00e9dance d\u00fbs aux d\u00e9fauts de c\u00e2blage. Ainsi il est possible de conna\u00eetre rapidement et pr\u00e9cisemment o\u00f9 se situent ces d\u00e9fauts. Cela permet d\u2019optimiser les interventions sur les installations en r\u00e9duisant de fa\u00e7on notable la dur\u00e9e des interruptions de service.<\/p>\n<p>Rapidit\u00e9<\/p>\n<p>Les r\u00e9sultats fournis par VDV II sont d\u00e9taill\u00e9s et pr\u00e9cis. Les informations quant aux d\u00e9fauts d\u00e9t\u00e9ct\u00e9s (mauvais raccordement, court-circuit, circuit ouvert, mauvais pairage&#8230;) sont rapidement mis en \u00e9vidence. Les diff\u00e9rents connecteurs disponibles permettent une polyvalence \u00e9vitant l\u2019utilisation de testeurs multiples sur le terrain.<\/p>\n<p>Intelligence<\/p>\n<p>Les probl\u00e8mes rencontr\u00e9s sur le terrain ne sont pas toujours directement associ\u00e9s aux c\u00e2blages. VDV II Pro peut aider \u00e0 identifier les probl\u00e8mes li\u00e9s aux services activ\u00e9s en d\u00e9tectant la pr\u00e9sence d\u2019une tension et en v\u00e9rifiant sa polarit\u00e9. Ainsi VDV II Pro est en mesure de d\u00e9terminer rapidement quel service est activ\u00e9 sur le lien test\u00e9 (RTC, RNIS, PoE&#8230;). Le d\u00e9pannage des r\u00e9seaux Ethernet actifs est facilit\u00e9 gr\u00e2ce \u00e0 la d\u00e9tection automatique des d\u00e9bits et modes duplex compatibles. Afin d\u2019\u00e9viter tout dommage, les testeurs VDV II se mettent en s\u00e9curit\u00e9 dans le cas o\u00f9 une tension trop \u00e9lev\u00e9e est appliqu\u00e9e sur une des interfaces.<\/p>\n<p>Voix<br \/>\nPrise en charge des connectiques RJ11 et RJ12 utilis\u00e9es en t\u00e9l\u00e9phonie (1, 2 ou 3 paires).<\/p>\n<p>Donn\u00e9es<br \/>\nTest des c\u00e2blages cat\u00e9gories 5, 5e, 6, 6A et 7 blind\u00e9s ou non blind\u00e9s.<\/p>\n<p>Vid\u00e9o<br \/>\nTest de c\u00e2ble coaxial via connecteur en F.<\/p>\n","protected":false},"excerpt":{"rendered":"<p>Mesure de longueur du c\u00e2ble<br \/>\nDistance au d\u00e9faut (TDR)<br \/>\nAffiche l&#8217;ensemble des d\u00e9fauts de c\u00e2blage instantan\u00e9ment<br \/>\nD\u00e9termine quel service est activ\u00e9 sur le lien test\u00e9 (RTC, RNIS, PoE&#8230;)<\/p>\n","protected":false},"featured_media":47927,"template":"","meta":{"_acf_changed":false,"inline_featured_image":false,"_glsr_average":0,"_glsr_ranking":0,"_glsr_reviews":0},"product_brand":[],"product_cat":[410],"product_tag":[2272],"woo-feed-brand":[],"class_list":{"0":"post-29657","1":"product","2":"type-product","3":"status-publish","4":"has-post-thumbnail","6":"product_cat-testeurs-de-cuivre","7":"product_tag-vdv-ii-fr","9":"first","10":"onbackorder","11":"taxable","12":"shipping-taxable","13":"purchasable","14":"product-type-simple","15":"add-to-wishlist-before_image"},"acf":[],"_links":{"self":[{"href":"https:\/\/www.trend-networks.com\/fr\/wp-json\/wp\/v2\/product\/29657","targetHints":{"allow":["GET"]}}],"collection":[{"href":"https:\/\/www.trend-networks.com\/fr\/wp-json\/wp\/v2\/product"}],"about":[{"href":"https:\/\/www.trend-networks.com\/fr\/wp-json\/wp\/v2\/types\/product"}],"wp:featuredmedia":[{"embeddable":true,"href":"https:\/\/www.trend-networks.com\/fr\/wp-json\/wp\/v2\/media\/47927"}],"wp:attachment":[{"href":"https:\/\/www.trend-networks.com\/fr\/wp-json\/wp\/v2\/media?parent=29657"}],"wp:term":[{"taxonomy":"product_brand","embeddable":true,"href":"https:\/\/www.trend-networks.com\/fr\/wp-json\/wp\/v2\/product_brand?post=29657"},{"taxonomy":"product_cat","embeddable":true,"href":"https:\/\/www.trend-networks.com\/fr\/wp-json\/wp\/v2\/product_cat?post=29657"},{"taxonomy":"product_tag","embeddable":true,"href":"https:\/\/www.trend-networks.com\/fr\/wp-json\/wp\/v2\/product_tag?post=29657"},{"taxonomy":"woo-feed-brand","embeddable":true,"href":"https:\/\/www.trend-networks.com\/fr\/wp-json\/wp\/v2\/woo-feed-brand?post=29657"}],"curies":[{"name":"wp","href":"https:\/\/api.w.org\/{rel}","templated":true}]}}