{"id":29532,"date":"2019-03-15T11:47:32","date_gmt":"2019-03-15T11:47:32","guid":{"rendered":"https:\/\/www.trend-networks.com\/?post_type=product&#038;p=29532"},"modified":"2026-04-01T16:43:19","modified_gmt":"2026-04-01T15:43:19","slug":"vdv-ii-series","status":"publish","type":"product","link":"https:\/\/www.trend-networks.com\/fr\/produit\/vdv-ii-series\/","title":{"rendered":"VDV II &#8211; TESTEURS\/V\u00c9RIFICATEURS DE C\u00c2BLES"},"content":{"rendered":"<p><img decoding=\"async\" class=\"alignnone wp-image-122166\" src=\"https:\/\/www.trend-networks.com\/wp-content\/uploads\/2019\/03\/FR_01-600x351.jpg\" alt=\"\" width=\"691\" height=\"404\" title=\"\" srcset=\"https:\/\/www.trend-networks.com\/wp-content\/uploads\/2019\/03\/FR_01-600x351.jpg 600w, https:\/\/www.trend-networks.com\/wp-content\/uploads\/2019\/03\/FR_01-1024x599.jpg 1024w, https:\/\/www.trend-networks.com\/wp-content\/uploads\/2019\/03\/FR_01-768x449.jpg 768w, https:\/\/www.trend-networks.com\/wp-content\/uploads\/2019\/03\/FR_01.jpg 1355w\" sizes=\"(max-width: 691px) 100vw, 691px\" \/><\/p>\n<p><!--more--><\/p>\n<p><img decoding=\"async\" class=\"alignnone wp-image-122175\" src=\"https:\/\/www.trend-networks.com\/wp-content\/uploads\/2019\/03\/FR_02-600x421.jpg\" alt=\"\" width=\"691\" height=\"485\" title=\"\" srcset=\"https:\/\/www.trend-networks.com\/wp-content\/uploads\/2019\/03\/FR_02-600x421.jpg 600w, https:\/\/www.trend-networks.com\/wp-content\/uploads\/2019\/03\/FR_02-1024x719.jpg 1024w, https:\/\/www.trend-networks.com\/wp-content\/uploads\/2019\/03\/FR_02-768x540.jpg 768w, https:\/\/www.trend-networks.com\/wp-content\/uploads\/2019\/03\/FR_02.jpg 1247w\" sizes=\"(max-width: 691px) 100vw, 691px\" \/><\/p>\n<h4><img decoding=\"async\" class=\"alignnone wp-image-122184\" src=\"https:\/\/www.trend-networks.com\/wp-content\/uploads\/2019\/03\/FR_03-600x533.jpg\" alt=\"\" width=\"689\" height=\"612\" title=\"\" srcset=\"https:\/\/www.trend-networks.com\/wp-content\/uploads\/2019\/03\/FR_03-600x533.jpg 600w, https:\/\/www.trend-networks.com\/wp-content\/uploads\/2019\/03\/FR_03-768x682.jpg 768w, https:\/\/www.trend-networks.com\/wp-content\/uploads\/2019\/03\/FR_03.jpg 996w\" sizes=\"(max-width: 689px) 100vw, 689px\" \/><\/h4>\n<h4><strong>Mesures puis \u00e9ditions de rapports en seulement trois \u00e9tapes.<\/strong><\/h4>\n<p><strong>Avantages d\u2019AnyWARE Cloud :<\/strong><\/p>\n<ul>\n<li>Standardisez votre flux de travail gr\u00e2ce \u00e0 des tests et \u00e0 une documentation<\/li>\n<li>Passer de m\u00e9thode manuscrite ou tableur \u00e0 des vrais rapports professionnels PDF<\/li>\n<li>Stockage gratuit et illimit\u00e9 des donn\u00e9es<\/li>\n<li>Pas besoin d\u2019investissements informatiques co\u00fbteux ni de syst\u00e8mes de stockages<\/li>\n<li>Fonctionne dans un navigateur web, compatible avec PC, Mac, Linux, Android et iOS<\/li>\n<li>Ne perdez jamais vos donn\u00e9es gr\u00e2ce \u00e0 des sauvegardes continues<\/li>\n<li>Gagnez du temps gr\u00e2ce \u00e0 une gestion de projet efficace d\u2019\u00e9quipes r\u00e9parties sur plusieurs sites<\/li>\n<\/ul>\n<p><img decoding=\"async\" class=\"alignnone wp-image-122193\" src=\"https:\/\/www.trend-networks.com\/wp-content\/uploads\/2019\/03\/FR_04-457x600.jpg\" alt=\"\" width=\"689\" height=\"905\" title=\"\" srcset=\"https:\/\/www.trend-networks.com\/wp-content\/uploads\/2019\/03\/FR_04-457x600.jpg 457w, https:\/\/www.trend-networks.com\/wp-content\/uploads\/2019\/03\/FR_04-600x788.jpg 600w, https:\/\/www.trend-networks.com\/wp-content\/uploads\/2019\/03\/FR_04.jpg 681w\" sizes=\"(max-width: 689px) 100vw, 689px\" \/><\/p>\n<p><strong>Pr\u00e9cision *<\/strong><\/p>\n<div style=\"width: 70%; padding: 0 30px 0 0; float: left;\">VDV II Pro exploite la r\u00e9felctom\u00e9trie (TDR) afin de mesurer la longueur du c\u00e2ble test\u00e9 et localiser avec pr\u00e9cision les d\u00e9fauts pr\u00e9sents. Il s\u2019agit d\u2019injecter une impulsion \u00e9l\u00e9ctrique dans le c\u00e2blage et de mesurer le d\u00e9lai des r\u00e9flexions du signal provoqu\u00e9es par les changements d\u2019imp\u00e9dance d\u00fbs aux d\u00e9fauts de c\u00e2blage. Ainsi il est possible de conna\u00eetre rapidement et pr\u00e9cisemment o\u00f9 se situent ces d\u00e9fauts. Cela permet d\u2019optimiser les interventions sur les installations en r\u00e9duisant de fa\u00e7on notable la dur\u00e9e des interruptions de service.<\/div>\n<p><img decoding=\"async\" class=\"alignnone size-full wp-image-944\" src=\"https:\/\/www.trend-networks.com\/wp-content\/uploads\/2019\/03\/vdvii_features_accuracy.jpg\" alt=\"\" width=\"300\" height=\"230\" title=\"\"><\/p>\n<p><strong>Rapidit\u00e9<\/strong><\/p>\n<div style=\"width: 70%; padding: 0 30px 0 0; float: left;\">Les r\u00e9sultats fournis par VDV II sont d\u00e9taill\u00e9s et pr\u00e9cis. Les informations quant aux d\u00e9fauts d\u00e9t\u00e9ct\u00e9s (mauvais raccordement, court-circuit, circuit ouvert, mauvais pairage&#8230;) sont rapidement mis en \u00e9vidence. Les diff\u00e9rents connecteurs disponibles permettent une polyvalence \u00e9vitant l\u2019utilisation de testeurs multiples sur le terrain.<\/div>\n<p><img decoding=\"async\" class=\"alignnone wp-image-962 size-full\" src=\"https:\/\/www.trend-networks.com\/wp-content\/uploads\/2019\/03\/vdvii_features_speed.jpg\" alt=\"\" width=\"300\" height=\"234\" title=\"\"><\/p>\n<p><strong>Intelligence<\/strong><\/p>\n<div style=\"width: 70%; padding: 0 30px 0 0; float: left;\">Les probl\u00e8mes rencontr\u00e9s sur le terrain ne sont pas toujours directement associ\u00e9s aux c\u00e2blages. VDV II Pro peut aider \u00e0 identifier les probl\u00e8mes li\u00e9s aux services activ\u00e9s en d\u00e9tectant la pr\u00e9sence d\u2019une tension et en v\u00e9rifiant sa polarit\u00e9. Ainsi VDV II Pro est en mesure de d\u00e9terminer rapidement quel service est activ\u00e9 sur le lien test\u00e9 (RTC, RNIS, PoE&#8230;). Le d\u00e9pannage des r\u00e9seaux Ethernet actifs est facilit\u00e9 gr\u00e2ce \u00e0 la d\u00e9tection automatique des d\u00e9bits et modes duplex compatibles. Afin d\u2019\u00e9viter tout dommage, les testeurs VDV II se mettent en s\u00e9curit\u00e9 dans le cas o\u00f9 une tension trop \u00e9lev\u00e9e est appliqu\u00e9e sur une des interfaces.<\/div>\n<p><img decoding=\"async\" class=\"alignnone wp-image-971 size-full\" src=\"https:\/\/www.trend-networks.com\/wp-content\/uploads\/2019\/03\/vdvii_features_intelligence.jpg\" alt=\"\" width=\"300\" height=\"233\" title=\"\"><\/p>\n<p><strong>Voix<\/strong><\/p>\n<div style=\"width: 70%; padding: 0 30px 0 0; float: left;\">Prise en charge des connectiques RJ11 et RJ12 utilis\u00e9es en t\u00e9l\u00e9phonie (1, 2 ou 3 paires).<\/div>\n<p><img decoding=\"async\" class=\"alignnone wp-image-1016 size-full\" src=\"https:\/\/www.trend-networks.com\/wp-content\/uploads\/2019\/03\/asset_upload_file185_55076.jpg\" alt=\"\" width=\"300\" height=\"194\" title=\"\"><\/p>\n<p><strong>Donn\u00e9es<\/strong><\/p>\n<div style=\"width: 70%; padding: 0 30px 0 0; float: left;\">Test des c\u00e2blages cat\u00e9gories 5, 5e, 6, 6A et 7 blind\u00e9s ou non blind\u00e9s.<\/div>\n<p><img decoding=\"async\" class=\"alignnone wp-image-1025 size-full\" src=\"https:\/\/www.trend-networks.com\/wp-content\/uploads\/2019\/03\/asset_upload_file246_55076.jpg\" alt=\"\" width=\"300\" height=\"194\" title=\"\"><\/p>\n<p><strong>Vid\u00e9o<\/strong><\/p>\n<div style=\"width: 70%; padding: 0 30px 0 0; float: left;\">Test de c\u00e2ble coaxial via connecteur en F.<\/div>\n<p><img decoding=\"async\" class=\"alignnone wp-image-1034 size-full\" src=\"https:\/\/www.trend-networks.com\/wp-content\/uploads\/2019\/03\/asset_upload_file512_55076.jpg\" alt=\"\" width=\"300\" height=\"194\" title=\"\"><\/p>\n","protected":false},"excerpt":{"rendered":"<h3>Testeurs\/v\u00e9rificateurs de c\u00e2bles en cuivre qui facilitent le c\u00e2blage.<\/h3>\n<ul>\n<li>Connectivit\u00e9 et rapports AnyWARE Cloud via l&#8217;application TREND AnyWARE<\/li>\n<li>Mesure la longueur des c\u00e2bles<\/li>\n<li>Calcul de la distance jusqu&#8217;au d\u00e9faut (TDR)<\/li>\n<li>Identification instantan\u00e9e des erreurs de c\u00e2blage<\/li>\n<li>D\u00e9termination des services actifs\u00a0: ISDN, PBX et PoE<\/li>\n<li>Ports RJ-11, RJ-12, RJ-45 et coaxiaux<\/li>\n<\/ul>\n","protected":false},"featured_media":141331,"template":"","meta":{"_acf_changed":false,"inline_featured_image":false,"_glsr_average":5,"_glsr_ranking":3.75,"_glsr_reviews":2},"product_brand":[],"product_cat":[2943,2847,410],"product_tag":[2272],"woo-feed-brand":[],"class_list":{"0":"post-29532","1":"product","2":"type-product","3":"status-publish","4":"has-post-thumbnail","6":"product_cat-anyware-cloud-fr","7":"product_cat-promotions-en-vedette","8":"product_cat-testeurs-de-cuivre","9":"product_tag-vdv-ii-fr","11":"first","12":"instock","13":"taxable","14":"shipping-taxable","15":"product-type-grouped","16":"add-to-wishlist-before_image"},"acf":[],"_links":{"self":[{"href":"https:\/\/www.trend-networks.com\/fr\/wp-json\/wp\/v2\/product\/29532","targetHints":{"allow":["GET"]}}],"collection":[{"href":"https:\/\/www.trend-networks.com\/fr\/wp-json\/wp\/v2\/product"}],"about":[{"href":"https:\/\/www.trend-networks.com\/fr\/wp-json\/wp\/v2\/types\/product"}],"wp:featuredmedia":[{"embeddable":true,"href":"https:\/\/www.trend-networks.com\/fr\/wp-json\/wp\/v2\/media\/141331"}],"wp:attachment":[{"href":"https:\/\/www.trend-networks.com\/fr\/wp-json\/wp\/v2\/media?parent=29532"}],"wp:term":[{"taxonomy":"product_brand","embeddable":true,"href":"https:\/\/www.trend-networks.com\/fr\/wp-json\/wp\/v2\/product_brand?post=29532"},{"taxonomy":"product_cat","embeddable":true,"href":"https:\/\/www.trend-networks.com\/fr\/wp-json\/wp\/v2\/product_cat?post=29532"},{"taxonomy":"product_tag","embeddable":true,"href":"https:\/\/www.trend-networks.com\/fr\/wp-json\/wp\/v2\/product_tag?post=29532"},{"taxonomy":"woo-feed-brand","embeddable":true,"href":"https:\/\/www.trend-networks.com\/fr\/wp-json\/wp\/v2\/woo-feed-brand?post=29532"}],"curies":[{"name":"wp","href":"https:\/\/api.w.org\/{rel}","templated":true}]}}