{"id":29471,"date":"2019-03-20T12:36:09","date_gmt":"2019-04-30T10:05:12","guid":{"rendered":"https:\/\/www.trend-networks.com\/?post_type=product&#038;p=29471"},"modified":"2021-02-26T14:07:08","modified_gmt":"2021-02-26T14:07:08","slug":"generateur-de-tonalite-et-sonde-amplificatrice","status":"publish","type":"product","link":"https:\/\/www.trend-networks.com\/fr\/produit\/generateur-de-tonalite-et-sonde-amplificatrice\/","title":{"rendered":"G\u00e9n\u00e9rateur de tonalit\u00e9 et sonde amplificatrice"},"content":{"rendered":"<p><strong>Sonde amplificatrice:<\/strong><\/p>\n<ul>\n<li>Fonctionne avec n&#8217;importe quel g\u00e9n\u00e9rateur de tonalit\u00e9 pour identifier et tracer les fils dans un faisceau<\/li>\n<li>Contr\u00f4le du volume pour augmenter la sensibilit\u00e9 et s&#8217;adapter \u00e0 l&#8217;environnement de travail<\/li>\n<li>Bouton Marche\/Arr\u00eat renfonc\u00e9 afin de pr\u00e9venir une d\u00e9charge de la batterie<\/li>\n<li>Indicateur de batterie faible<\/li>\n<li>Batterie de 9 volts comprise<\/li>\n<\/ul>\n<p><!--more--><\/p>\n<p><strong>G\u00e9n\u00e9rateur de tonalit\u00e9:<\/strong><\/p>\n<ul>\n<li>Offre quatre fonctions : G\u00e9n\u00e9ration de tonalit\u00e9, test de continuit\u00e9, Fonction test ligne analogique &#8220;Talk Battery&#8221; (combin\u00e9s d&#8217;essais requis)et confirmation de la polarit\u00e9 de la ligne<\/li>\n<li>Connecteur femelle, port pour la tonalit\u00e9 et le tra\u00e7age de syst\u00e8mes de c\u00e2ble coaxial CATV<\/li>\n<li>Trois tonalit\u00e9s diff\u00e9rentes s\u00e9lectionn\u00e9es \u00e0 partir du panneau avant<\/li>\n<li>Statut s\u00e9par\u00e9 de la fonction de test analogique (Talk Battery) afin d&#8217;augmenter la tension et la puissance pour les tests<\/li>\n<li>Cordons de test amovibles et rempla\u00e7ables<\/li>\n<li>Arr\u00eat automatique de la tonalit\u00e9 apr\u00e8s 3 heures afin de pr\u00e9server l&#8217;autonomie de la batterie<\/li>\n<li>Selection du niveau sonore de sortie de l&#8217;appareil sur 2 positions : fort ou faible<\/li>\n<li>Indicateur de batterie faible<\/li>\n<li>Batterie de 9 volts incluse<\/li>\n<\/ul>\n","protected":false},"excerpt":{"rendered":"<ul>\n<li>Identifie et localise les fils au sein d&#8217;un m\u00eame groupe<\/li>\n<\/ul>\n","protected":false},"featured_media":48987,"template":"","meta":{"_acf_changed":false,"inline_featured_image":false,"_glsr_average":0,"_glsr_ranking":0,"_glsr_reviews":0},"product_brand":[],"product_cat":[410],"product_tag":[2323],"woo-feed-brand":[],"class_list":{"0":"post-29471","1":"product","2":"type-product","3":"status-publish","4":"has-post-thumbnail","6":"product_cat-testeurs-de-cuivre","7":"product_tag-cable-tracing-fr","9":"first","10":"instock","11":"taxable","12":"shipping-taxable","13":"product-type-grouped","14":"add-to-wishlist-before_image"},"acf":[],"_links":{"self":[{"href":"https:\/\/www.trend-networks.com\/fr\/wp-json\/wp\/v2\/product\/29471","targetHints":{"allow":["GET"]}}],"collection":[{"href":"https:\/\/www.trend-networks.com\/fr\/wp-json\/wp\/v2\/product"}],"about":[{"href":"https:\/\/www.trend-networks.com\/fr\/wp-json\/wp\/v2\/types\/product"}],"wp:featuredmedia":[{"embeddable":true,"href":"https:\/\/www.trend-networks.com\/fr\/wp-json\/wp\/v2\/media\/48987"}],"wp:attachment":[{"href":"https:\/\/www.trend-networks.com\/fr\/wp-json\/wp\/v2\/media?parent=29471"}],"wp:term":[{"taxonomy":"product_brand","embeddable":true,"href":"https:\/\/www.trend-networks.com\/fr\/wp-json\/wp\/v2\/product_brand?post=29471"},{"taxonomy":"product_cat","embeddable":true,"href":"https:\/\/www.trend-networks.com\/fr\/wp-json\/wp\/v2\/product_cat?post=29471"},{"taxonomy":"product_tag","embeddable":true,"href":"https:\/\/www.trend-networks.com\/fr\/wp-json\/wp\/v2\/product_tag?post=29471"},{"taxonomy":"woo-feed-brand","embeddable":true,"href":"https:\/\/www.trend-networks.com\/fr\/wp-json\/wp\/v2\/woo-feed-brand?post=29471"}],"curies":[{"name":"wp","href":"https:\/\/api.w.org\/{rel}","templated":true}]}}