{"id":29428,"date":"2019-04-26T17:35:37","date_gmt":"2019-04-30T08:55:24","guid":{"rendered":"https:\/\/www.trend-networks.com\/product\/unipro-mgig1-solo\/"},"modified":"2021-03-04T08:35:46","modified_gmt":"2021-03-04T08:35:46","slug":"unipro-mgig1-solo","status":"publish","type":"product","link":"https:\/\/www.trend-networks.com\/fr\/produit\/unipro-mgig1-solo\/","title":{"rendered":"UNIPRO MGIG1 SOLO"},"content":{"rendered":"<p>R\u00e9duit le temps de configuration avec des param\u00e8tres de configuration ind\u00e9pendants (cibles, services et tests)<\/p>\n<p>A la diff\u00e9rence d&#8217;un testeur classique de transmission Ethernet o\u00f9 la configuration des cibles, les services, et types de tests sont imbriqu\u00e9s ensemble, l&#8217;UniPRO MGig1 les dissocie en 3 param\u00e8tre ind\u00e9pendants faciles a g\u00e9rer.<\/p>\n<p>Fonctionnalit\u00e9s<br \/>\nTouche sp\u00e9ciale pour lancer une s\u00e9quence de test pr\u00e9programm\u00e9e<\/p>\n<p>L&#8217;unique bouton d&#8217;Autotest est une fonction de s\u00e9quence de test automatique qui ex\u00e9cute les \u00e9l\u00e9ments de tests imbriqu\u00e9s d\u00e9finis par l&#8217;utilisateur, pour des applications sp\u00e9cifiques (telles que l&#8217;installation de liaisons hertzienne)<\/p>\n<p>Le testeur RFC2544\/Y.1564 le plus \u00e9conomique du march\u00e9<\/p>\n<p>L&#8217;UniPRO MGig1 effectue un test bidirectionnel Y.1564 et RFC2544 ou le bouclage de trafic incluant le test de gigue et affichant les r\u00e9sultats sous forme graphique.<\/p>\n<p>Les tests bidirectionnels CIR (&#8220;commited information rate&#8221;- d\u00e9bit garanti), EIR (&#8220;exc\u00e8s information rate&#8221;- d\u00e9bit exc\u00e9dentaire) et la police des tests avec identification des classes de couleurs normalis\u00e9es propose un test de lien Ethernet au plus proche des situations r\u00e9elles du trafic r\u00e9seau multi-services compar\u00e9 au RFC2544.<\/p>\n<p>SLA-Tick &#8211; Test de conformit\u00e9 SLA multi-services<\/p>\n<p>UniPRO MGig1 teste la bande passante et la performance r\u00e9elle compar\u00e9es aux niveaux d&#8217;engagements de l&#8217;op\u00e9rateur. Sensiblement plus rapide que les tests RFC2544 et Y.1564, le SLA-Tick teste simultan\u00e9ment le d\u00e9bit utile, la perte de trames, la gigue, la latence et le temps d&#8217;interruption de service (SDT) lors d&#8217;un unique test.<\/p>\n<p>Test du taux d&#8217;erreurs BERT (&#8220;Bit Error Rate Test&#8221;)<\/p>\n<p>Le test BER calcule le taux d&#8217;erreur du niveau 1 au niveau 4 sur le lien Ethernet et le compare aux limites pr\u00e9d\u00e9finies garantissant une transmission avec un taux d&#8217;erreur ma\u00eetris\u00e9 \u00e0 un d\u00e9bit donn\u00e9.<\/p>\n<p>Test multi-services (flux)<\/p>\n<p>Jusqu&#8217;\u00e0 huit services mesur\u00e9s simultan\u00e9ment dans les tests SLA-Tick et Y1564 (NetSam). Il permet de contr\u00f4ler les priorit\u00e9es des services configur\u00e9es (vid\u00e9o, VoIP, donn\u00e9es&#8230;) dans le r\u00e9seau et \u00e9galement de tester les liaisons d&#8217;infrastructure mobile 3G\/4G.<\/p>\n<p>Q-in-Q, VLAN multiples et MPLS<\/p>\n<p>Permet d&#8217;imbriquer huit niveaux de VLAN pour les tests RFC2544, Y.1544 (NetSAM), BERT et SLA-Tick. Pour des liaisons utilisant la technologie MPLS, UniPRO MGig1 PRO peut tester jusqu&#8217;\u00e0 3 niveaux avec l&#8217;\u00e9tiquette, la classe et le niveau TTL pour chaque service.<\/p>\n<p>Fonction transparence compl\u00e8te pour surveiller l&#8217;\u00e9tat du r\u00e9seau<\/p>\n<p>Mesure de la consommation totale de la bande passante entrante et sortante.<\/p>\n<p>Il mesure la bande passante du Top ten des utilisateurs class\u00e9s par adresse source et destination (adresse IP ou MAC) jusqu&#8217;\u00e0 trois niveaux d&#8217;ID VLAN (VLAN tag).<\/p>\n<p>Le test PoE\/PoE+ surveille la puissance consomm\u00e9e par un dispositif et effectue un test de charge afin de d\u00e9terminer la valeur maximale de la puissance disponible \u00e0 un port.<\/p>\n<p>Les statistiques de surveillance incluent : les d\u00e9bits minimum, maximum et moyen, les tailles et types de trames transmises, les erreurs physiques d\u00e9tect\u00e9es et les protocoles de d\u00e9couverte (LLDP\/CDP\/EDP) activ\u00e9s sur le r\u00e9seau.<\/p>\n<p>Gestion Simultan\u00e9e de Ipv4 et Ipv6<\/p>\n<p>La prise en charge des adresses internet IPv4 et IPv6, assure la p\u00e9rennit\u00e9 de l&#8217;investissement de l&#8217;UniPRO MGig1<\/p>\n<p>Acc\u00e8s WAN et Metro Ethernet &#8211; qualification des liaisons cuivre et optique<\/p>\n<p>Installation et maintenance des liaisons d&#8217;infrastructure pour la t\u00e9l\u00e9phonie fixe et mobile<\/p>\n<p>Installation et maintenance des liaisons d&#8217;infrastructure pour la t\u00e9l\u00e9phonie fixe et mobile<\/p>\n<p>Test du r\u00e9seau pour les stations de base microcellulaires et la couverture WiFi des acc\u00e8s publics<\/p>\n<p>V\u00e9rification de la bande passante et autres param\u00e8tres de conformit\u00e9 SLA (garantie du niveau de service)<\/p>\n","protected":false},"excerpt":{"rendered":"<p>Testeur de transmission Ethernet pour le trafic et les r\u00e9seaux d&#8217;entreprises<br \/>\nSurveillance compl\u00e8te de r\u00e9seaux en ligne<br \/>\nConfiguration simplifi\u00e9e des dispositifs cibles, services et tests<br \/>\nRFC2544, BERT, SLA-Tick et Y.1564 (NetSAM)<br \/>\nTests simultan\u00e9s de services multiples<br \/>\nTests QoS &#8211; VLAN imbriqu\u00e9s (QinQ), MPLS, ToS et<\/p>\n","protected":false},"featured_media":63377,"template":"","meta":{"_acf_changed":false,"inline_featured_image":false,"_glsr_average":0,"_glsr_ranking":0,"_glsr_reviews":0},"product_brand":[],"product_cat":[467],"product_tag":[2263],"woo-feed-brand":[],"class_list":{"0":"post-29428","1":"product","2":"type-product","3":"status-publish","4":"has-post-thumbnail","6":"product_cat-testeurs-reseau-industrie-camera-telecom","7":"product_tag-unipro-mgig1-fr","9":"first","10":"instock","11":"taxable","12":"shipping-taxable","13":"purchasable","14":"product-type-simple","15":"add-to-wishlist-before_image"},"acf":[],"_links":{"self":[{"href":"https:\/\/www.trend-networks.com\/fr\/wp-json\/wp\/v2\/product\/29428","targetHints":{"allow":["GET"]}}],"collection":[{"href":"https:\/\/www.trend-networks.com\/fr\/wp-json\/wp\/v2\/product"}],"about":[{"href":"https:\/\/www.trend-networks.com\/fr\/wp-json\/wp\/v2\/types\/product"}],"wp:featuredmedia":[{"embeddable":true,"href":"https:\/\/www.trend-networks.com\/fr\/wp-json\/wp\/v2\/media\/63377"}],"wp:attachment":[{"href":"https:\/\/www.trend-networks.com\/fr\/wp-json\/wp\/v2\/media?parent=29428"}],"wp:term":[{"taxonomy":"product_brand","embeddable":true,"href":"https:\/\/www.trend-networks.com\/fr\/wp-json\/wp\/v2\/product_brand?post=29428"},{"taxonomy":"product_cat","embeddable":true,"href":"https:\/\/www.trend-networks.com\/fr\/wp-json\/wp\/v2\/product_cat?post=29428"},{"taxonomy":"product_tag","embeddable":true,"href":"https:\/\/www.trend-networks.com\/fr\/wp-json\/wp\/v2\/product_tag?post=29428"},{"taxonomy":"woo-feed-brand","embeddable":true,"href":"https:\/\/www.trend-networks.com\/fr\/wp-json\/wp\/v2\/woo-feed-brand?post=29428"}],"curies":[{"name":"wp","href":"https:\/\/api.w.org\/{rel}","templated":true}]}}