{"id":29426,"date":"2019-04-26T17:35:37","date_gmt":"2019-04-26T16:35:37","guid":{"rendered":"https:\/\/www.trend-networks.com\/product\/lanxplorer-pro\/"},"modified":"2026-01-14T16:00:24","modified_gmt":"2026-01-14T16:00:24","slug":"lanxplorer-pro","status":"publish","type":"product","link":"https:\/\/www.trend-networks.com\/fr\/produit\/lanxplorer-pro\/","title":{"rendered":"LanXPLORER Pro &#8211; ANALYSEUR DE R\u00c9SEAU LAN EN LIGNE"},"content":{"rendered":"<p><strong>NaviTEK NT Pro:<\/strong><\/p>\n<ul>\n<li>\u00c9cran tactile<\/li>\n<li>Sch\u00e9ma de c\u00e2blage personnalis\u00e9<\/li>\n<li>Affichage de la configuration r\u00e9seau IPv4 \/ compatible IPv6<\/li>\n<li>Sch\u00e9ma de c\u00e2blage cuivre avanc\u00e9 pour voir les inversions, paires partag\u00e9es, circuits ouverts ou courts-circuits<\/li>\n<li>Distance aux circuits cuivre ouverts et aux courts-circuits avec \u00e9chom\u00e8tre (TDR)<\/li>\n<li>D\u00e9tection PoE\/PoE+ et tests de charge<\/li>\n<li>G\u00e9n\u00e9rateur de tonalit\u00e9 pour tracer les c\u00e2bles<\/li>\n<li>Tests Traceroute et Ping<\/li>\n<li>Clignotement de la diode du hub\/switch pour identification de port<\/li>\n<li>Client DHCP<\/li>\n<li>D\u00e9tection de d\u00e9bits 10\/100\/1000Mb\/s<\/li>\n<li>Connecteur RJ45 avec inserts rempla\u00e7ables par l\u2019utilisateur<\/li>\n<li>Prise en charge jusqu\u2019\u00e0 12 terminaisons RJ45<\/li>\n<li>\u00c9cran couleur tactile r\u00e9tro \u00e9clair\u00e9<\/li>\n<li>Autotest pour s\u00e9quences param\u00e9trables de mesures<\/li>\n<li>Surveillance en ligne pour des informations d\u00e9taill\u00e9es du r\u00e9seau et du port<\/li>\n<li>Identification de port en utilisant les protocoles EDP\/CDP\/LLDP<\/li>\n<li>Prend en charge les VLAN<\/li>\n<li>Repr\u00e9sentation graphique du trafic avec bargraphs<\/li>\n<li>G\u00e9n\u00e9ration directe dans le testeur de rapports de en format PDF ou CSV<\/li>\n<li>Envoie les rapports \u00e0 partir du testeur en Wi-Fi sur des Smartphone\/tablette gr\u00e2ce \u00e0 l\u2019application<\/li>\n<li>gratuite TREND AnyWARE<\/li>\n<li>Interface fibre optique format SFP (module SFP non fourni)<\/li>\n<li>Ouverture de sessions en utilisant le protocole de s\u00e9curit\u00e9 802,1x<\/li>\n<li>Indication de la puissance optique absolue en dBm<\/li>\n<li>Mode boucleur face \u00e0 un testeur de transmission<\/li>\n<\/ul>\n<p><!--more--><\/p>\n<p><strong>LanXPLORER Pro:<\/strong><\/p>\n<p>Toutes les caract\u00e9ristiques du NaviTEK NT Pro, avec en plus :<\/p>\n<ul>\n<li>Surveillance de la consommation PoE en ligne<\/li>\n<li>NETMAP Liste de tous les \u00e9quipements r\u00e9seaux pr\u00e9sents<\/li>\n<li>NETVERIFY Compare 2 scans NETMAP afin d\u2019identifier les modifications<\/li>\n<li>Mode transparence de surveillance et d\u00e9pannage (en cuivre)<\/li>\n<li>QoS VoIP et test du signal<\/li>\n<li>Interface Wi-Fi pour acc\u00e9der au r\u00e9seau<\/li>\n<li>Scan des acc\u00e8s Wi-Fi @2.4\/5GHz 802.11b\/g\/n<\/li>\n<li>10 plus importants \u00e9metteurs et r\u00e9cepteurs de bande passante<\/li>\n<li>D\u00e9couvertes des confits d\u2019adresse I<\/li>\n<li>Statistiques du trafic &#8211; r\u00e9seaux et \u00e9quipements<\/li>\n<li>\u00c9cran tactile couleur<\/li>\n<\/ul>\n<p><strong>Applications<\/strong><\/p>\n<ul>\n<li>Identifie les sources de ralentissement du r\u00e9seau<\/li>\n<li>Identifie les changements op\u00e9r\u00e9s sur le r\u00e9seau local (ajout, suppression et\/ou modification des h\u00f4tes)<\/li>\n<li>D\u00e9panne les \u00e9quipements PoE<\/li>\n<li>Met en \u00e9vidence les probl\u00e8mes de qualit\u00e9 de VoIP<\/li>\n<li>Localise les zones non couverte des points d&#8217;acc\u00e8s Wi-Fi<\/li>\n<li>D\u00e9termine si la source des probl\u00e8mes de connectivit\u00e9 r\u00e9seau provient d&#8217;un \u00e9quipement r\u00e9seau LAN (Switch\/Routeur) ou d&#8217;un poste de travail (ordinateur)<\/li>\n<li>Teste le c\u00e2blage (sch\u00e9ma de c\u00e2blage et mesure de longueur)<\/li>\n<li>D\u00e9pannage de c\u00e2ble (TDR \/ Localisation du d\u00e9faut)<\/li>\n<li>Teste la configuration du r\u00e9seau suite \u00e0 une installation ou une modification (adressage IP, VLAN&#8230;)<\/li>\n<li>Identification du port de l&#8217;\u00e9quipement \u00e0 l&#8217;aide des protocoles de d\u00e9couverte LLDP\/CDP\/EDP<\/li>\n<li>Audit de r\u00e9seaux locaux (documentation des dispositifs connect\u00e9s au LAN et de sa configuration)<\/li>\n<\/ul>\n<p><strong>Voix sur IP (VoIP) &#8211; Surveille la qualit\u00e9 de service (QoS) en temps r\u00e9el en utilisant le mode en ligne.<\/strong><br \/>\nLa qualit\u00e9 de service (QoS) est mesur\u00e9e en temps r\u00e9el lorsque le LanXPLORER Pro est raccord\u00e9 en transparence entre le t\u00e9l\u00e9phone VoIP utilisant le SIP (Session Initation Protocol) et le r\u00e9seau actif. Les indicateurs du QoS int\u00e8grent les mesures de jitter, retard, nombre total de paquets, pertes de paquets, adresses IP source &amp; destination et les num\u00e9ros de port. Gr\u00e2ce au SIP standard, les proc\u00e9d\u00e9s de signalement tels que les appels d\u00e9croch\u00e9s, les num\u00e9ros de t\u00e9l\u00e9phone des 2 postes et la dur\u00e9e de l\u2019appel sont affich\u00e9s.<\/p>\n<p><img decoding=\"async\" class=\"size-full wp-image-10168 alignnone\" src=\"https:\/\/www.trend-networks.com\/wp-content\/uploads\/2019\/04\/lanxplorer-voip_fr.jpg\" alt=\"\" width=\"600\" height=\"223\" title=\"\" srcset=\"https:\/\/www.trend-networks.com\/wp-content\/uploads\/2019\/04\/lanxplorer-voip_fr.jpg 600w, https:\/\/www.trend-networks.com\/wp-content\/uploads\/2019\/04\/lanxplorer-voip_fr-300x112.jpg 300w\" sizes=\"(max-width: 600px) 100vw, 600px\" \/><\/p>\n<p><strong>Test en Wi-Fi &#8211; R\u00e9soudre les probl\u00e8mes li\u00e9s au r\u00e9seau Wi-Fi et r\u00e9duire les temps d\u2019interruptions<\/strong><br \/>\nLe LanXPLORER Pro utilise l&#8217;interface Wi-Fi \u00e0 2,4 et 5 GHz en 802.11 b\/g\/n pour se connecter au r\u00e9seau et le d\u00e9panner. Il peut \u00e9galement permettre une \u00e9valuation des r\u00e9seaux Wi-Fi en affichant l&#8217;identifiant du point d&#8217;acc\u00e8s, la puissance du signal (en dBm) et le rapport signal bruit (SNR en dB), le canal et l&#8217;\u00e9tat du cryptage.<\/p>\n<p>Il rep\u00e8re rapidement les raisons de ralentissement Wi-Fi et les probl\u00e8mes de connexion, tels que les canaux Wi-Fi utilis\u00e9s plusieurs fois ou une<br \/>\nmauvaise configuration du SSID. Lorsque le LanXPLORER est connect\u00e9 entre le point d\u2019acc\u00e8s Wi-Fi et le r\u00e9seau, il identifie le d\u00e9bit maximum de la bande passante sans fil utilis\u00e9 par les consommateurs et m\u00e9morise la consommation totale de la bande passante (point d\u2019acc\u00e8s surcharg\u00e9).<\/p>\n<p><img decoding=\"async\" class=\"size-full wp-image-10177 alignnone\" src=\"https:\/\/www.trend-networks.com\/wp-content\/uploads\/2019\/04\/lanxplorer-wifi_fr.jpg\" alt=\"\" width=\"300\" height=\"228\" title=\"\"><\/p>\n<p><strong>Diagnostique et d\u00e9pannage Ethernet en utilisant le mode en ligne (cuivre)<\/strong><br \/>\nCette fonctionnalit\u00e9 en transparence permet de surveiller le trafic du r\u00e9seau entre deux appareils afin de diagnostiquer des probl\u00e8mes Ethernet qui ne peuvent pas l\u2019\u00eatre lorsqu\u2019on utilise simplement des logiciels sur PC ou l\u2019interface du switch.<\/p>\n<p><img decoding=\"async\" class=\"size-full wp-image-10087 alignnone\" src=\"https:\/\/www.trend-networks.com\/wp-content\/uploads\/2019\/04\/lanxplorer-ethernet_fr.jpg\" alt=\"\" width=\"600\" height=\"223\" title=\"\" srcset=\"https:\/\/www.trend-networks.com\/wp-content\/uploads\/2019\/04\/lanxplorer-ethernet_fr.jpg 600w, https:\/\/www.trend-networks.com\/wp-content\/uploads\/2019\/04\/lanxplorer-ethernet_fr-300x112.jpg 300w\" sizes=\"(max-width: 600px) 100vw, 600px\" \/><\/p>\n<p><strong>Top 10 \u00e9metteurs et r\u00e9cepteurs<\/strong><\/p>\n<p>Identification des 10 appareils qui utilisent le plus de bande passante (\u00e9mission et r\u00e9ception) sur le r\u00e9seau afin d\u2019aider \u00e0 r\u00e9soudre les probl\u00e8mes. Par exemple, l\u2019appareil se connecte entre le switch et le routeur Internet pour surveiller toute la bande passante Internet sortante et entrante et ainsi identifier les 10 appareils consommant le plus de bande passante.<\/p>\n<p><img decoding=\"async\" class=\"size-full wp-image-10141 alignnone\" src=\"https:\/\/www.trend-networks.com\/wp-content\/uploads\/2019\/04\/lanxplorer-topten_fr.jpg\" alt=\"\" width=\"600\" height=\"223\" title=\"\" srcset=\"https:\/\/www.trend-networks.com\/wp-content\/uploads\/2019\/04\/lanxplorer-topten_fr.jpg 600w, https:\/\/www.trend-networks.com\/wp-content\/uploads\/2019\/04\/lanxplorer-topten_fr-300x112.jpg 300w\" sizes=\"(max-width: 600px) 100vw, 600px\" \/><\/p>\n<p><strong>Statistiques du trafic<\/strong><\/p>\n<p>Surveille les d\u00e9bits minimum, maximum et moyen en Mb\/s, le nombre de paquets, les tailles de trames transmises et les protocoles Ethernet.<\/p>\n<p><img decoding=\"async\" class=\"size-full wp-image-10150 alignnone\" src=\"https:\/\/www.trend-networks.com\/wp-content\/uploads\/2019\/04\/lanxplorer-trafic_fr.jpg\" alt=\"\" width=\"600\" height=\"225\" title=\"\" srcset=\"https:\/\/www.trend-networks.com\/wp-content\/uploads\/2019\/04\/lanxplorer-trafic_fr.jpg 600w, https:\/\/www.trend-networks.com\/wp-content\/uploads\/2019\/04\/lanxplorer-trafic_fr-300x113.jpg 300w\" sizes=\"(max-width: 600px) 100vw, 600px\" \/><\/p>\n<p><strong>D\u00e9tection des VLAN<\/strong><\/p>\n<p>D\u00e9tection automatique des identifiants des VLAN.<\/p>\n<p><img decoding=\"async\" class=\"size-full wp-image-10159 alignnone\" src=\"https:\/\/www.trend-networks.com\/wp-content\/uploads\/2019\/04\/lanxplorer-vlan_fr.jpg\" alt=\"\" width=\"300\" height=\"229\" title=\"\"><\/p>\n<p><img decoding=\"async\" class=\"size-full wp-image-10078 alignnone\" src=\"https:\/\/www.trend-networks.com\/wp-content\/uploads\/2019\/04\/lanxplorer-discovery_fr.jpg\" alt=\"\" width=\"600\" height=\"227\" title=\"\" srcset=\"https:\/\/www.trend-networks.com\/wp-content\/uploads\/2019\/04\/lanxplorer-discovery_fr.jpg 600w, https:\/\/www.trend-networks.com\/wp-content\/uploads\/2019\/04\/lanxplorer-discovery_fr-300x114.jpg 300w\" sizes=\"(max-width: 600px) 100vw, 600px\" \/><\/p>\n<p><strong>Diagnostique et d\u00e9pannage r\u00e9seau en utilisant le mode terminal (cuivre, fibre optique et Wi-Fi)<\/strong><br \/>\nLe mode terminal est utilis\u00e9 pour surveiller et examiner le r\u00e9seau LAN lorsqu\u2019il est directement connect\u00e9 au<br \/>\nport r\u00e9seau ou sur un port en miroir.<\/p>\n<p><strong>Fonction NETMAP\/NETVERIFY<\/strong><\/p>\n<p>Cette fonction effectue un scan de tout le r\u00e9seau pour identifier tous les appareils actifs avec leur adresse IP, MAC et nom d\u2019h\u00f4tes &#8211; informations qui peuvent \u00eatre enregistr\u00e9es et compar\u00e9es ensuite aux futures autres NETMAP. L\u2019objectif avec le NETVERIFY est d\u2019identifier les nouveaux appareils raccord\u00e9s, ceux qui ont \u00e9t\u00e9 supprim\u00e9s, ou les changements dans la configuration r\u00e9seau.<\/p>\n<p><img decoding=\"async\" class=\"size-full wp-image-10114 alignnone\" src=\"https:\/\/www.trend-networks.com\/wp-content\/uploads\/2019\/04\/lanxplorer-netmap_fr.jpg\" alt=\"\" width=\"600\" height=\"459\" title=\"\" srcset=\"https:\/\/www.trend-networks.com\/wp-content\/uploads\/2019\/04\/lanxplorer-netmap_fr.jpg 600w, https:\/\/www.trend-networks.com\/wp-content\/uploads\/2019\/04\/lanxplorer-netmap_fr-300x230.jpg 300w\" sizes=\"(max-width: 600px) 100vw, 600px\" \/><\/p>\n<p><strong>Conflits r\u00e9seau<\/strong><\/p>\n<p>D\u00e9tecter la source de conflits r\u00e9seaux suite \u00e0 des ajouts involontaires de serveurs DHCP ou de dispositifs utilisant des adresses IP dupliqu\u00e9es.<\/p>\n<p><img decoding=\"async\" class=\"size-full wp-image-10051 alignnone\" src=\"https:\/\/www.trend-networks.com\/wp-content\/uploads\/2019\/04\/lanxplorer-conflicts_fr-1.jpg\" alt=\"\" width=\"300\" height=\"228\" title=\"\"><\/p>\n<p><strong>D\u00e9couverte du r\u00e9seau<\/strong><\/p>\n<p>Connexion \u00e0 des interfaces de r\u00e9seau actif ou \u00e0 des \u00e9quipements Ethernet pour v\u00e9rifier le statut du r\u00e9seau<br \/>\net sa connectivit\u00e9<\/p>\n<ul>\n<li>Affichage de l\u2019identifiant du port des switchs actifs LLDP\/CDP pour \u00e9viter le rep\u00e9rage manuel du c\u00e2ble<\/li>\n<li>V\u00e9rifier la connectivit\u00e9 Ethernet en 10\/100\/1000 Mb\/s<\/li>\n<li>V\u00e9rifier la configuration du r\u00e9seau (\u00e9quipement IP\/adresse de passerelle\/masque de sous-r\u00e9seau)<\/li>\n<li>Identifier l\u2019adresse IP\/nom du routeur et le nombre de sauts entre les points r\u00e9seau via un test TraceRoute<\/li>\n<li>D\u00e9pannage en se connectant directement au port Ethernet afin de tester le fonctionnement, la rapidit\u00e9 et les param\u00e8tres duplex de l\u2019appareil<\/li>\n<li>Faire des Ping sur des \u00e9quipements tels DNS, passerelle, routeur, serveur de fichiers, imprimantes en r\u00e9seaux, points d\u2019acc\u00e8s sans-fil, etc.<\/li>\n<li>Test de la connectivit\u00e9 Internet via un Ping sur l\u2019adresse URL du site web, par exemple en v\u00e9rifiant le temps de r\u00e9ponse minimum, maximum et moyen du site www.google.com.<\/li>\n<\/ul>\n<p><strong>D\u00e9tection d\u2019\u00e9quipements potentiellement mal configur\u00e9s<\/strong><\/p>\n<p>Identifier les appareils qui g\u00e9n\u00e8rent des erreurs sur le r\u00e9seau ou d\u00e9gradent ses performances. Par exemple, les ordinateurs infect\u00e9s par un malware cr\u00e9ant des afflux de broadcasts qui peuvent d\u00e9sactiver ou congestionner le r\u00e9seau.<\/p>\n<p><strong>IEEE 802.1x<\/strong><\/p>\n<p>Utilisation du protocole IEEE 802.1x pour se connecter \u00e0 des r\u00e9seaux s\u00e9curis\u00e9s par ce standard en \u00e9vitant les<br \/>\ncomplications superflues et les longs retards de projet. (802.1X est un standard li\u00e9 \u00e0 la s\u00e9curit\u00e9 des r\u00e9seaux<br \/>\ninformatiques PNAC)<\/p>\n<p><img decoding=\"async\" class=\"size-full wp-image-10042 alignnone\" src=\"https:\/\/www.trend-networks.com\/wp-content\/uploads\/2019\/04\/lanxplorer-802_1_fr-1.jpg\" alt=\"\" width=\"300\" height=\"229\" title=\"\"><\/p>\n<p><strong>Test de la PoE &#8211; Puissance sur Ethernet<\/strong><br \/>\n<strong>Surveillance PoE<\/strong><\/p>\n<p>Gr\u00e2ce au mode en ligne, affiche la PoE consomm\u00e9e par l\u2019\u00e9quipement (tension et courant).<\/p>\n<p><img decoding=\"async\" class=\"size-full wp-image-10132 alignnone\" src=\"https:\/\/www.trend-networks.com\/wp-content\/uploads\/2019\/04\/lanxplorer-poe_surveillance_fr.jpg\" alt=\"\" width=\"600\" height=\"222\" title=\"\" srcset=\"https:\/\/www.trend-networks.com\/wp-content\/uploads\/2019\/04\/lanxplorer-poe_surveillance_fr.jpg 600w, https:\/\/www.trend-networks.com\/wp-content\/uploads\/2019\/04\/lanxplorer-poe_surveillance_fr-300x111.jpg 300w\" sizes=\"(max-width: 600px) 100vw, 600px\" \/><\/p>\n<p><strong>Test de charge PoE\/PoE+<\/strong><\/p>\n<p>Ex\u00e9cute les tests de charge PoE\/PoE+ afin de d\u00e9terminer quelle est la puissance maximum disponible pour un \u00e9quipement Ethernet l\u00e0 o\u00f9 il est install\u00e9.<\/p>\n<p><img decoding=\"async\" class=\"size-full wp-image-10123 alignnone\" src=\"https:\/\/www.trend-networks.com\/wp-content\/uploads\/2019\/04\/lanxplorer-poe_loadtest_fr.jpg\" alt=\"\" width=\"300\" height=\"231\" title=\"\"><\/p>\n<p><strong>Diagnostique et d\u00e9pannage pour cam\u00e9ra IP\/CCTV en utilisant le mode en transparence (cuivre)<\/strong><br \/>\nSe raccorde entre le r\u00e9seau et le NVR (stockeur) pour d\u00e9terminer l\u2019adresse IP, le nom d\u2019h\u00f4tes et la consommation de bande passante pour chaque cam\u00e9ra. Se connecte entre une cam\u00e9ra IP et le r\u00e9seau pour surveiller la bande passante et la PoE consomm\u00e9e.<\/p>\n<p><img decoding=\"async\" class=\"size-full wp-image-10105 alignnone\" src=\"https:\/\/www.trend-networks.com\/wp-content\/uploads\/2019\/04\/lanxplorer-ipcamera_fr.jpg\" alt=\"\" width=\"600\" height=\"225\" title=\"\" srcset=\"https:\/\/www.trend-networks.com\/wp-content\/uploads\/2019\/04\/lanxplorer-ipcamera_fr.jpg 600w, https:\/\/www.trend-networks.com\/wp-content\/uploads\/2019\/04\/lanxplorer-ipcamera_fr-300x113.jpg 300w\" sizes=\"(max-width: 600px) 100vw, 600px\" \/><\/p>\n<p><strong>Test de c\u00e2blages (cuivre et fibre optique)<\/strong><br \/>\nLe LanXPLORER Pro propose une s\u00e9rie de tests d\u00e9di\u00e9s aux d\u00e9pannages.<\/p>\n<p>Tests des liens en cuivre<\/p>\n<ul>\n<li>Test de c\u00e2blage sur circuits ouverts, courts-circuits, mauvais raccordements, inversions et paires s\u00e9par\u00e9es &#8211; sur standards TIA-568<\/li>\n<li>Distances aux d\u00e9fauts avec la technologie d\u2019\u00e9chom\u00e9trie TDR (uniquement cuivre)<\/li>\n<li>Identification et rep\u00e9rage sonore des c\u00e2bles avec la sonde amplificatrice (62-164)<\/li>\n<li>Clignotement de la diode du switch \u00e0 partir de l\u2019\u00e9quipement, pour rep\u00e9rage sur la baie<\/li>\n<\/ul>\n<p><img decoding=\"async\" class=\"size-full wp-image-10060 alignnone\" src=\"https:\/\/www.trend-networks.com\/wp-content\/uploads\/2019\/04\/lanxplorer-coppertest_fr.jpg\" alt=\"\" width=\"600\" height=\"226\" title=\"\" srcset=\"https:\/\/www.trend-networks.com\/wp-content\/uploads\/2019\/04\/lanxplorer-coppertest_fr.jpg 600w, https:\/\/www.trend-networks.com\/wp-content\/uploads\/2019\/04\/lanxplorer-coppertest_fr-300x113.jpg 300w\" sizes=\"(max-width: 600px) 100vw, 600px\" \/><\/p>\n<p><strong>Tests des liens fibre optique<\/strong><\/p>\n<ul>\n<li>Indication de la puissance optique absolue (avec modules SFP compatibles)<\/li>\n<li>Clignotement du port du switch pour rep\u00e9rer visuellement le lien concern\u00e9<\/li>\n<li>V\u00e9rification des caract\u00e9ristiques SFP fibre dont le nom du constructeur, le num\u00e9ro du mod\u00e8le et le niveau de puissance optique re\u00e7ue\/\u00e9mise<\/li>\n<\/ul>\n<p><img decoding=\"async\" class=\"size-full wp-image-10096 alignnone\" src=\"https:\/\/www.trend-networks.com\/wp-content\/uploads\/2019\/04\/lanxplorer-fibretest_fr.jpg\" alt=\"\" width=\"600\" height=\"223\" title=\"\" srcset=\"https:\/\/www.trend-networks.com\/wp-content\/uploads\/2019\/04\/lanxplorer-fibretest_fr.jpg 600w, https:\/\/www.trend-networks.com\/wp-content\/uploads\/2019\/04\/lanxplorer-fibretest_fr-300x112.jpg 300w\" sizes=\"(max-width: 600px) 100vw, 600px\" \/><\/p>\n<p><strong>Plan de c\u00e2blage personnalis\u00e9<\/strong><br \/>\nLe LanXPLORER Pro int\u00e8gre pour les tests de continuit\u00e9 une liste de c\u00e2bles Ethernet standards tels les Cat.6, 6A, 7A, 8 &#8211; et les c\u00e2bles non-Ethernet comme les Profinet, RNIS et Deutsche Bahn (syst\u00e8me ferroviaire allemand).<\/p>\n<p><img decoding=\"async\" class=\"size-full wp-image-10069 alignnone\" src=\"https:\/\/www.trend-networks.com\/wp-content\/uploads\/2019\/04\/lanxplorer-customwiremap_fr.jpg\" alt=\"\" width=\"300\" height=\"228\" title=\"\"><\/p>\n","protected":false},"excerpt":{"rendered":"<h3>Le testeur de r\u00e9seau LanXPLORER Pro permet d&#8217;analyser les r\u00e9seaux, le c\u00e2blage et les dispositifs Ethernet.<\/h3>\n<p>Le LanXPLORER Pro permet d&#8217;analyser et de diagnostiquer les probl\u00e8mes des r\u00e9seaux, du c\u00e2blage et des dispositifs Ethernet utilisant des interfaces cuivre, fibre et Wi-Fi.<\/p>\n<ul>\n<li>Supporte l&#8217;application [CompanyNameShort] Livr\u00e9 d\u00e9sormais avec une antenne Wi-Fi 5 GHz &amp; 2,4GHz<\/li>\n<li>Surveille le d\u00e9bit total du lien test\u00e9<\/li>\n<li>Test de QoS de la VoIP (voix sur IP)<\/li>\n<li>Identifie les conflits d&#8217;adressage IP<\/li>\n<li>D\u00e9couvre et associe les adresses MAC aux adresses IP<\/li>\n<\/ul>\n","protected":false},"featured_media":60004,"template":"","meta":{"_acf_changed":false,"inline_featured_image":false,"_glsr_average":0,"_glsr_ranking":0,"_glsr_reviews":0},"product_brand":[],"product_cat":[2898,467],"product_tag":[2270],"woo-feed-brand":[],"class_list":{"0":"post-29426","1":"product","2":"type-product","3":"status-publish","4":"has-post-thumbnail","6":"product_cat-testeurs-de-reseaux","7":"product_cat-testeurs-reseau-industrie-camera-telecom","8":"product_tag-lanxplorer-fr","10":"first","11":"instock","12":"taxable","13":"shipping-taxable","14":"product-type-grouped","15":"add-to-wishlist-before_image"},"acf":[],"_links":{"self":[{"href":"https:\/\/www.trend-networks.com\/fr\/wp-json\/wp\/v2\/product\/29426","targetHints":{"allow":["GET"]}}],"collection":[{"href":"https:\/\/www.trend-networks.com\/fr\/wp-json\/wp\/v2\/product"}],"about":[{"href":"https:\/\/www.trend-networks.com\/fr\/wp-json\/wp\/v2\/types\/product"}],"wp:featuredmedia":[{"embeddable":true,"href":"https:\/\/www.trend-networks.com\/fr\/wp-json\/wp\/v2\/media\/60004"}],"wp:attachment":[{"href":"https:\/\/www.trend-networks.com\/fr\/wp-json\/wp\/v2\/media?parent=29426"}],"wp:term":[{"taxonomy":"product_brand","embeddable":true,"href":"https:\/\/www.trend-networks.com\/fr\/wp-json\/wp\/v2\/product_brand?post=29426"},{"taxonomy":"product_cat","embeddable":true,"href":"https:\/\/www.trend-networks.com\/fr\/wp-json\/wp\/v2\/product_cat?post=29426"},{"taxonomy":"product_tag","embeddable":true,"href":"https:\/\/www.trend-networks.com\/fr\/wp-json\/wp\/v2\/product_tag?post=29426"},{"taxonomy":"woo-feed-brand","embeddable":true,"href":"https:\/\/www.trend-networks.com\/fr\/wp-json\/wp\/v2\/woo-feed-brand?post=29426"}],"curies":[{"name":"wp","href":"https:\/\/api.w.org\/{rel}","templated":true}]}}