{"id":29424,"date":"2019-04-26T17:35:22","date_gmt":"2019-04-30T08:54:52","guid":{"rendered":"https:\/\/www.trend-networks.com\/product\/navitek-ie\/"},"modified":"2022-04-22T12:43:16","modified_gmt":"2022-04-22T11:43:16","slug":"navitek-ie","status":"publish","type":"product","link":"https:\/\/www.trend-networks.com\/fr\/produit\/navitek-ie\/","title":{"rendered":"NaviTEK IE &#8211; Testeur PROFINET"},"content":{"rendered":"<p><strong>Le NaviTEK IE permet de<\/strong><br \/>\n\u2714 <strong>d\u00e9tecter les d\u00e9fauts sur des c\u00e2blages cuivres<\/strong> via la terminaison RJ45<\/p>\n<p>\u2714 <strong>configurer facilement les n\u0153uds<\/strong> pour r\u00e9soudre des probl\u00e8mes de connectivit\u00e9<\/p>\n<p>\u2714 <strong>\u00e9viter des d\u00e9faillances du r\u00e9seau<\/strong> via l\u2019analyse de la sant\u00e9 de celui-ci<\/p>\n<p>\u2714 <strong>localiser des \u00e9quipements actifs<\/strong> en utilisant la fonctionnalit\u00e9 de clignotement lumineux de leur LED<\/p>\n<p>\u2714 <strong>trouver des \u00e9quipements mal configur\u00e9s<\/strong> en utilisant la comparaison des cartographies NetMAP<\/p>\n<p>\u2714 <strong>d\u00e9tecter des dispositifs ind\u00e9sirables<\/strong> gr\u00e2ce au journal de bord des \u00e9v\u00e9nements sur 48h max<\/p>\n<p>\u2714 <strong>cr\u00e9er des rapports professionnels au format PDF<\/strong> pour les clients finaux<\/p>\n<p>\u2714 <strong>envoyer ces rapports \u00e0 qui vous voulez<\/strong> en utilisant l\u2019application gratuite TREND AnyWARE<\/p>\n<p><strong>D\u00e9tecter les d\u00e9fauts physiques de c\u00e2blages et r\u00e9duire les temps d\u2019arr\u00eat des lignes<\/strong><br \/>\nLa plupart des probl\u00e8mes viennent d\u2019erreurs de c\u00e2blages. Le NaviTEK IE teste divers sch\u00e9mas de c\u00e2blage cuivre pr\u00e9d\u00e9finis en PROFINET ou en Ethernet IP classique<\/p>\n<p><strong>C\u00e2blages passifs sur liens cuivres<\/strong><br \/>\nVia des cordons RJ45 ou M12, le NaviTEK IE teste les conformit\u00e9s de continuit\u00e9s de c\u00e2blages en PROFINET industriel ou en Ethernet standard<\/p>\n<p>\u2022 Affiche les couleurs des fils r\u00e9elles selon le protocole s\u00e9lectionn\u00e9<br \/>\n\u2022 Types de liens support\u00e9s : 4 fils torsad\u00e9s \/ 2 paires torsad\u00e9es \/ 4 paires torsad\u00e9es<br \/>\n\u2022 Longueur des liens et fils<br \/>\n\u2022 D\u00e9termine la nature des d\u00e9fauts et leur localisation \u00e0 partir du testeur : coupures, courts-circuits, erreurs de raccordements, inversions, paires s\u00e9par\u00e9es<\/p>\n<p><img decoding=\"async\" class=\"size-full wp-image-10192 alignnone\" src=\"https:\/\/www.trend-networks.com\/wp-content\/uploads\/2019\/04\/navitek-ie-fr-image-3.jpg\" alt=\"\" width=\"964\" height=\"332\" title=\"\" srcset=\"https:\/\/www.trend-networks.com\/wp-content\/uploads\/2019\/04\/navitek-ie-fr-image-3.jpg 964w, https:\/\/www.trend-networks.com\/wp-content\/uploads\/2019\/04\/navitek-ie-fr-image-3-600x207.jpg 600w, https:\/\/www.trend-networks.com\/wp-content\/uploads\/2019\/04\/navitek-ie-fr-image-3-300x103.jpg 300w, https:\/\/www.trend-networks.com\/wp-content\/uploads\/2019\/04\/navitek-ie-fr-image-3-768x264.jpg 768w\" sizes=\"(max-width: 964px) 100vw, 964px\" \/><\/p>\n<p><strong>Liens actifs en fibre optique<\/strong><br \/>\nEn ins\u00e9rant un module transceiver SFP (optionnel) dans l\u2019emplacement d\u00e9di\u00e9, le NaviTEK IE pourra tester des liaisons fibr\u00e9es en fonctionnement :<\/p>\n<p>\u2022 Mesure de la puissance optique absolue re\u00e7ue (Rx) par le SFP (uniquement pour les mod\u00e8les support\u00e9s) : une valeur faible alertera de d\u00e9fauts physiques potentiels comme des connecteurs sales, ou des contraintes (attention : pas de mesure des pertes ni de localisation des d\u00e9fauts)<br \/>\n\u2022 Un adaptateur optionnel est disponible en option pour interfacer des SFP en 100Mb\/s (voir derni\u00e8re page pour les d\u00e9tails)<\/p>\n<p><img decoding=\"async\" class=\"size-full wp-image-10201 alignnone\" src=\"https:\/\/www.trend-networks.com\/wp-content\/uploads\/2019\/04\/navitek-ie-fr-image-4.jpg\" alt=\"\" width=\"741\" height=\"141\" title=\"\" srcset=\"https:\/\/www.trend-networks.com\/wp-content\/uploads\/2019\/04\/navitek-ie-fr-image-4.jpg 741w, https:\/\/www.trend-networks.com\/wp-content\/uploads\/2019\/04\/navitek-ie-fr-image-4-600x114.jpg 600w, https:\/\/www.trend-networks.com\/wp-content\/uploads\/2019\/04\/navitek-ie-fr-image-4-300x57.jpg 300w\" sizes=\"(max-width: 741px) 100vw, 741px\" \/><\/p>\n<p><strong>Pourquoi le NaviTEK IE est meilleur que les autres testeurs de c\u00e2blage cuivres ?<\/strong><br \/>\n\u2022 <strong>Fourni une distance pr\u00e9cise jusqu\u2019aux d\u00e9fauts<\/strong> via l\u2019exploitation d\u2019un r\u00e9flectom\u00e8tre temporel (TDR)<br \/>\n\u2022 <strong>Teste chaque fil, et pas uniquement les paires<\/strong>, pour rep\u00e9rer des probl\u00e8mes que d\u2019autres testeurs ne peuvent pas d\u00e9tecter<br \/>\n\u2022 <strong>Prend en charge les c\u00e2blages standards et non-standards<\/strong> avec la personnalisation des fils \u00e0 tester selon les types de liens sp\u00e9cifiques<\/p>\n<p><img decoding=\"async\" class=\"size-full wp-image-10210 alignnone\" src=\"https:\/\/www.trend-networks.com\/wp-content\/uploads\/2019\/04\/navitek-ie-fr-image-5.jpg\" alt=\"\" width=\"499\" height=\"322\" title=\"\" srcset=\"https:\/\/www.trend-networks.com\/wp-content\/uploads\/2019\/04\/navitek-ie-fr-image-5.jpg 499w, https:\/\/www.trend-networks.com\/wp-content\/uploads\/2019\/04\/navitek-ie-fr-image-5-300x194.jpg 300w\" sizes=\"(max-width: 499px) 100vw, 499px\" \/><\/p>\n<p><strong>Permet de corriger les probl\u00e8mes r\u00e9seau en utilisant les outils de d\u00e9couverte et de configuration.<\/strong><br \/>\nLe NaviTEK IE trouvera les d\u00e9fauts suivants :<\/p>\n<p>\u2022 les noms d\u2019\u00e9quipements incorrects<br \/>\n\u2022 les adresses IP dupliqu\u00e9es<br \/>\n\u2022 les pertes de paquets<\/p>\n<p>Si des d\u00e9fauts de configuration des n\u0153uds sont trouv\u00e9s, il sera facile de les corriger en utilisant l\u2019outil de configuration embarqu\u00e9<\/p>\n<p><img decoding=\"async\" class=\"size-full wp-image-10219 alignnone\" src=\"https:\/\/www.trend-networks.com\/wp-content\/uploads\/2019\/04\/navitek-ie-fr-image-6.jpg\" alt=\"\" width=\"500\" height=\"325\" title=\"\" srcset=\"https:\/\/www.trend-networks.com\/wp-content\/uploads\/2019\/04\/navitek-ie-fr-image-6.jpg 500w, https:\/\/www.trend-networks.com\/wp-content\/uploads\/2019\/04\/navitek-ie-fr-image-6-300x195.jpg 300w\" sizes=\"(max-width: 500px) 100vw, 500px\" \/><\/p>\n<p><strong>D\u00e9tecte les \u00e9quipements mal configur\u00e9s qui entra\u00eenent des conflits r\u00e9seaux<\/strong><br \/>\nLe test de NETMAP permet de scanner le r\u00e9seau afin d\u2019identifier tous les \u00e9quipements actifs; cela enregistre ensuite cette cartographie et la nomme, pour une future comparaison avec de futurs tests NETMAP r\u00e9alis\u00e9s. Il est ainsi facile de d\u00e9tecter les \u00e9quipements ajout\u00e9s ou retir\u00e9s, les mal configur\u00e9s, les modifications de configurations telles celles induites par des mises \u00e0 jour firmware automatiques.<\/p>\n<p><img decoding=\"async\" class=\"size-full wp-image-10228 alignnone\" src=\"https:\/\/www.trend-networks.com\/wp-content\/uploads\/2019\/04\/navitek-ie-fr-image-7.jpg\" alt=\"\" width=\"504\" height=\"323\" title=\"\" srcset=\"https:\/\/www.trend-networks.com\/wp-content\/uploads\/2019\/04\/navitek-ie-fr-image-7.jpg 504w, https:\/\/www.trend-networks.com\/wp-content\/uploads\/2019\/04\/navitek-ie-fr-image-7-300x192.jpg 300w\" sizes=\"(max-width: 504px) 100vw, 504px\" \/><\/p>\n<p><strong>Trouve des probl\u00e8mes intermittents gr\u00e2ce au journal de bord horodat\u00e9<\/strong><br \/>\nAfin de d\u00e9terminer si un probl\u00e8me vient du c\u00e2blage, d\u2019un n\u0153ud, d\u2019un PLC ou de la configuration r\u00e9seau, le NaviTEK IE enregistrera les erreurs d\u00e9tect\u00e9es sur une p\u00e9riode maximale de 48 heures, notamment:<\/p>\n<p>\u2022 Statut des \u00e9quipements<br \/>\n\u2022 Erreurs d\u2019entr\u00e9es\/sorties<\/p>\n<p><img decoding=\"async\" class=\"size-full wp-image-10237 alignnone\" src=\"https:\/\/www.trend-networks.com\/wp-content\/uploads\/2019\/04\/navitek-ie-fr-image-8.jpg\" alt=\"\" width=\"500\" height=\"323\" title=\"\" srcset=\"https:\/\/www.trend-networks.com\/wp-content\/uploads\/2019\/04\/navitek-ie-fr-image-8.jpg 500w, https:\/\/www.trend-networks.com\/wp-content\/uploads\/2019\/04\/navitek-ie-fr-image-8-300x194.jpg 300w\" sizes=\"(max-width: 500px) 100vw, 500px\" \/><\/p>\n<p><strong>Affiche et valide rapidement les informations du n\u0153ud r\u00e9seau d\u00e9tect\u00e9<\/strong><br \/>\nLe NaviTEK IE utilise les protocoles suivants pour afficher les param\u00e8tres les plus importants des n\u0153ud r\u00e9seaux :<\/p>\n<p>\u2022 PROFINET DCP (Discovery and Control Protocol)<br \/>\n\u2022 SNMP (Simple Network Management Protocol)<br \/>\n\u2022 LLDP (Link Layer Discovery Protocol)<\/p>\n<p><img decoding=\"async\" class=\"size-full wp-image-10246 alignnone\" src=\"https:\/\/www.trend-networks.com\/wp-content\/uploads\/2019\/04\/navitek-ie-fr-image-9.jpg\" alt=\"\" width=\"497\" height=\"321\" title=\"\" srcset=\"https:\/\/www.trend-networks.com\/wp-content\/uploads\/2019\/04\/navitek-ie-fr-image-9.jpg 497w, https:\/\/www.trend-networks.com\/wp-content\/uploads\/2019\/04\/navitek-ie-fr-image-9-300x194.jpg 300w\" sizes=\"(max-width: 497px) 100vw, 497px\" \/><\/p>\n<p><strong>V\u00e9rification de la sant\u00e9 du r\u00e9seau pour identifier \u00e0 l\u2019avance d\u2019\u00e9ventuelles d\u00e9faillances<\/strong><br \/>\nCette expertise permet d\u2019avoir une indication rapide sur la performance de chacun des \u00e9quipements avec un syst\u00e8me de code couleur facile \u00e0 interpr\u00e9ter. En cliquant sur chaque \u00e9quipement d\u00e9tect\u00e9, on obtient les d\u00e9tails de ceux-ci avec les raisons de leurs cat\u00e9gorisation en vert\/orange\/rouge et l\u2019action corrective \u00e0 apporter<\/p>\n<p><img decoding=\"async\" class=\"size-full wp-image-10255 alignnone\" src=\"https:\/\/www.trend-networks.com\/wp-content\/uploads\/2019\/04\/navitek-ie-fr-image-11.jpg\" alt=\"\" width=\"702\" height=\"655\" title=\"\" srcset=\"https:\/\/www.trend-networks.com\/wp-content\/uploads\/2019\/04\/navitek-ie-fr-image-11.jpg 702w, https:\/\/www.trend-networks.com\/wp-content\/uploads\/2019\/04\/navitek-ie-fr-image-11-600x560.jpg 600w, https:\/\/www.trend-networks.com\/wp-content\/uploads\/2019\/04\/navitek-ie-fr-image-11-300x280.jpg 300w\" sizes=\"(max-width: 702px) 100vw, 702px\" \/><\/p>\n<p>&nbsp;<\/p>\n<p><strong>Trouve des \u00e9quipements cach\u00e9s ou mal rep\u00e9r\u00e9s<\/strong><br \/>\nIdentifie rapidement un \u00e9quipement en faisant clignoter sa diode LED &#8211; \u00e0 partir du NaviTEK IE.<\/p>\n<p><img decoding=\"async\" class=\"size-full wp-image-10273 alignnone\" src=\"https:\/\/www.trend-networks.com\/wp-content\/uploads\/2019\/04\/navitek-ie-fr-image-13.jpg\" alt=\"\" width=\"1035\" height=\"569\" title=\"\" srcset=\"https:\/\/www.trend-networks.com\/wp-content\/uploads\/2019\/04\/navitek-ie-fr-image-13.jpg 1035w, https:\/\/www.trend-networks.com\/wp-content\/uploads\/2019\/04\/navitek-ie-fr-image-13-600x330.jpg 600w, https:\/\/www.trend-networks.com\/wp-content\/uploads\/2019\/04\/navitek-ie-fr-image-13-300x165.jpg 300w, https:\/\/www.trend-networks.com\/wp-content\/uploads\/2019\/04\/navitek-ie-fr-image-13-768x422.jpg 768w, https:\/\/www.trend-networks.com\/wp-content\/uploads\/2019\/04\/navitek-ie-fr-image-13-1024x563.jpg 1024w\" sizes=\"(max-width: 1035px) 100vw, 1035px\" \/><\/p>\n<p><img decoding=\"async\" class=\"wp-image-63344 size-full alignnone\" src=\"https:\/\/www.trend-networks.com\/wp-content\/uploads\/2019\/04\/NaviTEK-IE-FR-8.jpg\" alt=\"\" width=\"768\" height=\"585\" title=\"\" srcset=\"https:\/\/www.trend-networks.com\/wp-content\/uploads\/2019\/04\/NaviTEK-IE-FR-8.jpg 768w, https:\/\/www.trend-networks.com\/wp-content\/uploads\/2019\/04\/NaviTEK-IE-FR-8-600x457.jpg 600w, https:\/\/www.trend-networks.com\/wp-content\/uploads\/2019\/04\/NaviTEK-IE-FR-8-480x366.jpg 480w\" sizes=\"(max-width: 768px) 100vw, 768px\" \/><\/p>\n<p><strong>Cr\u00e9ations de rapports de tests<\/strong><br \/>\nNaviTEK IE g\u00e9n\u00e8re automatiquement des rapports de tests au format PDF ou CSV.<\/p>\n<p>La page r\u00e9capitulative de chaque rapport peut \u00eatre personnalis\u00e9e permettant d\u2019inclure le logo, le nom de la soci\u00e9t\u00e9 et les coordonn\u00e9es de l\u2019op\u00e9rateur. Choisissez si les rapports indiqueront uniquement les tests bons, ceux en \u00e9checs ou tous &#8211; et ce sur 3 formats de rapports \u00e0 choisir :<\/p>\n<p>\u2022 Synth\u00e8se<br \/>\n\u2022 Classique<br \/>\n\u2022 Complet<\/p>\n<p><img decoding=\"async\" class=\"size-full wp-image-10291 alignnone\" src=\"https:\/\/www.trend-networks.com\/wp-content\/uploads\/2019\/04\/navitek-ie-fr-image-15.jpg\" alt=\"\" width=\"1015\" height=\"367\" title=\"\" srcset=\"https:\/\/www.trend-networks.com\/wp-content\/uploads\/2019\/04\/navitek-ie-fr-image-15.jpg 1015w, https:\/\/www.trend-networks.com\/wp-content\/uploads\/2019\/04\/navitek-ie-fr-image-15-600x217.jpg 600w, https:\/\/www.trend-networks.com\/wp-content\/uploads\/2019\/04\/navitek-ie-fr-image-15-300x108.jpg 300w, https:\/\/www.trend-networks.com\/wp-content\/uploads\/2019\/04\/navitek-ie-fr-image-15-768x278.jpg 768w\" sizes=\"(max-width: 1015px) 100vw, 1015px\" \/><\/p>\n<p><img decoding=\"async\" class=\"wp-image-63289 size-full alignnone\" src=\"https:\/\/www.trend-networks.com\/wp-content\/uploads\/2019\/04\/signaltekct_fr_page3-1.jpg\" alt=\"\" width=\"600\" height=\"518\" title=\"\" srcset=\"https:\/\/www.trend-networks.com\/wp-content\/uploads\/2019\/04\/signaltekct_fr_page3-1.jpg 600w, https:\/\/www.trend-networks.com\/wp-content\/uploads\/2019\/04\/signaltekct_fr_page3-1-45x40.jpg 45w, https:\/\/www.trend-networks.com\/wp-content\/uploads\/2019\/04\/signaltekct_fr_page3-1-480x414.jpg 480w\" sizes=\"(max-width: 600px) 100vw, 600px\" \/><\/p>\n<p><strong>NaviTEK NT Pro<\/strong><\/p>\n<p>\u2022 Affichage de la configuration r\u00e9seau &#8211; IPv4 \/ compatible IPv6<br \/>\n\u2022 Sch\u00e9ma de c\u00e2blage avanc\u00e9 pour les inversions, paires partag\u00e9es, circuits ouverts ou courts-circuits<br \/>\n\u2022 Distance aux circuits ouverts et aux courts-circuits avec \u00e9chom\u00e8tre (TDR)<br \/>\n\u2022 D\u00e9tection des PoE\/PoE+<br \/>\n\u2022 Bouton Autotest pour lancer des tests Traceroute et Ping en mode r\u00e9seau<br \/>\n\u2022 Clignotement de la diode hub\/switch pour identification de port<br \/>\n\u2022 Hub blink for port identification<br \/>\n\u2022 Client DHCP<br \/>\n\u2022 D\u00e9tection de switch en 10\/100\/1000Mb\/s<br \/>\n\u2022 Connecteur RJ45 avec inserts rempla\u00e7ables par l\u2019utilisateur<br \/>\n\u2022 Prise en charge jusqu\u2019\u00e0 12 terminaisons<br \/>\n\u2022 \u00c9cran couleur r\u00e9tro \u00e9clair\u00e9 tactile<br \/>\n\u2022 Sch\u00e9ma de c\u00e2blage personnalis\u00e9<br \/>\n\u2022 Autotest pour s\u00e9quences param\u00e9trables de diff\u00e9rentes mesures : connectivit\u00e9 internet (Ping, DNS, passerelle, Traceroute) et NetScan<br \/>\n\u2022 Surveillance active (ESSAIS NET ) pour des informations d\u00e9taill\u00e9es du r\u00e9seau et du port<br \/>\n\u2022 Identification de port en utilisant les protocoles EDP\/CDP\/LLDP<br \/>\n\u2022 Prend en charge les VLAN<br \/>\n\u2022 Scan du r\u00e9seau (adresses IP et MAC des appareils)<br \/>\n\u2022 Tests de charge PoE\/PoE+<br \/>\n\u2022 Repr\u00e9sentation graphique du trafic avec barographes<br \/>\n\u2022 M\u00e9moire interne de 5000 tests<br \/>\n\u2022 G\u00e9n\u00e9ration directe en interne des rapports de test en format PDF ou CVS<br \/>\n\u2022 Transmission de tests via l\u2019application pour mobiles TREND AnyWARE<br \/>\n\u2022 Une interface fibre optique format SFP (module SFP non fourni)<br \/>\n\u2022 Ouverture de sessions en utilisant le protocole de s\u00e9curit\u00e9 802,1x<br \/>\n\u2022 Indication de la puissance optique absolue en dBm et du r\u00e9sultat passe\/ \u00e9chec avec SFP support\u00e9<br \/>\n\u2022 Mode boucleur face \u00e0 un testeur de transmission sur des interfaces en fibre optique et en cuivre<\/p>\n<p><strong>NaviTEK IE<\/strong><\/p>\n<p>Toutes les fonctionnalit\u00e9s du NaviTEK NT Pro ainsi que :<\/p>\n<p>\u2022 Tests des c\u00e2blages PROFINET en M12, 2 ou 4 paires<br \/>\n\u2022 Tests sur liens fibre optique actifs en PROFINET<br \/>\n\u2022 V\u00e9rification du trafic r\u00e9seau avec des codes couleurs d\u2019avertissements<br \/>\n\u2022 Clignotement de la LED des \u00e9quipements pour rep\u00e9rage<br \/>\n\u2022 Comparaisons des cartographies NETMAP d\u2019un r\u00e9seau pour identifier les changements depuis la pr\u00e9c\u00e9dente analyse et capture<br \/>\n\u2022 Configuration des param\u00e8tres des n\u0153uds sans avoir besoin d\u2019un ordinateur<br \/>\n\u2022 Informations sur les n\u0153uds r\u00e9seaux avec : adresse IP, d\u00e9tails du constructeur, version du logiciel &#8230;<br \/>\n\u2022 Possibilit\u00e9 de r\u00e9tablir tous les param\u00e8tres par d\u00e9faut des \u00e9quipements d\u00e9tect\u00e9s<br \/>\n\u2022 Alarmes des \u00e9quipements et d\u00e9tections d\u2019erreurs<br \/>\n\u2022 Rapports de tests Ethernet Industriel au format PDF<\/p>\n<p><strong>NaviTEK IE<\/strong><br \/>\nV\u00e9rificateur c\u00e2blages et r\u00e9seaux Ethernet industriels PROFINET cuivre et fibre optique<\/p>\n<p><strong>R\u00e9f\u00e9rences<\/strong><\/p>\n<p><img decoding=\"async\" class=\"size-full wp-image-10309 alignnone\" src=\"https:\/\/www.trend-networks.com\/wp-content\/uploads\/2019\/04\/navitek-ie-fr-image-18.jpg\" alt=\"\" width=\"774\" height=\"227\" title=\"\" srcset=\"https:\/\/www.trend-networks.com\/wp-content\/uploads\/2019\/04\/navitek-ie-fr-image-18.jpg 774w, https:\/\/www.trend-networks.com\/wp-content\/uploads\/2019\/04\/navitek-ie-fr-image-18-600x176.jpg 600w, https:\/\/www.trend-networks.com\/wp-content\/uploads\/2019\/04\/navitek-ie-fr-image-18-300x88.jpg 300w, https:\/\/www.trend-networks.com\/wp-content\/uploads\/2019\/04\/navitek-ie-fr-image-18-768x225.jpg 768w\" sizes=\"(max-width: 774px) 100vw, 774px\" \/><\/p>\n<p><strong>Accessoires optionnels<\/strong><\/p>\n<p><img decoding=\"async\" class=\"size-full wp-image-10318 alignnone\" src=\"https:\/\/www.trend-networks.com\/wp-content\/uploads\/2019\/04\/navitek-ie-fr-image-19.jpg\" alt=\"\" width=\"776\" height=\"563\" title=\"\" srcset=\"https:\/\/www.trend-networks.com\/wp-content\/uploads\/2019\/04\/navitek-ie-fr-image-19.jpg 776w, https:\/\/www.trend-networks.com\/wp-content\/uploads\/2019\/04\/navitek-ie-fr-image-19-600x435.jpg 600w, https:\/\/www.trend-networks.com\/wp-content\/uploads\/2019\/04\/navitek-ie-fr-image-19-300x218.jpg 300w, https:\/\/www.trend-networks.com\/wp-content\/uploads\/2019\/04\/navitek-ie-fr-image-19-768x557.jpg 768w\" sizes=\"(max-width: 776px) 100vw, 776px\" \/><\/p>\n<p>Pour la liste compl\u00e8te des accessoires, merci de visiter notre site internet.<\/p>\n<p><strong>Caract\u00e9ristiques<\/strong><\/p>\n<p><img decoding=\"async\" class=\"size-full wp-image-10327 alignnone\" src=\"https:\/\/www.trend-networks.com\/wp-content\/uploads\/2019\/04\/navitek-ie-fr-image-20.jpg\" alt=\"\" width=\"771\" height=\"124\" title=\"\" srcset=\"https:\/\/www.trend-networks.com\/wp-content\/uploads\/2019\/04\/navitek-ie-fr-image-20.jpg 771w, https:\/\/www.trend-networks.com\/wp-content\/uploads\/2019\/04\/navitek-ie-fr-image-20-600x96.jpg 600w, https:\/\/www.trend-networks.com\/wp-content\/uploads\/2019\/04\/navitek-ie-fr-image-20-300x48.jpg 300w, https:\/\/www.trend-networks.com\/wp-content\/uploads\/2019\/04\/navitek-ie-fr-image-20-768x124.jpg 768w\" sizes=\"(max-width: 771px) 100vw, 771px\" \/><\/p>\n<p>Pour de plus amples informations, merci de vous rendre sur notre site web.<\/p>\n<p><strong>O\u00f9 puis-je utiliser le NaviTEK IE sur mon r\u00e9seau ?<\/strong><\/p>\n<p><img decoding=\"async\" class=\"size-full wp-image-10336 alignnone\" src=\"https:\/\/www.trend-networks.com\/wp-content\/uploads\/2019\/04\/navitek-ie-fr-image-21.jpg\" alt=\"\" width=\"832\" height=\"542\" title=\"\" srcset=\"https:\/\/www.trend-networks.com\/wp-content\/uploads\/2019\/04\/navitek-ie-fr-image-21.jpg 832w, https:\/\/www.trend-networks.com\/wp-content\/uploads\/2019\/04\/navitek-ie-fr-image-21-600x391.jpg 600w, https:\/\/www.trend-networks.com\/wp-content\/uploads\/2019\/04\/navitek-ie-fr-image-21-300x195.jpg 300w, https:\/\/www.trend-networks.com\/wp-content\/uploads\/2019\/04\/navitek-ie-fr-image-21-768x500.jpg 768w\" sizes=\"(max-width: 832px) 100vw, 832px\" \/><\/p>\n","protected":false},"excerpt":{"rendered":"<h3>Testeur PROFINET pour le d\u00e9pannage des r\u00e9seaux Ethernet industriels.<\/h3>\n<p>Le  NaviTEK IE est utilis\u00e9 pour la mise en service, la maintenance pr\u00e9ventive et le d\u00e9pannage des r\u00e9seaux Ethernet industriels, ainsi que des r\u00e9seaux IP Ethernet standard.<\/p>\n<ul>\n<li>D\u00e9tecter les d\u00e9fauts sur des c\u00e2blages cuivres<\/li>\n<li>Configurer facilement les n\u0153uds<\/li>\n<li>\u00c9viter des d\u00e9faillances du r\u00e9seau<\/li>\n<li>Localiser des \u00e9quipements actifs<\/li>\n<li>Trouver des \u00e9quipements mal configur\u00e9s<\/li>\n<li>D\u00e9tecter des dispositifs ind\u00e9sirables<\/li>\n<li>Cr\u00e9er des rapports professionnels au format PDF<\/li>\n<li>Envoyer ces rapports \u00e0 qui vous voulez<\/li>\n<\/ul>\n","protected":false},"featured_media":59995,"template":"","meta":{"_acf_changed":false,"inline_featured_image":false,"_glsr_average":0,"_glsr_ranking":0,"_glsr_reviews":0},"product_brand":[],"product_cat":[2898,467],"product_tag":[2309],"woo-feed-brand":[],"class_list":{"0":"post-29424","1":"product","2":"type-product","3":"status-publish","4":"has-post-thumbnail","6":"product_cat-testeurs-de-reseaux","7":"product_cat-testeurs-reseau-industrie-camera-telecom","8":"product_tag-navitek-ie-fr","10":"first","11":"instock","12":"taxable","13":"shipping-taxable","14":"purchasable","15":"product-type-simple","16":"add-to-wishlist-before_image"},"acf":[],"_links":{"self":[{"href":"https:\/\/www.trend-networks.com\/fr\/wp-json\/wp\/v2\/product\/29424","targetHints":{"allow":["GET"]}}],"collection":[{"href":"https:\/\/www.trend-networks.com\/fr\/wp-json\/wp\/v2\/product"}],"about":[{"href":"https:\/\/www.trend-networks.com\/fr\/wp-json\/wp\/v2\/types\/product"}],"wp:featuredmedia":[{"embeddable":true,"href":"https:\/\/www.trend-networks.com\/fr\/wp-json\/wp\/v2\/media\/59995"}],"wp:attachment":[{"href":"https:\/\/www.trend-networks.com\/fr\/wp-json\/wp\/v2\/media?parent=29424"}],"wp:term":[{"taxonomy":"product_brand","embeddable":true,"href":"https:\/\/www.trend-networks.com\/fr\/wp-json\/wp\/v2\/product_brand?post=29424"},{"taxonomy":"product_cat","embeddable":true,"href":"https:\/\/www.trend-networks.com\/fr\/wp-json\/wp\/v2\/product_cat?post=29424"},{"taxonomy":"product_tag","embeddable":true,"href":"https:\/\/www.trend-networks.com\/fr\/wp-json\/wp\/v2\/product_tag?post=29424"},{"taxonomy":"woo-feed-brand","embeddable":true,"href":"https:\/\/www.trend-networks.com\/fr\/wp-json\/wp\/v2\/woo-feed-brand?post=29424"}],"curies":[{"name":"wp","href":"https:\/\/api.w.org\/{rel}","templated":true}]}}