{"id":29422,"date":"2019-04-26T17:35:22","date_gmt":"2019-04-30T08:54:52","guid":{"rendered":"https:\/\/www.trend-networks.com\/product\/navitek-nt-pro\/"},"modified":"2023-05-01T12:57:09","modified_gmt":"2023-05-01T11:57:09","slug":"navitek-nt-pro-2","status":"publish","type":"product","link":"https:\/\/www.trend-networks.com\/fr\/produit\/navitek-nt-pro-2\/","title":{"rendered":"NAVITEK NT PRO"},"content":{"rendered":"<p>Mode de s\u00e9lection de tests<\/p>\n<p>Une nouvelle pr\u00e9sentation des ic\u00f4nes sur le menu d&#8217;accueil propose de choisir entre des tests en Autotest, C\u00e2blage, Switch, R\u00e9seaux. De plus ans le cas o\u00f9 les switchs sont configur\u00e9s en ce sens, le NaviTEK NT affichera directement si ceux-ci sont en LLDP, CDP ou EDP.<\/p>\n<p>R\u00e9sultat passe\/\u00e9chec lors du test du c\u00e2blage de fibre optique<\/p>\n<p>Sur les interfaces optiques les NaviTEK NT Pro indiquent un r\u00e9sultat sous forme de Passe (en vert) ou Echec (en rouge). Le but est d&#8217;aider les techniciens \u00e0 localiser imm\u00e9diatement les r\u00e9ceptions de signaux optiques trop faibles m\u00eame s&#8217;ils ne sont pas experts en fibre. Ces seuils sont facilement param\u00e9trables par les utilisateurs.<\/p>\n<p>Informations sur l\u2019activit\u00e9 du port r\u00e9seau<\/p>\n<p>Appuyez sur le bouton Autotest pour visualiser la synth\u00e8se des informations du r\u00e9seau avec les param\u00e8tres d\u00e9taill\u00e9s.<\/p>\n<p>D\u00e9tection VLAN et utilisations<\/p>\n<p>La d\u00e9tection automatique des identifiants VLAN permet \u00e0 l\u2019utilisateur de configurer NaviTEK NT pour une utilisation sur un VLAN.<\/p>\n<p>Utilisations Ethernet<\/p>\n<p>Affichage du trafic r\u00e9seau en pourcentage de la vitesse du port, en temps r\u00e9el sur plusieurs \u00e9chelles temporelles.<\/p>\n<p>Information de port CDP\/LLDP\/EDP<\/p>\n<p>Montre les informations de port avec protocole EDP (Extreme Discovery Protocol), LLDP (Link Layer Discovery Protocol) et CDP (Cisco Discovery Protocol).<\/p>\n<p>Netscan : scan du r\u00e9seau<\/p>\n<p>Affiche la liste des adresses IP et MAC des dispositifs connect\u00e9s au r\u00e9seau.<\/p>\n<p>Sonde surveillance r\u00e9seau<\/p>\n<p>Repr\u00e9sentation visuelle du r\u00e9seau afin de v\u00e9rifier les r\u00e9sultats de chaque composants de celui-ci.<\/p>\n","protected":false},"excerpt":{"rendered":"<p>D\u00e9sormais avec un \u00e9cran tactile<br \/>\nD\u00e9panne les r\u00e9seaux (cuivre et fibre)<br \/>\nM\u00e9morisation interne des tests<br \/>\nSauvegarde des tests et \u00e9dition en pdf<br \/>\nTra\u00e7age des c\u00e2bles \/ localisation des d\u00e9fauts (TDR)<br \/>\nSupporte l\u2019application IDEAL AnyWARE<\/p>\n","protected":false},"featured_media":123155,"template":"","meta":{"_acf_changed":false,"inline_featured_image":false,"_glsr_average":0,"_glsr_ranking":0,"_glsr_reviews":0},"product_brand":[],"product_cat":[467],"product_tag":[2304],"woo-feed-brand":[],"class_list":{"0":"post-29422","1":"product","2":"type-product","3":"status-publish","4":"has-post-thumbnail","6":"product_cat-testeurs-reseau-industrie-camera-telecom","7":"product_tag-navitek-nt-fr","9":"first","10":"instock","11":"taxable","12":"shipping-taxable","13":"purchasable","14":"product-type-simple","15":"add-to-wishlist-before_image"},"acf":[],"_links":{"self":[{"href":"https:\/\/www.trend-networks.com\/fr\/wp-json\/wp\/v2\/product\/29422","targetHints":{"allow":["GET"]}}],"collection":[{"href":"https:\/\/www.trend-networks.com\/fr\/wp-json\/wp\/v2\/product"}],"about":[{"href":"https:\/\/www.trend-networks.com\/fr\/wp-json\/wp\/v2\/types\/product"}],"wp:featuredmedia":[{"embeddable":true,"href":"https:\/\/www.trend-networks.com\/fr\/wp-json\/wp\/v2\/media\/123155"}],"wp:attachment":[{"href":"https:\/\/www.trend-networks.com\/fr\/wp-json\/wp\/v2\/media?parent=29422"}],"wp:term":[{"taxonomy":"product_brand","embeddable":true,"href":"https:\/\/www.trend-networks.com\/fr\/wp-json\/wp\/v2\/product_brand?post=29422"},{"taxonomy":"product_cat","embeddable":true,"href":"https:\/\/www.trend-networks.com\/fr\/wp-json\/wp\/v2\/product_cat?post=29422"},{"taxonomy":"product_tag","embeddable":true,"href":"https:\/\/www.trend-networks.com\/fr\/wp-json\/wp\/v2\/product_tag?post=29422"},{"taxonomy":"woo-feed-brand","embeddable":true,"href":"https:\/\/www.trend-networks.com\/fr\/wp-json\/wp\/v2\/woo-feed-brand?post=29422"}],"curies":[{"name":"wp","href":"https:\/\/api.w.org\/{rel}","templated":true}]}}