{"id":29227,"date":"2019-04-26T15:20:09","date_gmt":"2019-04-26T14:20:09","guid":{"rendered":"https:\/\/www.trend-networks.com\/product\/sapphire-care-plan-3-years\/"},"modified":"2024-07-24T09:10:52","modified_gmt":"2024-07-24T08:10:52","slug":"sapphire-care-plan-3-years","status":"publish","type":"product","link":"https:\/\/www.trend-networks.com\/fr\/produit\/sapphire-care-plan-3-years\/","title":{"rendered":"SCP3YF &#8211; Contrat de Services Sapphire de 3 ans pour un kit FiberTEK (contenant une paire d&#8217;adaptateurs)"},"content":{"rendered":"<p>Trois ann\u00e9es de contrat de Services Sapphire pour adaptateurs fibre optique de photom\u00e9trie FiberTEK IV &amp; FiberTEK III -Valable uniquement en Europe et aux USA. Comprend : une calibration usine par ann\u00e9e de contrat &#8211; exp\u00e9ditions et enl\u00e8vements (France m\u00e9tropolitaine) &#8211; pr\u00eat de testeur pendant pannes et calibrations &#8211; extension de garantie &#8211; formations en ligne. Nos termes et conditions s&#8217;appliquent. Contrat couvrant une paire d&#8217;adaptateurs (MM ou SM). Uniquement valable si les LanTEK IV \/III associ\u00e9s sont eux aussi sous contrats Sapphire.<\/p>\n","protected":false},"excerpt":{"rendered":"<p>Trois ann\u00e9es de contrat de Services Sapphire pour adaptateurs fibre optique de photom\u00e9trie FiberTEK IV &amp; FiberTEK III -Valable uniquement en Europe et aux USA. Comprend : une calibration usine par ann\u00e9e de contrat &#8211; exp\u00e9ditions et enl\u00e8vements (France m\u00e9tropolitaine) &#8211; pr\u00eat de testeur pendant pannes et calibrations &#8211; extension de garantie &#8211; formations en ligne. Nos termes et conditions s&#8217;appliquent. Contrat couvrant une paire d&#8217;adaptateurs (MM ou SM). Uniquement valable si les LanTEK IV \/III associ\u00e9s sont eux aussi sous contrats Sapphire.<\/p>\n","protected":false},"featured_media":50940,"template":"","meta":{"_acf_changed":false,"inline_featured_image":false,"_glsr_average":0,"_glsr_ranking":0,"_glsr_reviews":0},"product_brand":[],"product_cat":[460,2905],"product_tag":[],"woo-feed-brand":[],"class_list":{"0":"post-29227","1":"product","2":"type-product","3":"status-publish","4":"has-post-thumbnail","6":"product_cat-accessoires","7":"product_cat-contrat-de-maintenance-sapphire","9":"first","10":"instock","11":"taxable","12":"shipping-taxable","13":"purchasable","14":"product-type-simple","15":"add-to-wishlist-before_image"},"acf":[],"_links":{"self":[{"href":"https:\/\/www.trend-networks.com\/fr\/wp-json\/wp\/v2\/product\/29227","targetHints":{"allow":["GET"]}}],"collection":[{"href":"https:\/\/www.trend-networks.com\/fr\/wp-json\/wp\/v2\/product"}],"about":[{"href":"https:\/\/www.trend-networks.com\/fr\/wp-json\/wp\/v2\/types\/product"}],"wp:featuredmedia":[{"embeddable":true,"href":"https:\/\/www.trend-networks.com\/fr\/wp-json\/wp\/v2\/media\/50940"}],"wp:attachment":[{"href":"https:\/\/www.trend-networks.com\/fr\/wp-json\/wp\/v2\/media?parent=29227"}],"wp:term":[{"taxonomy":"product_brand","embeddable":true,"href":"https:\/\/www.trend-networks.com\/fr\/wp-json\/wp\/v2\/product_brand?post=29227"},{"taxonomy":"product_cat","embeddable":true,"href":"https:\/\/www.trend-networks.com\/fr\/wp-json\/wp\/v2\/product_cat?post=29227"},{"taxonomy":"product_tag","embeddable":true,"href":"https:\/\/www.trend-networks.com\/fr\/wp-json\/wp\/v2\/product_tag?post=29227"},{"taxonomy":"woo-feed-brand","embeddable":true,"href":"https:\/\/www.trend-networks.com\/fr\/wp-json\/wp\/v2\/woo-feed-brand?post=29227"}],"curies":[{"name":"wp","href":"https:\/\/api.w.org\/{rel}","templated":true}]}}