{"id":29225,"date":"2019-04-26T15:20:09","date_gmt":"2019-04-26T14:20:09","guid":{"rendered":"https:\/\/www.trend-networks.com\/product\/sapphire-care-plan-1-year\/"},"modified":"2026-01-21T14:49:23","modified_gmt":"2026-01-21T14:49:23","slug":"sapphire-care-plan-1-year","status":"publish","type":"product","link":"https:\/\/www.trend-networks.com\/fr\/produit\/sapphire-care-plan-1-year\/","title":{"rendered":"Sapphire Care Plan 1 Year"},"content":{"rendered":"<p>Contrats de services SAPPHIRE &#8211; S\u00e9curit\u00e9 totale pour votre certificateur de c\u00e2blage LanTEK IV.<\/p>\n<p>R\u00e9parations incluses, calibrage usine annuel inclus, pr\u00eat gratuit d\u2019un appareil, frais de livraison inclus, remplacement d\u2019accessoires inclus. Cliquez ici pour plus d&#8217;informations.<\/p>\n<p>1 an.<\/p>\n","protected":false},"excerpt":{"rendered":"<p>Contrats de services SAPPHIRE &#8211; S\u00e9curit\u00e9 totale pour votre certificateur de c\u00e2blage LanTEK VI.<\/p>\n<p>R\u00e9parations incluses, calibrage usine annuel inclus, pr\u00eat gratuit d\u2019un appareil, frais de livraison inclus, remplacement d\u2019accessoires inclus. Cliquez ici pour plus d&#8217;informations.<\/p>\n<p>1 an.<\/p>\n","protected":false},"featured_media":50949,"template":"","meta":{"_acf_changed":false,"inline_featured_image":false,"_glsr_average":0,"_glsr_ranking":0,"_glsr_reviews":0},"product_brand":[],"product_cat":[460,2905],"product_tag":[2239,2578,2210],"woo-feed-brand":[],"class_list":{"0":"post-29225","1":"product","2":"type-product","3":"status-publish","4":"has-post-thumbnail","6":"product_cat-accessoires","7":"product_cat-contrat-de-maintenance-sapphire","8":"product_tag-lantek-ii-fr","9":"product_tag-lantek-iv-fr","10":"product_tag-securitest-ip-fr","12":"first","13":"instock","14":"taxable","15":"shipping-taxable","16":"purchasable","17":"product-type-simple","18":"add-to-wishlist-before_image"},"acf":[],"_links":{"self":[{"href":"https:\/\/www.trend-networks.com\/fr\/wp-json\/wp\/v2\/product\/29225","targetHints":{"allow":["GET"]}}],"collection":[{"href":"https:\/\/www.trend-networks.com\/fr\/wp-json\/wp\/v2\/product"}],"about":[{"href":"https:\/\/www.trend-networks.com\/fr\/wp-json\/wp\/v2\/types\/product"}],"wp:featuredmedia":[{"embeddable":true,"href":"https:\/\/www.trend-networks.com\/fr\/wp-json\/wp\/v2\/media\/50949"}],"wp:attachment":[{"href":"https:\/\/www.trend-networks.com\/fr\/wp-json\/wp\/v2\/media?parent=29225"}],"wp:term":[{"taxonomy":"product_brand","embeddable":true,"href":"https:\/\/www.trend-networks.com\/fr\/wp-json\/wp\/v2\/product_brand?post=29225"},{"taxonomy":"product_cat","embeddable":true,"href":"https:\/\/www.trend-networks.com\/fr\/wp-json\/wp\/v2\/product_cat?post=29225"},{"taxonomy":"product_tag","embeddable":true,"href":"https:\/\/www.trend-networks.com\/fr\/wp-json\/wp\/v2\/product_tag?post=29225"},{"taxonomy":"woo-feed-brand","embeddable":true,"href":"https:\/\/www.trend-networks.com\/fr\/wp-json\/wp\/v2\/woo-feed-brand?post=29225"}],"curies":[{"name":"wp","href":"https:\/\/api.w.org\/{rel}","templated":true}]}}