{"id":29224,"date":"2019-04-26T15:20:09","date_gmt":"2019-04-26T14:20:09","guid":{"rendered":"https:\/\/www.trend-networks.com\/product\/sapphire-care-plan-3-years-10-discount\/"},"modified":"2026-01-21T15:18:48","modified_gmt":"2026-01-21T15:18:48","slug":"sapphire-care-plan-3-years-10-discount","status":"publish","type":"product","link":"https:\/\/www.trend-networks.com\/fr\/produit\/sapphire-care-plan-3-years-10-discount\/","title":{"rendered":"Sapphire Care Plan 3 Years &#8211; 10% Discount"},"content":{"rendered":"<p>Contrats de services SAPPHIRE &#8211; S\u00e9curit\u00e9 totale pour votre certificateur de c\u00e2blage LanTEK IV.<\/p>\n<p>R\u00e9parations incluses, calibrage usine annuel inclus, pr\u00eat gratuit d\u2019un appareil, frais de livraison inclus, remplacement d\u2019accessoires inclus. Cliquez ici pour plus d&#8217;informations.<\/p>\n<p>3 ans &#8211; Vous b\u00e9n\u00e9ficierez d\u2019une r\u00e9duction de 10 % sur le prix du contrat de services Sapphire si vous le commandez dans les 60 jours apr\u00e8s l\u2019achat de votre LanTEK IV.<\/p>\n","protected":false},"excerpt":{"rendered":"<p>Contrats de services SAPPHIRE &#8211; S\u00e9curit\u00e9 totale pour votre certificateur de c\u00e2blage LanTEK IV.<\/p>\n<p>R\u00e9parations incluses, calibrage usine annuel inclus, pr\u00eat gratuit d\u2019un appareil, frais de livraison inclus, remplacement d\u2019accessoires inclus. <a href=\"https:\/\/www.trend-networks.com\/fr\/support\/contrats-de-services-sapphire\/\">Cliquez ici pour plus d&#8217;informations<\/a>.<\/p>\n<p>3 ans &#8211; Vous b\u00e9n\u00e9ficierez d\u2019une r\u00e9duction de 10 % sur le prix du contrat de services Sapphire si vous le commandez dans les 60 jours apr\u00e8s l\u2019achat de votre LanTEK IV.<\/p>\n","protected":false},"featured_media":50940,"template":"","meta":{"_acf_changed":false,"inline_featured_image":false,"_glsr_average":0,"_glsr_ranking":0,"_glsr_reviews":0},"product_brand":[],"product_cat":[460,2905],"product_tag":[2578],"woo-feed-brand":[],"class_list":{"0":"post-29224","1":"product","2":"type-product","3":"status-publish","4":"has-post-thumbnail","6":"product_cat-accessoires","7":"product_cat-contrat-de-maintenance-sapphire","8":"product_tag-lantek-iv-fr","10":"first","11":"instock","12":"taxable","13":"shipping-taxable","14":"purchasable","15":"product-type-simple","16":"add-to-wishlist-before_image"},"acf":[],"_links":{"self":[{"href":"https:\/\/www.trend-networks.com\/fr\/wp-json\/wp\/v2\/product\/29224","targetHints":{"allow":["GET"]}}],"collection":[{"href":"https:\/\/www.trend-networks.com\/fr\/wp-json\/wp\/v2\/product"}],"about":[{"href":"https:\/\/www.trend-networks.com\/fr\/wp-json\/wp\/v2\/types\/product"}],"wp:featuredmedia":[{"embeddable":true,"href":"https:\/\/www.trend-networks.com\/fr\/wp-json\/wp\/v2\/media\/50940"}],"wp:attachment":[{"href":"https:\/\/www.trend-networks.com\/fr\/wp-json\/wp\/v2\/media?parent=29224"}],"wp:term":[{"taxonomy":"product_brand","embeddable":true,"href":"https:\/\/www.trend-networks.com\/fr\/wp-json\/wp\/v2\/product_brand?post=29224"},{"taxonomy":"product_cat","embeddable":true,"href":"https:\/\/www.trend-networks.com\/fr\/wp-json\/wp\/v2\/product_cat?post=29224"},{"taxonomy":"product_tag","embeddable":true,"href":"https:\/\/www.trend-networks.com\/fr\/wp-json\/wp\/v2\/product_tag?post=29224"},{"taxonomy":"woo-feed-brand","embeddable":true,"href":"https:\/\/www.trend-networks.com\/fr\/wp-json\/wp\/v2\/woo-feed-brand?post=29224"}],"curies":[{"name":"wp","href":"https:\/\/api.w.org\/{rel}","templated":true}]}}