{"id":29192,"date":"2019-04-26T15:19:21","date_gmt":"2019-04-26T16:15:32","guid":{"rendered":"https:\/\/www.trend-networks.com\/product\/ft-iii-cable-and-adapter-kit-lc-mm-50-125a%c2%b5m\/"},"modified":"2024-12-04T09:35:28","modified_gmt":"2024-12-04T09:35:28","slug":"ft-iii-cable-and-adapter-kit-lc-mm-50-125a%c2%b5m","status":"publish","type":"product","link":"https:\/\/www.trend-networks.com\/fr\/produit\/ft-iii-cable-and-adapter-kit-lc-mm-50-125a%c2%b5m\/","title":{"rendered":"FT III\/IV-Cable and adapter kit LC MM 50\/125\u00c2\u00b5m"},"content":{"rendered":"<p>1 Kit de 2 adaptateurs LC pour le port r\u00e9cepteur Rx d&#8217;un FiberTEK III\/IV avec protection poussi\u00e8re, 6 jarreti\u00e8res multimodes 50\/125\u00b5m en LC, 2 jarreti\u00e8res LC vers SC\/PC et 4 coupleurs LC duplex, 1 housse.<\/p>\n","protected":false},"excerpt":{"rendered":"<p>1 Kit de 2 adaptateurs LC pour le port r\u00e9cepteur Rx d&#8217;un FiberTEK III avec protection poussi\u00e8re, 6 jarreti\u00e8res multimodes 50\/125\u00b5m en LC, 2 jarreti\u00e8res LC vers SC\/PC et 4 coupleurs LC duplex, 1 housse.<\/p>\n","protected":false},"featured_media":141260,"template":"","meta":{"_acf_changed":false,"inline_featured_image":false,"_glsr_average":0,"_glsr_ranking":0,"_glsr_reviews":0},"product_brand":[],"product_cat":[460],"product_tag":[2221],"woo-feed-brand":[],"class_list":{"0":"post-29192","1":"product","2":"type-product","3":"status-publish","4":"has-post-thumbnail","6":"product_cat-accessoires","7":"product_tag-fibertek-iii-fr","9":"first","10":"instock","11":"taxable","12":"shipping-taxable","13":"purchasable","14":"product-type-simple","15":"add-to-wishlist-before_image"},"acf":[],"_links":{"self":[{"href":"https:\/\/www.trend-networks.com\/fr\/wp-json\/wp\/v2\/product\/29192","targetHints":{"allow":["GET"]}}],"collection":[{"href":"https:\/\/www.trend-networks.com\/fr\/wp-json\/wp\/v2\/product"}],"about":[{"href":"https:\/\/www.trend-networks.com\/fr\/wp-json\/wp\/v2\/types\/product"}],"wp:featuredmedia":[{"embeddable":true,"href":"https:\/\/www.trend-networks.com\/fr\/wp-json\/wp\/v2\/media\/141260"}],"wp:attachment":[{"href":"https:\/\/www.trend-networks.com\/fr\/wp-json\/wp\/v2\/media?parent=29192"}],"wp:term":[{"taxonomy":"product_brand","embeddable":true,"href":"https:\/\/www.trend-networks.com\/fr\/wp-json\/wp\/v2\/product_brand?post=29192"},{"taxonomy":"product_cat","embeddable":true,"href":"https:\/\/www.trend-networks.com\/fr\/wp-json\/wp\/v2\/product_cat?post=29192"},{"taxonomy":"product_tag","embeddable":true,"href":"https:\/\/www.trend-networks.com\/fr\/wp-json\/wp\/v2\/product_tag?post=29192"},{"taxonomy":"woo-feed-brand","embeddable":true,"href":"https:\/\/www.trend-networks.com\/fr\/wp-json\/wp\/v2\/woo-feed-brand?post=29192"}],"curies":[{"name":"wp","href":"https:\/\/api.w.org\/{rel}","templated":true}]}}