{"id":29163,"date":"2019-04-26T15:18:59","date_gmt":"2019-04-26T14:18:59","guid":{"rendered":"https:\/\/www.trend-networks.com\/product\/gbe-fibre-kit-lx\/"},"modified":"2025-11-04T09:18:19","modified_gmt":"2025-11-04T09:18:19","slug":"gbe-fibre-kit-lx","status":"publish","type":"product","link":"https:\/\/www.trend-networks.com\/fr\/produit\/gbe-fibre-kit-lx\/","title":{"rendered":"GbE Fibre Kit LX"},"content":{"rendered":"<p>1 x Kit optique 1000BASE-LX.<\/p>\n<p>Inclus un \u00e9metteur-r\u00e9cepteur SFP LX 1310 nm, des jarreti\u00e8res monomodes duplex LC\/LC et LC\/SC et un adaptateur duplex SC\/SC<\/p>\n","protected":false},"excerpt":{"rendered":"<p>1 x Kit optique 1000BASE-LX.<\/p>\n<p>Inclus un \u00e9metteur-r\u00e9cepteur SFP LX 1310 nm, des jarreti\u00e8res monomodes duplex LC\/LC et LC\/SC et un adaptateur duplex SC\/SC<\/p>\n","protected":false},"featured_media":47172,"template":"","meta":{"_acf_changed":false,"inline_featured_image":false,"_glsr_average":0,"_glsr_ranking":0,"_glsr_reviews":0},"product_brand":[],"product_cat":[460],"product_tag":[2270,2304,2255,2315,2263,2281],"woo-feed-brand":[],"class_list":{"0":"post-29163","1":"product","2":"type-product","3":"status-publish","4":"has-post-thumbnail","6":"product_cat-accessoires","7":"product_tag-lanxplorer-fr","8":"product_tag-navitek-nt-fr","9":"product_tag-signaltek-ii-fr","10":"product_tag-signaltek-nt-fr","11":"product_tag-unipro-mgig1-fr","12":"product_tag-unipro-sel1-fr","14":"first","15":"instock","16":"taxable","17":"shipping-taxable","18":"purchasable","19":"product-type-simple","20":"add-to-wishlist-before_image"},"acf":[],"_links":{"self":[{"href":"https:\/\/www.trend-networks.com\/fr\/wp-json\/wp\/v2\/product\/29163","targetHints":{"allow":["GET"]}}],"collection":[{"href":"https:\/\/www.trend-networks.com\/fr\/wp-json\/wp\/v2\/product"}],"about":[{"href":"https:\/\/www.trend-networks.com\/fr\/wp-json\/wp\/v2\/types\/product"}],"wp:featuredmedia":[{"embeddable":true,"href":"https:\/\/www.trend-networks.com\/fr\/wp-json\/wp\/v2\/media\/47172"}],"wp:attachment":[{"href":"https:\/\/www.trend-networks.com\/fr\/wp-json\/wp\/v2\/media?parent=29163"}],"wp:term":[{"taxonomy":"product_brand","embeddable":true,"href":"https:\/\/www.trend-networks.com\/fr\/wp-json\/wp\/v2\/product_brand?post=29163"},{"taxonomy":"product_cat","embeddable":true,"href":"https:\/\/www.trend-networks.com\/fr\/wp-json\/wp\/v2\/product_cat?post=29163"},{"taxonomy":"product_tag","embeddable":true,"href":"https:\/\/www.trend-networks.com\/fr\/wp-json\/wp\/v2\/product_tag?post=29163"},{"taxonomy":"woo-feed-brand","embeddable":true,"href":"https:\/\/www.trend-networks.com\/fr\/wp-json\/wp\/v2\/woo-feed-brand?post=29163"}],"curies":[{"name":"wp","href":"https:\/\/api.w.org\/{rel}","templated":true}]}}