{"id":29160,"date":"2019-04-26T15:18:59","date_gmt":"2019-04-26T16:11:42","guid":{"rendered":"https:\/\/www.trend-networks.com\/product\/kit-of-12-x-coax-remote-units-1-12\/"},"modified":"2019-11-22T10:05:50","modified_gmt":"2019-11-22T10:05:50","slug":"kit-of-12-x-coax-remote-units-1-12","status":"publish","type":"product","link":"https:\/\/www.trend-networks.com\/fr\/produit\/kit-of-12-x-coax-remote-units-1-12\/","title":{"rendered":"Kit of 12 x coax remote units (#1 &#8211; #12)"},"content":{"rendered":"<p>Kit de 12 unit\u00e9s distantes coaxiales (#1 \u00e0 #12)<\/p>\n<p>Les unit\u00e9s distantes num\u00e9rot\u00e9es permettent de tester plusieurs prises plus rapidement et plus efficacement<\/p>\n","protected":false},"excerpt":{"rendered":"<p>Kit de 12 unit\u00e9s distantes coaxiales (#1 \u00e0 #12)<\/p>\n<p>Les unit\u00e9s distantes num\u00e9rot\u00e9es permettent de tester plusieurs prises plus rapidement et plus efficacement<\/p>\n","protected":false},"featured_media":46947,"template":"","meta":{"_acf_changed":false,"inline_featured_image":false,"_glsr_average":0,"_glsr_ranking":0,"_glsr_reviews":0},"product_brand":[],"product_cat":[460],"product_tag":[],"woo-feed-brand":[],"class_list":{"0":"post-29160","1":"product","2":"type-product","3":"status-publish","4":"has-post-thumbnail","6":"product_cat-accessoires","8":"first","9":"instock","10":"taxable","11":"shipping-taxable","12":"purchasable","13":"product-type-simple","14":"add-to-wishlist-before_image"},"acf":[],"_links":{"self":[{"href":"https:\/\/www.trend-networks.com\/fr\/wp-json\/wp\/v2\/product\/29160","targetHints":{"allow":["GET"]}}],"collection":[{"href":"https:\/\/www.trend-networks.com\/fr\/wp-json\/wp\/v2\/product"}],"about":[{"href":"https:\/\/www.trend-networks.com\/fr\/wp-json\/wp\/v2\/types\/product"}],"wp:featuredmedia":[{"embeddable":true,"href":"https:\/\/www.trend-networks.com\/fr\/wp-json\/wp\/v2\/media\/46947"}],"wp:attachment":[{"href":"https:\/\/www.trend-networks.com\/fr\/wp-json\/wp\/v2\/media?parent=29160"}],"wp:term":[{"taxonomy":"product_brand","embeddable":true,"href":"https:\/\/www.trend-networks.com\/fr\/wp-json\/wp\/v2\/product_brand?post=29160"},{"taxonomy":"product_cat","embeddable":true,"href":"https:\/\/www.trend-networks.com\/fr\/wp-json\/wp\/v2\/product_cat?post=29160"},{"taxonomy":"product_tag","embeddable":true,"href":"https:\/\/www.trend-networks.com\/fr\/wp-json\/wp\/v2\/product_tag?post=29160"},{"taxonomy":"woo-feed-brand","embeddable":true,"href":"https:\/\/www.trend-networks.com\/fr\/wp-json\/wp\/v2\/woo-feed-brand?post=29160"}],"curies":[{"name":"wp","href":"https:\/\/api.w.org\/{rel}","templated":true}]}}