{"id":146855,"date":"2025-09-15T11:51:33","date_gmt":"2025-09-15T10:51:33","guid":{"rendered":"https:\/\/www.trend-networks.com\/?post_type=product&#038;p=146855"},"modified":"2025-11-03T12:51:36","modified_gmt":"2025-11-03T12:51:36","slug":"signaltek-10g-nt-2","status":"publish","type":"product","link":"https:\/\/www.trend-networks.com\/fr\/produit\/signaltek-10g-nt-2\/","title":{"rendered":"SignalTEK 10G NT"},"content":{"rendered":"","protected":false},"excerpt":{"rendered":"<ul>\n<li><strong>Il s\u2019agit d\u2019un testeur renouvel\u00e9.<\/strong><\/li>\n<li><strong>Comprend une nouvelle batterie, le dernier logiciel et le contenu complet du kit. L\u2019image pr\u00e9sent\u00e9e est uniquement \u00e0 des fins d\u2019illustration.<\/strong><\/li>\n<li><strong>Garantie 12 mois pi\u00e8ces et main d\u2019oeuvre. La garantie ne couvre pas les dommages accidentels.<\/strong><\/li>\n<\/ul>\n","protected":false},"featured_media":146858,"template":"","meta":{"_acf_changed":false,"inline_featured_image":false,"_glsr_average":0,"_glsr_ranking":0,"_glsr_reviews":0},"product_brand":[],"product_cat":[2728],"product_tag":[],"woo-feed-brand":[],"class_list":{"0":"post-146855","1":"product","2":"type-product","3":"status-publish","4":"has-post-thumbnail","6":"product_cat-used-testers-fr","8":"first","9":"instock","10":"sale","11":"taxable","12":"shipping-taxable","13":"purchasable","14":"product-type-simple","15":"add-to-wishlist-before_image"},"acf":[],"_links":{"self":[{"href":"https:\/\/www.trend-networks.com\/fr\/wp-json\/wp\/v2\/product\/146855","targetHints":{"allow":["GET"]}}],"collection":[{"href":"https:\/\/www.trend-networks.com\/fr\/wp-json\/wp\/v2\/product"}],"about":[{"href":"https:\/\/www.trend-networks.com\/fr\/wp-json\/wp\/v2\/types\/product"}],"wp:featuredmedia":[{"embeddable":true,"href":"https:\/\/www.trend-networks.com\/fr\/wp-json\/wp\/v2\/media\/146858"}],"wp:attachment":[{"href":"https:\/\/www.trend-networks.com\/fr\/wp-json\/wp\/v2\/media?parent=146855"}],"wp:term":[{"taxonomy":"product_brand","embeddable":true,"href":"https:\/\/www.trend-networks.com\/fr\/wp-json\/wp\/v2\/product_brand?post=146855"},{"taxonomy":"product_cat","embeddable":true,"href":"https:\/\/www.trend-networks.com\/fr\/wp-json\/wp\/v2\/product_cat?post=146855"},{"taxonomy":"product_tag","embeddable":true,"href":"https:\/\/www.trend-networks.com\/fr\/wp-json\/wp\/v2\/product_tag?post=146855"},{"taxonomy":"woo-feed-brand","embeddable":true,"href":"https:\/\/www.trend-networks.com\/fr\/wp-json\/wp\/v2\/woo-feed-brand?post=146855"}],"curies":[{"name":"wp","href":"https:\/\/api.w.org\/{rel}","templated":true}]}}