{"id":134503,"date":"2021-02-02T09:42:30","date_gmt":"2021-02-02T09:42:30","guid":{"rendered":"https:\/\/www.trend-networks.com\/?post_type=product&#038;p=134503"},"modified":"2026-03-13T13:31:43","modified_gmt":"2026-03-13T13:31:43","slug":"vdv-ii-plus-non-connecte-au-cloud","status":"publish","type":"product","link":"https:\/\/www.trend-networks.com\/fr\/produit\/vdv-ii-plus-non-connecte-au-cloud\/","title":{"rendered":"VDV II PLUS (non connect\u00e9 au cloud)"},"content":{"rendered":"","protected":false},"excerpt":{"rendered":"<ul>\n<li><strong>Il s\u2019agit d\u2019un testeur renouvel\u00e9.<\/strong><\/li>\n<li><strong>Comprend une nouvelle batterie, le dernier logiciel et le contenu complet du kit. L\u2019image pr\u00e9sent\u00e9e est uniquement \u00e0 des fins d\u2019illustration.<\/strong><\/li>\n<li><strong>Garantie 12 mois pi\u00e8ces et main d\u2019oeuvre. La garantie ne couvre pas les dommages accidentels.<\/strong><\/li>\n<\/ul>\n","protected":false},"featured_media":134513,"template":"","meta":{"_acf_changed":false,"inline_featured_image":false,"_glsr_average":0,"_glsr_ranking":0,"_glsr_reviews":0},"product_brand":[],"product_cat":[2728],"product_tag":[2272],"woo-feed-brand":[],"class_list":{"0":"post-134503","1":"product","2":"type-product","3":"status-publish","4":"has-post-thumbnail","6":"product_cat-used-testers-fr","7":"product_tag-vdv-ii-fr","9":"first","10":"instock","11":"sale","12":"taxable","13":"shipping-taxable","14":"purchasable","15":"product-type-simple","16":"add-to-wishlist-before_image"},"acf":[],"_links":{"self":[{"href":"https:\/\/www.trend-networks.com\/fr\/wp-json\/wp\/v2\/product\/134503","targetHints":{"allow":["GET"]}}],"collection":[{"href":"https:\/\/www.trend-networks.com\/fr\/wp-json\/wp\/v2\/product"}],"about":[{"href":"https:\/\/www.trend-networks.com\/fr\/wp-json\/wp\/v2\/types\/product"}],"wp:featuredmedia":[{"embeddable":true,"href":"https:\/\/www.trend-networks.com\/fr\/wp-json\/wp\/v2\/media\/134513"}],"wp:attachment":[{"href":"https:\/\/www.trend-networks.com\/fr\/wp-json\/wp\/v2\/media?parent=134503"}],"wp:term":[{"taxonomy":"product_brand","embeddable":true,"href":"https:\/\/www.trend-networks.com\/fr\/wp-json\/wp\/v2\/product_brand?post=134503"},{"taxonomy":"product_cat","embeddable":true,"href":"https:\/\/www.trend-networks.com\/fr\/wp-json\/wp\/v2\/product_cat?post=134503"},{"taxonomy":"product_tag","embeddable":true,"href":"https:\/\/www.trend-networks.com\/fr\/wp-json\/wp\/v2\/product_tag?post=134503"},{"taxonomy":"woo-feed-brand","embeddable":true,"href":"https:\/\/www.trend-networks.com\/fr\/wp-json\/wp\/v2\/woo-feed-brand?post=134503"}],"curies":[{"name":"wp","href":"https:\/\/api.w.org\/{rel}","templated":true}]}}