{"id":134324,"date":"2024-10-30T14:33:48","date_gmt":"2024-10-30T14:33:48","guid":{"rendered":"https:\/\/www.trend-networks.com\/?post_type=product&#038;p=134324"},"modified":"2026-03-30T09:21:06","modified_gmt":"2026-03-30T08:21:06","slug":"vff5-testeur-fibre-optique-detecteur-visuel","status":"publish","type":"product","link":"https:\/\/www.trend-networks.com\/fr\/produit\/vff5-testeur-fibre-optique-detecteur-visuel\/","title":{"rendered":"VFF5 \u2013 TESTEUR FIBRE OPTIQUE DETECTEUR VISUEL"},"content":{"rendered":"","protected":false},"excerpt":{"rendered":"<ul>\n<li><strong>Il s\u2019agit d\u2019un testeur renouvel\u00e9.<\/strong><\/li>\n<li><strong>Comprend une nouvelle batterie, le dernier logiciel et le contenu complet du kit. L\u2019image pr\u00e9sent\u00e9e est uniquement \u00e0 des fins d\u2019illustration.<\/strong><\/li>\n<li><strong>Garantie 12 mois pi\u00e8ces et main d\u2019oeuvre. La garantie ne couvre pas les dommages accidentels.<\/strong><\/li>\n<\/ul>\n","protected":false},"featured_media":137224,"template":"","meta":{"_acf_changed":false,"inline_featured_image":false,"_glsr_average":0,"_glsr_ranking":0,"_glsr_reviews":0},"product_brand":[],"product_cat":[2728],"product_tag":[],"woo-feed-brand":[],"class_list":{"0":"post-134324","1":"product","2":"type-product","3":"status-publish","4":"has-post-thumbnail","6":"product_cat-used-testers-fr","8":"first","9":"instock","10":"sale","11":"taxable","12":"shipping-taxable","13":"purchasable","14":"product-type-simple","15":"add-to-wishlist-before_image"},"acf":[],"_links":{"self":[{"href":"https:\/\/www.trend-networks.com\/fr\/wp-json\/wp\/v2\/product\/134324","targetHints":{"allow":["GET"]}}],"collection":[{"href":"https:\/\/www.trend-networks.com\/fr\/wp-json\/wp\/v2\/product"}],"about":[{"href":"https:\/\/www.trend-networks.com\/fr\/wp-json\/wp\/v2\/types\/product"}],"wp:featuredmedia":[{"embeddable":true,"href":"https:\/\/www.trend-networks.com\/fr\/wp-json\/wp\/v2\/media\/137224"}],"wp:attachment":[{"href":"https:\/\/www.trend-networks.com\/fr\/wp-json\/wp\/v2\/media?parent=134324"}],"wp:term":[{"taxonomy":"product_brand","embeddable":true,"href":"https:\/\/www.trend-networks.com\/fr\/wp-json\/wp\/v2\/product_brand?post=134324"},{"taxonomy":"product_cat","embeddable":true,"href":"https:\/\/www.trend-networks.com\/fr\/wp-json\/wp\/v2\/product_cat?post=134324"},{"taxonomy":"product_tag","embeddable":true,"href":"https:\/\/www.trend-networks.com\/fr\/wp-json\/wp\/v2\/product_tag?post=134324"},{"taxonomy":"woo-feed-brand","embeddable":true,"href":"https:\/\/www.trend-networks.com\/fr\/wp-json\/wp\/v2\/woo-feed-brand?post=134324"}],"curies":[{"name":"wp","href":"https:\/\/api.w.org\/{rel}","templated":true}]}}