{"id":132908,"date":"2024-10-01T14:52:03","date_gmt":"2024-10-01T13:52:03","guid":{"rendered":"https:\/\/www.trend-networks.com\/product\/drop-cable-stripper\/"},"modified":"2024-10-02T09:49:56","modified_gmt":"2024-10-02T08:49:56","slug":"drop-cable-stripper","status":"publish","type":"product","link":"https:\/\/www.trend-networks.com\/fr\/produit\/drop-cable-stripper\/","title":{"rendered":"D\u00e9nudeur de c\u00e2ble de d\u00e9rivation"},"content":{"rendered":"","protected":false},"excerpt":{"rendered":"","protected":false},"featured_media":132612,"template":"","meta":{"_acf_changed":false,"inline_featured_image":false,"_glsr_average":0,"_glsr_ranking":0,"_glsr_reviews":0},"product_brand":[],"product_cat":[460],"product_tag":[2925],"woo-feed-brand":[],"class_list":{"0":"post-132908","1":"product","2":"type-product","3":"status-publish","4":"has-post-thumbnail","6":"product_cat-accessoires","7":"product_tag-fibermaster-fusion-splicers-fr","9":"first","10":"instock","11":"taxable","12":"shipping-taxable","13":"purchasable","14":"product-type-simple","15":"add-to-wishlist-before_image"},"acf":[],"_links":{"self":[{"href":"https:\/\/www.trend-networks.com\/fr\/wp-json\/wp\/v2\/product\/132908","targetHints":{"allow":["GET"]}}],"collection":[{"href":"https:\/\/www.trend-networks.com\/fr\/wp-json\/wp\/v2\/product"}],"about":[{"href":"https:\/\/www.trend-networks.com\/fr\/wp-json\/wp\/v2\/types\/product"}],"wp:featuredmedia":[{"embeddable":true,"href":"https:\/\/www.trend-networks.com\/fr\/wp-json\/wp\/v2\/media\/132612"}],"wp:attachment":[{"href":"https:\/\/www.trend-networks.com\/fr\/wp-json\/wp\/v2\/media?parent=132908"}],"wp:term":[{"taxonomy":"product_brand","embeddable":true,"href":"https:\/\/www.trend-networks.com\/fr\/wp-json\/wp\/v2\/product_brand?post=132908"},{"taxonomy":"product_cat","embeddable":true,"href":"https:\/\/www.trend-networks.com\/fr\/wp-json\/wp\/v2\/product_cat?post=132908"},{"taxonomy":"product_tag","embeddable":true,"href":"https:\/\/www.trend-networks.com\/fr\/wp-json\/wp\/v2\/product_tag?post=132908"},{"taxonomy":"woo-feed-brand","embeddable":true,"href":"https:\/\/www.trend-networks.com\/fr\/wp-json\/wp\/v2\/woo-feed-brand?post=132908"}],"curies":[{"name":"wp","href":"https:\/\/api.w.org\/{rel}","templated":true}]}}