{"id":131095,"date":"2024-06-27T12:32:09","date_gmt":"2024-06-27T11:32:09","guid":{"rendered":"https:\/\/www.trend-networks.com\/?post_type=product&#038;p=131095"},"modified":"2026-02-09T18:12:11","modified_gmt":"2026-02-09T18:12:11","slug":"signaltek-ct-testeur-de-transmission-pour-cablage-cuivre-passif","status":"publish","type":"product","link":"https:\/\/www.trend-networks.com\/fr\/produit\/signaltek-ct-testeur-de-transmission-pour-cablage-cuivre-passif\/","title":{"rendered":"SIGNALTEK CT \u2013 Testeur de transmission pour c\u00e2blage cuivre passif"},"content":{"rendered":"","protected":false},"excerpt":{"rendered":"<ul>\n<li><strong>Il s\u2019agit d\u2019un testeur reconditionn\u00e9.<\/strong><\/li>\n<li><strong>Comprend une batterie neuve, le dernier logiciel et le contenu complet. L\u2019image pr\u00e9sent\u00e9e est \u00e0 titre indicatif seulement.<\/strong><\/li>\n<li><strong>Garantie de 12 mois sur les pi\u00e8ces et la main-d\u2019\u0153uvre. La garantie ne couvre pas les dommages accidentels.<\/strong><\/li>\n<\/ul>\n","protected":false},"featured_media":131097,"template":"","meta":{"_acf_changed":false,"inline_featured_image":false,"_glsr_average":0,"_glsr_ranking":0,"_glsr_reviews":0},"product_brand":[],"product_cat":[2728],"product_tag":[2243],"woo-feed-brand":[],"class_list":{"0":"post-131095","1":"product","2":"type-product","3":"status-publish","4":"has-post-thumbnail","6":"product_cat-used-testers-fr","7":"product_tag-signaltek-ct-fr","9":"first","10":"instock","11":"sale","12":"taxable","13":"shipping-taxable","14":"purchasable","15":"product-type-simple","16":"add-to-wishlist-before_image"},"acf":[],"_links":{"self":[{"href":"https:\/\/www.trend-networks.com\/fr\/wp-json\/wp\/v2\/product\/131095","targetHints":{"allow":["GET"]}}],"collection":[{"href":"https:\/\/www.trend-networks.com\/fr\/wp-json\/wp\/v2\/product"}],"about":[{"href":"https:\/\/www.trend-networks.com\/fr\/wp-json\/wp\/v2\/types\/product"}],"wp:featuredmedia":[{"embeddable":true,"href":"https:\/\/www.trend-networks.com\/fr\/wp-json\/wp\/v2\/media\/131097"}],"wp:attachment":[{"href":"https:\/\/www.trend-networks.com\/fr\/wp-json\/wp\/v2\/media?parent=131095"}],"wp:term":[{"taxonomy":"product_brand","embeddable":true,"href":"https:\/\/www.trend-networks.com\/fr\/wp-json\/wp\/v2\/product_brand?post=131095"},{"taxonomy":"product_cat","embeddable":true,"href":"https:\/\/www.trend-networks.com\/fr\/wp-json\/wp\/v2\/product_cat?post=131095"},{"taxonomy":"product_tag","embeddable":true,"href":"https:\/\/www.trend-networks.com\/fr\/wp-json\/wp\/v2\/product_tag?post=131095"},{"taxonomy":"woo-feed-brand","embeddable":true,"href":"https:\/\/www.trend-networks.com\/fr\/wp-json\/wp\/v2\/woo-feed-brand?post=131095"}],"curies":[{"name":"wp","href":"https:\/\/api.w.org\/{rel}","templated":true}]}}