{"id":130351,"date":"2024-08-06T12:13:27","date_gmt":"2024-08-06T11:13:27","guid":{"rendered":"https:\/\/www.trend-networks.com\/?post_type=product&#038;p=130351"},"modified":"2026-02-17T10:03:44","modified_gmt":"2026-02-17T10:03:44","slug":"lantek-iv-500-certificateur-500mhz-with-pl-adaptateurs","status":"publish","type":"product","link":"https:\/\/www.trend-networks.com\/fr\/produit\/lantek-iv-500-certificateur-500mhz-with-pl-adaptateurs\/","title":{"rendered":"LanTEK IV-500 \u2013 Certificateur 500MHz (INC. PL adaptateurs)"},"content":{"rendered":"<p>Le LanTEK IV est un nouveau syst\u00e8me de certification de c\u00e2blage qui fait \u00e9voluer le domaine en rendant les t\u00e2ches plus rapides, faciles et ainsi rentables.<\/p>\n","protected":false},"excerpt":{"rendered":"<ul>\n<li><strong>Il s&#8217;agit d&#8217;un testeur renouvel\u00e9.<\/strong><\/li>\n<li><strong>Comprend une nouvelle batterie, le dernier logiciel et le contenu complet du kit. L&#8217;image pr\u00e9sent\u00e9e est uniquement \u00e0 des fins d&#8217;illustration.<\/strong><\/li>\n<li><strong>Garantie 12 mois pi\u00e8ces et main d&#8217;oeuvre. La garantie ne couvre pas les dommages accidentels.<\/strong><\/li>\n<\/ul>\n","protected":false},"featured_media":131146,"template":"","meta":{"_acf_changed":false,"inline_featured_image":false,"_glsr_average":0,"_glsr_ranking":0,"_glsr_reviews":0},"product_brand":[],"product_cat":[2728],"product_tag":[2918],"woo-feed-brand":[],"class_list":{"0":"post-130351","1":"product","2":"type-product","3":"status-publish","4":"has-post-thumbnail","6":"product_cat-used-testers-fr","7":"product_tag-used-testers-fr","9":"first","10":"instock","11":"sale","12":"taxable","13":"shipping-taxable","14":"purchasable","15":"product-type-simple","16":"add-to-wishlist-before_image"},"acf":[],"_links":{"self":[{"href":"https:\/\/www.trend-networks.com\/fr\/wp-json\/wp\/v2\/product\/130351","targetHints":{"allow":["GET"]}}],"collection":[{"href":"https:\/\/www.trend-networks.com\/fr\/wp-json\/wp\/v2\/product"}],"about":[{"href":"https:\/\/www.trend-networks.com\/fr\/wp-json\/wp\/v2\/types\/product"}],"wp:featuredmedia":[{"embeddable":true,"href":"https:\/\/www.trend-networks.com\/fr\/wp-json\/wp\/v2\/media\/131146"}],"wp:attachment":[{"href":"https:\/\/www.trend-networks.com\/fr\/wp-json\/wp\/v2\/media?parent=130351"}],"wp:term":[{"taxonomy":"product_brand","embeddable":true,"href":"https:\/\/www.trend-networks.com\/fr\/wp-json\/wp\/v2\/product_brand?post=130351"},{"taxonomy":"product_cat","embeddable":true,"href":"https:\/\/www.trend-networks.com\/fr\/wp-json\/wp\/v2\/product_cat?post=130351"},{"taxonomy":"product_tag","embeddable":true,"href":"https:\/\/www.trend-networks.com\/fr\/wp-json\/wp\/v2\/product_tag?post=130351"},{"taxonomy":"woo-feed-brand","embeddable":true,"href":"https:\/\/www.trend-networks.com\/fr\/wp-json\/wp\/v2\/woo-feed-brand?post=130351"}],"curies":[{"name":"wp","href":"https:\/\/api.w.org\/{rel}","templated":true}]}}