{"id":129683,"date":"2024-07-24T14:54:54","date_gmt":"2024-07-24T13:54:54","guid":{"rendered":"https:\/\/www.trend-networks.com\/?post_type=product&#038;p=129683"},"modified":"2026-04-01T09:53:42","modified_gmt":"2026-04-01T08:53:42","slug":"lantek-iv-s-3000-certificateur-de-cablage-3000-mhz-copy","status":"publish","type":"product","link":"https:\/\/www.trend-networks.com\/fr\/produit\/lantek-iv-s-3000-certificateur-de-cablage-3000-mhz-copy\/","title":{"rendered":"LanTEK IV-L 500 MHz &#8211; Certificateur cuivre uniquement (avec adaptateurs PL\/CH)"},"content":{"rendered":"","protected":false},"excerpt":{"rendered":"<h4><strong>Procurez-vous le certificateur de cuivre LanTEK IV-L indispensable pour seulement \u20ac5,522.<\/strong><\/h4>\n<p>LanTEK IV-L certifie le c\u00e2blage Cat 6A\/Classe EA en seulement 10 secondes, avec DCRU\/PoE, immunit\u00e9 au bruit TCL et test de distance au d\u00e9faut NEXT. Aliment\u00e9 par TREND AnyWARE Cloud, LanTEK IV-L fournit des rapports de certification transparents.<\/p>\n<p>LanTEK IV-L est con\u00e7u exclusivement pour la certification cuivre et n\u2019est pas compatible avec la fibre optique.<\/p>\n<p>Kit: Certificateur de c\u00e2ble LanTEK IV-L 500 MHz. TIA cat\u00e9gorie 6A\/ISO classe EA. \u00c9cran\/t\u00e9l\u00e9commande LanTEK IV-L, batterie Li-ion (2), Univ. Adaptateur secteur (2), suspendre. Sangle (2), R\u00e9f. rapide. Guide, \u00e9tui de transport, adaptateurs de liaison permanente CAT6A RJ45 VisiLINQ (2), adaptateurs de canal CAT6A (2)<\/p>\n","protected":false},"featured_media":152668,"template":"","meta":{"_acf_changed":false,"inline_featured_image":false,"_glsr_average":0,"_glsr_ranking":0,"_glsr_reviews":0},"product_brand":[],"product_cat":[410,2847],"product_tag":[2824],"woo-feed-brand":[],"class_list":{"0":"post-129683","1":"product","2":"type-product","3":"status-publish","4":"has-post-thumbnail","6":"product_cat-testeurs-de-cuivre","7":"product_cat-promotions-en-vedette","8":"product_tag-lantek-iv-s-fr","10":"first","11":"instock","12":"sale","13":"taxable","14":"shipping-taxable","15":"purchasable","16":"product-type-simple","17":"add-to-wishlist-before_image"},"acf":[],"_links":{"self":[{"href":"https:\/\/www.trend-networks.com\/fr\/wp-json\/wp\/v2\/product\/129683","targetHints":{"allow":["GET"]}}],"collection":[{"href":"https:\/\/www.trend-networks.com\/fr\/wp-json\/wp\/v2\/product"}],"about":[{"href":"https:\/\/www.trend-networks.com\/fr\/wp-json\/wp\/v2\/types\/product"}],"wp:featuredmedia":[{"embeddable":true,"href":"https:\/\/www.trend-networks.com\/fr\/wp-json\/wp\/v2\/media\/152668"}],"wp:attachment":[{"href":"https:\/\/www.trend-networks.com\/fr\/wp-json\/wp\/v2\/media?parent=129683"}],"wp:term":[{"taxonomy":"product_brand","embeddable":true,"href":"https:\/\/www.trend-networks.com\/fr\/wp-json\/wp\/v2\/product_brand?post=129683"},{"taxonomy":"product_cat","embeddable":true,"href":"https:\/\/www.trend-networks.com\/fr\/wp-json\/wp\/v2\/product_cat?post=129683"},{"taxonomy":"product_tag","embeddable":true,"href":"https:\/\/www.trend-networks.com\/fr\/wp-json\/wp\/v2\/product_tag?post=129683"},{"taxonomy":"woo-feed-brand","embeddable":true,"href":"https:\/\/www.trend-networks.com\/fr\/wp-json\/wp\/v2\/woo-feed-brand?post=129683"}],"curies":[{"name":"wp","href":"https:\/\/api.w.org\/{rel}","templated":true}]}}