{"id":124811,"date":"2023-11-28T15:02:06","date_gmt":"2023-11-30T12:09:52","guid":{"rendered":"https:\/\/www.trend-networks.com\/?post_type=product&#038;p=124811"},"modified":"2023-11-30T12:09:55","modified_gmt":"2023-11-30T12:09:55","slug":"lantek-ii-350mhz-verification-et-etalonnage","status":"publish","type":"product","link":"https:\/\/www.trend-networks.com\/fr\/produit\/lantek-ii-350mhz-verification-et-etalonnage\/","title":{"rendered":"LanTEK II 350MHz v\u00e9rification et \u00e9talonnage"},"content":{"rendered":"","protected":false},"excerpt":{"rendered":"<p>LanTEK II 350MHz v\u00e9rification et \u00e9talonnage<\/p>\n","protected":false},"featured_media":124772,"template":"","meta":{"_acf_changed":false,"inline_featured_image":false,"_glsr_average":0,"_glsr_ranking":0,"_glsr_reviews":0},"product_brand":[],"product_cat":[2888],"product_tag":[],"woo-feed-brand":[],"class_list":{"0":"post-124811","1":"product","2":"type-product","3":"status-publish","4":"has-post-thumbnail","6":"product_cat-service-fr","8":"first","9":"instock","10":"purchasable","11":"product-type-simple","12":"add-to-wishlist-before_image"},"acf":[],"_links":{"self":[{"href":"https:\/\/www.trend-networks.com\/fr\/wp-json\/wp\/v2\/product\/124811","targetHints":{"allow":["GET"]}}],"collection":[{"href":"https:\/\/www.trend-networks.com\/fr\/wp-json\/wp\/v2\/product"}],"about":[{"href":"https:\/\/www.trend-networks.com\/fr\/wp-json\/wp\/v2\/types\/product"}],"wp:featuredmedia":[{"embeddable":true,"href":"https:\/\/www.trend-networks.com\/fr\/wp-json\/wp\/v2\/media\/124772"}],"wp:attachment":[{"href":"https:\/\/www.trend-networks.com\/fr\/wp-json\/wp\/v2\/media?parent=124811"}],"wp:term":[{"taxonomy":"product_brand","embeddable":true,"href":"https:\/\/www.trend-networks.com\/fr\/wp-json\/wp\/v2\/product_brand?post=124811"},{"taxonomy":"product_cat","embeddable":true,"href":"https:\/\/www.trend-networks.com\/fr\/wp-json\/wp\/v2\/product_cat?post=124811"},{"taxonomy":"product_tag","embeddable":true,"href":"https:\/\/www.trend-networks.com\/fr\/wp-json\/wp\/v2\/product_tag?post=124811"},{"taxonomy":"woo-feed-brand","embeddable":true,"href":"https:\/\/www.trend-networks.com\/fr\/wp-json\/wp\/v2\/woo-feed-brand?post=124811"}],"curies":[{"name":"wp","href":"https:\/\/api.w.org\/{rel}","templated":true}]}}