{"id":124810,"date":"2023-11-28T15:02:06","date_gmt":"2023-11-30T12:07:21","guid":{"rendered":"https:\/\/www.trend-networks.com\/?post_type=product&#038;p=124810"},"modified":"2024-02-23T16:51:39","modified_gmt":"2024-02-23T16:51:39","slug":"reparation-et-etalonnage-du-fibertek-sm-lsr-pair","status":"publish","type":"product","link":"https:\/\/www.trend-networks.com\/fr\/produit\/reparation-et-etalonnage-du-fibertek-sm-lsr-pair\/","title":{"rendered":"r\u00e9paration et \u00e9talonnage du FIBERTEK SM LSR (Pair)"},"content":{"rendered":"","protected":false},"excerpt":{"rendered":"<p>r\u00e9paration et \u00e9talonnage du FIBERTEK SM LSR (Pair)<\/p>\n","protected":false},"featured_media":124772,"template":"","meta":{"_acf_changed":false,"inline_featured_image":false,"_glsr_average":0,"_glsr_ranking":0,"_glsr_reviews":0},"product_brand":[],"product_cat":[2888],"product_tag":[],"woo-feed-brand":[],"class_list":{"0":"post-124810","1":"product","2":"type-product","3":"status-publish","4":"has-post-thumbnail","6":"product_cat-service-fr","8":"first","9":"instock","10":"taxable","11":"shipping-taxable","12":"purchasable","13":"product-type-simple","14":"add-to-wishlist-before_image"},"acf":[],"_links":{"self":[{"href":"https:\/\/www.trend-networks.com\/fr\/wp-json\/wp\/v2\/product\/124810","targetHints":{"allow":["GET"]}}],"collection":[{"href":"https:\/\/www.trend-networks.com\/fr\/wp-json\/wp\/v2\/product"}],"about":[{"href":"https:\/\/www.trend-networks.com\/fr\/wp-json\/wp\/v2\/types\/product"}],"wp:featuredmedia":[{"embeddable":true,"href":"https:\/\/www.trend-networks.com\/fr\/wp-json\/wp\/v2\/media\/124772"}],"wp:attachment":[{"href":"https:\/\/www.trend-networks.com\/fr\/wp-json\/wp\/v2\/media?parent=124810"}],"wp:term":[{"taxonomy":"product_brand","embeddable":true,"href":"https:\/\/www.trend-networks.com\/fr\/wp-json\/wp\/v2\/product_brand?post=124810"},{"taxonomy":"product_cat","embeddable":true,"href":"https:\/\/www.trend-networks.com\/fr\/wp-json\/wp\/v2\/product_cat?post=124810"},{"taxonomy":"product_tag","embeddable":true,"href":"https:\/\/www.trend-networks.com\/fr\/wp-json\/wp\/v2\/product_tag?post=124810"},{"taxonomy":"woo-feed-brand","embeddable":true,"href":"https:\/\/www.trend-networks.com\/fr\/wp-json\/wp\/v2\/woo-feed-brand?post=124810"}],"curies":[{"name":"wp","href":"https:\/\/api.w.org\/{rel}","templated":true}]}}