{"id":111624,"date":"2023-06-21T15:36:15","date_gmt":"2023-06-21T14:36:15","guid":{"rendered":"https:\/\/www.trend-networks.com\/?post_type=product&#038;p=111624"},"modified":"2023-07-11T12:29:10","modified_gmt":"2023-07-11T11:29:10","slug":"vdv-ii-pro-2","status":"publish","type":"product","link":"https:\/\/www.trend-networks.com\/fr\/produit\/vdv-ii-pro-2\/","title":{"rendered":"VDV II PRO"},"content":{"rendered":"","protected":false},"excerpt":{"rendered":"<p><strong>Toutes les fonctions du VDV II Plus avec en compl\u00e9ment :<\/strong><\/p>\n<ul>\n<li>D\u00e9tections des d\u00e9bits Ethernet 10\/100Mb\/s et 1\/2,5\/5\/10 Gb\/s<\/li>\n<li>D\u00e9tection pr\u00e9sence PoE avec la tension mesur\u00e9e par paire<\/li>\n<li>D\u00e9tection de pr\u00e9sence de tensions t\u00e9l\u00e9phoniques analogiques et num\u00e9riques<\/li>\n<li>Distance aux courts-circuits via TDR<\/li>\n<li>Choix de tests sur 2 ou 4 paires en RJ45 pour les applications industrielles<\/li>\n<li>G\u00e9n\u00e9rateur tonalit\u00e9s num\u00e9riques en plus des analogiques<\/li>\n<li><\/li>\n<\/ul>\n","protected":false},"featured_media":111518,"template":"","meta":{"_acf_changed":false,"inline_featured_image":false,"_glsr_average":0,"_glsr_ranking":0,"_glsr_reviews":0},"product_brand":[],"product_cat":[410],"product_tag":[2272],"woo-feed-brand":[],"class_list":{"0":"post-111624","1":"product","2":"type-product","3":"status-publish","4":"has-post-thumbnail","6":"product_cat-testeurs-de-cuivre","7":"product_tag-vdv-ii-fr","9":"first","10":"instock","11":"taxable","12":"shipping-taxable","13":"purchasable","14":"product-type-simple","15":"add-to-wishlist-before_image"},"acf":[],"_links":{"self":[{"href":"https:\/\/www.trend-networks.com\/fr\/wp-json\/wp\/v2\/product\/111624","targetHints":{"allow":["GET"]}}],"collection":[{"href":"https:\/\/www.trend-networks.com\/fr\/wp-json\/wp\/v2\/product"}],"about":[{"href":"https:\/\/www.trend-networks.com\/fr\/wp-json\/wp\/v2\/types\/product"}],"wp:featuredmedia":[{"embeddable":true,"href":"https:\/\/www.trend-networks.com\/fr\/wp-json\/wp\/v2\/media\/111518"}],"wp:attachment":[{"href":"https:\/\/www.trend-networks.com\/fr\/wp-json\/wp\/v2\/media?parent=111624"}],"wp:term":[{"taxonomy":"product_brand","embeddable":true,"href":"https:\/\/www.trend-networks.com\/fr\/wp-json\/wp\/v2\/product_brand?post=111624"},{"taxonomy":"product_cat","embeddable":true,"href":"https:\/\/www.trend-networks.com\/fr\/wp-json\/wp\/v2\/product_cat?post=111624"},{"taxonomy":"product_tag","embeddable":true,"href":"https:\/\/www.trend-networks.com\/fr\/wp-json\/wp\/v2\/product_tag?post=111624"},{"taxonomy":"woo-feed-brand","embeddable":true,"href":"https:\/\/www.trend-networks.com\/fr\/wp-json\/wp\/v2\/woo-feed-brand?post=111624"}],"curies":[{"name":"wp","href":"https:\/\/api.w.org\/{rel}","templated":true}]}}