{"id":111606,"date":"2023-06-21T14:34:47","date_gmt":"2023-06-21T13:34:49","guid":{"rendered":"https:\/\/www.trend-networks.com\/?post_type=product&#038;p=111606"},"modified":"2023-07-12T11:52:17","modified_gmt":"2023-07-12T10:52:17","slug":"vdv-ii-testeur-de-cablage-voix-donnees-et-video-copy","status":"publish","type":"product","link":"https:\/\/www.trend-networks.com\/fr\/produit\/vdv-ii-testeur-de-cablage-voix-donnees-et-video-copy\/","title":{"rendered":"VDV II PLUS"},"content":{"rendered":"","protected":false},"excerpt":{"rendered":"<ul>\n<li>\u00c9cran plus grand, \u00e0 7,4cm<\/li>\n<li>\u00c9cran r\u00e9tro-\u00e9clair\u00e9<\/li>\n<li>Clignotement sur lien actif de la LED du switch<\/li>\n<li>Mesure des longueurs et jusqu\u2019aux coupures<\/li>\n<li>Housse souple de transport<\/li>\n<li>Adaptateurs BNC, pinces crocos, cordons RJ45 &amp; RJ12<\/li>\n<\/ul>\n","protected":false},"featured_media":111320,"template":"","meta":{"_acf_changed":false,"inline_featured_image":false,"_glsr_average":0,"_glsr_ranking":0,"_glsr_reviews":0},"product_brand":[],"product_cat":[410],"product_tag":[2272],"woo-feed-brand":[],"class_list":{"0":"post-111606","1":"product","2":"type-product","3":"status-publish","4":"has-post-thumbnail","6":"product_cat-testeurs-de-cuivre","7":"product_tag-vdv-ii-fr","9":"first","10":"instock","11":"taxable","12":"shipping-taxable","13":"purchasable","14":"product-type-simple","15":"add-to-wishlist-before_image"},"acf":[],"_links":{"self":[{"href":"https:\/\/www.trend-networks.com\/fr\/wp-json\/wp\/v2\/product\/111606","targetHints":{"allow":["GET"]}}],"collection":[{"href":"https:\/\/www.trend-networks.com\/fr\/wp-json\/wp\/v2\/product"}],"about":[{"href":"https:\/\/www.trend-networks.com\/fr\/wp-json\/wp\/v2\/types\/product"}],"wp:featuredmedia":[{"embeddable":true,"href":"https:\/\/www.trend-networks.com\/fr\/wp-json\/wp\/v2\/media\/111320"}],"wp:attachment":[{"href":"https:\/\/www.trend-networks.com\/fr\/wp-json\/wp\/v2\/media?parent=111606"}],"wp:term":[{"taxonomy":"product_brand","embeddable":true,"href":"https:\/\/www.trend-networks.com\/fr\/wp-json\/wp\/v2\/product_brand?post=111606"},{"taxonomy":"product_cat","embeddable":true,"href":"https:\/\/www.trend-networks.com\/fr\/wp-json\/wp\/v2\/product_cat?post=111606"},{"taxonomy":"product_tag","embeddable":true,"href":"https:\/\/www.trend-networks.com\/fr\/wp-json\/wp\/v2\/product_tag?post=111606"},{"taxonomy":"woo-feed-brand","embeddable":true,"href":"https:\/\/www.trend-networks.com\/fr\/wp-json\/wp\/v2\/woo-feed-brand?post=111606"}],"curies":[{"name":"wp","href":"https:\/\/api.w.org\/{rel}","templated":true}]}}