{"id":111584,"date":"2023-06-19T09:40:32","date_gmt":"2023-06-19T08:40:32","guid":{"rendered":"https:\/\/www.trend-networks.com\/?post_type=product&#038;p=111584"},"modified":"2023-07-12T12:23:46","modified_gmt":"2023-07-12T11:23:46","slug":"vdv-ii-cable-verifier-2","status":"publish","type":"product","link":"https:\/\/www.trend-networks.com\/fr\/produit\/vdv-ii-cable-verifier-2\/","title":{"rendered":"VDV II"},"content":{"rendered":"","protected":false},"excerpt":{"rendered":"<ul>\n<li>Connectique RJ45 (8 points) &#8211; RJ11 et 12 (6 points) &#8211; Coaxial F<\/li>\n<li>Erreurs de c\u00e2blages, coupures, inversions, paires partag\u00e9es<\/li>\n<li>Pr\u00e9sence blindage ou pas<\/li>\n<li>G\u00e9n\u00e9rateur tonalit\u00e9s analogiques<\/li>\n<li>R\u00e9sultats instantan\u00e9s<\/li>\n<li>Options terminaisons et identificateurs<\/li>\n<li><strong>Connectivit\u00e9 AnyWARE Cloud pour exportation des tests et \u00e9dition de rapports PDF (NOUVELLE fonctionnalit\u00e9)<\/strong><\/li>\n<\/ul>\n","protected":false},"featured_media":111554,"template":"","meta":{"_acf_changed":false,"inline_featured_image":false,"_glsr_average":0,"_glsr_ranking":0,"_glsr_reviews":0},"product_brand":[],"product_cat":[410],"product_tag":[2272],"woo-feed-brand":[],"class_list":{"0":"post-111584","1":"product","2":"type-product","3":"status-publish","4":"has-post-thumbnail","6":"product_cat-testeurs-de-cuivre","7":"product_tag-vdv-ii-fr","9":"first","10":"instock","11":"taxable","12":"shipping-taxable","13":"purchasable","14":"product-type-simple","15":"add-to-wishlist-before_image"},"acf":[],"_links":{"self":[{"href":"https:\/\/www.trend-networks.com\/fr\/wp-json\/wp\/v2\/product\/111584","targetHints":{"allow":["GET"]}}],"collection":[{"href":"https:\/\/www.trend-networks.com\/fr\/wp-json\/wp\/v2\/product"}],"about":[{"href":"https:\/\/www.trend-networks.com\/fr\/wp-json\/wp\/v2\/types\/product"}],"wp:featuredmedia":[{"embeddable":true,"href":"https:\/\/www.trend-networks.com\/fr\/wp-json\/wp\/v2\/media\/111554"}],"wp:attachment":[{"href":"https:\/\/www.trend-networks.com\/fr\/wp-json\/wp\/v2\/media?parent=111584"}],"wp:term":[{"taxonomy":"product_brand","embeddable":true,"href":"https:\/\/www.trend-networks.com\/fr\/wp-json\/wp\/v2\/product_brand?post=111584"},{"taxonomy":"product_cat","embeddable":true,"href":"https:\/\/www.trend-networks.com\/fr\/wp-json\/wp\/v2\/product_cat?post=111584"},{"taxonomy":"product_tag","embeddable":true,"href":"https:\/\/www.trend-networks.com\/fr\/wp-json\/wp\/v2\/product_tag?post=111584"},{"taxonomy":"woo-feed-brand","embeddable":true,"href":"https:\/\/www.trend-networks.com\/fr\/wp-json\/wp\/v2\/woo-feed-brand?post=111584"}],"curies":[{"name":"wp","href":"https:\/\/api.w.org\/{rel}","templated":true}]}}