{"id":6514,"date":"2019-02-18T11:43:36","date_gmt":"2019-02-18T11:43:36","guid":{"rendered":"https:\/\/www.trend-networks.com\/home\/"},"modified":"2026-04-01T11:51:16","modified_gmt":"2026-04-01T10:51:16","slug":"home","status":"publish","type":"page","link":"https:\/\/www.trend-networks.com\/fr\/","title":{"rendered":"Home"},"content":{"rendered":"            <\/div>\n        <\/div>\n    <\/section>\n    \n    <section class=\"trend-slider-block\">\n        <div class=\"inner owl-carousel\">\n    \n        \n        \n        \n        <div class=\"carousel-slide text-circle webinars no-desktop-text button-right\">\n\n            <a role=\"link\" href=\"https:\/\/www.trend-networks.com\/fr\/springsavings\/\" target=\"_self\">\n                                            <div class=\"desktop-image\">\n                    <img data-src=\"https:\/\/www.trend-networks.com\/wp-content\/uploads\/2026\/04\/Spring-Summer-1400x600-Banner-FR.jpg\" class=\"no-lazy owl-lazy\"\/>\n                <\/div>\n            \n                                            <div class=\"mobile-image\">\n                    <img data-src=\"https:\/\/www.trend-networks.com\/wp-content\/uploads\/2026\/04\/Spring-Summer-725x600-Mobile-Banner-All-Languages.jpg\" class=\"no-lazy owl-lazy\" \/>\n                <\/div>\n            \n            \n            <div class=\"grid-container\">\n                <div class=\"grid-x\">\n                    <div class=\"cell text-content\">\n                        <h2>ACC\u00c9DEZ \u00c0 LA CERTITUDE DU PRINTEMPS GR\u00c2CE \u00c0 DES TESTS PLUS INTELLIGENTS ET DES \u00c9CONOMIES MAXIMALES.<\/h2>\n                        <div class=\"text-button\"><p class=\"button\">CLIQUEZ ICI<p><\/div>                    <\/div>\n                <\/div>\n            <\/div>\n\n            <\/a>\n        <\/div>\n\n        \n    \n        \n        \n        \n        <div class=\"carousel-slide text-circle webinar no-desktop-text button-left\">\n\n            <a role=\"link\" href=\"https:\/\/www.trend-networks.com\/fr\/produit\/signaltek-qt-cable-qualification-series\/\" target=\"_self\">\n                                            <div class=\"desktop-image\">\n                    <img data-src=\"https:\/\/www.trend-networks.com\/wp-content\/uploads\/2025\/09\/SignalTEK-QT-1400x600-Banner-FR.jpg\" class=\"no-lazy owl-lazy\"\/>\n                <\/div>\n            \n                                            <div class=\"mobile-image\">\n                    <img data-src=\"https:\/\/www.trend-networks.com\/wp-content\/uploads\/2025\/07\/SignalTEK-QT-725x600-Mobile-Banner.jpg\" class=\"no-lazy owl-lazy\" \/>\n                <\/div>\n            \n            \n            <div class=\"grid-container\">\n                <div class=\"grid-x\">\n                    <div class=\"cell text-content\">\n                        <h2>NOUVEAU &#8211; SignalTEK QT S\u00e9rie pour la qualification des c\u00e2bles<\/h2>\n                        <div class=\"text-button\"><p class=\"button\">CLIQUEZ ICI<p><\/div>                    <\/div>\n                <\/div>\n            <\/div>\n\n            <\/a>\n        <\/div>\n\n        \n    \n        \n        \n        \n        <div class=\"carousel-slide text-circle webinars no-desktop-text\">\n\n            <a role=\"link\" href=\"https:\/\/www.trend-networks.com\/fr\/trend-anyware-cloud\/\" target=\"_self\">\n                                            <div class=\"desktop-image\">\n                    <img data-src=\"https:\/\/www.trend-networks.com\/wp-content\/uploads\/2025\/04\/AnyWARE-Cloud-Connected-Testers-FR-1400x600-1.jpg\" class=\"no-lazy owl-lazy\"\/>\n                <\/div>\n            \n                                            <div class=\"mobile-image\">\n                    <img data-src=\"https:\/\/www.trend-networks.com\/wp-content\/uploads\/2025\/04\/AnyWARE-Cloud-Connected-Testers-Universal-750x600-1.jpg\" class=\"no-lazy owl-lazy\" \/>\n                <\/div>\n            \n            \n            <div class=\"grid-container\">\n                <div class=\"grid-x\">\n                    <div class=\"cell text-content\">\n                        <h3>DES TESTEURS CONNECT\u00c9S AU CLOUD SUR LESQUELS VOUS POUVEZ COMPTER<\/h3>\n                        <div class=\"text-button\"><p class=\"button\">TREND Anyware Cloud<p><\/div>                    <\/div>\n                <\/div>\n            <\/div>\n\n            <\/a>\n        <\/div>\n\n        \n    \n        \n        \n        \n        <div class=\"carousel-slide text-right webinar no-desktop-text button-right\">\n\n            <a role=\"link\" href=\"https:\/\/www.trend-networks.com\/fr\/produit\/fibermaster-fusion-splicer-series-new\/\" target=\"_self\">\n                                            <div class=\"desktop-image\">\n                    <img data-src=\"https:\/\/www.trend-networks.com\/wp-content\/uploads\/2024\/10\/1400x600-FR-2.jpg\" class=\"no-lazy owl-lazy\"\/>\n                <\/div>\n            \n                                            <div class=\"mobile-image\">\n                    <img data-src=\"https:\/\/www.trend-networks.com\/wp-content\/uploads\/2024\/10\/725x600-FS-Mobile.jpg\" class=\"no-lazy owl-lazy\" \/>\n                <\/div>\n            \n            \n            <div class=\"grid-container\">\n                <div class=\"grid-x\">\n                    <div class=\"cell text-content\">\n                        <h2>FiberMASTER<\/h2>\n<h3>S\u00e9rie de Fusionneuses<\/h3>\n<p>LA SOLUTION ULTIME POUR UNE EPISSURE PAR FUSION RAPIDE ET PRECISE<\/p>\n                        <div class=\"text-button\"><p class=\"button\">CLIQUEZ ICI<p><\/div>                    <\/div>\n                <\/div>\n            <\/div>\n\n            <\/a>\n        <\/div>\n\n        \n    \n        \n        \n        \n        <div class=\"carousel-slide text-left vdv2 no-desktop-text button-left\">\n\n            <a role=\"link\" href=\"https:\/\/www.trend-networks.com\/fr\/produit\/vdv-ii-series\/\" target=\"_self\">\n                                            <div class=\"desktop-image\">\n                    <img data-src=\"https:\/\/www.trend-networks.com\/wp-content\/uploads\/2024\/07\/1400x600-VDV-II-FR.jpg\" class=\"no-lazy owl-lazy\"\/>\n                <\/div>\n            \n                                            <div class=\"mobile-image\">\n                    <img data-src=\"https:\/\/www.trend-networks.com\/wp-content\/uploads\/2023\/06\/VDV-II-mobile.jpg\" class=\"no-lazy owl-lazy\" \/>\n                <\/div>\n            \n            \n            <div class=\"grid-container\">\n                <div class=\"grid-x\">\n                    <div class=\"cell text-content\">\n                        <h2>VDV II<\/h2>\n<h3>TESTER. EXPORTER. DOCUMENTER.<\/h3>\n<p>Le testeur ultime de c\u00e2blages voix, donn\u00e9es et video<\/p>\n                        <div class=\"text-button\"><p class=\"button\">CLIQUEZ ICI<p><\/div>                    <\/div>\n                <\/div>\n            <\/div>\n\n            <\/a>\n        <\/div>\n\n        \n    \n        \n        \n        \n        <div class=\"carousel-slide text-left webinars no-desktop-text\">\n\n            <a role=\"link\" href=\"https:\/\/www.gotostage.com\/channel\/ef97809fb08f44f59bbc157ac2ac8c50\" target=\"_blank\" rel=\"noopener\">\n                                            <div class=\"desktop-image\">\n                    <img data-src=\"https:\/\/www.trend-networks.com\/wp-content\/uploads\/2025\/02\/1400x600-NEW-Webinar-Banner-FR.jpg\" class=\"no-lazy owl-lazy\"\/>\n                <\/div>\n            \n                                            <div class=\"mobile-image\">\n                    <img data-src=\"https:\/\/www.trend-networks.com\/wp-content\/uploads\/2025\/02\/725x600-NEW-Mobile-Webinar-Banner-FR.jpg\" class=\"no-lazy owl-lazy\" \/>\n                <\/div>\n            \n            \n            <div class=\"grid-container\">\n                <div class=\"grid-x\">\n                    <div class=\"cell text-content\">\n                        <h2>APPRENEZ DES MEILLEURS DE L&#8217;INDUSTRIE ET AM\u00c9LIOREZ VOS CONNAISSANCES EN MATI\u00c8RE DE R\u00c9SEAUX<\/h2>\n<h3>INTRODUIRE UNE S\u00c9RIE QUI COUVRE LES BASES DU TEST ET DU D\u00c9PANNAGE DES R\u00c9SEAUX ACTIFS<\/h3>\n<p>S\u00c9MINAIRES EN LIGNE GRATUITS<\/p>\n                        <div class=\"text-button\"><p class=\"button\">CLIQUEZ ICI<p><\/div>                    <\/div>\n                <\/div>\n            <\/div>\n\n            <\/a>\n        <\/div>\n\n        \n    \n            <\/div>\n\n    <!--<div class=\"progress-bar\" role=\"progressbar\" aria-valuemin=\"0\" aria-valuemax=\"100\"><\/div>-->\n\n    <\/section>\n\n        <section class=\"grid-container section\">\n        <div class=\"grid-x\">\n            <div class=\"small-12 medium-12 large-12 cell inner-content\">\n    \n\n\n<div class=\"wp-block-group home-text-image fadein\"><div class=\"wp-block-group__inner-container is-layout-constrained wp-block-group-is-layout-constrained\">\n<div class=\"wp-block-columns is-layout-flex wp-container-core-columns-is-layout-9d6595d7 wp-block-columns-is-layout-flex\">\n<div class=\"wp-block-column is-layout-flow wp-block-column-is-layout-flow\">\n<h2 class=\"wp-block-heading\">Vous pouvez compter sur nous<\/h2>\n\n\n\n<p>Forte de d\u00e9cennies d\u2019exp\u00e9rience, notre \u00e9quipe soud\u00e9e de TREND Networks (anciennement IDEAL Networks) comprend les d\u00e9fis rencontr\u00e9s quotidiennement par les installateurs de c\u00e2blage de donn\u00e9es, les techniciens r\u00e9seau et les int\u00e9grateurs syst\u00e8me partout dans le monde. Nous avons par cons\u00e9quent d\u00e9velopp\u00e9 une large gamme d\u2019\u00e9quipements de test r\u00e9seau et de c\u00e2blages de donn\u00e9es innovants afin d\u2019aider nos clients qui souhaitent obtenir des r\u00e9sultats pr\u00e9cis rapidement en toute circonstance, m\u00eame les plus difficiles.<\/p>\n\n\n\n<p>C\u2019est la raison pour laquelle nous avons choisi cette nouvelle philosophie \u2018Depend On Us\u2019. Pour garantir \u00e0 nos clients que nos performances et notre support sera toujours \u00e0 la hauteur de leurs attentes.&nbsp;<a href=\"https:\/\/www.trend-networks.com\/fr\/a-propos-de-trend-networks\/\">En savoir plus concernant notre Promesse<\/a>.<\/p>\n\n\n\n<p>Avec notre si\u00e8ge social au Royaume-Uni, des bureaux internationaux et une \u00e9quipe internationale exp\u00e9riment\u00e9e, nous fabriquons et fournissons une gamme d\u2019\u00e9quipements de test fiables et leaders sur le march\u00e9 afin de faciliter la t\u00e2che de nos clients, notamment : des certificateurs de c\u00e2blage, des testeurs de c\u00e2blage de donn\u00e9es, des v\u00e9rificateurs de c\u00e2blage, des qualificateurs de c\u00e2blage, des testeurs de c\u00e2blage fibre, des testeurs r\u00e9seau actif, des testeurs de transmission r\u00e9seau, des testeurs PoE, des testeurs de vid\u00e9oprotection, des testeurs de bande passante, des testeurs de l\u2019Ethernet industriel, etc.<\/p>\n\n\n\n<p>Gr\u00e2ce \u00e0 notre support technique, nos formations, notre service, notre calibrage et nos conseils ainsi que nos ressources qui assistent les utilisateurs, nos clients peuvent compter sur TREND Networks pour les aider \u00e0 devenir encore plus productifs.<\/p>\n\n\n\n<div class=\"wp-block-buttons is-layout-flex wp-block-buttons-is-layout-flex\">\n<div class=\"wp-block-button\"><a class=\"wp-block-button__link wp-element-button\" href=\"https:\/\/www.trend-networks.com\/fr\/a-propos-de-trend-networks\/\">EN SAVOIR PLUS<\/a><\/div>\n<\/div>\n<\/div>\n\n\n\n<div class=\"wp-block-column is-layout-flow wp-block-column-is-layout-flow\">\n<figure class=\"wp-block-image size-large\"><img decoding=\"async\" width=\"1024\" height=\"640\" src=\"https:\/\/www.trend-networks.com\/wp-content\/uploads\/2025\/08\/Montage_2025-1024x640.png\" alt=\"Montage_\" class=\"wp-image-144084\" title=\"\" srcset=\"https:\/\/www.trend-networks.com\/wp-content\/uploads\/2025\/08\/Montage_2025-1024x640.png 1024w, https:\/\/www.trend-networks.com\/wp-content\/uploads\/2025\/08\/Montage_2025-600x375.png 600w, https:\/\/www.trend-networks.com\/wp-content\/uploads\/2025\/08\/Montage_2025-768x480.png 768w, https:\/\/www.trend-networks.com\/wp-content\/uploads\/2025\/08\/Montage_2025-1536x960.png 1536w, https:\/\/www.trend-networks.com\/wp-content\/uploads\/2025\/08\/Montage_2025.png 2000w\" sizes=\"(max-width: 1024px) 100vw, 1024px\" \/><\/figure>\n<\/div>\n<\/div>\n<\/div><\/div>\n\n\n<section id=\"trend_homepage-categories\"><h2 class=\"fadein\">Parcourez par cat\u00e9gorie<\/h2><ul><li class=\"fadein\"><a href=\"https:\/\/www.trend-networks.com\/fr\/categorie-produit\/feature-bundles-fr\/\" title=\"View all Feature Bundles products\"><img decoding=\"async\" src=\"\/wp-content\/themes\/trend-networks\/assets\/images\/trend-logotype.svg\" alt=\"Category: Feature Bundles\" title=\"\"><span>Feature Bundles<\/span><\/a><\/li><li class=\"fadein\"><a href=\"https:\/\/www.trend-networks.com\/fr\/categorie-produit\/fusionneuse\/\" title=\"View all Fusionneuse products\"><img decoding=\"async\" src=\"https:\/\/www.trend-networks.com\/wp-content\/uploads\/2024\/10\/Fusion-Splicers.png\" alt=\"Category: Fusionneuse\" title=\"\"><span>Fusionneuse<\/span><\/a><\/li><li class=\"fadein\"><a href=\"https:\/\/www.trend-networks.com\/fr\/categorie-produit\/photonics\/\" title=\"View all Photonics products\"><img decoding=\"async\" src=\"\/wp-content\/themes\/trend-networks\/assets\/images\/trend-logotype.svg\" alt=\"Category: Photonics\" title=\"\"><span>Photonics<\/span><\/a><\/li><li class=\"fadein\"><a href=\"https:\/\/www.trend-networks.com\/fr\/categorie-produit\/testeurs-de-cuivre\/\" title=\"View all Testeurs Cuivre products\"><img decoding=\"async\" src=\"https:\/\/www.trend-networks.com\/wp-content\/uploads\/2024\/07\/Copper.png\" alt=\"Category: Testeurs Cuivre\" title=\"\"><span>Testeurs Cuivre<\/span><\/a><\/li><li class=\"fadein\"><a href=\"https:\/\/www.trend-networks.com\/fr\/categorie-produit\/testeurs-fibre\/\" title=\"View all Testeurs Fibre products\"><img decoding=\"async\" src=\"https:\/\/www.trend-networks.com\/wp-content\/uploads\/2024\/07\/Fibre.png\" alt=\"Category: Testeurs Fibre\" title=\"\"><span>Testeurs Fibre<\/span><\/a><\/li><li class=\"fadein\"><a href=\"https:\/\/www.trend-networks.com\/fr\/categorie-produit\/testeurs-reseau-industrie-camera-telecom\/\" title=\"View all Testeurs R\u00e9seau, Industrie, Cam\u00e9ra, T\u00e9l\u00e9com products\"><img decoding=\"async\" src=\"https:\/\/www.trend-networks.com\/wp-content\/uploads\/2024\/07\/CCTV.png\" alt=\"Category: Testeurs R\u00e9seau, Industrie, Cam\u00e9ra, T\u00e9l\u00e9com\" title=\"\"><span>Testeurs R\u00e9seau, Industrie, Cam\u00e9ra, T\u00e9l\u00e9com<\/span><\/a><\/li><li class=\"fadein\"><a href=\"https:\/\/www.trend-networks.com\/fr\/categorie-produit\/testeurs-de-reseaux\/\" title=\"View all Testeurs de Reseaux products\"><img decoding=\"async\" src=\"https:\/\/www.trend-networks.com\/wp-content\/uploads\/2024\/07\/Network.png\" alt=\"Category: Testeurs de Reseaux\" title=\"\"><span>Testeurs de Reseaux<\/span><\/a><\/li><li class=\"fadein\"><a href=\"https:\/\/www.trend-networks.com\/fr\/categorie-produit\/used-testers-fr\/\" title=\"View all Testeurs Reconditionn\u00e9s products\"><img decoding=\"async\" src=\"https:\/\/www.trend-networks.com\/wp-content\/uploads\/2024\/07\/Renewed.png\" alt=\"Category: Testeurs Reconditionn\u00e9s\" title=\"\"><span>Testeurs Reconditionn\u00e9s<\/span><\/a><\/li><li class=\"fadein\"><a href=\"https:\/\/www.trend-networks.com\/fr\/categorie-produit\/accessoires\/\" title=\"View all Accessories products\"><img decoding=\"async\" src=\"https:\/\/www.trend-networks.com\/wp-content\/uploads\/2024\/07\/Accessories.png\" alt=\"Category: Accessories\" title=\"\"><span>Accessories<\/span><\/a><\/li><\/ul><\/section>\n\n\n\n<div id=\"trend_trusted-by\" class=\"wp-block-group fadein\"><div class=\"wp-block-group__inner-container is-layout-constrained wp-block-group-is-layout-constrained\">\n<h2 class=\"wp-block-heading\">Approuv\u00e9 par<\/h2>\n\n\n\n<figure class=\"wp-block-gallery has-nested-images columns-5 is-cropped wp-block-gallery-1 is-layout-flex wp-block-gallery-is-layout-flex\">\n<figure class=\"wp-block-image size-large\"><img decoding=\"async\" width=\"300\" height=\"200\" data-id=\"129278\" src=\"https:\/\/www.trend-networks.com\/wp-content\/uploads\/2024\/07\/Trusted-by-ABC.png\" alt=\"\" class=\"wp-image-129278\" title=\"\"><\/figure>\n\n\n\n<figure class=\"wp-block-image size-large\"><img decoding=\"async\" width=\"300\" height=\"200\" data-id=\"129287\" src=\"https:\/\/www.trend-networks.com\/wp-content\/uploads\/2024\/07\/Trusted-by-Amazon.png\" alt=\"\" class=\"wp-image-129287\" title=\"\"><\/figure>\n\n\n\n<figure class=\"wp-block-image size-large\"><img decoding=\"async\" width=\"300\" height=\"200\" data-id=\"129296\" src=\"https:\/\/www.trend-networks.com\/wp-content\/uploads\/2024\/07\/Trusted-by-Audi.png\" alt=\"\" class=\"wp-image-129296\" title=\"\"><\/figure>\n\n\n\n<figure class=\"wp-block-image size-large\"><img decoding=\"async\" width=\"300\" height=\"200\" data-id=\"129305\" src=\"https:\/\/www.trend-networks.com\/wp-content\/uploads\/2024\/07\/Trusted-by-BMW.png\" alt=\"\" class=\"wp-image-129305\" title=\"\"><\/figure>\n\n\n\n<figure class=\"wp-block-image size-large\"><img decoding=\"async\" width=\"300\" height=\"200\" data-id=\"129314\" src=\"https:\/\/www.trend-networks.com\/wp-content\/uploads\/2024\/07\/Trusted-by-Disney.png\" alt=\"\" class=\"wp-image-129314\" title=\"\"><\/figure>\n\n\n\n<figure class=\"wp-block-image size-large\"><img decoding=\"async\" width=\"300\" height=\"200\" data-id=\"129323\" src=\"https:\/\/www.trend-networks.com\/wp-content\/uploads\/2024\/07\/Trusted-by-NHS.png\" alt=\"\" class=\"wp-image-129323\" title=\"\"><\/figure>\n\n\n\n<figure class=\"wp-block-image size-large\"><img decoding=\"async\" width=\"300\" height=\"200\" data-id=\"129332\" src=\"https:\/\/www.trend-networks.com\/wp-content\/uploads\/2024\/07\/Trusted-by-SpaceX.png\" alt=\"\" class=\"wp-image-129332\" title=\"\"><\/figure>\n\n\n\n<figure class=\"wp-block-image size-large\"><img decoding=\"async\" width=\"300\" height=\"200\" data-id=\"129341\" src=\"https:\/\/www.trend-networks.com\/wp-content\/uploads\/2024\/07\/Trusted-by-Virgin-Media.png\" alt=\"\" class=\"wp-image-129341\" title=\"\"><\/figure>\n<\/figure>\n<\/div><\/div>\n\n\n<section id=\"in__product-section-related-articles\"><h2><a href=\"https:\/\/www.trend-networks.com\/latest\/\">\u00a0Derniers articles<\/a><\/h2><div class=\"in__article-carousel owl-carousel\"><div class=\"in__article-item\">\n\t\t\t\t\t<a href=\"https:\/\/www.trend-networks.com\/fr\/economisez-jusqua-e4210-sur-les-solutions-de-certification-de-test-de-fibre-optique-et-de-poe\/\" title=\"View \u00c9conomisez jusqu&#8217;\u00e0 \u20ac4,210 sur les solutions de certification, de test de fibre optique et de PoE\">\n\t\t\t\t\t\t<div class=\"in__article-item-image\">\n\t\t\t\t\t\t\t<img class=\"carousel-img no-lazy owl-lazy\" data-src=\"https:\/\/www.trend-networks.com\/wp-content\/uploads\/2026\/04\/900x900-VDV-II-FR-All-offers.jpg\" alt=\"\"\/>\n\t\t\t\t\t\t<\/div>\n                        <div class=\"in__article-item-text\">\n    \t\t\t\t\t\t<div class=\"in__column-container small-device-keep-columns\">\n    \t\t\t\t\t\t\t<div class=\"in__article-post-date in__column-1-2\">\n    \t\t\t\t\t\t\t\t2 avril 2026\n    \t\t\t\t\t\t\t<\/div>\n    \t\t\t\t\t\t\t<div class=\"in__article-post-cat in__column-1-2\">\n    \t\t\t\t\t\t\t\tNouvelles\n    \t\t\t\t\t\t\t<\/div>\n    \t\t\t\t\t\t<\/div>\n    \t\t\t\t\t\t<h3>\u00c9conomisez jusqu&#8217;\u00e0 \u20ac4,210 sur les solutions de certification, de test de fibre optique et de PoE<\/h3>\n                        <\/div>\n\t\t\t\t\t<\/a>\n\t\t\t\t<\/div><div class=\"in__article-item\">\n\t\t\t\t\t<a href=\"https:\/\/www.trend-networks.com\/fr\/guide-de-test-wi-fi-outils-techniques-et-bonnes-pratiques\/\" title=\"View Guide de test Wi-Fi : Outils, techniques et bonnes pratiques\">\n\t\t\t\t\t\t<div class=\"in__article-item-image\">\n\t\t\t\t\t\t\t<img class=\"carousel-img no-lazy owl-lazy\" data-src=\"https:\/\/www.trend-networks.com\/wp-content\/uploads\/2025\/12\/SignalTEK-QT-Pro_2-scaled-1-1024x684.webp\" alt=\"SignalTEK-QT-Pro\"\/>\n\t\t\t\t\t\t<\/div>\n                        <div class=\"in__article-item-text\">\n    \t\t\t\t\t\t<div class=\"in__column-container small-device-keep-columns\">\n    \t\t\t\t\t\t\t<div class=\"in__article-post-date in__column-1-2\">\n    \t\t\t\t\t\t\t\t12 d\u00e9cembre 2025\n    \t\t\t\t\t\t\t<\/div>\n    \t\t\t\t\t\t\t<div class=\"in__article-post-cat in__column-1-2\">\n    \t\t\t\t\t\t\t\tNouvelles\n    \t\t\t\t\t\t\t<\/div>\n    \t\t\t\t\t\t<\/div>\n    \t\t\t\t\t\t<h3>Guide de test Wi-Fi : Outils, techniques et bonnes pratiques<\/h3>\n                        <\/div>\n\t\t\t\t\t<\/a>\n\t\t\t\t<\/div><div class=\"in__article-item\">\n\t\t\t\t\t<a href=\"https:\/\/www.trend-networks.com\/fr\/signaltek-qt-un-outil-pour-simplifier-la-qualification-du-reseau\/\" title=\"View SignalTEK QT \u2013 Un outil pour simplifier la qualification du r\u00e9seau\u00a0\">\n\t\t\t\t\t\t<div class=\"in__article-item-image\">\n\t\t\t\t\t\t\t<img class=\"carousel-img no-lazy owl-lazy\" data-src=\"https:\/\/www.trend-networks.com\/wp-content\/uploads\/2025\/10\/2627-0870-1-1024x683.jpg\" alt=\"\"\/>\n\t\t\t\t\t\t<\/div>\n                        <div class=\"in__article-item-text\">\n    \t\t\t\t\t\t<div class=\"in__column-container small-device-keep-columns\">\n    \t\t\t\t\t\t\t<div class=\"in__article-post-date in__column-1-2\">\n    \t\t\t\t\t\t\t\t24 octobre 2025\n    \t\t\t\t\t\t\t<\/div>\n    \t\t\t\t\t\t\t<div class=\"in__article-post-cat in__column-1-2\">\n    \t\t\t\t\t\t\t\tNews, Nouvelles\n    \t\t\t\t\t\t\t<\/div>\n    \t\t\t\t\t\t<\/div>\n    \t\t\t\t\t\t<h3>SignalTEK QT \u2013 Un outil pour simplifier la qualification du r\u00e9seau\u00a0<\/h3>\n                        <\/div>\n\t\t\t\t\t<\/a>\n\t\t\t\t<\/div><div class=\"in__article-item\">\n\t\t\t\t\t<a href=\"https:\/\/www.trend-networks.com\/fr\/a-triumphant-week-in-paris-a-brilliant-success-at-rexel-expo-25\/\" title=\"View Au revoir, Paris ! Le salon REXEL Expo 25 a \u00e9t\u00e9 un triomphe\">\n\t\t\t\t\t\t<div class=\"in__article-item-image\">\n\t\t\t\t\t\t\t<img class=\"carousel-img no-lazy owl-lazy\" data-src=\"https:\/\/www.trend-networks.com\/wp-content\/uploads\/2025\/10\/FR-1400x600-Rexel-Expo-Graphic-1024x439.jpg\" alt=\"\"\/>\n\t\t\t\t\t\t<\/div>\n                        <div class=\"in__article-item-text\">\n    \t\t\t\t\t\t<div class=\"in__column-container small-device-keep-columns\">\n    \t\t\t\t\t\t\t<div class=\"in__article-post-date in__column-1-2\">\n    \t\t\t\t\t\t\t\t23 octobre 2025\n    \t\t\t\t\t\t\t<\/div>\n    \t\t\t\t\t\t\t<div class=\"in__article-post-cat in__column-1-2\">\n    \t\t\t\t\t\t\t\tNouvelles\n    \t\t\t\t\t\t\t<\/div>\n    \t\t\t\t\t\t<\/div>\n    \t\t\t\t\t\t<h3>Au revoir, Paris ! Le salon REXEL Expo 25 a \u00e9t\u00e9 un triomphe<\/h3>\n                        <\/div>\n\t\t\t\t\t<\/a>\n\t\t\t\t<\/div><\/section> <!--\/.in__article-carousel -->\n\n\n\n        <\/div>\n    <\/div>\n<\/section>\n\n<section id=\"trend-about-latest\" class=\"in__cta-footer trend-standard-block fadein slideup\">\n\n    \n    \n    <div class=\"grid-container fluid\">\n        <div class=\"grid-x\">\n                            \n                                                            \n                    \n                                                            <div class=\"cell medium-6 padded \" style=\"background-color:#f5f5f5;\">\n                                                <h2>\u00c0 PROPOS TREND Networks<\/h2>\n                                                                                                                        <div class=\"button-wrap\"><a class=\"button button-one\" href=\"https:\/\/www.trend-networks.com\/fr\/a-propos-de-trend-networks\/\" target=\"_self\">En savoir plus<\/a><\/div>                    <\/div>\n                    \n                \n                                                            \n                    \n                                                            <div class=\"cell medium-6 padded  background-dark\" style=\"background-color:#1c408c;\">\n                                                <h2>Derniers Articles<\/h2>\n                                                                                                                        <div class=\"button-wrap\"><a class=\"button button-one\" href=\"https:\/\/www.trend-networks.com\/fr\/actualites\/\" target=\"_self\">En savoir plus<\/a><\/div>                    <\/div>\n                    \n                   \n                    <\/div>\n    <\/div>\n\n<\/section>\n\n<section class=\"grid-container section\">\n    <div class=\"grid-x\">\n        <div class=\"small-12 medium-12 large-12 cell inner-content\">\n\n\n\n<p><\/p>\n","protected":false},"excerpt":{"rendered":"","protected":false},"author":1,"featured_media":0,"parent":0,"menu_order":364,"comment_status":"closed","ping_status":"closed","template":"","meta":{"_acf_changed":false,"inline_featured_image":false,"_glsr_average":0,"_glsr_ranking":0,"_glsr_reviews":0,"footnotes":""},"class_list":["post-6514","page","type-page","status-publish","hentry"],"acf":[],"_links":{"self":[{"href":"https:\/\/www.trend-networks.com\/fr\/wp-json\/wp\/v2\/pages\/6514","targetHints":{"allow":["GET"]}}],"collection":[{"href":"https:\/\/www.trend-networks.com\/fr\/wp-json\/wp\/v2\/pages"}],"about":[{"href":"https:\/\/www.trend-networks.com\/fr\/wp-json\/wp\/v2\/types\/page"}],"author":[{"embeddable":true,"href":"https:\/\/www.trend-networks.com\/fr\/wp-json\/wp\/v2\/users\/1"}],"replies":[{"embeddable":true,"href":"https:\/\/www.trend-networks.com\/fr\/wp-json\/wp\/v2\/comments?post=6514"}],"version-history":[{"count":140,"href":"https:\/\/www.trend-networks.com\/fr\/wp-json\/wp\/v2\/pages\/6514\/revisions"}],"predecessor-version":[{"id":153018,"href":"https:\/\/www.trend-networks.com\/fr\/wp-json\/wp\/v2\/pages\/6514\/revisions\/153018"}],"wp:attachment":[{"href":"https:\/\/www.trend-networks.com\/fr\/wp-json\/wp\/v2\/media?parent=6514"}],"curies":[{"name":"wp","href":"https:\/\/api.w.org\/{rel}","templated":true}]}}