{"id":48971,"date":"2019-06-10T11:18:56","date_gmt":"2019-06-10T10:18:56","guid":{"rendered":"https:\/\/www.trend-networks.com\/?page_id=48971"},"modified":"2021-08-24T14:30:56","modified_gmt":"2021-08-24T13:30:56","slug":"mobile-app-ideal-anyware","status":"publish","type":"page","link":"https:\/\/www.trend-networks.com\/fr\/mobile-app-ideal-anyware\/","title":{"rendered":"APPLICATION MOBILE &#8211; TREND ANYWARE\u2122"},"content":{"rendered":"\n<div style=\"height:50px\" aria-hidden=\"true\" class=\"wp-block-spacer\"><\/div>\n\n\n\n<div class=\"wp-block-columns in__t4l-product is-layout-flex wp-container-core-columns-is-layout-9d6595d7 wp-block-columns-is-layout-flex\">\n<div class=\"wp-block-column is-layout-flow wp-block-column-is-layout-flow\">\n<p class=\"has-text-align-left\" style=\"font-size:18px\"><strong><strong>Utilisez TREND AnyWARE\u2122 pour envoyer, o\u00f9 que ce soit, les rapports de tests et caract\u00e9ristiques de c\u00e2bles \u00e0 vos coll\u00e8gues et clients.<\/strong><\/strong><\/p>\n\n\n\n<h1 class=\"has-trend-dark-blue-color has-text-color wp-block-heading\">L\u2019APPLICATION GRATUITE <img decoding=\"async\" width=\"214\" height=\"57\" class=\" wp-image-49142 alignnone\" style=\"vertical-align: middle;\" src=\"https:\/\/www.trend-networks.com\/wp-content\/uploads\/2019\/06\/anyware_logo1.jpg\" alt=\"\" title=\"\"><\/h1>\n\n\n\n<p class=\"has-text-align-left has-trend-dark-blue-color has-text-color\"><strong><strong>L\u2019application se connecte par le Wi-Fi \u00e0 votre testeur TREND Networks et transf\u00e8re les rapports de tests sur votre terminal mobile.<\/strong><\/strong><\/p>\n\n\n\n<ul class=\"wp-block-list\"><li>Visualisez les rapports PDF sur votre terminal mobile<\/li><li>Transf\u00e9rez les rapports au format PDF ou CSV selon votre m\u00e9thode de transfert pr\u00e9f\u00e9r\u00e9e<\/li><li>Compatible avec les syst\u00e8mes Android et Apple.<\/li><li>Option pour s\u00e9lectionner des projets sp\u00e9cifiques ou des r\u00e9sultats de test dans des projets.<\/li><\/ul>\n\n\n\n<div class=\"wp-block-buttons is-layout-flex wp-block-buttons-is-layout-flex\">\n<div class=\"wp-block-button\"><a class=\"wp-block-button__link\" href=\"https:\/\/www.trend-networks.com\/fr\/contactez-nous\/\">Contactez Nous<\/a><\/div>\n<\/div>\n<\/div>\n\n\n\n<div class=\"wp-block-column is-layout-flow wp-block-column-is-layout-flow\">\n<div class=\"wp-block-image\"><figure class=\"aligncenter size-full\"><img decoding=\"async\" width=\"474\" height=\"338\" src=\"https:\/\/www.trend-networks.com\/wp-content\/uploads\/2019\/06\/anyware_mobile.jpg\" alt=\"\" class=\"wp-image-49036\" title=\"\" srcset=\"https:\/\/www.trend-networks.com\/wp-content\/uploads\/2019\/06\/anyware_mobile.jpg 474w, https:\/\/www.trend-networks.com\/wp-content\/uploads\/2019\/06\/anyware_mobile-400x284.jpg 400w\" sizes=\"(max-width: 474px) 100vw, 474px\" \/><\/figure><\/div>\n<\/div>\n<\/div>\n\n\n\n<div style=\"height:60px\" aria-hidden=\"true\" class=\"wp-block-spacer\"><\/div>\n\n\n\n<div class=\"wp-block-columns in__t4l-product is-layout-flex wp-container-core-columns-is-layout-9d6595d7 wp-block-columns-is-layout-flex\">\n<div class=\"wp-block-column is-layout-flow wp-block-column-is-layout-flow\">\n<figure class=\"wp-block-image size-full\"><img decoding=\"async\" width=\"474\" height=\"338\" src=\"https:\/\/www.trend-networks.com\/wp-content\/uploads\/2019\/06\/anyware_report.jpg\" alt=\"\" class=\"wp-image-49052\" title=\"\" srcset=\"https:\/\/www.trend-networks.com\/wp-content\/uploads\/2019\/06\/anyware_report.jpg 474w, https:\/\/www.trend-networks.com\/wp-content\/uploads\/2019\/06\/anyware_report-400x284.jpg 400w\" sizes=\"(max-width: 474px) 100vw, 474px\" \/><\/figure>\n<\/div>\n\n\n\n<div class=\"wp-block-column is-layout-flow wp-block-column-is-layout-flow\">\n<h2 class=\"has-trend-dark-blue-color has-text-color wp-block-heading\">TREND AnyWARE app<\/h2>\n\n\n\n<ul class=\"wp-block-list\"><li>L\u2019application se connecte par le Wi-Fi \u00e0 votre testeur TREND Networks et transf\u00e8re les rapports de tests sur votre terminal mobile. Une fois les donn\u00e9es envoy\u00e9es, les utilisateurs peuvent visualiser les rapports PDF et les envoyer \u00e0 l\u2019aide de leur m\u00e9thode de transfert de fichiers pr\u00e9f\u00e9r\u00e9e\u00a0 y compris par e-mail ou bien via une application de partage de fichier.<\/li><li>Pour une meilleure efficacit\u00e9 d\u2019utilisation le testeur TREND poss\u00e8de une borne Wi-Fi, \u00e9liminant ainsi le probl\u00e8me de connexion au Wi-Fi local.<\/li><\/ul>\n<\/div>\n<\/div>\n\n\n\n<div style=\"height:60px\" aria-hidden=\"true\" class=\"wp-block-spacer\"><\/div>\n\n\n\n<div class=\"wp-block-columns in__t4l-product is-layout-flex wp-container-core-columns-is-layout-9d6595d7 wp-block-columns-is-layout-flex\">\n<div class=\"wp-block-column is-layout-flow wp-block-column-is-layout-flow\">\n<ul class=\"wp-block-list\"><li>The hassle of connecting to local Wi-Fi is eliminated to provide a superior user experience\u00a0 because the Les installateurs de c\u00e2bles et techniciens peuvent partager des probl\u00e8mes difficiles avec des coll\u00e8gues afin d\u2019am\u00e9liorer la productivit\u00e9 et minimiser les temps d\u2019arr\u00eat. Les rapports peuvent \u00e9galement \u00eatre envoy\u00e9s aux clients d\u00e8s que le travail est termin\u00e9.<\/li><li>L\u2019application\u00a0 TREND AnyWARE est prise en charge par : le SignalTEK CT, le SignalTEK NT, le NaviTEK NT le Plus and Pro, le LanXPLORER Pro et le LanTEK III.<\/li><li>Le LanTEK III est pris en charge par l\u2019application TREND AnyWARE mais les rapports en format PDF ne s\u2019affichent pas sur l\u2019appareil portable.<\/li><li>L\u2019application vous permet d\u2019envoyer les donn\u00e9es de test \u00e0 vos coll\u00e8gues pr\u00e9sents dans les bureaux qui pourront \u00e0 leur tour g\u00e9n\u00e9rer les rapports PDF en utilisant le logiciel de gestion gratuit TREND Data Center (IDC).<\/li><li>Pour obtenir un guide d\u2019utilisation de l\u2019application, veuillez consulter le manuel ou le guide de r\u00e9f\u00e9rence rapide de votre testeur TREND.<\/li><\/ul>\n\n\n\n<div class=\"wp-block-buttons is-layout-flex wp-block-buttons-is-layout-flex\">\n<div class=\"wp-block-button\"><a class=\"wp-block-button__link\" href=\"https:\/\/www.trend-networks.com\/fr\/contactez-nous\/\">Contactez Nous<\/a><\/div>\n<\/div>\n<\/div>\n\n\n\n<div class=\"wp-block-column is-layout-flow wp-block-column-is-layout-flow\">\n<div class=\"wp-block-image\"><figure class=\"aligncenter size-full\"><img decoding=\"async\" width=\"474\" height=\"338\" src=\"https:\/\/www.trend-networks.com\/wp-content\/uploads\/2019\/06\/anyware_report_on_mobile.jpg\" alt=\"\" class=\"wp-image-49060\" title=\"\" srcset=\"https:\/\/www.trend-networks.com\/wp-content\/uploads\/2019\/06\/anyware_report_on_mobile.jpg 474w, https:\/\/www.trend-networks.com\/wp-content\/uploads\/2019\/06\/anyware_report_on_mobile-400x284.jpg 400w\" sizes=\"(max-width: 474px) 100vw, 474px\" \/><\/figure><\/div>\n<\/div>\n<\/div>\n\n\n\n<div style=\"height:60px\" aria-hidden=\"true\" class=\"wp-block-spacer\"><\/div>\n\n\n\n<div class=\"wp-block-columns in__t4l-product is-layout-flex wp-container-core-columns-is-layout-9d6595d7 wp-block-columns-is-layout-flex\">\n<div class=\"wp-block-column is-layout-flow wp-block-column-is-layout-flow\">\n<figure class=\"wp-block-image size-full\"><img decoding=\"async\" width=\"600\" height=\"518\" src=\"https:\/\/www.trend-networks.com\/wp-content\/uploads\/2019\/06\/stnt_fr_page3_features.jpg\" alt=\"\" class=\"wp-image-49379\" title=\"\"><\/figure>\n<\/div>\n\n\n\n<div class=\"wp-block-column is-layout-flow wp-block-column-is-layout-flow\">\n<h2 class=\"has-trend-dark-blue-color has-text-color wp-block-heading\">FONCTIONNALIT\u00c9S<\/h2>\n\n\n\n<ul class=\"wp-block-list\"><li>S\u00e9lectionnez des dossiers ou de simples r\u00e9sultats de test \u00e0 transf\u00e9rer<\/li><li>Filtre du r\u00e9sultat de test \u2013 Bon\/\u00c9chec\/Tous<\/li><li>Visualisez les rapports PDF<\/li><li>Transmettez les rapports PDF ou CSV par e-mail ou selon votre m\u00e9thode de transfert pr\u00e9f\u00e9r\u00e9e<\/li><li>Compatible avec les terminaux mobiles Android et Apple<\/li><li>IDEAL AnyWARE n\u2019est pas un service \u00ab\u00a0Cloud\u00a0\u00bb et IDEAL ne peut pas acc\u00e9der ou visualiser les rapports de tests<\/li><\/ul>\n<\/div>\n<\/div>\n\n\n\n<div style=\"height:60px\" aria-hidden=\"true\" class=\"wp-block-spacer\"><\/div>\n\n\n\n<div class=\"wp-block-columns is-layout-flex wp-container-core-columns-is-layout-9d6595d7 wp-block-columns-is-layout-flex\">\n<div class=\"wp-block-column is-layout-flow wp-block-column-is-layout-flow\">\n<h2 class=\"has-trend-dark-blue-color has-text-color wp-block-heading\"><strong>APP STORES<\/strong><\/h2>\n\n\n\n<figure class=\"wp-block-image size-full\"><img decoding=\"async\" width=\"384\" height=\"163\" src=\"https:\/\/www.trend-networks.com\/wp-content\/uploads\/2019\/06\/downloadapp_enjpg1.jpg\" alt=\"\" class=\"wp-image-49150\" title=\"\"><\/figure>\n<\/div>\n\n\n\n<div class=\"wp-block-column is-layout-flow wp-block-column-is-layout-flow\">\n<h2 class=\"wp-block-heading\">Apple App Store<\/h2>\n\n\n\n<p>Pour t\u00e9l\u00e9charger la version Apple de l\u2019application TREND AnyWARE, veuillez vous rendre dans l\u2019app store iTunes et tapez \u00ab\u00a0TREND AnyWARE\u00a0\u00bb.<\/p>\n\n\n\n<p><a href=\"https:\/\/apps.apple.com\/us\/app\/trend-anyware\/id1497737587\" target=\"_blank\" rel=\"noreferrer noopener\">https:\/\/apps.apple.com\/us\/app\/trend-anyware\/id1497737587<\/a><\/p>\n\n\n\n<h2 class=\"wp-block-heading\">Google App Store<\/h2>\n\n\n\n<p>Pour t\u00e9l\u00e9charger la version Apple de l\u2019application TREND AnyWARE, veuillez vous rendre dans l\u2019app store Google Play et tapez \u00ab\u00a0TREND AnyWARE\u00a0\u00bb.<\/p>\n\n\n\n<p><a href=\"https:\/\/play.google.com\/store\/apps\/details?id=com.idealindustries&amp;hl=en_GB\" target=\"_blank\" rel=\"noreferrer noopener\">https:\/\/play.google.com\/store\/apps\/details?id=com.idealindustries&amp;hl=en_GB<\/a><\/p>\n\n\n\n<div class=\"wp-block-buttons is-layout-flex wp-block-buttons-is-layout-flex\">\n<div class=\"wp-block-button\"><a class=\"wp-block-button__link\" href=\"https:\/\/www.trend-networks.com\/support\/\">Support<\/a><\/div>\n<\/div>\n<\/div>\n<\/div>\n\n\n\n<div style=\"height:60px\" aria-hidden=\"true\" class=\"wp-block-spacer\"><\/div>\n\n\n\n<h2 class=\"has-trend-dark-blue-color has-text-color wp-block-heading\">QUESTIONS FR\u00c9QUEMMENT POS\u00c9ES<\/h2>\n\n\n\n<p><strong>Q: Quels sont les syst\u00e8mes d\u2019exploitation pris en charge?<\/strong><\/p>\n\n\n\n<p>R :&nbsp;IOS 7.x and 8.x et Android 4.x et 5.x<\/p>\n\n\n\n<p><strong>Q : Combien d\u2019appareils mobiles peuvent \u00eatre connect\u00e9s simultan\u00e9ment au testeur?<\/strong><\/p>\n\n\n\n<p>R : Seulement un \u00e0 la fois peut se connecter au testeur. Ce dernier doit \u00eatre red\u00e9marr\u00e9 si un autre dispositif \u00e0 besoin d\u2019\u00eatre connect\u00e9<\/p>\n\n\n\n<p><strong>Q : Pourquoi je ne peux pas voir les r\u00e9sultats des tests dans sur mon \u00e9quipement mobile?<\/strong><\/p>\n\n\n\n<p>R : Vous devez d\u2019abord t\u00e9l\u00e9charger les r\u00e9sultats de test vers votre smartphone ou tablette avant de pouvoir les visualiser<\/p>\n\n\n\n<p><strong>Q : Pourquoi l\u2019application TREND AnyWARE ne trouve pas le testeur?<\/strong><\/p>\n\n\n\n<p>R : Veuillez vous assurez de ce qui suit :<\/p>\n\n\n\n<ol class=\"wp-block-list\"><li>Le testeur est allum\u00e9<\/li><li>L\u2019adaptateur Wi-Fi est-il enfich\u00e9 dans le port USB du testeur<\/li><li>Le Wi-Fi doit \u00eatre activ\u00e9 sur le testeur ; quand c\u2019est le cas la barre de statut en haut de l\u2019\u00e9cran devient bleue et le symbole Wi-Fi est affich\u00e9.&nbsp; Le Wi-Fi peut \u00eatre activ\u00e9 en entrant dans \u00ab Configuration \u00bb puis \u00ab R\u00e9sultat \u00bb. Le Wi-Fi est \u00e9galement syst\u00e9matiquement allum\u00e9 pendant les 5 minutes qui suivent l\u2019allumage du testeur<\/li><li>Lorsque dans l\u2019application TREND AnyWARE vous voyez le message \u00ab&nbsp;Testeur non trouv\u00e9, faire d\u00e9filer vers le bas pour rafra\u00eechir&nbsp;\u00bb. Ceci signifie que votre t\u00e9l\u00e9phone n\u2019est pas connect\u00e9 au testeur. Dans l\u2019onglet \u00ab&nbsp;Modifier le Wi-Fi&nbsp;\u00bb assurez-vous que celui-ci est activ\u00e9 puis s\u00e9lectionnez le point d\u2019acc\u00e8s sans fil (hotspot Wi-Fi) appel\u00e9&nbsp; \u201cTRENDX-XXXXXX\u201d.<\/li><li>Assurez vous que le mot de passe Wi-Fi entr\u00e9 sur votre dispositif mobile correspond \u00e0 celui affich\u00e9 sur le testeur. Pour v\u00e9rifier le mot de passe sur le testeur, appuyez sur \u00ab&nbsp;CONFIG \u00bb puis \u00ab R\u00e9sultat \u00bb (ou \u00ab RAPPORTS \u00bb). Notez que cette proc\u00e9dure peut varier entre nos diff\u00e9rents testeurs : consultez le manuel pour plus de d\u00e9tails<\/li><\/ol>\n\n\n\n<p><strong>Q : Comment puis-je partager les r\u00e9sultats sur mon mobile?<\/strong><\/p>\n\n\n\n<p>R : Une fois les rapports t\u00e9l\u00e9charg\u00e9s sur un \u00e9quipement mobile, ils peuvent \u00eatre partag\u00e9s par envoi d\u2019email ou toute autre m\u00e9thode de partage de fichier classique<\/p>\n\n\n\n<p><strong>Q : Pourquoi je ne peux pas voir les rapports sur mon smartphone?<\/strong><\/p>\n\n\n\n<p>R ; Les rapports peuvent \u00eatre vus sur un appareil mobile uniquement lorsqu\u2019ils ont \u00e9t\u00e9 t\u00e9l\u00e9charg\u00e9s et qu\u2019un visualisateur PDF ou une application de visualisation de PDF est install\u00e9e<\/p>\n\n\n\n<p><strong>Q : L\u2019application TREND AnyWARE est-elle gratuite?<\/strong><\/p>\n\n\n\n<p>R ; Oui<\/p>\n\n\n\n<p><strong>Q : Apr\u00e8s l\u2019envoi des rapports \u00e0 d\u2019autres destinataires, pourquoi ne peuvent-ils pas voir ces tests sur leur dispositif mobile?<\/strong><\/p>\n\n\n\n<p>R : L\u2019application TREND AnyWARE compresse les rapports de test dans des fichiers ZIP avant de les envoyer pour gagner de la place. Le destinataire devra donc d\u00e9compresser les fichiers avant de pouvoir afficher les fichiers PDF<\/p>\n\n\n\n<p><strong>Q : Quels sont les adaptateurs USB Wi-Fi compatibles?<\/strong><\/p>\n\n\n\n<p>R ; L\u2019adaptateur USB Wi-Fi \u201cEdimax EW-7811Un\u201d est le seul adaptateur compatible et approuv\u00e9 pour l\u2019application TREND AnyWARE. Cet adaptateur est fourni avec le SignalTEK NT (R156003) et le SignalTEK CT (R156004)<\/p>\n\n\n\n<p><strong>Q : Puis-je utiliser les services de partage de fichiers d\u00e9mat\u00e9rialis\u00e9s du Cloud?<\/strong><\/p>\n\n\n\n<p>R : Oui vous pouvez utiliser n\u2019importe quel service de partage de fichiers qui prend en charge les pi\u00e8ces jointes<\/p>\n\n\n\n<p><strong>Q : Puis-je connecter le testeur \u00e0 un r\u00e9seau Wi-Fi?<\/strong><\/p>\n\n\n\n<p>R : Non, le testeur cr\u00e9er un point d\u2019acc\u00e8s Wi-Fi afin uniquement que votre mobile s\u2019y connecte<\/p>\n\n\n\n<p><strong>Q : Puis-je t\u00e9l\u00e9charger directement les rapports de test vers mon PC en utilisant le Wi-Fi?<\/strong><\/p>\n\n\n\n<p>R : Non car le testeur cr\u00e9\u00e9 un point d\u2019acc\u00e8s Wi-Fi auquel votre dispositif mobile se connecte<\/p>\n\n\n\n<p><strong>Q : Puis-je mettre \u00e0 jour mon SignalTEK II \/ SignalTEK II pour activer cette fonction?<\/strong><\/p>\n\n\n\n<p>R : Oui, il suffit d\u2019acc\u00e9der au site&nbsp;<a href=\"https:\/\/www.trend-networks.com\/\">www.trend-networks.com<\/a>&nbsp;et cliquer sur \u00ab Support \u00bb pour t\u00e9l\u00e9charger la derni\u00e8re version du logiciel. Vous devrez \u00e9galement acheter un adaptateur USB Wi-Fi Edimax EW-7811Un<\/p>\n\n\n\n<p><strong>Q : D\u2019autres testeurs TREND prennent-ils en charge l\u2019application IDEAL AnyWARE?<\/strong><\/p>\n\n\n\n<p>R : L\u2019application TREND AnyWARE fonctionne avec les SignalTEK CT et SignalTEK NT<\/p>\n\n\n\n<p><strong>Q: Dois-je modifier les param\u00e8tres de configuration de mon mobile?<\/strong><\/p>\n\n\n\n<p>R: Assurez-vous que les services de localisation de votre t\u00e9l\u00e9phone soient actifs, car cela emp\u00eachera TREND ANYWARE \u2122 de rechercher. Les services de localisation doivent \u00eatre actifs avant l\u2019installation de l\u2019application mobile TREND ANYWARE \u2122.<\/p>\n\n\n\n<p><strong>Q: Je ne peux pas t\u00e9l\u00e9charger les r\u00e9sultats des tests sur mon t\u00e9l\u00e9phone portable. Y a-t-il quelque chose que je puisse faire ?<\/strong><\/p>\n\n\n\n<p>R: V\u00e9rifiez les donn\u00e9es de cache, si le cache est plein, cela arr\u00eatera le t\u00e9l\u00e9chargement des r\u00e9sultats sur le mobile.<br>Lorsque vous configurez le stockage interne, assurez-vous que les donn\u00e9es du cache ont \u00e9t\u00e9 effac\u00e9s.<\/p>\n\n\n\n<div style=\"height:40px\" aria-hidden=\"true\" class=\"wp-block-spacer\"><\/div>\n\n\n\n        <\/div>\n    <\/div>\n<\/section>\n\n<section id=\"trend-about-latest\" class=\"in__cta-footer trend-standard-block fadein slideup\">\n\n    \n    \n    <div class=\"grid-container fluid\">\n        <div class=\"grid-x\">\n                            \n                                                            \n                    \n                                                            <div class=\"cell medium-6 padded \" style=\"background-color:#f5f5f5;\">\n                                                <h2>\u00c0 PROPOS TREND Networks<\/h2>\n                                                                                                                        <div class=\"button-wrap\"><a class=\"button button-one\" href=\"https:\/\/www.trend-networks.com\/fr\/a-propos-de-trend-networks\/\" target=\"_self\">En savoir plus<\/a><\/div>                    <\/div>\n                    \n                \n                                                            \n                    \n                                                            <div class=\"cell medium-6 padded  background-dark\" style=\"background-color:#1c408c;\">\n                                                <h2>Derniers Articles<\/h2>\n                                                                                                                        <div class=\"button-wrap\"><a class=\"button button-one\" href=\"https:\/\/www.trend-networks.com\/fr\/actualites\/\" target=\"_self\">En savoir plus<\/a><\/div>                    <\/div>\n                    \n                   \n                    <\/div>\n    <\/div>\n\n<\/section>\n\n<section class=\"grid-container section\">\n    <div class=\"grid-x\">\n        <div class=\"small-12 medium-12 large-12 cell inner-content\">\n","protected":false},"excerpt":{"rendered":"<p>Utilisez TREND AnyWARE\u2122 pour envoyer, o\u00f9 que ce soit, les rapports de tests et caract\u00e9ristiques&nbsp;&#8230;<\/p>\n","protected":false},"author":1,"featured_media":0,"parent":0,"menu_order":90,"comment_status":"closed","ping_status":"closed","template":"","meta":{"_acf_changed":false,"inline_featured_image":false,"_glsr_average":0,"_glsr_ranking":0,"_glsr_reviews":0,"footnotes":""},"class_list":["post-48971","page","type-page","status-publish","hentry"],"acf":[],"_links":{"self":[{"href":"https:\/\/www.trend-networks.com\/fr\/wp-json\/wp\/v2\/pages\/48971","targetHints":{"allow":["GET"]}}],"collection":[{"href":"https:\/\/www.trend-networks.com\/fr\/wp-json\/wp\/v2\/pages"}],"about":[{"href":"https:\/\/www.trend-networks.com\/fr\/wp-json\/wp\/v2\/types\/page"}],"author":[{"embeddable":true,"href":"https:\/\/www.trend-networks.com\/fr\/wp-json\/wp\/v2\/users\/1"}],"replies":[{"embeddable":true,"href":"https:\/\/www.trend-networks.com\/fr\/wp-json\/wp\/v2\/comments?post=48971"}],"version-history":[{"count":0,"href":"https:\/\/www.trend-networks.com\/fr\/wp-json\/wp\/v2\/pages\/48971\/revisions"}],"wp:attachment":[{"href":"https:\/\/www.trend-networks.com\/fr\/wp-json\/wp\/v2\/media?parent=48971"}],"curies":[{"name":"wp","href":"https:\/\/api.w.org\/{rel}","templated":true}]}}