{"id":34354,"date":"2019-04-04T18:19:29","date_gmt":"2019-04-04T17:19:29","guid":{"rendered":"https:\/\/www.trend-networks.com\/support\/superseded-products\/"},"modified":"2022-03-10T11:23:19","modified_gmt":"2022-03-10T11:23:19","slug":"superseded-products","status":"publish","type":"page","link":"https:\/\/www.trend-networks.com\/fr\/support\/superseded-products\/","title":{"rendered":"PRODUITS OBSOL\u00c8TES"},"content":{"rendered":"\n<h1 class=\"wp-block-heading\">PRODUITS OBSOL\u00c8TES<\/h1>\n\n\n\n<p>Veuillez trouver ci-dessous la liste des produits r\u00e9cemment remplac\u00e9s avec les alternatives disponibles.<\/p>\n\n\n\n<figure class=\"wp-block-table\"><table><tbody><tr><td><strong>Produit obsol\u00e8te<\/strong><\/td><td><strong>Alternative<\/strong><\/td><\/tr><tr><td>&nbsp;MC2+&nbsp;<\/td><td>&nbsp;Produit obsol\u00e8te<\/td><\/tr><tr><td>&nbsp;FiberTEK FDX (33-990-FA04)&nbsp;<\/td><td>&nbsp;<a href=\"https:\/\/www.trend-networks.com\/fr\/produit\/fibertek-iii-series\/\">FiberTEK III (R164007)<\/a><\/td><\/tr><tr><td>&nbsp;FiberTEK FDX (33-990-FA03)&nbsp;<\/td><td><a href=\"https:\/\/www.trend-networks.com\/fr\/produit\/fibertek-iii-series\/\">&nbsp;FiberTEK III (R164006)<\/a><\/td><\/tr><tr><td>&nbsp;FiberTEK FDX (33-990-FA01)&nbsp;<\/td><td>&nbsp;<a href=\"https:\/\/www.trend-networks.com\/fr\/produit\/fibertek-iii-series\/\">FiberTEK III (R164005)<\/a><\/td><\/tr><tr><td>&nbsp;LanTEK II (33-993)&nbsp;<\/td><td><a href=\"https:\/\/www.trend-networks.com\/fr\/produit\/lantek-iii-series\/\">&nbsp;LanTEK III (R164002\/R161004)<\/a><\/td><\/tr><tr><td>&nbsp;LanTEK II (33-992)&nbsp;<\/td><td>&nbsp;<a href=\"https:\/\/www.trend-networks.com\/fr\/produit\/lantek-iii-series\/\">LanTEK III (R164001\/R161003)<\/a><\/td><\/tr><tr><td>&nbsp;LanTEK II (33-991)&nbsp;<\/td><td>&nbsp;Produit obsol\u00e8te<\/td><\/tr><tr><td>&nbsp;NaviTEK II Pro (R151002)&nbsp;<\/td><td>&nbsp;<a href=\"https:\/\/www.trend-networks.com\/fr\/produit\/navitek-nt\/\">NaviTEK NT Pro (R151004)<\/a><\/td><\/tr><tr><td>&nbsp;NaviTEK II Plus (R151000)&nbsp;<\/td><td><a href=\"https:\/\/www.trend-networks.com\/fr\/produit\/navitek-nt\/\">&nbsp;NaviTEK NT Plus (R151003)<\/a><\/td><\/tr><tr><td>&nbsp;NaviTEK II (R153000)&nbsp;<\/td><td><a href=\"https:\/\/www.trend-networks.com\/fr\/produit\/navitek-nt\/\">&nbsp;NaviTEK NT (R153001)<\/a><\/td><\/tr><tr><td>&nbsp;SignalTEK II (R156000)&nbsp;<\/td><td>&nbsp;SignalTEK NT (R156003)<\/td><\/tr><tr><td>&nbsp;SignalTEK II (R156000)&nbsp;<\/td><td>&nbsp;SignalTEK NT (R156003)<\/td><\/tr><tr><td>&nbsp;SignalTEK II FO (R156001)&nbsp;<\/td><td>&nbsp;SignalTEK NT (R156003)<\/td><\/tr><tr><td>&nbsp;SignalTEK CT (R156002)&nbsp;<\/td><td>&nbsp;SignalTEK CT (R156004)<\/td><\/tr><tr><td>&nbsp;FiberTEK FDX MM LSR (33-990-FA02)&nbsp;<\/td><td>&nbsp;FiberTEK FDX MM LED (33-990-FA01)<\/td><\/tr><tr><td>&nbsp;FiberTEK FDX MM LSR\/SM (33-990-FA05)&nbsp;<\/td><td>&nbsp;FiberTEK FDX SM LSR (33-990-FA03) ou FiberTEK FDX MM LED\/SM (33-990-FA04)<\/td><\/tr><tr><td>&nbsp;LanXPLORER (R150002)&nbsp;<\/td><td>&nbsp;LanXPLORER Pro (R150001)<\/td><\/tr><tr><td>&nbsp;LanXPLORER Plus&nbsp; (R150004)<\/td><td>&nbsp;LanXPLORER Pro (R150001)<\/td><\/tr><tr><td>&nbsp;VDV&nbsp;<\/td><td><a href=\"https:\/\/www.trend-networks.com\/fr\/produit\/vdv-ii-series\/\">&nbsp;VDV II<\/a><\/td><\/tr><tr><td>&nbsp;IENet Pro&nbsp;<\/td><td><a href=\"https:\/\/www.trend-networks.com\/fr\/produit\/vdv-ii-series\/\">&nbsp;VDV II<\/a><\/td><\/tr><tr><td>&nbsp;SignalTEK&nbsp;<\/td><td>&nbsp;SignalTEK II FO&nbsp;<\/td><\/tr><tr><td>&nbsp;MultiPRO GbE<\/td><td><a href=\"https:\/\/www.trend-networks.com\/fr\/produit\/unipro-mgig1-series\/\">&nbsp;UniPRO MGig1<\/a><\/td><\/tr><tr><td>&nbsp;MultiPRO SDH<\/td><td>&nbsp;Produit obsol\u00e8te<\/td><\/tr><tr><td>&nbsp;MultiPRO Copper<\/td><td>&nbsp;Produit obsol\u00e8te<\/td><\/tr><tr><td>&nbsp;MultiPRO ADSL\/VDSL<\/td><td>&nbsp;Produit obsol\u00e8te<\/td><\/tr><tr><td>&nbsp;UniPRO GbE<\/td><td>&nbsp;<a href=\"https:\/\/www.trend-networks.com\/fr\/produit\/unipro-mgig1-series\/\">UniPRO MGig1<\/a><\/td><\/tr><tr><td>&nbsp;UniPRO VOIP<\/td><td>&nbsp;LanXPLORER Pro<\/td><\/tr><tr><td>&nbsp;Aurora Presto<\/td><td>&nbsp;Produit obsol\u00e8te<\/td><\/tr><tr><td>&nbsp;Aurora Sonata<\/td><td>&nbsp;Produit obsol\u00e8te<\/td><\/tr><tr><td>&nbsp;Optical Multimeter<\/td><td>&nbsp;FiberMASTER<\/td><\/tr><tr><td>&nbsp;Optical Power Meter<\/td><td>&nbsp;FiberMASTER<\/td><\/tr><tr><td>&nbsp;Optical Light Source<\/td><td>&nbsp;FiberMASTER<\/td><\/tr><\/tbody><\/table><\/figure>\n\n\n\n<div class=\"wp-block-group\"><div class=\"wp-block-group__inner-container is-layout-flow wp-block-group-is-layout-flow\">\n<div style=\"height:60px\" aria-hidden=\"true\" class=\"wp-block-spacer\"><\/div>\n\n\n\n\n\n<h2 class=\"has-text-align-center in__fullwidth-tag-line wp-block-heading\">NOTRE PROMESSE<\/h2>\n\n\n\n<p class=\"has-text-align-center has-trend-dark-blue-color has-text-color\"><strong>La promesse d\u2019un support illimit\u00e9<\/strong> \u2013 Nous \u00e9talonnerons et r\u00e9parerons votre \u00e9quipement achet\u00e9 chez nous aussi longtemps que vous l&#8217;utiliserez *<\/p>\n\n\n\n<p class=\"has-text-align-center has-trend-dark-blue-color has-text-color\"><strong>Comptez sur vos r\u00e9sultats<\/strong> \u2013 TREND AnyWARE Cloud est le seul syst\u00e8me d&#8217;\u00e9dition de rapports professionnels pour la certification de c\u00e2blages et la qualification de r\u00e9seaux actifs..<\/p>\n\n\n\n<p class=\"has-text-align-center has-trend-dark-blue-color has-text-color\"><strong>Service rapide<\/strong> \u2013 Si nous ne pouvons pas r\u00e9pondre instantan\u00e9ment \u00e0 votre appel d&#8217;assistance technique, nous nous effor\u00e7ons de vous rappeler dans les deux heures *<\/p>\n\n\n\n<div style=\"height:30px\" aria-hidden=\"true\" class=\"wp-block-spacer\"><\/div>\n\n\n\n<div class=\"wp-block-buttons is-content-justification-center is-layout-flex wp-block-buttons-is-layout-flex\">\n<div class=\"wp-block-button\"><a class=\"wp-block-button__link\" href=\"https:\/\/www.trend-networks.com\/fr\/notre-promesse\/\">En savoir plus<\/a><\/div>\n<\/div>\n<\/div><\/div>\n\n\n\n        <\/div>\n    <\/div>\n<\/section>\n\n<section class=\"learning-hub-cta trend-standard-block fadein slideup\">\n\n    \n    \n    <div class=\"grid-container fluid\">\n        <div class=\"grid-x\">\n                            \n                                                            \n                    \n                                                            <div class=\"cell medium-6 padded \" style=\"background-image:url(https:\/\/www.trend-networks.com\/wp-content\/uploads\/2021\/05\/Trend-Network-Learning-Hub.png);\">\n                                                <h1 class=\"trend-learning-hub\"><span class=\"trend\">TREND<\/span><span class=\"learning\">Articles<\/span> <span class=\"hub\">techniques<\/span><\/h1>\n<p class=\"subhead\">Vid\u00e9os, livres blancs et plus encore<\/p>\n                                                                                                                        <div class=\"button-wrap\"><a class=\"button button-one\" href=\"https:\/\/www.trend-networks.com\/fr\/learning-hub\/\" target=\"_self\">Plus encore<\/a><\/div>                    <\/div>\n                    \n                \n                                                            \n                    \n                                                            <div class=\"cell medium-6 padded \" style=\"background-image:url(https:\/\/www.trend-networks.com\/wp-content\/uploads\/2021\/06\/signaltek-homepage-cta-fr.jpg);\">\n                                                <h2>SOLUTIONNEZ-LES AVEC LES SIGNALTEK 10G<\/h2>\n                                                                                                                        <div class=\"button-wrap\"><a class=\"button button-one\" href=\"https:\/\/www.trend-networks.com\/fr\/produit\/signaltek-10g\/\" target=\"_self\">En Saviour Plus<\/a><\/div>                    <\/div>\n                    \n                   \n                    <\/div>\n    <\/div>\n\n<\/section>\n\n<section class=\"grid-container section\">\n    <div class=\"grid-x\">\n        <div class=\"small-12 medium-12 large-12 cell inner-content\">\n\n\n\n        <\/div>\n    <\/div>\n<\/section>\n\n<section id=\"trend-about-latest\" class=\"in__cta-footer trend-standard-block fadein slideup\">\n\n    \n    \n    <div class=\"grid-container fluid\">\n        <div class=\"grid-x\">\n                            \n                                                            \n                    \n                                                            <div class=\"cell medium-6 padded \" style=\"background-color:#f5f5f5;\">\n                                                <h2>\u00c0 PROPOS TREND Networks<\/h2>\n                                                                                                                        <div class=\"button-wrap\"><a class=\"button button-one\" href=\"https:\/\/www.trend-networks.com\/fr\/a-propos-de-trend-networks\/\" target=\"_self\">En savoir plus<\/a><\/div>                    <\/div>\n                    \n                \n                                                            \n                    \n                                                            <div class=\"cell medium-6 padded  background-dark\" style=\"background-color:#1c408c;\">\n                                                <h2>Derniers Articles<\/h2>\n                                                                                                                        <div class=\"button-wrap\"><a class=\"button button-one\" href=\"https:\/\/www.trend-networks.com\/fr\/actualites\/\" target=\"_self\">En savoir plus<\/a><\/div>                    <\/div>\n                    \n                   \n                    <\/div>\n    <\/div>\n\n<\/section>\n\n<section class=\"grid-container section\">\n    <div class=\"grid-x\">\n        <div class=\"small-12 medium-12 large-12 cell inner-content\">\n","protected":false},"excerpt":{"rendered":"<p>PRODUITS OBSOL\u00c8TES Veuillez trouver ci-dessous la liste des produits r\u00e9cemment remplac\u00e9s avec les alternatives disponibles.&nbsp;&#8230;<\/p>\n","protected":false},"author":1,"featured_media":0,"parent":34115,"menu_order":122,"comment_status":"closed","ping_status":"closed","template":"","meta":{"_acf_changed":false,"inline_featured_image":false,"_glsr_average":0,"_glsr_ranking":0,"_glsr_reviews":0,"footnotes":""},"class_list":["post-34354","page","type-page","status-publish","hentry"],"acf":[],"_links":{"self":[{"href":"https:\/\/www.trend-networks.com\/fr\/wp-json\/wp\/v2\/pages\/34354","targetHints":{"allow":["GET"]}}],"collection":[{"href":"https:\/\/www.trend-networks.com\/fr\/wp-json\/wp\/v2\/pages"}],"about":[{"href":"https:\/\/www.trend-networks.com\/fr\/wp-json\/wp\/v2\/types\/page"}],"author":[{"embeddable":true,"href":"https:\/\/www.trend-networks.com\/fr\/wp-json\/wp\/v2\/users\/1"}],"replies":[{"embeddable":true,"href":"https:\/\/www.trend-networks.com\/fr\/wp-json\/wp\/v2\/comments?post=34354"}],"version-history":[{"count":1,"href":"https:\/\/www.trend-networks.com\/fr\/wp-json\/wp\/v2\/pages\/34354\/revisions"}],"predecessor-version":[{"id":86942,"href":"https:\/\/www.trend-networks.com\/fr\/wp-json\/wp\/v2\/pages\/34354\/revisions\/86942"}],"up":[{"embeddable":true,"href":"https:\/\/www.trend-networks.com\/fr\/wp-json\/wp\/v2\/pages\/34115"}],"wp:attachment":[{"href":"https:\/\/www.trend-networks.com\/fr\/wp-json\/wp\/v2\/media?parent=34354"}],"curies":[{"name":"wp","href":"https:\/\/api.w.org\/{rel}","templated":true}]}}