{"id":34327,"date":"2019-05-03T12:19:15","date_gmt":"2019-05-03T11:19:15","guid":{"rendered":"https:\/\/www.trend-networks.com\/support\/register-product\/"},"modified":"2022-03-10T10:07:45","modified_gmt":"2022-03-10T10:07:45","slug":"register-product","status":"publish","type":"page","link":"https:\/\/www.trend-networks.com\/fr\/support\/register-product\/","title":{"rendered":"ENREGISTREMENT DES PRODUITS"},"content":{"rendered":"\n<h1 class=\"wp-block-heading\">ENREGISTREMENT DES PRODUITS<\/h1>\n\n\n\n<p>Merci d\u2019avoir achet\u00e9 nos produits. Nous esp\u00e9rons qu\u2019ils vous serviront de nombreuses ann\u00e9es. Nous serions reconnaissants si vous pouviez prendre quelques minutes et enregistrer votre achat. Cela nous permettra de vous envoyez d\u2019importantes mise \u00e0 jour sur vos testeurs et informations. De plus, il vous sera plus facile de contacter notre \u00e9quipe technique. Toutes informations communiqu\u00e9es resteront priv\u00e9es et ne seront pas partag\u00e9s avec d\u2019autres entreprises.<\/p>\n\n\n\n<div style=\"height:60px\" aria-hidden=\"true\" class=\"wp-block-spacer\"><\/div>\n\n\n\n<form class=\"in__form\" method=\"post\">\n\t<fieldset>\n\t\t<legend>Your details<\/legend>\n\t\t\t\t<div class=\"in__column-container\">\n\t\t    <div class=\"in__column-1-2\">\n\t\t    \t<label for=\"firstname\" class=\"required-field\">Pr\u00e9nom<\/label>\n\t\t        <input name=\"firstname\" type=\"text\" placeholder=\"Pr\u00e9nom *\" required=\"required\">\n\t\t    <\/div>\n\t\t    <div class=\"in__column-1-2\">\n\t\t    \t<label for=\"lastname\" class=\"required-field\">Nom<\/label>\n\t\t        <input name=\"lastname\" type=\"text\" placeholder=\"Nom *\" required=\"required\">\n\t\t    <\/div>\n\t\t<\/div>\n\t\t<div class=\"in__column-container\">\n\t\t    <div class=\"in__column-1-2\" class=\"required-field\">\n\t\t    \t<label for=\"company\" class=\"required-field\">Nom de la soci\u00e9t\u00e9<\/label>\n\t\t        <input name=\"company\" type=\"text\" placeholder=\"Nom de la soci\u00e9t\u00e9 *\" required=\"required\">\n\t\t    <\/div>\n\t\t    <div class=\"in__column-1-2\">\n\t\t    \t<label for=\"position\" class=\"required-field\">Position<\/label>\n\t\t        <input name=\"position\" type=\"text\" placeholder=\"Position *\" required=\"required\">\n\t\t    <\/div>\n\t\t<\/div>\n\t\t<div class=\"in__column-container\">\n\t\t    <div class=\"in__column-1-2\">\n\t\t    \t<label for=\"address\" class=\"required-field\">Adresse 1<\/label>\n\t\t        <input name=\"address\" type=\"text\" placeholder=\"Adresse 1 *\" required=\"required\">\n\t\t    <\/div>\n\t\t    <div class=\"in__column-1-2\">\n\t\t    \t<label for=\"address1\" class=\"required-field\">Adresse 2<\/label>\n\t\t        <input name=\"address1\" type=\"text\" placeholder=\"Adresse 2 *\" required=\"required\">\n\t\t    <\/div>\n\t\t<\/div>\n\t\t<div class=\"in__column-container\">\n\t\t    <div class=\"in__column-1-2\">\n\t\t    \t<label for=\"town\/city\" class=\"required-field\">Ville<\/label>\n\t\t        <input class=\"join\" name=\"town\/city\" type=\"text\" placeholder=\"Ville *\" required=\"required\">\n\t\t    <\/div>\n\t\t    <div class=\"in__column-1-2\">\n\t\t    \t\n\t\t\t\t\t\t\t\t<label for=\"county\" class=\"required-field\">D\u00e9partement<\/label>\n\t\t        <input class=\"join\" name=\"state\" type=\"text\" placeholder=\"D\u00e9partement *\" required=\"required\">\n\t\t\t\t\t\t    <\/div>\n\t\t<\/div>\n\t\t<div class=\"in__column-container\">\n\t\t\t<div class=\"in__column-1-2\">\n\t    \t\t<label for=\"postcode\" class=\"required-field\">Code postal<\/label>\n\t        \t<input name=\"postcode\" type=\"text\" placeholder=\"Code postal *\" required=\"required\">\n\t        <\/div>\n\t\t    <div class=\"in__column-1-2\">\n\t\t    \t\t    <div>\n\t    \t<label aria-label=\"Select Country\" for=\"country\" class=\"required-field\">Pays<\/label>\n\t        <select name=\"country\" required=\"required\">\n\t        \t\t            <option value=\"\">Pays *<\/option>\n\n\n\n\t            \n\t\t\t\t\t\t<option value=\"DZ\">Alg\u00e9rie<\/option>\n\n\t\t\t\t\t\t<option value=\"BM\">Bermudes<\/option>\n\n\t\t\t\t\t\t<option value=\"BJ\">B\u00e9nin<\/option>\n\n\t\t\t\t\t\t<option value=\"CM\">Cameroun<\/option>\n\n\t\t\t\t\t\t<option value=\"CV\">Cap vert<\/option>\n\n\t\t\t\t\t\t<option value=\"CF\">Centrafrique<\/option>\n\n\t\t\t\t\t\t<option value=\"CI\">C\u00f4te d'Ivoire<\/option>\n\n\t\t\t\t\t\t<option value=\"FR\">France<\/option>\n\n\t\t\t\t\t\t<option value=\"GA\">Gabon<\/option>\n\n\t\t\t\t\t\t<option value=\"GM\">Gambie<\/option>\n\n\t\t\t\t\t\t<option value=\"GH\">Ghana<\/option>\n\n\t\t\t\t\t\t<option value=\"GN\">Guin\u00e9e<\/option>\n\n\t\t\t\t\t\t<option value=\"GW\">Guin\u00e9e Bissau<\/option>\n\n\t\t\t\t\t\t<option value=\"LU\">Luxembourg<\/option>\n\n\t\t\t\t\t\t<option value=\"MG\">Madagascar<\/option>\n\n\t\t\t\t\t\t<option value=\"ML\">Mali<\/option>\n\n\t\t\t\t\t\t<option value=\"MA\">Maroc<\/option>\n\n\t\t\t\t\t\t<option value=\"MR\">Mauritanie<\/option>\n\n\t\t\t\t\t\t<option value=\"MC\">Monaco<\/option>\n\n\t\t\t\t\t\t<option value=\"MN\">Mongolie<\/option>\n\n\t\t\t\t\t\t<option value=\"NE\">Niger<\/option>\n\n\t\t\t\t\t\t<option value=\"CD\">R\u00e9publique d\u00e9mocratique du Congo<\/option>\n\n\t\t\t\t\t\t<option value=\"CG\">R\u00e9publique du Congo<\/option>\n\n\t\t\t\t\t\t<option value=\"SN\">S\u00e9n\u00e9gal<\/option>\n\n\t\t\t\t\t\t<option value=\"TD\">Tchad<\/option>\n\n\t\t\t\t\t\t<option value=\"TG\">Togo<\/option>\n\n\t\t\t\t\t\t<option value=\"TN\">Tunisie<\/option>\n\n\t\t\t\t\t\t\t        <\/select>\n\t    <\/div>\t\t    <\/div>\n\t\t<\/div>\n\t    <div class=\"in__column-container\">\n\t        <div class=\"in__column-1-2\">\n\t        \t<label for=\"telephone\" class=\"required-field\">T\u00e9l\u00e9phone<\/label>\n\t        \t<input name=\"telephone\" type=\"text\" placeholder=\"T\u00e9l\u00e9phone *\" required=\"required\">\n\t        <\/div>\n\t    \t<div class=\"in__column-1-2\" class=\"required-field\">\n\t    \t\t<label for=\"email\" class=\"required-field\">Email addresse<\/label>\n\t        \t<input name=\"email\" type=\"email\" placeholder=\"Email addresse *\" required=\"required\">\n\t    \t<\/div>\n\t    <\/div>\n\t<\/fieldset>\n\t<fieldset>\n\t\t<legend>Product details<\/legend>\n\t    <div>\n\t    \t<label for=\"product\" class=\"required-field\">Produit<\/label>\n\t    \t\n        \n            <div>\n                \n                <select id=\"product\" name=\"product\">\n                   <option>-- S\u00e9lectionnez votre produit --<\/option>\n                   <option value=\"FIBERTEK IV - ADAPTATEURS DE CERTIFICATION FIBRE POUR LE LANTEK IV-S\" data-grouped=\"1\">FIBERTEK IV - ADAPTATEURS DE CERTIFICATION FIBRE POUR LE LANTEK IV-S<\/option><option value=\"FIBERMASTER \/ SOURCE LUMINEUSE \u2013 NOUVEAU\" data-grouped=\"1\">FiberMASTER \/ Source lumineuse \u2013 NOUVEAU<\/option><option value=\"FIBERMASTER OTDR GAMME MOYENNE - NOUVEAU\" data-grouped=\"1\">FiberMASTER OTDR gamme moyenne - NOUVEAU<\/option><option value=\"FIBERMASTER SERIES\" data-grouped=\"1\">FiberMASTER Series<\/option><option value=\"G\u00e9N\u00e9RATEUR DE TONALIT\u00e9 ET SONDE AMPLIFICATRICE\" data-grouped=\"1\">G\u00e9n\u00e9rateur de tonalit\u00e9 et sonde amplificatrice<\/option><option value=\"KIT TRACEUR DE CABLES SONORES\" data-grouped=\"1\">KIT TRACEUR DE CABLES SONORES<\/option><option value=\"LANTEK IV CERTIFICATEUR DE C\u00c2BLES\" data-grouped=\"1\">LANTEK IV CERTIFICATEUR DE C\u00c2BLES<\/option><option value=\"LANXPLORER PRO - ANALYSEUR DE R\u00c9SEAU LAN EN LIGNE\" data-grouped=\"1\">LanXPLORER Pro - ANALYSEUR DE R\u00c9SEAU LAN EN LIGNE<\/option><option value=\"NAVITEK NT - VERIFICATEUR DE C\u00c2BLE R\u00c9SEAU\" data-grouped=\"1\">NAVITEK NT - VERIFICATEUR DE C\u00c2BLE R\u00c9SEAU<\/option><option value=\"SIGNALTEK 10G - TESTEUR DE BANDE PASSANTE C\u00c2BLAGE ETHERNET\" data-grouped=\"1\">SIGNALTEK 10G - TESTEUR DE BANDE PASSANTE C\u00c2BLAGE ETHERNET<\/option><option value=\"SIGNALTEK NT - TESTEUR DE TRANSMISSION R\u00e9SEAU - ACTIF ET PASSIF\" data-grouped=\"1\">SIGNALTEK NT - Testeur de transmission r\u00e9seau - Actif et passif<\/option><option value=\"S\u00e9RIE SIGNALTEK QT POUR LA QUALIFICATION DES C\u00e2BLES\" data-grouped=\"1\">S\u00e9rie SignalTEK QT pour la qualification des c\u00e2bles<\/option><option value=\"S\u00e9RIE DE FUSIONNEUSES FIBERMASTER\" data-grouped=\"1\">S\u00e9rie de Fusionneuses FiberMASTER<\/option><option value=\"TESTEUR DE C\u00c2BLAGE ET POE AVEC \u00c9DITION DE RAPPORTS PDF\" data-grouped=\"1\">TESTEUR DE C\u00c2BLAGE ET POE AVEC \u00c9DITION DE RAPPORTS PDF<\/option><option value=\"UNIPRO MGIG1 SERIES\" data-grouped=\"1\">UniPRO MGig1 Series<\/option><option value=\"VDV II - TESTEURS\/V\u00c9RIFICATEURS DE C\u00c2BLES\" data-grouped=\"1\">VDV II - TESTEURS\/V\u00c9RIFICATEURS DE C\u00c2BLES<\/option>\n                <\/select>\n            <\/div>\n        \n        <!-- Array\n(\n    [0] => 29532\n    [1] => 29436\n    [2] => 143107\n    [3] => 29425\n    [4] => 61029\n    [5] => 46073\n    [6] => 32158\n    [7] => 29426\n    [8] => 85361\n    [9] => 69506\n    [10] => 29471\n    [11] => 54172\n    [12] => 79527\n    [13] => 29473\n    [14] => 79536\n    [15] => 132183\n)\n -->\n<!--  -->\t    <\/div>\n\t    <div class=\"in__column-container\">\n\t        <div class=\"in__column-1-2\">\n\t\t    \t<label for=\"productserialnumber\" class=\"required-field\">Num\u00e9ro(s) de s\u00e9rie<\/label>\n\t\t        <input name=\"productserialnumber\" type=\"text\" placeholder=\"Num\u00e9ro(s) de s\u00e9rie *\" required=\"required\"\/>\n\t\t    <\/div>\n\t\t    <div class=\"in__column-1-2 serialnoslash\">\n\t\t    \t\/\n\t\t    <\/div>\n\t        <div class=\"in__column-1-2\">\n\t        \t<label>&nbsp;<\/label>\n\t\t        <input name=\"productserialnumber2\" type=\"text\" placeholder=\"Num\u00e9ro(s) de s\u00e9rie *\" required=\"required\"\/>\n\t\t    <\/div>\t\t    \n\t    <\/div>\n\t    <div>\n\t    \t[datetimepicker]\t    \t<label for=\"date\" class=\"required-field\">Date d'achat (jj-mm-aa)<\/label>\n\t        <input id=\"date\" name=\"date of purchase\" type=\"text\" placeholder=\"Date d'achat (jj-mm-aa) *\" class=\"in__form-field-datepicker\" required=\"required\">\n\t        \t    <\/div>\n\t    <div>\n\t    \t<label for=\"where purchase\" class=\"required-field\">O\u00f9 avez-vous achet\u00e9 votre appareil?<\/label>\n\t        <input name=\"where purchase\" type=\"text\" placeholder=\"O\u00f9 avez-vous achet\u00e9 votre appareil? *\" required=\"required\">\n\t    <\/div>\n\t    <div>\n\t    \t<label for=\"where found\" class=\"required-field\">Comment entendez-vous parler de nouveaux produits?<\/label>\n\t        <input name=\"where found\" type=\"text\" placeholder=\"Comment entendez-vous parler de nouveaux produits? *\" required=\"required\">\n\t    <\/div>\n\t    <div>\n\t    \t<label for=\"main application\" class=\"required-field\">Quelle est la principale utilisation de votre testeur?<\/label>\n\t        <input name=\"main application\" type=\"text\" placeholder=\"Quelle est la principale utilisation de votre testeur? *\" required=\"required\">\n\t    <\/div>\n\t\t<div id=\"pot-field\" style=\"opacity:0;z-index:-1;pointer-events:none;position:absolute;height:0;width:0;\">\n\t<input name=\"business\" type=\"text\" id=\"business\" autocomplete=\"off\" tabindex=\"-1\">\n<\/div>\t    <div>\n\t    \t\t        <div style=\"display:flex;margin-bottom:1.5rem;\">\n\t            <label class=\"large-text inline\" for=\"keepme\">Merci de me tenir inform\u00e9(e) de vos derni\u00e8res nouveaut\u00e9s<\/label><input name=\"keepme\" id=\"keepme\" value=\"yes\" type=\"checkbox\" class=\"in__form-stylised\">\n\t        <\/div>\t    <\/div> \n\t    <div>\n\t    \t<div class=\"g-recaptcha\" data-sitekey=\"6LfgrIQaAAAAAEeCo_3ch-CG0SNb9IAgi8dcx2RH\"><\/div>\t    <\/div>\n\t<\/fieldset>\n\t<div>\n\t    \t<input type=\"hidden\" name=\"message\" value=\"\">\n\t    \t<input type=\"hidden\" name=\"support type\" value=\"\">\n\n\t\t\t<input type=\"hidden\" name=\"handler\" value=\"productRegistration\"\/>\n\t\t\t<input type=\"hidden\" name=\"region_code\" value=\"fr\"\/>\n\t\t\t<input type=\"hidden\" name=\"security\" value=\"dfaa930adb\"\/>\n\n\t    \t<span><input type=\"submit\" class=\"btn yellow\" value=\"Submit\"><\/span>\n\t<\/div>\n\t\n<\/form>\n\n\n\n<div class=\"wp-block-group\"><div class=\"wp-block-group__inner-container is-layout-flow wp-block-group-is-layout-flow\">\n<div style=\"height:60px\" aria-hidden=\"true\" class=\"wp-block-spacer\"><\/div>\n\n\n\n\n\n<h2 class=\"has-text-align-center in__fullwidth-tag-line wp-block-heading\">NOTRE PROMESSE<\/h2>\n\n\n\n<p class=\"has-text-align-center has-trend-dark-blue-color has-text-color\"><strong>La promesse d\u2019un support illimit\u00e9<\/strong> \u2013 Nous \u00e9talonnerons et r\u00e9parerons votre \u00e9quipement achet\u00e9 chez nous aussi longtemps que vous l&#8217;utiliserez *<\/p>\n\n\n\n<p class=\"has-text-align-center has-trend-dark-blue-color has-text-color\"><strong>Comptez sur vos r\u00e9sultats<\/strong> \u2013 TREND AnyWARE Cloud est le seul syst\u00e8me d&#8217;\u00e9dition de rapports professionnels pour la certification de c\u00e2blages et la qualification de r\u00e9seaux actifs..<\/p>\n\n\n\n<p class=\"has-text-align-center has-trend-dark-blue-color has-text-color\"><strong>Service rapide<\/strong> \u2013 Si nous ne pouvons pas r\u00e9pondre instantan\u00e9ment \u00e0 votre appel d&#8217;assistance technique, nous nous effor\u00e7ons de vous rappeler dans les deux heures *<\/p>\n\n\n\n<div style=\"height:30px\" aria-hidden=\"true\" class=\"wp-block-spacer\"><\/div>\n\n\n\n<div class=\"wp-block-buttons is-content-justification-center is-layout-flex wp-block-buttons-is-layout-flex\">\n<div class=\"wp-block-button\"><a class=\"wp-block-button__link\" href=\"https:\/\/www.trend-networks.com\/fr\/notre-promesse\/\">En savoir plus<\/a><\/div>\n<\/div>\n<\/div><\/div>\n\n\n\n        <\/div>\n    <\/div>\n<\/section>\n\n<section class=\"learning-hub-cta trend-standard-block fadein slideup\">\n\n    \n    \n    <div class=\"grid-container fluid\">\n        <div class=\"grid-x\">\n                            \n                                                            \n                    \n                                                            <div class=\"cell medium-6 padded \" style=\"background-image:url(https:\/\/www.trend-networks.com\/wp-content\/uploads\/2021\/05\/Trend-Network-Learning-Hub.png);\">\n                                                <h1 class=\"trend-learning-hub\"><span class=\"trend\">TREND<\/span><span class=\"learning\">Articles<\/span> <span class=\"hub\">techniques<\/span><\/h1>\n<p class=\"subhead\">Vid\u00e9os, livres blancs et plus encore<\/p>\n                                                                                                                        <div class=\"button-wrap\"><a class=\"button button-one\" href=\"https:\/\/www.trend-networks.com\/fr\/learning-hub\/\" target=\"_self\">Plus encore<\/a><\/div>                    <\/div>\n                    \n                \n                                                            \n                    \n                                                            <div class=\"cell medium-6 padded \" style=\"background-image:url(https:\/\/www.trend-networks.com\/wp-content\/uploads\/2021\/06\/signaltek-homepage-cta-fr.jpg);\">\n                                                <h2>SOLUTIONNEZ-LES AVEC LES SIGNALTEK 10G<\/h2>\n                                                                                                                        <div class=\"button-wrap\"><a class=\"button button-one\" href=\"https:\/\/www.trend-networks.com\/fr\/produit\/signaltek-10g\/\" target=\"_self\">En Saviour Plus<\/a><\/div>                    <\/div>\n                    \n                   \n                    <\/div>\n    <\/div>\n\n<\/section>\n\n<section class=\"grid-container section\">\n    <div class=\"grid-x\">\n        <div class=\"small-12 medium-12 large-12 cell inner-content\">\n\n\n\n        <\/div>\n    <\/div>\n<\/section>\n\n<section id=\"trend-about-latest\" class=\"in__cta-footer trend-standard-block fadein slideup\">\n\n    \n    \n    <div class=\"grid-container fluid\">\n        <div class=\"grid-x\">\n                            \n                                                            \n                    \n                                                            <div class=\"cell medium-6 padded \" style=\"background-color:#f5f5f5;\">\n                                                <h2>\u00c0 PROPOS TREND Networks<\/h2>\n                                                                                                                        <div class=\"button-wrap\"><a class=\"button button-one\" href=\"https:\/\/www.trend-networks.com\/fr\/a-propos-de-trend-networks\/\" target=\"_self\">En savoir plus<\/a><\/div>                    <\/div>\n                    \n                \n                                                            \n                    \n                                                            <div class=\"cell medium-6 padded  background-dark\" style=\"background-color:#1c408c;\">\n                                                <h2>Derniers Articles<\/h2>\n                                                                                                                        <div class=\"button-wrap\"><a class=\"button button-one\" href=\"https:\/\/www.trend-networks.com\/fr\/actualites\/\" target=\"_self\">En savoir plus<\/a><\/div>                    <\/div>\n                    \n                   \n                    <\/div>\n    <\/div>\n\n<\/section>\n\n<section class=\"grid-container section\">\n    <div class=\"grid-x\">\n        <div class=\"small-12 medium-12 large-12 cell inner-content\">\n","protected":false},"excerpt":{"rendered":"<p>ENREGISTREMENT DES PRODUITS Merci d\u2019avoir achet\u00e9 nos produits. Nous esp\u00e9rons qu\u2019ils vous serviront de nombreuses&nbsp;&#8230;<\/p>\n","protected":false},"author":1,"featured_media":0,"parent":34115,"menu_order":107,"comment_status":"closed","ping_status":"closed","template":"","meta":{"_acf_changed":false,"inline_featured_image":false,"_glsr_average":0,"_glsr_ranking":0,"_glsr_reviews":0,"footnotes":""},"class_list":["post-34327","page","type-page","status-publish","hentry"],"acf":[],"_links":{"self":[{"href":"https:\/\/www.trend-networks.com\/fr\/wp-json\/wp\/v2\/pages\/34327","targetHints":{"allow":["GET"]}}],"collection":[{"href":"https:\/\/www.trend-networks.com\/fr\/wp-json\/wp\/v2\/pages"}],"about":[{"href":"https:\/\/www.trend-networks.com\/fr\/wp-json\/wp\/v2\/types\/page"}],"author":[{"embeddable":true,"href":"https:\/\/www.trend-networks.com\/fr\/wp-json\/wp\/v2\/users\/1"}],"replies":[{"embeddable":true,"href":"https:\/\/www.trend-networks.com\/fr\/wp-json\/wp\/v2\/comments?post=34327"}],"version-history":[{"count":1,"href":"https:\/\/www.trend-networks.com\/fr\/wp-json\/wp\/v2\/pages\/34327\/revisions"}],"predecessor-version":[{"id":86909,"href":"https:\/\/www.trend-networks.com\/fr\/wp-json\/wp\/v2\/pages\/34327\/revisions\/86909"}],"up":[{"embeddable":true,"href":"https:\/\/www.trend-networks.com\/fr\/wp-json\/wp\/v2\/pages\/34115"}],"wp:attachment":[{"href":"https:\/\/www.trend-networks.com\/fr\/wp-json\/wp\/v2\/media?parent=34327"}],"curies":[{"name":"wp","href":"https:\/\/api.w.org\/{rel}","templated":true}]}}