{"id":34235,"date":"2019-04-02T09:29:39","date_gmt":"2019-04-02T08:29:39","guid":{"rendered":"https:\/\/www.trend-networks.com\/support\/downloads\/quick-reference-guides\/"},"modified":"2021-08-25T19:40:22","modified_gmt":"2021-08-25T18:40:22","slug":"guide-de-prise-en-main","status":"publish","type":"page","link":"https:\/\/www.trend-networks.com\/fr\/support\/telechargements\/guide-de-prise-en-main\/","title":{"rendered":"Guide de prise en main"},"content":{"rendered":"\n<h1 class=\"wp-block-heading\">Guide de prise en main<\/h1>\n\n\n<div class=\"login-logout-container\"><ul id=\"menu-login-logout-fr\" class=\"in__menu-account-management\"><li id=\"menu-item-48791\" class=\"xoo-el-login-tgr in__icon-key in__icon-menu menu-item menu-item-type-custom menu-item-object-custom menu-item-48791\"><a>Login<\/a><\/li>\n<\/ul><\/div>\n\n\n\n        <\/div>\n    <\/div>\n<\/section>\n\n<section   class=\"in__latest-navigation fullwidth-menu\">\n    <div class=\"menu-downloads-section-menu-fr-container\"><ul id=\"menu-downloads-section-menu-fr\" class=\"menu\"><li id=\"menu-item-42366\" class=\"menu-item menu-item-type-post_type menu-item-object-page menu-item-42366\"><a href=\"https:\/\/www.trend-networks.com\/fr\/support\/telechargements\/\">Voir tout<\/a><\/li>\n<li id=\"menu-item-43789\" class=\"menu-item menu-item-type-post_type menu-item-object-page menu-item-43789\"><a href=\"https:\/\/www.trend-networks.com\/fr\/support\/telechargements\/manuels\/\">Manuels<\/a><\/li>\n<li id=\"menu-item-42369\" class=\"menu-item menu-item-type-post_type menu-item-object-page menu-item-42369\"><a href=\"https:\/\/www.trend-networks.com\/fr\/support\/telechargements\/guide-de-prise-en-main\/\">Guide de prise en main<\/a><\/li>\n<li id=\"menu-item-42370\" class=\"menu-item menu-item-type-post_type menu-item-object-page menu-item-42370\"><a href=\"https:\/\/www.trend-networks.com\/fr\/support\/telechargements\/logiciels\/\">Logiciels<\/a><\/li>\n<li id=\"menu-item-42371\" class=\"menu-item menu-item-type-post_type menu-item-object-page menu-item-42371\"><a href=\"https:\/\/www.trend-networks.com\/fr\/support\/telechargements\/documentations\/\">Documentations<\/a><\/li>\n<\/ul><\/div><\/section>\n\n<section class=\"grid-container section\">\n    <div class=\"grid-x\">\n        <div class=\"small-12 medium-12 large-12 cell inner-content\">\n\n\n\n\n<section  class=\"trend-downloads-hub\">\n    <div id=\"downloads-filter-results\" class=\"grid-x\">\n        <div class=\"in__sidebar-title\">\n            <button id=\"in__section_download_sidebar_toggle\"><h3>Filtres en cours<\/h3><\/button>\n        <\/div>\n        <div id=\"sidebar\" class=\"cell large-3\">\n            <div id=\"in__sidebar-title\">\n                <h3>Filtres en cours<\/h3>                <p><button id=\"in__section_download_sidebar_close\">Close<\/button><\/p>\n            <\/div>\n            <div class=\"in__filter-sidebar\">\n                <div class=\"in__filter-sidebar\"><form action=\"\" method=\"get\" class=\"alm-filters-container\"><div class=\"alm-filter\"><div class=\"alm-filter--title\"><h3>Produit<\/h3><\/div><ul><li><input type=\"radio\" value=\"\" name=\"product_tag\" id=\"all_products\"\/><label for=\"all_products\">Tout<\/label><\/li><li class=\"alm-filter--checkbox\"><input type=\"radio\" id=\"fibermaster-fusion-splicers-fr\" name=\"product_tag\" value=\"fibermaster-fusion-splicers-fr\"  data-pr-id=\"2919\" data-pr-count=\"1\"\/><label for=\"fibermaster-fusion-splicers-fr\" class=\"\">FiberMASTER Fusion Splicers<\/label><\/li><li class=\"alm-filter--checkbox\"><input type=\"radio\" id=\"fibermaster-fr\" name=\"product_tag\" value=\"fibermaster-fr\"  data-pr-id=\"1050\" data-pr-count=\"1\"\/><label for=\"fibermaster-fr\" class=\"\">FiberMASTER Testers<\/label><\/li><li class=\"alm-filter--checkbox\"><input type=\"radio\" id=\"fibertek-iii-fr\" name=\"product_tag\" value=\"fibertek-iii-fr\"  data-pr-id=\"1064\" data-pr-count=\"1\"\/><label for=\"fibertek-iii-fr\" class=\"\">FiberTEK III<\/label><\/li><li class=\"alm-filter--checkbox\"><input type=\"radio\" id=\"lantek-iii-fr\" name=\"product_tag\" value=\"lantek-iii-fr\"  data-pr-id=\"1063\" data-pr-count=\"1\"\/><label for=\"lantek-iii-fr\" class=\"\">LanTEK III<\/label><\/li><li class=\"alm-filter--checkbox\"><input type=\"radio\" id=\"lantek-iv-fr\" name=\"product_tag\" value=\"lantek-iv-fr\"  data-pr-id=\"2574\" data-pr-count=\"2\"\/><label for=\"lantek-iv-fr\" class=\"\">LanTEK IV<\/label><\/li><li class=\"alm-filter--checkbox\"><input type=\"radio\" id=\"lantek-iv-s-fr\" name=\"product_tag\" value=\"lantek-iv-s-fr\"  data-pr-id=\"2817\" data-pr-count=\"2\"\/><label for=\"lantek-iv-s-fr\" class=\"\">LanTEK IV-S<\/label><\/li><li class=\"alm-filter--checkbox\"><input type=\"radio\" id=\"lanxplorer-fr\" name=\"product_tag\" value=\"lanxplorer-fr\"  data-pr-id=\"1051\" data-pr-count=\"1\"\/><label for=\"lanxplorer-fr\" class=\"\">LanXPLORER Pro<\/label><\/li><li class=\"alm-filter--checkbox\"><input type=\"radio\" id=\"navitek-nt-fr\" name=\"product_tag\" value=\"navitek-nt-fr\"  data-pr-id=\"1111\" data-pr-count=\"1\"\/><label for=\"navitek-nt-fr\" class=\"\">NaviTEK NT<\/label><\/li><li class=\"alm-filter--checkbox\"><input type=\"radio\" id=\"securitest-ip-fr\" name=\"product_tag\" value=\"securitest-ip-fr\"  data-pr-id=\"1065\" data-pr-count=\"1\"\/><label for=\"securitest-ip-fr\" class=\"\">SecuriTEST IP<\/label><\/li><li class=\"alm-filter--checkbox\"><input type=\"radio\" id=\"signaltek-nt-fr\" name=\"product_tag\" value=\"signaltek-nt-fr\"  data-pr-id=\"1276\" data-pr-count=\"1\"\/><label for=\"signaltek-nt-fr\" class=\"\">SignalTEK NT<\/label><\/li><li class=\"alm-filter--checkbox\"><input type=\"radio\" id=\"signaltek-qt-fr\" name=\"product_tag\" value=\"signaltek-qt-fr\"  data-pr-id=\"2949\" data-pr-count=\"1\"\/><label for=\"signaltek-qt-fr\" class=\"\">SignalTEK QT<\/label><\/li><\/ul><\/div><div class=\"alm-filter\"><div class=\"alm-filter--title\"><h3>Langue<\/h3><\/div><ul><li class=\"reset-field\"><input type=\"radio\" value=\"\" name=\"language\" id=\"all_lang\"\/><label for=\"all_lang\">Tout<\/label><\/li><li class=\"alm-filter--checkbox\"><input type=\"radio\" name=\"language\" id=\"allemand\" value=\"allemand\" \/><label for=\"allemand\" class=\"\">Allemand<\/label><\/li><li class=\"alm-filter--checkbox\"><input type=\"radio\" name=\"language\" id=\"americain-anglais\" value=\"americain-anglais\" \/><label for=\"americain-anglais\" class=\"\">Americain-anglais<\/label><\/li><li class=\"alm-filter--checkbox\"><input type=\"radio\" name=\"language\" id=\"anglais\" value=\"anglais\" \/><label for=\"anglais\" class=\"\">Anglais<\/label><\/li><li class=\"alm-filter--checkbox\"><input type=\"radio\" name=\"language\" id=\"canada-english-fr\" value=\"canada-english-fr\" \/><label for=\"canada-english-fr\" class=\"\">Anglais canadien<\/label><\/li><li class=\"alm-filter--checkbox\"><input type=\"radio\" name=\"language\" id=\"australia-english-fr\" value=\"australia-english-fr\" \/><label for=\"australia-english-fr\" class=\"\">Australie-anglais<\/label><\/li><li class=\"alm-filter--checkbox\"><input type=\"radio\" name=\"language\" id=\"chinoise\" value=\"chinoise\" \/><label for=\"chinoise\" class=\"\">Chinoise<\/label><\/li><li class=\"alm-filter--checkbox\"><input type=\"radio\" name=\"language\" id=\"danish-fr\" value=\"danish-fr\" \/><label for=\"danish-fr\" class=\"\">Danois<\/label><\/li><li class=\"alm-filter--checkbox\"><input type=\"radio\" name=\"language\" id=\"espagnol\" value=\"espagnol\" \/><label for=\"espagnol\" class=\"\">Espagnol<\/label><\/li><li class=\"alm-filter--checkbox\"><input type=\"radio\" name=\"language\" id=\"finnish-fr\" value=\"finnish-fr\" \/><label for=\"finnish-fr\" class=\"\">Finlandais<\/label><\/li><li class=\"alm-filter--checkbox\"><input type=\"radio\" name=\"language\" id=\"francais\" value=\"francais\" checked=\"checked\"\/><label for=\"francais\" class=\"\">Fran\u00e7ais<\/label><\/li><li class=\"alm-filter--checkbox\"><input type=\"radio\" name=\"language\" id=\"indien-anglais\" value=\"indien-anglais\" \/><label for=\"indien-anglais\" class=\"\">Indien-anglais<\/label><\/li><li class=\"alm-filter--checkbox\"><input type=\"radio\" name=\"language\" id=\"italien\" value=\"italien\" \/><label for=\"italien\" class=\"\">Italien<\/label><\/li><li class=\"alm-filter--checkbox\"><input type=\"radio\" name=\"language\" id=\"dutch-fr\" value=\"dutch-fr\" \/><label for=\"dutch-fr\" class=\"\">N\u00e9erlandais<\/label><\/li><li class=\"alm-filter--checkbox\"><input type=\"radio\" name=\"language\" id=\"norvegien\" value=\"norvegien\" \/><label for=\"norvegien\" class=\"\">Norv\u00e9gien<\/label><\/li><li class=\"alm-filter--checkbox\"><input type=\"radio\" name=\"language\" id=\"polonais\" value=\"polonais\" \/><label for=\"polonais\" class=\"\">Polonais<\/label><\/li><li class=\"alm-filter--checkbox\"><input type=\"radio\" name=\"language\" id=\"portugais\" value=\"portugais\" \/><label for=\"portugais\" class=\"\">Portugais<\/label><\/li><li class=\"alm-filter--checkbox\"><input type=\"radio\" name=\"language\" id=\"russe\" value=\"russe\" \/><label for=\"russe\" class=\"\">Russe<\/label><\/li><li class=\"alm-filter--checkbox\"><input type=\"radio\" name=\"language\" id=\"suedois\" value=\"suedois\" \/><label for=\"suedois\" class=\"\">Su\u00e9dois<\/label><\/li><\/ul><\/div><div><button type=\"button\" value=\"Reset\" class=\"btn blue in__reset-download-filters\">Effacer<\/button><\/div><\/form><\/div>\t\t\t<\/div>\n        <\/div>\n        <div class=\"cell large-9\">\n            <!--AnyWARE Desktop Manual &#8211; French--><!--FiberMASTER Fusion Splicer &#8211; Quick Reference Guide- FR--><!--FiberMASTER Quick Reference Guide &#8211; Multilanguage--><!--FiberTEK III LC Testing Guide de prise en main en Fran\u00e7ais--><!--LanTEK III uide de prise en main &#8211; French--><!--LanTEK IV Quick Reference Guide &#8211; Multilanguage--><!--LanTEK IV-S Quick Reference Guide &#8211; Multilanguage--><!--LanXPLORER Guide de prise en main en Fran\u00e7ais--><!--MPTL Quick Reference Guide for LanTEK IV &#8211; French--><!--NaviTEK NT Plus &#038; Pro Guide de prise en main en Fran\u00e7ais--><!--SecuriTEST IP Quick Reference Guide &#8211; Multilanguage--><!--SignalTEK NT Guide de prise en main en Fran\u00e7ais--><!--SignalTEK QT &#8211; QRG &#8211; French--><div class=\"in__document-grid\"><ul class=\"alm-paging-content\"><li class=\"in__download-grid-item no-img quick-reference-guide \"><a href=\"https:\/\/www.trend-networks.com\/wp-content\/uploads\/2022\/07\/AnyWARE-Desktop-Manual_A4_FR_2022.pdf\" download title=\"AnyWARE Desktop Manual &#8211; French\" aria-label=\"AnyWARE Desktop Manual &#8211; French\"><div class=\"in__download-grid-item-thumb quick-reference-guide \" ><\/div><h3 class=\"in__download-grid-item-title\">AnyWARE Desktop Manual &#8211; French<\/h3><div class=\"in__download-grid-item-link\"><span>T\u00e9l\u00e9charger Quick Reference Guide <\/span><\/div><\/a><\/li><li class=\"in__download-grid-item no-img quick-reference-guide \"><a href=\"https:\/\/www.trend-networks.com\/wp-content\/uploads\/2025\/01\/FiberMASTER-Fusion-Splicer-Series-QRG-Web-File-FR.pdf\" download title=\"FiberMASTER Fusion Splicer &#8211; Quick Reference Guide- FR\" aria-label=\"FiberMASTER Fusion Splicer &#8211; Quick Reference Guide- FR\"><div class=\"in__download-grid-item-thumb quick-reference-guide \" ><\/div><h3 class=\"in__download-grid-item-title\">FiberMASTER Fusion Splicer &#8211; Quick Reference Guide- FR<\/h3><div class=\"in__download-grid-item-link\"><span>T\u00e9l\u00e9charger Quick Reference Guide <\/span><\/div><\/a><\/li><li class=\"in__download-grid-item no-img quick-reference-guide \"><a href=\"https:\/\/www.trend-networks.com\/wp-content\/uploads\/2021\/11\/FiberMASTER-QRG_Multilanguage.pdf\" download title=\"FiberMASTER Quick Reference Guide &#8211; Multilanguage\" aria-label=\"FiberMASTER Quick Reference Guide &#8211; Multilanguage\"><div class=\"in__download-grid-item-thumb quick-reference-guide \" ><\/div><h3 class=\"in__download-grid-item-title\">FiberMASTER Quick Reference Guide &#8211; Multilanguage<\/h3><div class=\"in__download-grid-item-link\"><span>T\u00e9l\u00e9charger Quick Reference Guide <\/span><\/div><\/a><\/li><li class=\"in__download-grid-item no-img quick-reference-guide \"><a href=\"https:\/\/www.trend-networks.com\/wp-content\/uploads\/2019\/04\/FiberTEK_III_LC_Testing_QRG_FR_rev4_HR.pdf\" download title=\"FiberTEK III LC Testing Guide de prise en main en Fran\u00e7ais\" aria-label=\"FiberTEK III LC Testing Guide de prise en main en Fran\u00e7ais\"><div class=\"in__download-grid-item-thumb quick-reference-guide \" ><\/div><h3 class=\"in__download-grid-item-title\">FiberTEK III LC Testing Guide de prise en main en Fran\u00e7ais<\/h3><div class=\"in__download-grid-item-link\"><span>T\u00e9l\u00e9charger Quick Reference Guide <\/span><\/div><\/a><\/li><li class=\"in__download-grid-item no-img quick-reference-guide \"><a href=\"https:\/\/www.trend-networks.com\/wp-content\/uploads\/2019\/04\/LanTEKIII_QRG_Z-fold_FR_rev4_HR.pdf\" download title=\"LanTEK III uide de prise en main &#8211; French\" aria-label=\"LanTEK III uide de prise en main &#8211; French\"><div class=\"in__download-grid-item-thumb quick-reference-guide \" ><\/div><h3 class=\"in__download-grid-item-title\">LanTEK III uide de prise en main &#8211; French<\/h3><div class=\"in__download-grid-item-link\"><span>T\u00e9l\u00e9charger Quick Reference Guide <\/span><\/div><\/a><\/li><li class=\"in__download-grid-item no-img quick-reference-guide \"><a href=\"https:\/\/www.trend-networks.com\/wp-content\/uploads\/2019\/12\/LanTEK-IV_Quick-Reference-Guide_Multilanguage_163819.-Rev-1..pdf\" download title=\"LanTEK IV Quick Reference Guide &#8211; Multilanguage\" aria-label=\"LanTEK IV Quick Reference Guide &#8211; Multilanguage\"><div class=\"in__download-grid-item-thumb quick-reference-guide \" ><\/div><h3 class=\"in__download-grid-item-title\">LanTEK IV Quick Reference Guide &#8211; Multilanguage<\/h3><div class=\"in__download-grid-item-link\"><span>T\u00e9l\u00e9charger Quick Reference Guide <\/span><\/div><\/a><\/li><li class=\"in__download-grid-item no-img quick-reference-guide \"><a href=\"https:\/\/www.trend-networks.com\/wp-content\/uploads\/2023\/09\/LanTEK_IV-S_QRG_Multilanguage_rev2.pdf\" download title=\"LanTEK IV-S Quick Reference Guide &#8211; Multilanguage\" aria-label=\"LanTEK IV-S Quick Reference Guide &#8211; Multilanguage\"><div class=\"in__download-grid-item-thumb quick-reference-guide \" ><\/div><h3 class=\"in__download-grid-item-title\">LanTEK IV-S Quick Reference Guide &#8211; Multilanguage<\/h3><div class=\"in__download-grid-item-link\"><span>T\u00e9l\u00e9charger Quick Reference Guide <\/span><\/div><\/a><\/li><li class=\"in__download-grid-item no-img quick-reference-guide \"><a href=\"https:\/\/www.trend-networks.com\/wp-content\/uploads\/2019\/04\/150811-LanXPLORER-QRG-French.pdf\" download title=\"LanXPLORER Guide de prise en main en Fran\u00e7ais\" aria-label=\"LanXPLORER Guide de prise en main en Fran\u00e7ais\"><div class=\"in__download-grid-item-thumb quick-reference-guide \" ><\/div><h3 class=\"in__download-grid-item-title\">LanXPLORER Guide de prise en main en Fran\u00e7ais<\/h3><div class=\"in__download-grid-item-link\"><span>T\u00e9l\u00e9charger Quick Reference Guide <\/span><\/div><\/a><\/li><li class=\"in__download-grid-item no-img quick-reference-guide \"><a href=\"https:\/\/www.trend-networks.com\/wp-content\/uploads\/2020\/01\/LanTEK-IV-MPTL-QRG_FR_163826.-Rev-1.pdf\" download title=\"MPTL Quick Reference Guide for LanTEK IV &#8211; French\" aria-label=\"MPTL Quick Reference Guide for LanTEK IV &#8211; French\"><div class=\"in__download-grid-item-thumb quick-reference-guide \" ><\/div><h3 class=\"in__download-grid-item-title\">MPTL Quick Reference Guide for LanTEK IV &#8211; French<\/h3><div class=\"in__download-grid-item-link\"><span>T\u00e9l\u00e9charger Quick Reference Guide <\/span><\/div><\/a><\/li><li class=\"in__download-grid-item no-img quick-reference-guide \"><a href=\"https:\/\/www.trend-networks.com\/wp-content\/uploads\/2019\/04\/151884-NaviTEK-NT-Plus-and-Pro-QRG-French-Iss1.pdf\" download title=\"NaviTEK NT Plus &#038; Pro Guide de prise en main en Fran\u00e7ais\" aria-label=\"NaviTEK NT Plus &#038; Pro Guide de prise en main en Fran\u00e7ais\"><div class=\"in__download-grid-item-thumb quick-reference-guide \" ><\/div><h3 class=\"in__download-grid-item-title\">NaviTEK NT Plus &#038; Pro Guide de prise en main en Fran\u00e7ais<\/h3><div class=\"in__download-grid-item-link\"><span>T\u00e9l\u00e9charger Quick Reference Guide <\/span><\/div><\/a><\/li><li class=\"in__download-grid-item no-img quick-reference-guide \"><a href=\"https:\/\/www.trend-networks.com\/wp-content\/uploads\/2019\/05\/Securitest_IP_QRG_Multilanguage_171804_06.pdf\" download title=\"SecuriTEST IP Quick Reference Guide &#8211; Multilanguage\" aria-label=\"SecuriTEST IP Quick Reference Guide &#8211; Multilanguage\"><div class=\"in__download-grid-item-thumb quick-reference-guide \" ><\/div><h3 class=\"in__download-grid-item-title\">SecuriTEST IP Quick Reference Guide &#8211; Multilanguage<\/h3><div class=\"in__download-grid-item-link\"><span>T\u00e9l\u00e9charger Quick Reference Guide <\/span><\/div><\/a><\/li><li class=\"in__download-grid-item no-img quick-reference-guide \"><a href=\"https:\/\/www.trend-networks.com\/wp-content\/uploads\/2019\/04\/156867-SignalTEK-NT-QRG-French-Iss-3.pdf\" download title=\"SignalTEK NT Guide de prise en main en Fran\u00e7ais\" aria-label=\"SignalTEK NT Guide de prise en main en Fran\u00e7ais\"><div class=\"in__download-grid-item-thumb quick-reference-guide \" ><\/div><h3 class=\"in__download-grid-item-title\">SignalTEK NT Guide de prise en main en Fran\u00e7ais<\/h3><div class=\"in__download-grid-item-link\"><span>T\u00e9l\u00e9charger Quick Reference Guide <\/span><\/div><\/a><\/li><li class=\"in__download-grid-item no-img quick-reference-guide \"><a href=\"https:\/\/www.trend-networks.com\/wp-content\/uploads\/2025\/09\/SignalTEK-QT-QRG-420x216_FR-Rev2-HRP.pdf\" download title=\"SignalTEK QT &#8211; QRG &#8211; French\" aria-label=\"SignalTEK QT &#8211; QRG &#8211; French\"><div class=\"in__download-grid-item-thumb quick-reference-guide \" ><\/div><h3 class=\"in__download-grid-item-title\">SignalTEK QT &#8211; QRG &#8211; French<\/h3><div class=\"in__download-grid-item-link\"><span>T\u00e9l\u00e9charger Quick Reference Guide <\/span><\/div><\/a><\/li><\/ul><\/div>        <\/div>\n    <\/div>\n<\/section>\n\n\n<div class=\"wp-block-group\"><div class=\"wp-block-group__inner-container is-layout-flow wp-block-group-is-layout-flow\">\n<div style=\"height:60px\" aria-hidden=\"true\" class=\"wp-block-spacer\"><\/div>\n\n\n\n\n\n<h2 class=\"has-text-align-center in__fullwidth-tag-line wp-block-heading\">NOTRE PROMESSE<\/h2>\n\n\n\n<p class=\"has-text-align-center has-trend-dark-blue-color has-text-color\"><strong>La promesse d\u2019un support illimit\u00e9<\/strong> \u2013 Nous \u00e9talonnerons et r\u00e9parerons votre \u00e9quipement achet\u00e9 chez nous aussi longtemps que vous l&#8217;utiliserez *<\/p>\n\n\n\n<p class=\"has-text-align-center has-trend-dark-blue-color has-text-color\"><strong>Comptez sur vos r\u00e9sultats<\/strong> \u2013 TREND AnyWARE Cloud est le seul syst\u00e8me d&#8217;\u00e9dition de rapports professionnels pour la certification de c\u00e2blages et la qualification de r\u00e9seaux actifs..<\/p>\n\n\n\n<p class=\"has-text-align-center has-trend-dark-blue-color has-text-color\"><strong>Service rapide<\/strong> \u2013 Si nous ne pouvons pas r\u00e9pondre instantan\u00e9ment \u00e0 votre appel d&#8217;assistance technique, nous nous effor\u00e7ons de vous rappeler dans les deux heures *<\/p>\n\n\n\n<div style=\"height:30px\" aria-hidden=\"true\" class=\"wp-block-spacer\"><\/div>\n\n\n\n<div class=\"wp-block-buttons is-content-justification-center is-layout-flex wp-block-buttons-is-layout-flex\">\n<div class=\"wp-block-button\"><a class=\"wp-block-button__link\" href=\"https:\/\/www.trend-networks.com\/fr\/notre-promesse\/\">En savoir plus<\/a><\/div>\n<\/div>\n<\/div><\/div>\n\n\n\n        <\/div>\n    <\/div>\n<\/section>\n\n<section class=\"in__cta-test4less learning-hub-cta trend-standard-block fadein slideup\">\n\n    \n    \n    <div class=\"grid-container\">\n        <div class=\"grid-x\">\n                            \n                                                            \n                    \n                                                            <div class=\"cell medium-6 padded \" style=\"background-image:url(https:\/\/www.trend-networks.com\/wp-content\/uploads\/2019\/03\/test4less-background.jpg);\">\n                                                <p style=\"font-size: 18px; font-weight: bold; color: #73797d; text-align: left;\">AVEZ-VOUS BESOIN DE 3 CERTIFICATEURS DE C\u00c2BLAGE OU PLUS ?<\/p>\n<h1>\u00c9CONOMISEZ JUSQU&#8217;\u00c0 57 % GR\u00c2CE \u00c0<\/h1>\n                                                <img decoding=\"async\" src=\"https:\/\/www.trend-networks.com\/wp-content\/uploads\/2019\/06\/test4less-logo-homepage-2.png\" alt=\"\" title=\"\">                                                                        <div class=\"button-wrap\"><a class=\"button button-one\" href=\"https:\/\/www.trend-networks.com\/fr\/test4less\/\" target=\"_self\">En savoir plus<\/a><\/div>                    <\/div>\n                    \n                \n                                                            \n                    \n                                                            <div class=\"cell medium-6 padded \" style=\"background-image:url(https:\/\/www.trend-networks.com\/wp-content\/uploads\/2021\/03\/Used-Testers-FR.png);\">\n                                                <h2>Testeurs D&#8217;Occasion En Vente<\/h2>\n                                                                                                                        <div class=\"button-wrap\"><a class=\"button button-one\" href=\"\/fr\/categorie-produit\/used-testers-fr\/\" target=\"_self\">En savoir plus<\/a><\/div>                    <\/div>\n                    \n                   \n                    <\/div>\n    <\/div>\n\n<\/section>\n\n<section class=\"grid-container section\">\n    <div class=\"grid-x\">\n        <div class=\"small-12 medium-12 large-12 cell inner-content\">\n\n\n\n        <\/div>\n    <\/div>\n<\/section>\n\n<section id=\"trend-about-latest\" class=\"in__cta-footer trend-standard-block fadein slideup\">\n\n    \n    \n    <div class=\"grid-container fluid\">\n        <div class=\"grid-x\">\n                            \n                                                            \n                    \n                                                            <div class=\"cell medium-6 padded \" style=\"background-color:#f5f5f5;\">\n                                                <h2>\u00c0 PROPOS TREND Networks<\/h2>\n                                                                                                                        <div class=\"button-wrap\"><a class=\"button button-one\" href=\"https:\/\/www.trend-networks.com\/fr\/a-propos-de-trend-networks\/\" target=\"_self\">En savoir plus<\/a><\/div>                    <\/div>\n                    \n                \n                                                            \n                    \n                                                            <div class=\"cell medium-6 padded  background-dark\" style=\"background-color:#1c408c;\">\n                                                <h2>Derniers Articles<\/h2>\n                                                                                                                        <div class=\"button-wrap\"><a class=\"button button-one\" href=\"https:\/\/www.trend-networks.com\/fr\/actualites\/\" target=\"_self\">En savoir plus<\/a><\/div>                    <\/div>\n                    \n                   \n                    <\/div>\n    <\/div>\n\n<\/section>\n\n<section class=\"grid-container section\">\n    <div class=\"grid-x\">\n        <div class=\"small-12 medium-12 large-12 cell inner-content\">\n","protected":false},"excerpt":{"rendered":"<p>Guide de prise en main<\/p>\n","protected":false},"author":1,"featured_media":0,"parent":34145,"menu_order":185,"comment_status":"closed","ping_status":"closed","template":"","meta":{"_acf_changed":false,"inline_featured_image":false,"_glsr_average":0,"_glsr_ranking":0,"_glsr_reviews":0,"footnotes":""},"class_list":["post-34235","page","type-page","status-publish","hentry"],"acf":[],"_links":{"self":[{"href":"https:\/\/www.trend-networks.com\/fr\/wp-json\/wp\/v2\/pages\/34235","targetHints":{"allow":["GET"]}}],"collection":[{"href":"https:\/\/www.trend-networks.com\/fr\/wp-json\/wp\/v2\/pages"}],"about":[{"href":"https:\/\/www.trend-networks.com\/fr\/wp-json\/wp\/v2\/types\/page"}],"author":[{"embeddable":true,"href":"https:\/\/www.trend-networks.com\/fr\/wp-json\/wp\/v2\/users\/1"}],"replies":[{"embeddable":true,"href":"https:\/\/www.trend-networks.com\/fr\/wp-json\/wp\/v2\/comments?post=34235"}],"version-history":[{"count":0,"href":"https:\/\/www.trend-networks.com\/fr\/wp-json\/wp\/v2\/pages\/34235\/revisions"}],"up":[{"embeddable":true,"href":"https:\/\/www.trend-networks.com\/fr\/wp-json\/wp\/v2\/pages\/34145"}],"wp:attachment":[{"href":"https:\/\/www.trend-networks.com\/fr\/wp-json\/wp\/v2\/media?parent=34235"}],"curies":[{"name":"wp","href":"https:\/\/api.w.org\/{rel}","templated":true}]}}