{"id":34206,"date":"2019-04-02T09:28:51","date_gmt":"2019-04-02T08:28:51","guid":{"rendered":"https:\/\/www.trend-networks.com\/support\/downloads\/manuals\/"},"modified":"2021-08-26T08:50:41","modified_gmt":"2021-08-26T07:50:41","slug":"manuels","status":"publish","type":"page","link":"https:\/\/www.trend-networks.com\/fr\/support\/telechargements\/manuels\/","title":{"rendered":"Manuels"},"content":{"rendered":"\n<h1 class=\"wp-block-heading\">Manuels<\/h1>\n\n\n<div class=\"login-logout-container\"><ul id=\"menu-login-logout-fr\" class=\"in__menu-account-management\"><li id=\"menu-item-48791\" class=\"xoo-el-login-tgr in__icon-key in__icon-menu menu-item menu-item-type-custom menu-item-object-custom menu-item-48791\"><a>Login<\/a><\/li>\n<\/ul><\/div>\n\n\n\n        <\/div>\n    <\/div>\n<\/section>\n\n<section   class=\"in__latest-navigation fullwidth-menu\">\n    <div class=\"menu-downloads-section-menu-fr-container\"><ul id=\"menu-downloads-section-menu-fr\" class=\"menu\"><li id=\"menu-item-42366\" class=\"menu-item menu-item-type-post_type menu-item-object-page menu-item-42366\"><a href=\"https:\/\/www.trend-networks.com\/fr\/support\/telechargements\/\">Voir tout<\/a><\/li>\n<li id=\"menu-item-43789\" class=\"menu-item menu-item-type-post_type menu-item-object-page menu-item-43789\"><a href=\"https:\/\/www.trend-networks.com\/fr\/support\/telechargements\/manuels\/\">Manuels<\/a><\/li>\n<li id=\"menu-item-42369\" class=\"menu-item menu-item-type-post_type menu-item-object-page menu-item-42369\"><a href=\"https:\/\/www.trend-networks.com\/fr\/support\/telechargements\/guide-de-prise-en-main\/\">Guide de prise en main<\/a><\/li>\n<li id=\"menu-item-42370\" class=\"menu-item menu-item-type-post_type menu-item-object-page menu-item-42370\"><a href=\"https:\/\/www.trend-networks.com\/fr\/support\/telechargements\/logiciels\/\">Logiciels<\/a><\/li>\n<li id=\"menu-item-42371\" class=\"menu-item menu-item-type-post_type menu-item-object-page menu-item-42371\"><a href=\"https:\/\/www.trend-networks.com\/fr\/support\/telechargements\/documentations\/\">Documentations<\/a><\/li>\n<\/ul><\/div><\/section>\n\n<section class=\"grid-container section\">\n    <div class=\"grid-x\">\n        <div class=\"small-12 medium-12 large-12 cell inner-content\">\n\n\n\n\n<section  class=\"trend-downloads-hub\">\n    <div id=\"downloads-filter-results\" class=\"grid-x\">\n        <div class=\"in__sidebar-title\">\n            <button id=\"in__section_download_sidebar_toggle\"><h3>Filtres en cours<\/h3><\/button>\n        <\/div>\n        <div id=\"sidebar\" class=\"cell large-3\">\n            <div id=\"in__sidebar-title\">\n                <h3>Filtres en cours<\/h3>                <p><button id=\"in__section_download_sidebar_close\">Close<\/button><\/p>\n            <\/div>\n            <div class=\"in__filter-sidebar\">\n                <div class=\"in__filter-sidebar\"><form action=\"\" method=\"get\" class=\"alm-filters-container\"><div class=\"alm-filter\"><div class=\"alm-filter--title\"><h3>Produit<\/h3><\/div><ul><li><input type=\"radio\" value=\"\" name=\"product_tag\" id=\"all_products\"\/><label for=\"all_products\">Tout<\/label><\/li><li class=\"alm-filter--checkbox\"><input type=\"radio\" id=\"fibermaster-fusion-splicers-fr\" name=\"product_tag\" value=\"fibermaster-fusion-splicers-fr\"  data-pr-id=\"2919\" data-pr-count=\"2\"\/><label for=\"fibermaster-fusion-splicers-fr\" class=\"\">FiberMASTER Fusion Splicers<\/label><\/li><li class=\"alm-filter--checkbox\"><input type=\"radio\" id=\"lantek-iv-fr\" name=\"product_tag\" value=\"lantek-iv-fr\"  data-pr-id=\"2574\" data-pr-count=\"1\"\/><label for=\"lantek-iv-fr\" class=\"\">LanTEK IV<\/label><\/li><li class=\"alm-filter--checkbox\"><input type=\"radio\" id=\"lantek-iv-s-fr\" name=\"product_tag\" value=\"lantek-iv-s-fr\"  data-pr-id=\"2817\" data-pr-count=\"1\"\/><label for=\"lantek-iv-s-fr\" class=\"\">LanTEK IV-S<\/label><\/li><li class=\"alm-filter--checkbox\"><input type=\"radio\" id=\"linkmaster-fr\" name=\"product_tag\" value=\"linkmaster-fr\"  data-pr-id=\"1129\" data-pr-count=\"1\"\/><label for=\"linkmaster-fr\" class=\"\">LinkMASTER<\/label><\/li><li class=\"alm-filter--checkbox\"><input type=\"radio\" id=\"navitek-ie-fr\" name=\"product_tag\" value=\"navitek-ie-fr\"  data-pr-id=\"1112\" data-pr-count=\"1\"\/><label for=\"navitek-ie-fr\" class=\"\">NaviTEK IE<\/label><\/li><li class=\"alm-filter--checkbox\"><input type=\"radio\" id=\"navitek-nt-fr\" name=\"product_tag\" value=\"navitek-nt-fr\"  data-pr-id=\"1111\" data-pr-count=\"2\"\/><label for=\"navitek-nt-fr\" class=\"\">NaviTEK NT<\/label><\/li><li class=\"alm-filter--checkbox\"><input type=\"radio\" id=\"poe-pro-fr\" name=\"product_tag\" value=\"poe-pro-fr\"  data-pr-id=\"2331\" data-pr-count=\"1\"\/><label for=\"poe-pro-fr\" class=\"\">PoE Pro<\/label><\/li><li class=\"alm-filter--checkbox\"><input type=\"radio\" id=\"signaltek-10g-fr\" name=\"product_tag\" value=\"signaltek-10g-fr\"  data-pr-id=\"2742\" data-pr-count=\"1\"\/><label for=\"signaltek-10g-fr\" class=\"\">SignalTEK 10G<\/label><\/li><li class=\"alm-filter--checkbox\"><input type=\"radio\" id=\"signaltek-nt-fr\" name=\"product_tag\" value=\"signaltek-nt-fr\"  data-pr-id=\"1276\" data-pr-count=\"1\"\/><label for=\"signaltek-nt-fr\" class=\"\">SignalTEK NT<\/label><\/li><li class=\"alm-filter--checkbox\"><input type=\"radio\" id=\"tone-and-probe-fr\" name=\"product_tag\" value=\"tone-and-probe-fr\"  data-pr-id=\"1994\" data-pr-count=\"1\"\/><label for=\"tone-and-probe-fr\" class=\"\">Tone and Probe<\/label><\/li><li class=\"alm-filter--checkbox\"><input type=\"radio\" id=\"vdv-ii-fr\" name=\"product_tag\" value=\"vdv-ii-fr\"  data-pr-id=\"1060\" data-pr-count=\"1\"\/><label for=\"vdv-ii-fr\" class=\"\">VDV II<\/label><\/li><li class=\"alm-filter--checkbox\"><input type=\"radio\" id=\"vff5-fr\" name=\"product_tag\" value=\"vff5-fr\"  data-pr-id=\"1085\" data-pr-count=\"1\"\/><label for=\"vff5-fr\" class=\"\">VFF5<\/label><\/li><\/ul><\/div><div class=\"alm-filter\"><div class=\"alm-filter--title\"><h3>Langue<\/h3><\/div><ul><li class=\"reset-field\"><input type=\"radio\" value=\"\" name=\"language\" id=\"all_lang\"\/><label for=\"all_lang\">Tout<\/label><\/li><li class=\"alm-filter--checkbox\"><input type=\"radio\" name=\"language\" id=\"allemand\" value=\"allemand\" \/><label for=\"allemand\" class=\"\">Allemand<\/label><\/li><li class=\"alm-filter--checkbox\"><input type=\"radio\" name=\"language\" id=\"americain-anglais\" value=\"americain-anglais\" \/><label for=\"americain-anglais\" class=\"\">Americain-anglais<\/label><\/li><li class=\"alm-filter--checkbox\"><input type=\"radio\" name=\"language\" id=\"anglais\" value=\"anglais\" \/><label for=\"anglais\" class=\"\">Anglais<\/label><\/li><li class=\"alm-filter--checkbox\"><input type=\"radio\" name=\"language\" id=\"canada-english-fr\" value=\"canada-english-fr\" \/><label for=\"canada-english-fr\" class=\"\">Anglais canadien<\/label><\/li><li class=\"alm-filter--checkbox\"><input type=\"radio\" name=\"language\" id=\"australia-english-fr\" value=\"australia-english-fr\" \/><label for=\"australia-english-fr\" class=\"\">Australie-anglais<\/label><\/li><li class=\"alm-filter--checkbox\"><input type=\"radio\" name=\"language\" id=\"chinoise\" value=\"chinoise\" \/><label for=\"chinoise\" class=\"\">Chinoise<\/label><\/li><li class=\"alm-filter--checkbox\"><input type=\"radio\" name=\"language\" id=\"danish-fr\" value=\"danish-fr\" \/><label for=\"danish-fr\" class=\"\">Danois<\/label><\/li><li class=\"alm-filter--checkbox\"><input type=\"radio\" name=\"language\" id=\"espagnol\" value=\"espagnol\" \/><label for=\"espagnol\" class=\"\">Espagnol<\/label><\/li><li class=\"alm-filter--checkbox\"><input type=\"radio\" name=\"language\" id=\"finnish-fr\" value=\"finnish-fr\" \/><label for=\"finnish-fr\" class=\"\">Finlandais<\/label><\/li><li class=\"alm-filter--checkbox\"><input type=\"radio\" name=\"language\" id=\"francais\" value=\"francais\" checked=\"checked\"\/><label for=\"francais\" class=\"\">Fran\u00e7ais<\/label><\/li><li class=\"alm-filter--checkbox\"><input type=\"radio\" name=\"language\" id=\"indien-anglais\" value=\"indien-anglais\" \/><label for=\"indien-anglais\" class=\"\">Indien-anglais<\/label><\/li><li class=\"alm-filter--checkbox\"><input type=\"radio\" name=\"language\" id=\"italien\" value=\"italien\" \/><label for=\"italien\" class=\"\">Italien<\/label><\/li><li class=\"alm-filter--checkbox\"><input type=\"radio\" name=\"language\" id=\"dutch-fr\" value=\"dutch-fr\" \/><label for=\"dutch-fr\" class=\"\">N\u00e9erlandais<\/label><\/li><li class=\"alm-filter--checkbox\"><input type=\"radio\" name=\"language\" id=\"norvegien\" value=\"norvegien\" \/><label for=\"norvegien\" class=\"\">Norv\u00e9gien<\/label><\/li><li class=\"alm-filter--checkbox\"><input type=\"radio\" name=\"language\" id=\"polonais\" value=\"polonais\" \/><label for=\"polonais\" class=\"\">Polonais<\/label><\/li><li class=\"alm-filter--checkbox\"><input type=\"radio\" name=\"language\" id=\"portugais\" value=\"portugais\" \/><label for=\"portugais\" class=\"\">Portugais<\/label><\/li><li class=\"alm-filter--checkbox\"><input type=\"radio\" name=\"language\" id=\"russe\" value=\"russe\" \/><label for=\"russe\" class=\"\">Russe<\/label><\/li><li class=\"alm-filter--checkbox\"><input type=\"radio\" name=\"language\" id=\"suedois\" value=\"suedois\" \/><label for=\"suedois\" class=\"\">Su\u00e9dois<\/label><\/li><\/ul><\/div><div><button type=\"button\" value=\"Reset\" class=\"btn blue in__reset-download-filters\">Effacer<\/button><\/div><\/form><\/div>\t\t\t<\/div>\n        <\/div>\n        <div class=\"cell large-9\">\n            <!--Crimp Tool Manual &#8211; Multilanguage--><!--LanTEK IV Manual &#8211; French--><!--LinkMaster Manual &#8211; English, Spanish,French--><!--NaviTEK IE Manual &#8211; English--><!--NaviTEK NT Manuel en Fran\u00e7ais--><!--NaviTEK NT Plus &#038; Pro Manuel en Fran\u00e7ais--><!--PoE Pro User Guide  &#8211; English--><!--SignalTEK 10G Manual &#8211; Multilanguage--><!--SignalTEK NT Manuel en Fran\u00e7ais--><!--Standard Cleaver Manual &#8211; English--><!--Tone Generator Manual &#8211; Multilanguage--><!--VDV II Manual \u2013 French--><!--VFF Manual &#8211; English, French, German, Spanish--><div class=\"in__document-grid\"><ul class=\"alm-paging-content\"><li class=\"in__download-grid-item no-img manual \"><a href=\"https:\/\/www.trend-networks.com\/wp-content\/uploads\/2025\/04\/Crimp-Tool-Manual-Multilanguage.pdf\" download title=\"Crimp Tool Manual &#8211; Multilanguage\" aria-label=\"Crimp Tool Manual &#8211; Multilanguage\"><div class=\"in__download-grid-item-thumb manual \" ><\/div><h3 class=\"in__download-grid-item-title\">Crimp Tool Manual &#8211; Multilanguage<\/h3><div class=\"in__download-grid-item-link\"><span>T\u00e9l\u00e9charger Manual <\/span><\/div><\/a><\/li><li class=\"in__download-grid-item no-img manual \"><a href=\"https:\/\/www.trend-networks.com\/wp-content\/uploads\/2020\/10\/LanTEK-IV_Manual_French_LR.pdf\" download title=\"LanTEK IV Manual &#8211; French\" aria-label=\"LanTEK IV Manual &#8211; French\"><div class=\"in__download-grid-item-thumb manual \" ><\/div><h3 class=\"in__download-grid-item-title\">LanTEK IV Manual &#8211; French<\/h3><div class=\"in__download-grid-item-link\"><span>T\u00e9l\u00e9charger Manual <\/span><\/div><\/a><\/li><li class=\"in__download-grid-item no-img manual \"><a href=\"https:\/\/www.trend-networks.com\/wp-content\/uploads\/2019\/04\/ENG_ESP_FR_linkmaster-2.pdf\" download title=\"LinkMaster Manual &#8211; English, Spanish,French\" aria-label=\"LinkMaster Manual &#8211; English, Spanish,French\"><div class=\"in__download-grid-item-thumb manual \" ><\/div><h3 class=\"in__download-grid-item-title\">LinkMaster Manual &#8211; English, Spanish,French<\/h3><div class=\"in__download-grid-item-link\"><span>T\u00e9l\u00e9charger Manual <\/span><\/div><\/a><\/li><li class=\"in__download-grid-item no-img manual \"><a href=\"https:\/\/www.trend-networks.com\/wp-content\/uploads\/2019\/04\/151925-NaviTEK-IE-User-Manual-English-Iss1.pdf\" download title=\"NaviTEK IE Manual &#8211; English\" aria-label=\"NaviTEK IE Manual &#8211; English\"><div class=\"in__download-grid-item-thumb manual \" ><\/div><h3 class=\"in__download-grid-item-title\">NaviTEK IE Manual &#8211; English<\/h3><div class=\"in__download-grid-item-link\"><span>T\u00e9l\u00e9charger Manual <\/span><\/div><\/a><\/li><li class=\"in__download-grid-item no-img manual \"><a href=\"https:\/\/www.trend-networks.com\/wp-content\/uploads\/2019\/04\/153801-NaviTEK-NT-Manual-French-Iss1.pdf\" download title=\"NaviTEK NT Manuel en Fran\u00e7ais\" aria-label=\"NaviTEK NT Manuel en Fran\u00e7ais\"><div class=\"in__download-grid-item-thumb manual \" ><\/div><h3 class=\"in__download-grid-item-title\">NaviTEK NT Manuel en Fran\u00e7ais<\/h3><div class=\"in__download-grid-item-link\"><span>T\u00e9l\u00e9charger Manual <\/span><\/div><\/a><\/li><li class=\"in__download-grid-item no-img manual \"><a href=\"https:\/\/www.trend-networks.com\/wp-content\/uploads\/2019\/04\/151845-NaviTEK-NT-Plus-Pro-User-Manual-French-Iss7.pdf\" download title=\"NaviTEK NT Plus &#038; Pro Manuel en Fran\u00e7ais\" aria-label=\"NaviTEK NT Plus &#038; Pro Manuel en Fran\u00e7ais\"><div class=\"in__download-grid-item-thumb manual \" ><\/div><h3 class=\"in__download-grid-item-title\">NaviTEK NT Plus &#038; Pro Manuel en Fran\u00e7ais<\/h3><div class=\"in__download-grid-item-link\"><span>T\u00e9l\u00e9charger Manual <\/span><\/div><\/a><\/li><li class=\"in__download-grid-item no-img manual \"><a href=\"https:\/\/www.trend-networks.com\/wp-content\/uploads\/2019\/11\/PoE-Pro-BT-User-Manual_English.pdf\" download title=\"PoE Pro User Guide  &#8211; English\" aria-label=\"PoE Pro User Guide  &#8211; English\"><div class=\"in__download-grid-item-thumb manual \" ><\/div><h3 class=\"in__download-grid-item-title\">PoE Pro User Guide  &#8211; English<\/h3><div class=\"in__download-grid-item-link\"><span>T\u00e9l\u00e9charger Manual <\/span><\/div><\/a><\/li><li class=\"in__download-grid-item no-img manual \"><a href=\"https:\/\/www.trend-networks.com\/wp-content\/uploads\/2020\/12\/SignalTEK_10G_QRG_Multilanguage_rev2_HR.pdf\" download title=\"SignalTEK 10G Manual &#8211; Multilanguage\" aria-label=\"SignalTEK 10G Manual &#8211; Multilanguage\"><div class=\"in__download-grid-item-thumb manual \" ><\/div><h3 class=\"in__download-grid-item-title\">SignalTEK 10G Manual &#8211; Multilanguage<\/h3><div class=\"in__download-grid-item-link\"><span>T\u00e9l\u00e9charger Manual <\/span><\/div><\/a><\/li><li class=\"in__download-grid-item no-img manual \"><a href=\"https:\/\/www.trend-networks.com\/wp-content\/uploads\/2019\/06\/156876-SignalTEK-NT-Manual-French-Iss3.pdf\" download title=\"SignalTEK NT Manuel en Fran\u00e7ais\" aria-label=\"SignalTEK NT Manuel en Fran\u00e7ais\"><div class=\"in__download-grid-item-thumb manual \" ><\/div><h3 class=\"in__download-grid-item-title\">SignalTEK NT Manuel en Fran\u00e7ais<\/h3><div class=\"in__download-grid-item-link\"><span>T\u00e9l\u00e9charger Manual <\/span><\/div><\/a><\/li><li class=\"in__download-grid-item no-img manual \"><a href=\"https:\/\/www.trend-networks.com\/wp-content\/uploads\/2025\/03\/R301-CLEAVE-STD-User-Guide-rev1.pdf\" download title=\"Standard Cleaver Manual &#8211; English\" aria-label=\"Standard Cleaver Manual &#8211; English\"><div class=\"in__download-grid-item-thumb manual \" ><\/div><h3 class=\"in__download-grid-item-title\">Standard Cleaver Manual &#8211; English<\/h3><div class=\"in__download-grid-item-link\"><span>T\u00e9l\u00e9charger Manual <\/span><\/div><\/a><\/li><li class=\"in__download-grid-item no-img manual \"><a href=\"https:\/\/www.trend-networks.com\/wp-content\/uploads\/2021\/09\/Tone-Generator-User-Guide_MULTI_rev2.pdf\" download title=\"Tone Generator Manual &#8211; Multilanguage\" aria-label=\"Tone Generator Manual &#8211; Multilanguage\"><div class=\"in__download-grid-item-thumb manual \" ><\/div><h3 class=\"in__download-grid-item-title\">Tone Generator Manual &#8211; Multilanguage<\/h3><div class=\"in__download-grid-item-link\"><span>T\u00e9l\u00e9charger Manual <\/span><\/div><\/a><\/li><li class=\"in__download-grid-item no-img manual \"><a href=\"https:\/\/www.trend-networks.com\/wp-content\/uploads\/2025\/10\/158863_VDVII_BT_Manual_FR_rev2.pdf\" download title=\"VDV II Manual \u2013 French\" aria-label=\"VDV II Manual \u2013 French\"><div class=\"in__download-grid-item-thumb manual \" ><\/div><h3 class=\"in__download-grid-item-title\">VDV II Manual \u2013 French<\/h3><div class=\"in__download-grid-item-link\"><span>T\u00e9l\u00e9charger Manual <\/span><\/div><\/a><\/li><li class=\"in__download-grid-item no-img manual \"><a href=\"https:\/\/www.trend-networks.com\/wp-content\/uploads\/2025\/10\/VFF5-User-Manual-Rev2.pdf\" download title=\"VFF Manual &#8211; English, French, German, Spanish\" aria-label=\"VFF Manual &#8211; English, French, German, Spanish\"><div class=\"in__download-grid-item-thumb manual \" ><\/div><h3 class=\"in__download-grid-item-title\">VFF Manual &#8211; English, French, German, Spanish<\/h3><div class=\"in__download-grid-item-link\"><span>T\u00e9l\u00e9charger Manual <\/span><\/div><\/a><\/li><\/ul><\/div>        <\/div>\n    <\/div>\n<\/section>\n\n\n<div class=\"wp-block-group\"><div class=\"wp-block-group__inner-container is-layout-flow wp-block-group-is-layout-flow\">\n<div style=\"height:60px\" aria-hidden=\"true\" class=\"wp-block-spacer\"><\/div>\n\n\n\n\n\n<h2 class=\"has-text-align-center in__fullwidth-tag-line wp-block-heading\">NOTRE PROMESSE<\/h2>\n\n\n\n<p class=\"has-text-align-center has-trend-dark-blue-color has-text-color\"><strong>La promesse d\u2019un support illimit\u00e9<\/strong> \u2013 Nous \u00e9talonnerons et r\u00e9parerons votre \u00e9quipement achet\u00e9 chez nous aussi longtemps que vous l&#8217;utiliserez *<\/p>\n\n\n\n<p class=\"has-text-align-center has-trend-dark-blue-color has-text-color\"><strong>Comptez sur vos r\u00e9sultats<\/strong> \u2013 TREND AnyWARE Cloud est le seul syst\u00e8me d&#8217;\u00e9dition de rapports professionnels pour la certification de c\u00e2blages et la qualification de r\u00e9seaux actifs..<\/p>\n\n\n\n<p class=\"has-text-align-center has-trend-dark-blue-color has-text-color\"><strong>Service rapide<\/strong> \u2013 Si nous ne pouvons pas r\u00e9pondre instantan\u00e9ment \u00e0 votre appel d&#8217;assistance technique, nous nous effor\u00e7ons de vous rappeler dans les deux heures *<\/p>\n\n\n\n<div style=\"height:30px\" aria-hidden=\"true\" class=\"wp-block-spacer\"><\/div>\n\n\n\n<div class=\"wp-block-buttons is-content-justification-center is-layout-flex wp-block-buttons-is-layout-flex\">\n<div class=\"wp-block-button\"><a class=\"wp-block-button__link\" href=\"https:\/\/www.trend-networks.com\/fr\/notre-promesse\/\">En savoir plus<\/a><\/div>\n<\/div>\n<\/div><\/div>\n\n\n\n        <\/div>\n    <\/div>\n<\/section>\n\n<section class=\"in__cta-test4less learning-hub-cta trend-standard-block fadein slideup\">\n\n    \n    \n    <div class=\"grid-container\">\n        <div class=\"grid-x\">\n                            \n                                                            \n                    \n                                                            <div class=\"cell medium-6 padded \" style=\"background-image:url(https:\/\/www.trend-networks.com\/wp-content\/uploads\/2019\/03\/test4less-background.jpg);\">\n                                                <p style=\"font-size: 18px; font-weight: bold; color: #73797d; text-align: left;\">AVEZ-VOUS BESOIN DE 3 CERTIFICATEURS DE C\u00c2BLAGE OU PLUS ?<\/p>\n<h1>\u00c9CONOMISEZ JUSQU&#8217;\u00c0 57 % GR\u00c2CE \u00c0<\/h1>\n                                                <img decoding=\"async\" src=\"https:\/\/www.trend-networks.com\/wp-content\/uploads\/2019\/06\/test4less-logo-homepage-2.png\" alt=\"\" title=\"\">                                                                        <div class=\"button-wrap\"><a class=\"button button-one\" href=\"https:\/\/www.trend-networks.com\/fr\/test4less\/\" target=\"_self\">En savoir plus<\/a><\/div>                    <\/div>\n                    \n                \n                                                            \n                    \n                                                            <div class=\"cell medium-6 padded \" style=\"background-image:url(https:\/\/www.trend-networks.com\/wp-content\/uploads\/2021\/03\/Used-Testers-FR.png);\">\n                                                <h2>Testeurs D&#8217;Occasion En Vente<\/h2>\n                                                                                                                        <div class=\"button-wrap\"><a class=\"button button-one\" href=\"\/fr\/categorie-produit\/used-testers-fr\/\" target=\"_self\">En savoir plus<\/a><\/div>                    <\/div>\n                    \n                   \n                    <\/div>\n    <\/div>\n\n<\/section>\n\n<section class=\"grid-container section\">\n    <div class=\"grid-x\">\n        <div class=\"small-12 medium-12 large-12 cell inner-content\">\n\n\n\n        <\/div>\n    <\/div>\n<\/section>\n\n<section id=\"trend-about-latest\" class=\"in__cta-footer trend-standard-block fadein slideup\">\n\n    \n    \n    <div class=\"grid-container fluid\">\n        <div class=\"grid-x\">\n                            \n                                                            \n                    \n                                                            <div class=\"cell medium-6 padded \" style=\"background-color:#f5f5f5;\">\n                                                <h2>\u00c0 PROPOS TREND Networks<\/h2>\n                                                                                                                        <div class=\"button-wrap\"><a class=\"button button-one\" href=\"https:\/\/www.trend-networks.com\/fr\/a-propos-de-trend-networks\/\" target=\"_self\">En savoir plus<\/a><\/div>                    <\/div>\n                    \n                \n                                                            \n                    \n                                                            <div class=\"cell medium-6 padded  background-dark\" style=\"background-color:#1c408c;\">\n                                                <h2>Derniers Articles<\/h2>\n                                                                                                                        <div class=\"button-wrap\"><a class=\"button button-one\" href=\"https:\/\/www.trend-networks.com\/fr\/actualites\/\" target=\"_self\">En savoir plus<\/a><\/div>                    <\/div>\n                    \n                   \n                    <\/div>\n    <\/div>\n\n<\/section>\n\n<section class=\"grid-container section\">\n    <div class=\"grid-x\">\n        <div class=\"small-12 medium-12 large-12 cell inner-content\">\n","protected":false},"excerpt":{"rendered":"<p>Manuels<\/p>\n","protected":false},"author":1,"featured_media":0,"parent":34145,"menu_order":194,"comment_status":"closed","ping_status":"closed","template":"","meta":{"_acf_changed":false,"inline_featured_image":false,"_glsr_average":0,"_glsr_ranking":0,"_glsr_reviews":0,"footnotes":""},"class_list":["post-34206","page","type-page","status-publish","hentry"],"acf":[],"_links":{"self":[{"href":"https:\/\/www.trend-networks.com\/fr\/wp-json\/wp\/v2\/pages\/34206","targetHints":{"allow":["GET"]}}],"collection":[{"href":"https:\/\/www.trend-networks.com\/fr\/wp-json\/wp\/v2\/pages"}],"about":[{"href":"https:\/\/www.trend-networks.com\/fr\/wp-json\/wp\/v2\/types\/page"}],"author":[{"embeddable":true,"href":"https:\/\/www.trend-networks.com\/fr\/wp-json\/wp\/v2\/users\/1"}],"replies":[{"embeddable":true,"href":"https:\/\/www.trend-networks.com\/fr\/wp-json\/wp\/v2\/comments?post=34206"}],"version-history":[{"count":0,"href":"https:\/\/www.trend-networks.com\/fr\/wp-json\/wp\/v2\/pages\/34206\/revisions"}],"up":[{"embeddable":true,"href":"https:\/\/www.trend-networks.com\/fr\/wp-json\/wp\/v2\/pages\/34145"}],"wp:attachment":[{"href":"https:\/\/www.trend-networks.com\/fr\/wp-json\/wp\/v2\/media?parent=34206"}],"curies":[{"name":"wp","href":"https:\/\/api.w.org\/{rel}","templated":true}]}}