{"id":34115,"date":"2019-03-06T16:11:48","date_gmt":"2019-03-06T16:11:48","guid":{"rendered":"https:\/\/www.trend-networks.com\/support\/"},"modified":"2022-03-10T09:53:56","modified_gmt":"2022-03-10T09:53:56","slug":"support","status":"publish","type":"page","link":"https:\/\/www.trend-networks.com\/fr\/support\/","title":{"rendered":"Support"},"content":{"rendered":"\n<h1 class=\"wp-block-heading\">Support<\/h1>\n\n\n\n<p>Bienvenue sur notre centre de support. Cliquez ci-dessous sur la cat\u00e9gorie de votre choix.<\/p>\n\n\n\n<div style=\"height:60px\" aria-hidden=\"true\" class=\"wp-block-spacer\"><\/div>\n\n\n\n<div class=\"wp-block-columns stretch-columns is-layout-flex wp-container-core-columns-is-layout-9d6595d7 wp-block-columns-is-layout-flex\">\n<div class=\"wp-block-column in__support-cta in__icon-register fadein is-layout-flow wp-block-column-is-layout-flow\">\n<h3 class=\"wp-block-heading\"><a href=\"https:\/\/www.trend-networks.com\/fr\/support\/register-product\/\">Enregistrements des produits<\/a><\/h3>\n\n\n\n<p>Enregistrez votre testeur d\u00e8s maintenant et recevez les importantes mises \u00e0 jour et informations de service.<\/p>\n<\/div>\n\n\n\n<div class=\"wp-block-column in__support-cta in__icon-sapphire fadein is-layout-flow wp-block-column-is-layout-flow\">\n<h3 class=\"wp-block-heading\"><a href=\"https:\/\/www.trend-networks.com\/fr\/support\/contrats-de-services-sapphire\/\">Contrats de Services Sapphire<\/a><\/h3>\n\n\n\n<p>S\u00e9curit\u00e9 totale pour votre certificateur de c\u00e2blage LanTEK\u00ae .<\/p>\n<\/div>\n\n\n\n<div class=\"wp-block-column in__support-cta in__icon-product-manuals fadein is-layout-flow wp-block-column-is-layout-flow\">\n<h3 class=\"wp-block-heading\"><a href=\"\/fr\/support\/telechargements\/\">Manuels, logiciels et brochures<\/a><\/h3>\n\n\n\n<p>T\u00e9l\u00e9chargez et affichez les derniers manuels, guides de r\u00e9f\u00e9rence rapides, mises \u00e0 jour de micrologiciels et de logiciels. L\u2019inscription est obligatoire.<\/p>\n<\/div>\n<\/div>\n\n\n\n<div class=\"wp-block-columns is-layout-flex wp-container-core-columns-is-layout-9d6595d7 wp-block-columns-is-layout-flex\">\n<div class=\"wp-block-column in__support-cta in__icon-servicing fadein is-layout-flow wp-block-column-is-layout-flow\">\n<h3 class=\"wp-block-heading\"><a href=\"https:\/\/www.trend-networks.com\/fr\/support\/services-et-contrats-de-services\/\">Services et Calibrations<\/a><\/h3>\n\n\n\n<p>Cliquez ici pour avoir des informations sur les garanties de nos produits, les services Careplan, la calibration et les services apr\u00e8s vente.<\/p>\n<\/div>\n\n\n\n<div class=\"wp-block-column in__support-cta in__icon-superseded fadein is-layout-flow wp-block-column-is-layout-flow\">\n<h3 class=\"wp-block-heading\"><a href=\"https:\/\/www.trend-networks.com\/fr\/support\/superseded-products\/\">Produits obsol\u00e8tes<\/a><\/h3>\n\n\n\n<p>Veuillez trouver ci-dessous la liste des produits r\u00e9cemment remplac\u00e9s avec les alternatives disponibles.<\/p>\n<\/div>\n\n\n\n<div class=\"wp-block-column in__support-cta in__icon-contact fadein is-layout-flow wp-block-column-is-layout-flow\">\n<h3 class=\"wp-block-heading\"><a href=\"https:\/\/www.trend-networks.com\/fr\/contactez-nous\/\">Contact<\/a><\/h3>\n\n\n\n<p>Cliquez ici pour contacter votre bureau TREND Networks local.<\/p>\n<\/div>\n<\/div>\n\n\n\n<div class=\"wp-block-group\"><div class=\"wp-block-group__inner-container is-layout-flow wp-block-group-is-layout-flow\">\n<div style=\"height:60px\" aria-hidden=\"true\" class=\"wp-block-spacer\"><\/div>\n\n\n\n\n\n<h2 class=\"has-text-align-center in__fullwidth-tag-line wp-block-heading\">NOTRE PROMESSE<\/h2>\n\n\n\n<p class=\"has-text-align-center has-trend-dark-blue-color has-text-color\"><strong>La promesse d\u2019un support illimit\u00e9<\/strong> \u2013 Nous \u00e9talonnerons et r\u00e9parerons votre \u00e9quipement achet\u00e9 chez nous aussi longtemps que vous l&#8217;utiliserez *<\/p>\n\n\n\n<p class=\"has-text-align-center has-trend-dark-blue-color has-text-color\"><strong>Comptez sur vos r\u00e9sultats<\/strong> \u2013 TREND AnyWARE Cloud est le seul syst\u00e8me d&#8217;\u00e9dition de rapports professionnels pour la certification de c\u00e2blages et la qualification de r\u00e9seaux actifs..<\/p>\n\n\n\n<p class=\"has-text-align-center has-trend-dark-blue-color has-text-color\"><strong>Service rapide<\/strong> \u2013 Si nous ne pouvons pas r\u00e9pondre instantan\u00e9ment \u00e0 votre appel d&#8217;assistance technique, nous nous effor\u00e7ons de vous rappeler dans les deux heures *<\/p>\n\n\n\n<div style=\"height:30px\" aria-hidden=\"true\" class=\"wp-block-spacer\"><\/div>\n\n\n\n<div class=\"wp-block-buttons is-content-justification-center is-layout-flex wp-block-buttons-is-layout-flex\">\n<div class=\"wp-block-button\"><a class=\"wp-block-button__link\" href=\"https:\/\/www.trend-networks.com\/fr\/notre-promesse\/\">En savoir plus<\/a><\/div>\n<\/div>\n<\/div><\/div>\n\n\n\n        <\/div>\n    <\/div>\n<\/section>\n\n<section class=\"learning-hub-cta trend-standard-block fadein slideup\">\n\n    \n    \n    <div class=\"grid-container fluid\">\n        <div class=\"grid-x\">\n                            \n                                                            \n                    \n                                                            <div class=\"cell medium-6 padded \" style=\"background-image:url(https:\/\/www.trend-networks.com\/wp-content\/uploads\/2021\/05\/Trend-Network-Learning-Hub.png);\">\n                                                <h1 class=\"trend-learning-hub\"><span class=\"trend\">TREND<\/span><span class=\"learning\">Articles<\/span> <span class=\"hub\">techniques<\/span><\/h1>\n<p class=\"subhead\">Vid\u00e9os, livres blancs et plus encore<\/p>\n                                                                                                                        <div class=\"button-wrap\"><a class=\"button button-one\" href=\"https:\/\/www.trend-networks.com\/fr\/learning-hub\/\" target=\"_self\">Plus encore<\/a><\/div>                    <\/div>\n                    \n                \n                                                            \n                    \n                                                            <div class=\"cell medium-6 padded \" style=\"background-image:url(https:\/\/www.trend-networks.com\/wp-content\/uploads\/2021\/06\/signaltek-homepage-cta-fr.jpg);\">\n                                                <h2>SOLUTIONNEZ-LES AVEC LES SIGNALTEK 10G<\/h2>\n                                                                                                                        <div class=\"button-wrap\"><a class=\"button button-one\" href=\"https:\/\/www.trend-networks.com\/fr\/produit\/signaltek-10g\/\" target=\"_self\">En Saviour Plus<\/a><\/div>                    <\/div>\n                    \n                   \n                    <\/div>\n    <\/div>\n\n<\/section>\n\n<section class=\"grid-container section\">\n    <div class=\"grid-x\">\n        <div class=\"small-12 medium-12 large-12 cell inner-content\">\n\n\n\n        <\/div>\n    <\/div>\n<\/section>\n\n<section id=\"trend-about-latest\" class=\"in__cta-footer trend-standard-block fadein slideup\">\n\n    \n    \n    <div class=\"grid-container fluid\">\n        <div class=\"grid-x\">\n                            \n                                                            \n                    \n                                                            <div class=\"cell medium-6 padded \" style=\"background-color:#f5f5f5;\">\n                                                <h2>\u00c0 PROPOS TREND Networks<\/h2>\n                                                                                                                        <div class=\"button-wrap\"><a class=\"button button-one\" href=\"https:\/\/www.trend-networks.com\/fr\/a-propos-de-trend-networks\/\" target=\"_self\">En savoir plus<\/a><\/div>                    <\/div>\n                    \n                \n                                                            \n                    \n                                                            <div class=\"cell medium-6 padded  background-dark\" style=\"background-color:#1c408c;\">\n                                                <h2>Derniers Articles<\/h2>\n                                                                                                                        <div class=\"button-wrap\"><a class=\"button button-one\" href=\"https:\/\/www.trend-networks.com\/fr\/actualites\/\" target=\"_self\">En savoir plus<\/a><\/div>                    <\/div>\n                    \n                   \n                    <\/div>\n    <\/div>\n\n<\/section>\n\n<section class=\"grid-container section\">\n    <div class=\"grid-x\">\n        <div class=\"small-12 medium-12 large-12 cell inner-content\">\n","protected":false},"excerpt":{"rendered":"<p>Support Bienvenue sur notre centre de support. Cliquez ci-dessous sur la cat\u00e9gorie de votre choix.&nbsp;&#8230;<\/p>\n","protected":false},"author":1,"featured_media":0,"parent":0,"menu_order":310,"comment_status":"closed","ping_status":"closed","template":"","meta":{"_acf_changed":false,"inline_featured_image":false,"_glsr_average":0,"_glsr_ranking":0,"_glsr_reviews":0,"footnotes":""},"class_list":["post-34115","page","type-page","status-publish","hentry"],"acf":[],"_links":{"self":[{"href":"https:\/\/www.trend-networks.com\/fr\/wp-json\/wp\/v2\/pages\/34115","targetHints":{"allow":["GET"]}}],"collection":[{"href":"https:\/\/www.trend-networks.com\/fr\/wp-json\/wp\/v2\/pages"}],"about":[{"href":"https:\/\/www.trend-networks.com\/fr\/wp-json\/wp\/v2\/types\/page"}],"author":[{"embeddable":true,"href":"https:\/\/www.trend-networks.com\/fr\/wp-json\/wp\/v2\/users\/1"}],"replies":[{"embeddable":true,"href":"https:\/\/www.trend-networks.com\/fr\/wp-json\/wp\/v2\/comments?post=34115"}],"version-history":[{"count":2,"href":"https:\/\/www.trend-networks.com\/fr\/wp-json\/wp\/v2\/pages\/34115\/revisions"}],"predecessor-version":[{"id":86905,"href":"https:\/\/www.trend-networks.com\/fr\/wp-json\/wp\/v2\/pages\/34115\/revisions\/86905"}],"wp:attachment":[{"href":"https:\/\/www.trend-networks.com\/fr\/wp-json\/wp\/v2\/media?parent=34115"}],"curies":[{"name":"wp","href":"https:\/\/api.w.org\/{rel}","templated":true}]}}