{"id":33867,"date":"2019-03-27T15:59:03","date_gmt":"2019-03-27T15:59:03","guid":{"rendered":"https:\/\/www.trend-networks.com\/latest\/"},"modified":"2021-08-25T17:14:53","modified_gmt":"2021-08-25T16:14:53","slug":"actualites","status":"publish","type":"page","link":"https:\/\/www.trend-networks.com\/fr\/actualites\/","title":{"rendered":"Actualit\u00e9s"},"content":{"rendered":"\n        <\/div>\n    <\/div>\n<\/section>\n\n<section   class=\"in__latest-navigation fullwidth-menu\">\n    <div class=\"menu-latest-section-menu-fr-container\"><ul id=\"menu-latest-section-menu-fr\" class=\"menu\"><li id=\"menu-item-46575\" class=\"menu-item menu-item-type-post_type menu-item-object-page menu-item-46575\"><a href=\"https:\/\/www.trend-networks.com\/fr\/actualites\/dernieres-nouvelles\/\">Les derni\u00e8res nouvelles<\/a><\/li>\n<li id=\"menu-item-42363\" class=\"menu-item menu-item-type-post_type menu-item-object-page menu-item-42363\"><a href=\"https:\/\/www.trend-networks.com\/fr\/actualites\/parutions-presse\/\">Parutions presse<\/a><\/li>\n<li id=\"menu-item-42361\" class=\"menu-item menu-item-type-post_type menu-item-object-page menu-item-42361\"><a href=\"https:\/\/www.trend-networks.com\/fr\/actualites\/evenements\/\">\u00c9v\u00e9nements<\/a><\/li>\n<li id=\"menu-item-42364\" class=\"menu-item menu-item-type-post_type menu-item-object-page menu-item-42364\"><a href=\"https:\/\/www.trend-networks.com\/fr\/actualites\/videos\/\">Vid\u00e9os<\/a><\/li>\n<li id=\"menu-item-42365\" class=\"menu-item menu-item-type-post_type menu-item-object-page menu-item-42365\"><a href=\"https:\/\/www.trend-networks.com\/fr\/actualites\/livres-blancs\/\">Livres blancs<\/a><\/li>\n<\/ul><\/div><\/section>\n\n<section class=\"grid-container section\">\n    <div class=\"grid-x\">\n        <div class=\"small-12 medium-12 large-12 cell inner-content\">\n\n\n\n<h2 class=\"bold\">Articles en vedette<\/h2>\n        <section class=\"in__latest-article-masonry\">\n            <div class=\"grid-x\">\n                <div class=\"cell large-6 first-section\"><div class=\"in__article-latest-item\">\n                                <a href=\"https:\/\/www.trend-networks.com\/fr\/economisez-jusqua-e4210-sur-les-solutions-de-certification-de-test-de-fibre-optique-et-de-poe\/\">\n                                    <div class=\"in__article-latest-image\">\n                                            <img decoding=\"async\" src=\"https:\/\/www.trend-networks.com\/wp-content\/uploads\/2026\/04\/900x900-VDV-II-FR-All-offers.jpg\" alt=\"\" title=\"\">\n                                    <\/div>\n                                    <div class=\"in__article-latest-meta\">\n                                        <p class=\"in__article-latest-cat\">Nouvelles<\/p>\n                                        <h3>\u00c9conomisez jusqu&#8217;\u00e0 \u20ac4,210 sur les solutions de certification, de test de fibre optique et de PoE<\/h3>\n                                        <p class=\"in__article-latest-date\">2 avril 2026<\/p>\n                                    <\/div>\n                                <\/a>\n                            <\/div><\/div>\n                <div class=\"cell large-6 second-section\">\n                    <div class=\"grid-y\">\n                        <div class=\"cell medium-6\"><div class=\"in__article-latest-item\">\n                                <a href=\"https:\/\/www.trend-networks.com\/fr\/guide-de-test-wi-fi-outils-techniques-et-bonnes-pratiques\/\">\n                                    <div class=\"in__article-latest-image\">\n                                            <img decoding=\"async\" src=\"https:\/\/www.trend-networks.com\/wp-content\/uploads\/2025\/12\/SignalTEK-QT-Pro_2-scaled-1-1024x684.webp\" alt=\"SignalTEK-QT-Pro\" title=\"\">\n                                    <\/div>\n                                    <div class=\"in__article-latest-meta\">\n                                        <p class=\"in__article-latest-cat\">Nouvelles<\/p>\n                                        <h3>Guide de test Wi-Fi : Outils, techniques et bonnes pratiques<\/h3>\n                                        <p class=\"in__article-latest-date\">12 d\u00e9cembre 2025<\/p>\n                                    <\/div>\n                                <\/a>\n                            <\/div><\/div>\n                        <div class=\"grid-x\">\n                            <div class=\"cell medium-6\"><div class=\"in__article-latest-item\">\n                                <a href=\"https:\/\/www.trend-networks.com\/fr\/signaltek-qt-un-outil-pour-simplifier-la-qualification-du-reseau\/\">\n                                    <div class=\"in__article-latest-image\">\n                                            <img decoding=\"async\" src=\"https:\/\/www.trend-networks.com\/wp-content\/uploads\/2025\/10\/2627-0870-1-1024x683.jpg\" alt=\"\" title=\"\">\n                                    <\/div>\n                                    <div class=\"in__article-latest-meta\">\n                                        <p class=\"in__article-latest-cat\">News, Nouvelles<\/p>\n                                        <h3>SignalTEK QT \u2013 Un outil pour simplifier la qualification du r\u00e9seau\u00a0<\/h3>\n                                        <p class=\"in__article-latest-date\">24 octobre 2025<\/p>\n                                    <\/div>\n                                <\/a>\n                            <\/div><\/div>\n                            <div class=\"cell medium-6\"><div class=\"in__article-latest-item\">\n                                <a href=\"https:\/\/www.trend-networks.com\/fr\/a-triumphant-week-in-paris-a-brilliant-success-at-rexel-expo-25\/\">\n                                    <div class=\"in__article-latest-image\">\n                                            <img decoding=\"async\" src=\"https:\/\/www.trend-networks.com\/wp-content\/uploads\/2025\/10\/FR-1400x600-Rexel-Expo-Graphic-1024x439.jpg\" alt=\"\" title=\"\">\n                                    <\/div>\n                                    <div class=\"in__article-latest-meta\">\n                                        <p class=\"in__article-latest-cat\">Nouvelles<\/p>\n                                        <h3>Au revoir, Paris ! Le salon REXEL Expo 25 a \u00e9t\u00e9 un triomphe<\/h3>\n                                        <p class=\"in__article-latest-date\">23 octobre 2025<\/p>\n                                    <\/div>\n                                <\/a>\n                            <\/div><\/div>\n                        <\/div>\n                    <\/div>\n                <\/div>\n            <\/div>\n        <\/section>\n    \n\n\n\n<div style=\"height:60px\" aria-hidden=\"true\" class=\"wp-block-spacer\"><\/div>\n\n\n<section id=\"in__product-section-related-articles\"><h2><a href=\"https:\/\/www.trend-networks.com\/latest\/\">\u00a0Derniers articles<\/a><\/h2><div class=\"in__article-carousel owl-carousel\"><div class=\"in__article-item\">\n\t\t\t\t\t<a href=\"https:\/\/www.trend-networks.com\/fr\/economisez-jusqua-e4210-sur-les-solutions-de-certification-de-test-de-fibre-optique-et-de-poe\/\" title=\"View \u00c9conomisez jusqu&#8217;\u00e0 \u20ac4,210 sur les solutions de certification, de test de fibre optique et de PoE\">\n\t\t\t\t\t\t<div class=\"in__article-item-image\">\n\t\t\t\t\t\t\t<img class=\"carousel-img no-lazy owl-lazy\" data-src=\"https:\/\/www.trend-networks.com\/wp-content\/uploads\/2026\/04\/900x900-VDV-II-FR-All-offers.jpg\" alt=\"\"\/>\n\t\t\t\t\t\t<\/div>\n                        <div class=\"in__article-item-text\">\n    \t\t\t\t\t\t<div class=\"in__column-container small-device-keep-columns\">\n    \t\t\t\t\t\t\t<div class=\"in__article-post-date in__column-1-2\">\n    \t\t\t\t\t\t\t\t2 avril 2026\n    \t\t\t\t\t\t\t<\/div>\n    \t\t\t\t\t\t\t<div class=\"in__article-post-cat in__column-1-2\">\n    \t\t\t\t\t\t\t\tNouvelles\n    \t\t\t\t\t\t\t<\/div>\n    \t\t\t\t\t\t<\/div>\n    \t\t\t\t\t\t<h3>\u00c9conomisez jusqu&#8217;\u00e0 \u20ac4,210 sur les solutions de certification, de test de fibre optique et de PoE<\/h3>\n                        <\/div>\n\t\t\t\t\t<\/a>\n\t\t\t\t<\/div><div class=\"in__article-item\">\n\t\t\t\t\t<a href=\"https:\/\/www.trend-networks.com\/fr\/guide-de-test-wi-fi-outils-techniques-et-bonnes-pratiques\/\" title=\"View Guide de test Wi-Fi : Outils, techniques et bonnes pratiques\">\n\t\t\t\t\t\t<div class=\"in__article-item-image\">\n\t\t\t\t\t\t\t<img class=\"carousel-img no-lazy owl-lazy\" data-src=\"https:\/\/www.trend-networks.com\/wp-content\/uploads\/2025\/12\/SignalTEK-QT-Pro_2-scaled-1-1024x684.webp\" alt=\"SignalTEK-QT-Pro\"\/>\n\t\t\t\t\t\t<\/div>\n                        <div class=\"in__article-item-text\">\n    \t\t\t\t\t\t<div class=\"in__column-container small-device-keep-columns\">\n    \t\t\t\t\t\t\t<div class=\"in__article-post-date in__column-1-2\">\n    \t\t\t\t\t\t\t\t12 d\u00e9cembre 2025\n    \t\t\t\t\t\t\t<\/div>\n    \t\t\t\t\t\t\t<div class=\"in__article-post-cat in__column-1-2\">\n    \t\t\t\t\t\t\t\tNouvelles\n    \t\t\t\t\t\t\t<\/div>\n    \t\t\t\t\t\t<\/div>\n    \t\t\t\t\t\t<h3>Guide de test Wi-Fi : Outils, techniques et bonnes pratiques<\/h3>\n                        <\/div>\n\t\t\t\t\t<\/a>\n\t\t\t\t<\/div><div class=\"in__article-item\">\n\t\t\t\t\t<a href=\"https:\/\/www.trend-networks.com\/fr\/signaltek-qt-un-outil-pour-simplifier-la-qualification-du-reseau\/\" title=\"View SignalTEK QT \u2013 Un outil pour simplifier la qualification du r\u00e9seau\u00a0\">\n\t\t\t\t\t\t<div class=\"in__article-item-image\">\n\t\t\t\t\t\t\t<img class=\"carousel-img no-lazy owl-lazy\" data-src=\"https:\/\/www.trend-networks.com\/wp-content\/uploads\/2025\/10\/2627-0870-1-1024x683.jpg\" alt=\"\"\/>\n\t\t\t\t\t\t<\/div>\n                        <div class=\"in__article-item-text\">\n    \t\t\t\t\t\t<div class=\"in__column-container small-device-keep-columns\">\n    \t\t\t\t\t\t\t<div class=\"in__article-post-date in__column-1-2\">\n    \t\t\t\t\t\t\t\t24 octobre 2025\n    \t\t\t\t\t\t\t<\/div>\n    \t\t\t\t\t\t\t<div class=\"in__article-post-cat in__column-1-2\">\n    \t\t\t\t\t\t\t\tNews, Nouvelles\n    \t\t\t\t\t\t\t<\/div>\n    \t\t\t\t\t\t<\/div>\n    \t\t\t\t\t\t<h3>SignalTEK QT \u2013 Un outil pour simplifier la qualification du r\u00e9seau\u00a0<\/h3>\n                        <\/div>\n\t\t\t\t\t<\/a>\n\t\t\t\t<\/div><div class=\"in__article-item\">\n\t\t\t\t\t<a href=\"https:\/\/www.trend-networks.com\/fr\/a-triumphant-week-in-paris-a-brilliant-success-at-rexel-expo-25\/\" title=\"View Au revoir, Paris ! Le salon REXEL Expo 25 a \u00e9t\u00e9 un triomphe\">\n\t\t\t\t\t\t<div class=\"in__article-item-image\">\n\t\t\t\t\t\t\t<img class=\"carousel-img no-lazy owl-lazy\" data-src=\"https:\/\/www.trend-networks.com\/wp-content\/uploads\/2025\/10\/FR-1400x600-Rexel-Expo-Graphic-1024x439.jpg\" alt=\"\"\/>\n\t\t\t\t\t\t<\/div>\n                        <div class=\"in__article-item-text\">\n    \t\t\t\t\t\t<div class=\"in__column-container small-device-keep-columns\">\n    \t\t\t\t\t\t\t<div class=\"in__article-post-date in__column-1-2\">\n    \t\t\t\t\t\t\t\t23 octobre 2025\n    \t\t\t\t\t\t\t<\/div>\n    \t\t\t\t\t\t\t<div class=\"in__article-post-cat in__column-1-2\">\n    \t\t\t\t\t\t\t\tNouvelles\n    \t\t\t\t\t\t\t<\/div>\n    \t\t\t\t\t\t<\/div>\n    \t\t\t\t\t\t<h3>Au revoir, Paris ! Le salon REXEL Expo 25 a \u00e9t\u00e9 un triomphe<\/h3>\n                        <\/div>\n\t\t\t\t\t<\/a>\n\t\t\t\t<\/div><\/section> <!--\/.in__article-carousel -->\n\n\n\n<div style=\"height:60px\" aria-hidden=\"true\" class=\"wp-block-spacer\"><\/div>\n\n\n\n<div class=\"wp-block-columns is-layout-flex wp-container-core-columns-is-layout-9d6595d7 wp-block-columns-is-layout-flex\">\n<div class=\"wp-block-column is-layout-flow wp-block-column-is-layout-flow\">\n<h2 class=\"wp-block-heading\"><a href=\"https:\/\/www.trend-networks.com\/fr\/latest\/press-coverage\/\">PARUTIONS PRESSE<\/a><\/h2>\n\n\n<div class=\"in__latest-single-container\"><div class=\"in__article-latest-item\">\n                                <a href=\"https:\/\/www.trend-networks.com\/fr\/trend-networks-lance-2-fusionneuses-fibermaster\/\">\n                                    <div class=\"in__article-latest-image\">\n                                            <img decoding=\"async\" src=\"https:\/\/www.trend-networks.com\/wp-content\/uploads\/2024\/10\/S60-cover-background-shot-1024x683.jpg\" alt=\"\" title=\"\">\n                                    <\/div>\n                                    <div class=\"in__article-latest-meta\">\n                                        <p class=\"in__article-latest-cat\">Parutions press<\/p>\n                                        <h3>TREND Networks lance 2 fusionneuses FiberMASTER\u00a0<\/h3>\n                                    <\/div>\n                                <\/a>\n                            <\/div><\/div>\n<\/div>\n\n\n\n<div class=\"wp-block-column is-layout-flow wp-block-column-is-layout-flow\">\n<h2 class=\"wp-block-heading\"><a href=\"https:\/\/www.trend-networks.com\/fr\/actualites\/videos\/\">Vid\u00e9os<\/a><\/h2>\n\n\n<div class=\"in__latest-single-container\"><div class=\"in__article-latest-item\">\n                                <a href=\"https:\/\/www.trend-networks.com\/fr\/le-futur-de-la-certification-de-cablages\/\">\n                                    <div class=\"in__article-latest-image\">\n                                            <img decoding=\"async\" src=\"https:\/\/www.trend-networks.com\/wp-content\/uploads\/2019\/06\/lantek-teaser-image.png\" alt=\"\" title=\"\">\n                                    <\/div>\n                                    <div class=\"in__article-latest-meta\">\n                                        <p class=\"in__article-latest-cat\">Vid\u00e9o<\/p>\n                                        <h3>Le futur de la certification de c\u00e2blages<\/h3>\n                                    <\/div>\n                                <\/a>\n                            <\/div><\/div>\n<\/div>\n<\/div>\n\n\n\n<div class=\"wp-block-group\"><div class=\"wp-block-group__inner-container is-layout-flow wp-block-group-is-layout-flow\">\n<div style=\"height:60px\" aria-hidden=\"true\" class=\"wp-block-spacer\"><\/div>\n\n\n\n\n\n<h2 class=\"has-text-align-center in__fullwidth-tag-line wp-block-heading\">NOTRE PROMESSE<\/h2>\n\n\n\n<p class=\"has-text-align-center has-trend-dark-blue-color has-text-color\"><strong>La promesse d\u2019un support illimit\u00e9<\/strong> \u2013 Nous \u00e9talonnerons et r\u00e9parerons votre \u00e9quipement achet\u00e9 chez nous aussi longtemps que vous l&#8217;utiliserez *<\/p>\n\n\n\n<p class=\"has-text-align-center has-trend-dark-blue-color has-text-color\"><strong>Comptez sur vos r\u00e9sultats<\/strong> \u2013 TREND AnyWARE Cloud est le seul syst\u00e8me d&#8217;\u00e9dition de rapports professionnels pour la certification de c\u00e2blages et la qualification de r\u00e9seaux actifs..<\/p>\n\n\n\n<p class=\"has-text-align-center has-trend-dark-blue-color has-text-color\"><strong>Service rapide<\/strong> \u2013 Si nous ne pouvons pas r\u00e9pondre instantan\u00e9ment \u00e0 votre appel d&#8217;assistance technique, nous nous effor\u00e7ons de vous rappeler dans les deux heures *<\/p>\n\n\n\n<div style=\"height:30px\" aria-hidden=\"true\" class=\"wp-block-spacer\"><\/div>\n\n\n\n<div class=\"wp-block-buttons is-content-justification-center is-layout-flex wp-block-buttons-is-layout-flex\">\n<div class=\"wp-block-button\"><a class=\"wp-block-button__link\" href=\"https:\/\/www.trend-networks.com\/fr\/notre-promesse\/\">En savoir plus<\/a><\/div>\n<\/div>\n<\/div><\/div>\n\n\n\n        <\/div>\n    <\/div>\n<\/section>\n\n<section class=\"in__cta-test4less learning-hub-cta trend-standard-block fadein slideup\">\n\n    \n    \n    <div class=\"grid-container\">\n        <div class=\"grid-x\">\n                            \n                                                            \n                    \n                                                            <div class=\"cell medium-6 padded \" style=\"background-image:url(https:\/\/www.trend-networks.com\/wp-content\/uploads\/2019\/03\/test4less-background.jpg);\">\n                                                <p style=\"font-size: 18px; font-weight: bold; color: #73797d; text-align: left;\">AVEZ-VOUS BESOIN DE 3 CERTIFICATEURS DE C\u00c2BLAGE OU PLUS ?<\/p>\n<h1>\u00c9CONOMISEZ JUSQU&#8217;\u00c0 57 % GR\u00c2CE \u00c0<\/h1>\n                                                <img decoding=\"async\" src=\"https:\/\/www.trend-networks.com\/wp-content\/uploads\/2019\/06\/test4less-logo-homepage-2.png\" alt=\"\" title=\"\">                                                                        <div class=\"button-wrap\"><a class=\"button button-one\" href=\"https:\/\/www.trend-networks.com\/fr\/test4less\/\" target=\"_self\">En savoir plus<\/a><\/div>                    <\/div>\n                    \n                \n                                                            \n                    \n                                                            <div class=\"cell medium-6 padded \" style=\"background-image:url(https:\/\/www.trend-networks.com\/wp-content\/uploads\/2021\/03\/Used-Testers-FR.png);\">\n                                                <h2>Testeurs D&#8217;Occasion En Vente<\/h2>\n                                                                                                                        <div class=\"button-wrap\"><a class=\"button button-one\" href=\"\/fr\/categorie-produit\/used-testers-fr\/\" target=\"_self\">En savoir plus<\/a><\/div>                    <\/div>\n                    \n                   \n                    <\/div>\n    <\/div>\n\n<\/section>\n\n<section class=\"grid-container section\">\n    <div class=\"grid-x\">\n        <div class=\"small-12 medium-12 large-12 cell inner-content\">\n\n\n\n        <\/div>\n    <\/div>\n<\/section>\n\n<section id=\"trend-about-latest\" class=\"in__cta-footer trend-standard-block fadein slideup\">\n\n    \n    \n    <div class=\"grid-container fluid\">\n        <div class=\"grid-x\">\n                            \n                                                            \n                    \n                                                            <div class=\"cell medium-6 padded \" style=\"background-color:#f5f5f5;\">\n                                                <h2>\u00c0 PROPOS TREND Networks<\/h2>\n                                                                                                                        <div class=\"button-wrap\"><a class=\"button button-one\" href=\"https:\/\/www.trend-networks.com\/fr\/a-propos-de-trend-networks\/\" target=\"_self\">En savoir plus<\/a><\/div>                    <\/div>\n                    \n                \n                                                            \n                    \n                                                            <div class=\"cell medium-6 padded  background-dark\" style=\"background-color:#1c408c;\">\n                                                <h2>Derniers Articles<\/h2>\n                                                                                                                        <div class=\"button-wrap\"><a class=\"button button-one\" href=\"https:\/\/www.trend-networks.com\/fr\/actualites\/\" target=\"_self\">En savoir plus<\/a><\/div>                    <\/div>\n                    \n                   \n                    <\/div>\n    <\/div>\n\n<\/section>\n\n<section class=\"grid-container section\">\n    <div class=\"grid-x\">\n        <div class=\"small-12 medium-12 large-12 cell inner-content\">\n","protected":false},"excerpt":{"rendered":"<p>PARUTIONS PRESSE Vid\u00e9os<\/p>\n","protected":false},"author":1,"featured_media":0,"parent":0,"menu_order":256,"comment_status":"closed","ping_status":"closed","template":"","meta":{"_acf_changed":false,"inline_featured_image":false,"_glsr_average":0,"_glsr_ranking":0,"_glsr_reviews":0,"footnotes":""},"class_list":["post-33867","page","type-page","status-publish","hentry"],"acf":[],"_links":{"self":[{"href":"https:\/\/www.trend-networks.com\/fr\/wp-json\/wp\/v2\/pages\/33867","targetHints":{"allow":["GET"]}}],"collection":[{"href":"https:\/\/www.trend-networks.com\/fr\/wp-json\/wp\/v2\/pages"}],"about":[{"href":"https:\/\/www.trend-networks.com\/fr\/wp-json\/wp\/v2\/types\/page"}],"author":[{"embeddable":true,"href":"https:\/\/www.trend-networks.com\/fr\/wp-json\/wp\/v2\/users\/1"}],"replies":[{"embeddable":true,"href":"https:\/\/www.trend-networks.com\/fr\/wp-json\/wp\/v2\/comments?post=33867"}],"version-history":[{"count":0,"href":"https:\/\/www.trend-networks.com\/fr\/wp-json\/wp\/v2\/pages\/33867\/revisions"}],"wp:attachment":[{"href":"https:\/\/www.trend-networks.com\/fr\/wp-json\/wp\/v2\/media?parent=33867"}],"curies":[{"name":"wp","href":"https:\/\/api.w.org\/{rel}","templated":true}]}}