{"id":33818,"date":"2019-04-04T16:23:51","date_gmt":"2019-04-04T15:23:51","guid":{"rendered":"https:\/\/www.trend-networks.com\/?page_id=33818"},"modified":"2025-09-12T15:48:51","modified_gmt":"2025-09-12T14:48:51","slug":"contactez-nous","status":"publish","type":"page","link":"https:\/\/www.trend-networks.com\/fr\/contactez-nous\/","title":{"rendered":"Contactez-Nous"},"content":{"rendered":"\n<h1 class=\"wp-block-heading\">CONTACTEZ-NOUS<\/h1>\n\n\n\n<div class=\"wp-block-columns is-layout-flex wp-container-core-columns-is-layout-9d6595d7 wp-block-columns-is-layout-flex\">\n<div class=\"wp-block-column is-layout-flow wp-block-column-is-layout-flow\">\n\n<form class=\"in__form\" method=\"post\">\n\t<fieldset>\n\t\t<div class=\"in__column-container\">\n\t\t    <div class=\"in__column-1-2\">\n\t\t    \t<label for=\"firstname\" class=\"required-field\">Pr\u00e9nom<\/label>\n\t\t        <input name=\"firstname\" type=\"text\" placeholder=\"Pr\u00e9nom *\" required=\"required\">\n\t\t    <\/div>\n\t\t    <div class=\"in__column-1-2\">\n\t\t    \t<label for=\"lastname\" class=\"required-field\">Nom<\/label>\n\t\t        <input name=\"lastname\" type=\"text\" placeholder=\"Nom *\" required=\"required\">\n\t\t    <\/div>\n\t\t<\/div>\n\t\t<div>\n\t\t   \t<label for=\"company\" class=\"required-field\">Nom de la soci\u00e9t\u00e9<\/label>\n\t\t    <input name=\"company\" type=\"text\" placeholder=\"Nom de la soci\u00e9t\u00e9 *\" required=\"required\">\n\t\t<\/div>\n\n\t\t<div id=\"pot-field\" style=\"opacity:0;z-index:-1;pointer-events:none;position:absolute;height:0;width:0;\">\n\t<input name=\"business\" type=\"text\" id=\"business\" autocomplete=\"off\" tabindex=\"-1\">\n<\/div>\n\t\t\t    <div>\n\t    \t<label aria-label=\"Select Country\" for=\"country\" class=\"required-field\">Pays<\/label>\n\t        <select name=\"country\" required=\"required\">\n\t        \t\t            <option value=\"\">Pays *<\/option>\n\n\n\n\t            \n\t\t\t\t\t\t<option value=\"DZ\">Alg\u00e9rie<\/option>\n\n\t\t\t\t\t\t<option value=\"BM\">Bermudes<\/option>\n\n\t\t\t\t\t\t<option value=\"BJ\">B\u00e9nin<\/option>\n\n\t\t\t\t\t\t<option value=\"CM\">Cameroun<\/option>\n\n\t\t\t\t\t\t<option value=\"CV\">Cap vert<\/option>\n\n\t\t\t\t\t\t<option value=\"CF\">Centrafrique<\/option>\n\n\t\t\t\t\t\t<option value=\"CI\">C\u00f4te d'Ivoire<\/option>\n\n\t\t\t\t\t\t<option value=\"FR\">France<\/option>\n\n\t\t\t\t\t\t<option value=\"GA\">Gabon<\/option>\n\n\t\t\t\t\t\t<option value=\"GM\">Gambie<\/option>\n\n\t\t\t\t\t\t<option value=\"GH\">Ghana<\/option>\n\n\t\t\t\t\t\t<option value=\"GN\">Guin\u00e9e<\/option>\n\n\t\t\t\t\t\t<option value=\"GW\">Guin\u00e9e Bissau<\/option>\n\n\t\t\t\t\t\t<option value=\"LU\">Luxembourg<\/option>\n\n\t\t\t\t\t\t<option value=\"MG\">Madagascar<\/option>\n\n\t\t\t\t\t\t<option value=\"ML\">Mali<\/option>\n\n\t\t\t\t\t\t<option value=\"MA\">Maroc<\/option>\n\n\t\t\t\t\t\t<option value=\"MR\">Mauritanie<\/option>\n\n\t\t\t\t\t\t<option value=\"MC\">Monaco<\/option>\n\n\t\t\t\t\t\t<option value=\"MN\">Mongolie<\/option>\n\n\t\t\t\t\t\t<option value=\"NE\">Niger<\/option>\n\n\t\t\t\t\t\t<option value=\"CD\">R\u00e9publique d\u00e9mocratique du Congo<\/option>\n\n\t\t\t\t\t\t<option value=\"CG\">R\u00e9publique du Congo<\/option>\n\n\t\t\t\t\t\t<option value=\"SN\">S\u00e9n\u00e9gal<\/option>\n\n\t\t\t\t\t\t<option value=\"TD\">Tchad<\/option>\n\n\t\t\t\t\t\t<option value=\"TG\">Togo<\/option>\n\n\t\t\t\t\t\t<option value=\"TN\">Tunisie<\/option>\n\n\t\t\t\t\t\t\t        <\/select>\n\t    <\/div>\n\t\t\t\t\n\t\t\t\t\t\t<label for=\"county\" class=\"\">D\u00e9partement<\/label>\n\t\t        <input class=\"join\" name=\"state\" type=\"text\" placeholder=\"D\u00e9partement *\" >\n\t\t\t\t\n\t\t<div>\n\t\t   \t<label for=\"supporttype\" class=\"required-field\">Type of enquiry<\/label>\n\t\t    <select name=\"supporttype\"  placeholder=\"Type of enquiry *\" required=\"required\">\n\t\t\t<option>---<\/option>\n\t\t\t<option>Sales<\/option>\n\t\t\t<option>Technical<\/option>\n\t\t\t<\/select>\n\t\t<\/div>\n\t\t\n\t\t<div>\n\t\t   \t<label for=\"telephone\" class=\"required-field\">T\u00e9l\u00e9phone<\/label>\n\t\t    <input name=\"telephone\" type=\"text\" placeholder=\"T\u00e9l\u00e9phone *\" required=\"required\">\n\t\t<\/div>\n\t\t\n    \t<div>\n    \t\t<label for=\"email\" class=\"required-field\">Email addresse<\/label>\n        \t<input name=\"email\" type=\"email\" placeholder=\"Email addresse *\" required=\"required\">\n    \t<\/div>\n\n    \t<div>\n    \t\t<label for=\"message\" class=\"required-field\">Message<\/label>\n    \t\t<textarea name=\"message\" id=\"message\" placeholder=\"Message *\" required=\"required\"><\/textarea>\n    \t<\/div>\n\n\t    <div>\n\t    \t\t        <div style=\"display:flex;margin-bottom:1.5rem;\">\n\t            <label class=\"large-text inline\" for=\"keepme\">Merci de me tenir inform\u00e9(e) de vos derni\u00e8res nouveaut\u00e9s<\/label><input name=\"keepme\" id=\"keepme\" value=\"yes\" type=\"checkbox\" class=\"in__form-stylised\">\n\t        <\/div>\t    <\/div>    \t\n\n\t    <div>\n\t    \t<div class=\"g-recaptcha\" data-sitekey=\"6LfgrIQaAAAAAEeCo_3ch-CG0SNb9IAgi8dcx2RH\"><\/div>\t    <\/div>\n\t<\/fieldset>\n\t<div>\n\t\t<!--<input type=\"hidden\" name=\"supporttype\" value=\"Technical\"\/>-->\n\t\t<input type=\"hidden\" name=\"handler\" value=\"generalEnquiry\"\/>\n\t\t<input type=\"hidden\" name=\"region_code\" value=\"fr\"\/>\n\t\t<input type=\"hidden\" name=\"security\" value=\"c4d2ceb62b\"\/>\n\n\t    <span><input type=\"submit\" class=\"btn yellow\" value=\"Submit\"><\/span>\n\t    <!--<span><input type=\"submit\" data-sitekey=\"6LdSyxYqAAAAAKlI0MfGhoKZ6Po65NH9HxqFfutF\" class=\"g-recaptcha btn yellow\" value=\"Submit\"><\/span>-->\n\t    \n\t<\/div>\n\t\n<\/form>\t\n\n<p>&nbsp;<\/p>\n\n\n<\/div>\n\n\n\n<div class=\"wp-block-column is-layout-flow wp-block-column-is-layout-flow\"><div id=\"in__location-map\">\n\tLocation map\n<\/div>\n<\/div>\n<\/div>\n\n\n\n<div style=\"height:60px\" aria-hidden=\"true\" class=\"wp-block-spacer\"><\/div>\n\n\n\n<h3 class=\"wp-block-heading\">NOS EMPLACEMENTS<\/h3>\n\n\n\n<div class=\"wp-block-columns column-margin is-layout-flex wp-container-core-columns-is-layout-9d6595d7 wp-block-columns-is-layout-flex\">\n<div class=\"wp-block-column in__contact-location-card is-layout-flow wp-block-column-is-layout-flow\">\n<figure class=\"wp-block-image\"><img decoding=\"async\" width=\"240\" height=\"120\" src=\"https:\/\/www.trend-networks.com\/wp-content\/uploads\/2019\/04\/flag-uk.png\" alt=\"\" class=\"wp-image-4868\" title=\"\"><\/figure>\n\n\n\n<h4 class=\"wp-block-heading\">TREND Networks<\/h4>\n\n\n\n<p>TREND Networks House, <br>728 London Road, High&nbsp;Wycombe,<br>Buckinghamshire, HP11 1HE, United&nbsp;Kingdom<\/p>\n\n\n\n<p><a href=\"https:\/\/goo.gl\/maps\/1d6HjBYap7r\" target=\"_blank\" rel=\"noopener\">Map link<\/a><\/p>\n\n\n\n<p>Tel: <a href=\"tel:+441925428380\">+44 (0)1925 428 380<\/a><br>Tech. Hotline:<a href=\"tel:+441494486432\">+44 (0)1494 486432<br>Fax: +44 (0)1925 428 381<br>Email: <\/a><a href=\"mailto:uksales@trend-networks.com\">uksales@trend-networks.com<\/a><br>\nTech Support: <a href=\"mailto:Tech.Support@trend-networks.com\">Tech.Support@trend-networks.com<\/a><\/p>\n<\/div>\n\n\n\n<div class=\"wp-block-column in__contact-location-card is-layout-flow wp-block-column-is-layout-flow\">\n<figure class=\"wp-block-image\"><img decoding=\"async\" src=\"https:\/\/www.trend-networks.com\/wp-content\/uploads\/2019\/04\/germany-flag.png\" alt=\"\" class=\"wp-image-4868\" title=\"\"><\/figure>\n\n\n\n<h4 class=\"wp-block-heading\">TREND Networks<\/h4>\n\n\n\n<p>Gutenbergstr.&nbsp;10,<br>85737&nbsp;Ismaning,<br>Germany<\/p>\n\n\n\n<p><a href=\"https:\/\/www.google.co.uk\/maps\/place\/Ismaning,+Germany\/@48.2403103,11.7016773,12z\/data=!3m1!4b1!4m2!3m1!1s0x479e0cd5b38a9d63:0x41d25a40937a360\" target=\"_blank\" rel=\"noopener\">Map link<\/a><\/p>\n\n\n\n<p>Tel:&nbsp;<a href=\"tel:+4989996860\">+49&nbsp;(0)89&nbsp;99&nbsp;686-0<\/a><br>Tech. Hotline:&nbsp;<a href=\"tel:+498999686200\">+49&nbsp;(0)89&nbsp;99&nbsp;686-200<\/a><br>Fax: +49 (0)89 99 686-111<br>Email:&nbsp;<a href=\"mailto:germanysales@trend-networks.com\">germanysales@trend-networks.com<\/a><br>\nTech Support: <a href=\"mailto:Tech.Support@trend-networks.com\">Tech.Support@trend-networks.com<\/a><\/p>\n<\/div>\n\n\n\n<div class=\"wp-block-column in__contact-location-card is-layout-flow wp-block-column-is-layout-flow\">\n<figure class=\"wp-block-image\"><img decoding=\"async\" src=\"https:\/\/www.trend-networks.com\/wp-content\/uploads\/2019\/04\/france-flag.png\" alt=\"\" class=\"wp-image-4864\" title=\"\"><\/figure>\n\n\n\n<h4 class=\"wp-block-heading\">TREND Networks<\/h4>\n\n\n\n<p>TREND Networks, <br>22 Place de la Gare,<br>91800 Brunoy, France<\/p>\n\n\n\n<p>Tel: <a href=\"tel:+330169355470\">+33(0)169355470<\/a><br>Tech. Hotline: <a href=\"tel:+33169355475\">+33(0)169355475<\/a> <br>Email:\u00a0<a href=\"mailto:francesales@trend-networks.com\">francesales@trend-networks.com<\/a><br> Tech Support: <a href=\"mailto:Tech.Support@trend-networks.com\">Tech.Support@trend-networks.com<\/a><\/p>\n<\/div>\n<\/div>\n\n\n\n<div class=\"wp-block-columns column-margin is-layout-flex wp-container-core-columns-is-layout-9d6595d7 wp-block-columns-is-layout-flex\">\n<div class=\"wp-block-column in__contact-location-card is-layout-flow wp-block-column-is-layout-flow\">\n<figure class=\"wp-block-image\"><img decoding=\"async\" src=\"https:\/\/www.trend-networks.com\/wp-content\/uploads\/2019\/04\/usa-flag.png\" alt=\"\" class=\"wp-image-4868\" title=\"\"><\/figure>\n\n\n\n<h4 class=\"wp-block-heading\">TREND Networks<\/h4>\n\n\n\n<p>300 Roundhill Drive, Suite 1,<br>Rockaway, NJ 07866, USA<\/p>\n\n\n\n<p><a href=\"https:\/\/www.google.co.uk\/maps\/place\/300+Roundhill+Dr+%231,+Rockaway,+NJ+07866,+USA\/@40.9283853,-74.4925818,143m\/data=!3m2!1e3!4b1!4m5!3m4!1s0x89c3095c416b193f:0x2da5ad09c8e6a719!8m2!3d40.9283843!4d-74.4920346\" target=\"_blank\" rel=\"noopener\">Map link<\/a><\/p>\n\n\n\n<p>Main: <a href=\"tel:973-957-7700\">973-957-7700<\/a><br>Toll Free: 877-390-6161<br>Tech. Hotline: 973-957-7553<br>Tech Support: <a title=\"mailto:americastech@trend-networks.com\" href=\"mailto:americastech@trend-networks.com\">americastech@trend-networks.com<\/a><br>Email: <a href=\"mailto:contactus@trend-networks.com\">contactus@trend-networks.com<\/a><\/p>\n<\/div>\n\n\n\n<div class=\"wp-block-column in__contact-location-card is-layout-flow wp-block-column-is-layout-flow\">\n<figure class=\"wp-block-image size-full\"><img decoding=\"async\" width=\"250\" height=\"132\" src=\"https:\/\/www.trend-networks.com\/wp-content\/uploads\/2025\/02\/italia-flag.png\" alt=\"\" class=\"wp-image-137921\" title=\"\"><\/figure>\n\n\n\n<h4 class=\"wp-block-heading\">Terahertz Technologies (Part of TREND Networks)<\/h4>\n\n\n\n<p>Main: <a href=\"tel:393771774923\">+39 377 177 4923<\/a><br>Email: <a href=\"mailto:italysales@trend-networks.com\">italysales@trend-networks.com<\/a><br>Tech Support: <a href=\"mailto:Tech.Support@trend-networks.com\">Tech.Support@trend-networks.com<\/a><\/p>\n\n\n\n<p><\/p>\n<\/div>\n\n\n\n<div class=\"wp-block-column in__contact-location-card is-layout-flow wp-block-column-is-layout-flow\">\n<figure class=\"wp-block-image\"><img decoding=\"async\" src=\"https:\/\/www.trend-networks.com\/wp-content\/uploads\/2019\/04\/china-flag.png\" alt=\"\" class=\"wp-image-4868\" title=\"\"><\/figure>\n\n\n\n<h4 class=\"wp-block-heading\">\u6210\u90fd\u5b89\u8bda\u8fc5\u98de\u7535\u5b50\u79d1\u6280\u6709\u9650\u516c\u53f8 Chengdu Ancentest Electronic Technologies Co., Ltd\n<\/h4>\n\n\n\n<p>\u6210\u90fd\u5e02\u9ad8\u65b0\u533a\u5929\u5e9c\u5927\u9053\u4e2d\u6bb5\u5409\u6cf0\u4e94\u8def88\u53f7\u9999\u5e74\u5e7f\u573a3\u53f7\u697c3105\u5ba4 Room 3105, Building 3, Future Plaza, No.88, Jitai five Road, Middle Section of Tianfu Avenue, New and Hi-tech Zone, Chengdu<\/p>\n\n\n\n<p>Tel: <a href=\"tel:028-86027579\/7569\">028-86027579\/7569<\/a><br>FAX\uff1a028-85293778 <br>Email: <a href=\"mailto:marketing@ancentest.com \">marketing@ancentest.com <\/a><br>Tech Support: <a href=\"mailto:Tech.Support@trend-networks.com\">Tech.Support@trend-networks.com<\/a><\/p>\n<\/div>\n<\/div>\n\n\n\n<div class=\"wp-block-columns column-margin is-layout-flex wp-container-core-columns-is-layout-9d6595d7 wp-block-columns-is-layout-flex\">\n<div class=\"wp-block-column in__contact-location-card is-layout-flow wp-block-column-is-layout-flow\">\n<figure class=\"wp-block-image\"><img decoding=\"async\" src=\"\/wp-content\/uploads\/2021\/03\/spain-flag.jpg\" alt=\"\" class=\"wp-image-4868\" title=\"\"><\/figure>\n\n\n\n<h4 class=\"wp-block-heading\">Trend Networks<\/h4>\n\n\n\n<p><a href=\"https:\/\/www.google.co.uk\/maps\/place\/Barcelona,+Spain\/@41.3947688,2.0787283,12z\/data=!3m1!4b1!4m5!3m4!1s0x12a49816718e30e5:0x44b0fb3d4f47660a!8m2!3d41.3850639!4d2.1734035\" target=\"_blank\" rel=\"noopener\">Map link<\/a><\/p>\n\n\n\n<p>Email: <a href=\"mailto:spainsales@trend-networks.com\">spainsales@trend-networks.com<\/a><br>\nTech Support: <a href=\"mailto:Tech.Support@trend-networks.com\">Tech.Support@trend-networks.com<\/a><\/p>\n<\/div>\n\n\n\n<div class=\"wp-block-column in__contact-location-card is-layout-flow wp-block-column-is-layout-flow\">\n<figure class=\"wp-block-image\"><img decoding=\"async\" src=\"\/wp-content\/uploads\/2021\/03\/poland-flag.jpg\" alt=\"\" class=\"wp-image-4868\" title=\"\"><\/figure>\n\n\n\n<h4 class=\"wp-block-heading\">Trend Networks<\/h4>\n\n\n\n<p><a href=\"https:\/\/www.google.co.uk\/maps\/place\/Gda%C5%84sk,+Poland\/@54.3610063,18.5499462,11z\/data=!3m1!4b1!4m5!3m4!1s0x46fd731c14d4fa6f:0x9bb9fbf163b7be8d!8m2!3d54.3520252!4d18.6466384\" target=\"_blank\" rel=\"noopener\">Map link<\/a><\/p>\n\n\n\n<p>Tel: <a href=\"tel:+48 518 977 967\">+48 518 977 967<\/a><br>Email: <a href=\"mailto:polandsales@trend-networks.com\">polandsales@trend-networks.com<\/a><br>\nTech Support: <a href=\"mailto:Tech.Support@trend-networks.com\">Tech.Support@trend-networks.com<\/a><\/p>\n<\/div>\n\n\n\n<div class=\"wp-block-column in__contact-location-card is-layout-flow wp-block-column-is-layout-flow\">\n<figure class=\"wp-block-image\"><img decoding=\"async\" src=\"https:\/\/www.trend-networks.com\/wp-content\/uploads\/2019\/04\/brasil-flag.png\" alt=\"\" class=\"wp-image-4868\" title=\"\"><\/figure>\n\n\n\n<h4 class=\"wp-block-heading\">TREND Networks<\/h4>\n\n\n\n<p>Tel: <a href=\"tel:+5511981 960 606\">+55 (0)11981 960 606<\/a><br>Email: <a href=\"mailto:latamsales@trend-networks.com\">latamsales@trend-networks.com<\/a><\/p>\n<\/div>\n<\/div>\n\n\n\n        <\/div>\n    <\/div>\n<\/section>\n\n<section class=\"learning-hub-cta trend-standard-block fadein slideup\">\n\n    \n    \n    <div class=\"grid-container fluid\">\n        <div class=\"grid-x\">\n                            \n                                                            \n                    \n                                                            <div class=\"cell medium-6 padded \" style=\"background-image:url(https:\/\/www.trend-networks.com\/wp-content\/uploads\/2021\/05\/Trend-Network-Learning-Hub.png);\">\n                                                <h1 class=\"trend-learning-hub\"><span class=\"trend\">TREND<\/span><span class=\"learning\">Articles<\/span> <span class=\"hub\">techniques<\/span><\/h1>\n<p class=\"subhead\">Vid\u00e9os, livres blancs et plus encore<\/p>\n                                                                                                                        <div class=\"button-wrap\"><a class=\"button button-one\" href=\"https:\/\/www.trend-networks.com\/fr\/learning-hub\/\" target=\"_self\">Plus encore<\/a><\/div>                    <\/div>\n                    \n                \n                                                            \n                    \n                                                            <div class=\"cell medium-6 padded \" style=\"background-image:url(https:\/\/www.trend-networks.com\/wp-content\/uploads\/2021\/06\/signaltek-homepage-cta-fr.jpg);\">\n                                                <h2>SOLUTIONNEZ-LES AVEC LES SIGNALTEK 10G<\/h2>\n                                                                                                                        <div class=\"button-wrap\"><a class=\"button button-one\" href=\"https:\/\/www.trend-networks.com\/fr\/produit\/signaltek-10g\/\" target=\"_self\">En Saviour Plus<\/a><\/div>                    <\/div>\n                    \n                   \n                    <\/div>\n    <\/div>\n\n<\/section>\n\n<section class=\"grid-container section\">\n    <div class=\"grid-x\">\n        <div class=\"small-12 medium-12 large-12 cell inner-content\">\n\n\n\n<div class=\"wp-block-columns column-margin is-layout-flex wp-container-core-columns-is-layout-9d6595d7 wp-block-columns-is-layout-flex\">\n<div class=\"wp-block-column in__contact-location-card clear-bg is-layout-flow wp-block-column-is-layout-flow\"><\/div>\n<\/div>\n\n\n\n<div style=\"height:60px\" aria-hidden=\"true\" class=\"wp-block-spacer\"><\/div>\n","protected":false},"excerpt":{"rendered":"<p>CONTACTEZ-NOUS NOS EMPLACEMENTS TREND Networks TREND Networks House, 728 London Road, High&nbsp;Wycombe,Buckinghamshire, HP11 1HE, United&nbsp;Kingdom&nbsp;&#8230;<\/p>\n","protected":false},"author":1,"featured_media":0,"parent":0,"menu_order":139,"comment_status":"closed","ping_status":"closed","template":"","meta":{"_acf_changed":false,"inline_featured_image":false,"_glsr_average":0,"_glsr_ranking":0,"_glsr_reviews":0,"footnotes":""},"class_list":["post-33818","page","type-page","status-publish","hentry"],"acf":[],"_links":{"self":[{"href":"https:\/\/www.trend-networks.com\/fr\/wp-json\/wp\/v2\/pages\/33818","targetHints":{"allow":["GET"]}}],"collection":[{"href":"https:\/\/www.trend-networks.com\/fr\/wp-json\/wp\/v2\/pages"}],"about":[{"href":"https:\/\/www.trend-networks.com\/fr\/wp-json\/wp\/v2\/types\/page"}],"author":[{"embeddable":true,"href":"https:\/\/www.trend-networks.com\/fr\/wp-json\/wp\/v2\/users\/1"}],"replies":[{"embeddable":true,"href":"https:\/\/www.trend-networks.com\/fr\/wp-json\/wp\/v2\/comments?post=33818"}],"version-history":[{"count":17,"href":"https:\/\/www.trend-networks.com\/fr\/wp-json\/wp\/v2\/pages\/33818\/revisions"}],"predecessor-version":[{"id":145026,"href":"https:\/\/www.trend-networks.com\/fr\/wp-json\/wp\/v2\/pages\/33818\/revisions\/145026"}],"wp:attachment":[{"href":"https:\/\/www.trend-networks.com\/fr\/wp-json\/wp\/v2\/media?parent=33818"}],"curies":[{"name":"wp","href":"https:\/\/api.w.org\/{rel}","templated":true}]}}