{"id":151996,"date":"2026-03-27T14:54:30","date_gmt":"2026-03-27T14:54:30","guid":{"rendered":"https:\/\/www.trend-networks.com\/spring-savings\/"},"modified":"2026-03-30T14:24:01","modified_gmt":"2026-03-30T13:24:01","slug":"springsavings","status":"publish","type":"page","link":"https:\/\/www.trend-networks.com\/fr\/springsavings\/","title":{"rendered":"Spring Savings"},"content":{"rendered":"\n<div style=\"height:100px\" aria-hidden=\"true\" class=\"wp-block-spacer block-visibility-hide-medium-screen block-visibility-hide-small-screen\"><\/div>\n\n\n<div class=\"wp-block-image\">\n<figure class=\"aligncenter size-full is-resized\"><a href=\"https:\/\/www.trend-networks.com\/fr\/categorie-produit\/promotions-en-vedette\/\"><img decoding=\"async\" width=\"1940\" height=\"440\" src=\"https:\/\/www.trend-networks.com\/wp-content\/uploads\/2026\/03\/1940x440-FR.jpg\" alt=\"\" class=\"wp-image-152297\" style=\"width:1920px\" title=\"\" srcset=\"https:\/\/www.trend-networks.com\/wp-content\/uploads\/2026\/03\/1940x440-FR.jpg 1940w, https:\/\/www.trend-networks.com\/wp-content\/uploads\/2026\/03\/1940x440-FR-600x136.jpg 600w, https:\/\/www.trend-networks.com\/wp-content\/uploads\/2026\/03\/1940x440-FR-1024x232.jpg 1024w, https:\/\/www.trend-networks.com\/wp-content\/uploads\/2026\/03\/1940x440-FR-768x174.jpg 768w, https:\/\/www.trend-networks.com\/wp-content\/uploads\/2026\/03\/1940x440-FR-1536x348.jpg 1536w\" sizes=\"(max-width: 1940px) 100vw, 1940px\" \/><\/a><\/figure>\n<\/div>\n\n\n<div style=\"height:30px\" aria-hidden=\"true\" class=\"wp-block-spacer\"><\/div>\n\n\n\n<h1 class=\"wp-block-heading has-text-align-center\">ACC\u00c9DEZ \u00c0 LA CERTITUDE DU PRINTEMPS GR\u00c2CE \u00c0 DES TESTS PLUS INTELLIGENTS ET DES \u00c9CONOMIES MAXIMALES.<\/h1>\n\n\n\n<p class=\"has-text-align-center\"><strong>\u00c9conomisez jusqu\u2019\u00e0 \u20ac4,210 sur les solutions de certification, de test de fibre optique etde test PoE.<\/strong><\/p>\n\n\n\n<p class=\"has-text-align-center\">Profitez ce printemps des offres exclusives et \u00e0 dur\u00e9e limit\u00e9e de TREND Networks pour moderniser votre \u00e9quipement de test r\u00e9seau. Que vous certifiiez l&#8217;Ethernet haut d\u00e9bit, installiez une infrastructure fibre optique ou v\u00e9rifiiez les performances PoE, nos outils de pointe vous permettent de travailler plus rapidement, plus efficacement et en toute confiance.<\/p>\n\n\n\n<p class=\"has-text-align-center\"><strong>Valable du 1er avril 2026 au 31 juillet 2026. Des conditions g\u00e9n\u00e9rales s\u2019appliquent.<\/strong><\/p>\n\n\n\n<div class=\"wp-block-columns column-margin four-col is-layout-flex wp-container-core-columns-is-layout-9d6595d7 wp-block-columns-is-layout-flex\">\n<div class=\"wp-block-column is-layout-flow wp-block-column-is-layout-flow\">\n<figure class=\"wp-block-image size-full\"><a href=\"https:\/\/www.trend-networks.com\/fr\/produit\/lantek-iv-certificateur-de-cables\/\"><img decoding=\"async\" width=\"900\" height=\"900\" src=\"https:\/\/www.trend-networks.com\/wp-content\/uploads\/2026\/03\/Revised_900x900-Spring-Summer-Product-Graphics-FR.jpg\" alt=\"\" class=\"wp-image-152322\" title=\"\" srcset=\"https:\/\/www.trend-networks.com\/wp-content\/uploads\/2026\/03\/Revised_900x900-Spring-Summer-Product-Graphics-FR.jpg 900w, https:\/\/www.trend-networks.com\/wp-content\/uploads\/2026\/03\/Revised_900x900-Spring-Summer-Product-Graphics-FR-600x600.jpg 600w, https:\/\/www.trend-networks.com\/wp-content\/uploads\/2026\/03\/Revised_900x900-Spring-Summer-Product-Graphics-FR-150x150.jpg 150w, https:\/\/www.trend-networks.com\/wp-content\/uploads\/2026\/03\/Revised_900x900-Spring-Summer-Product-Graphics-FR-768x768.jpg 768w, https:\/\/www.trend-networks.com\/wp-content\/uploads\/2026\/03\/Revised_900x900-Spring-Summer-Product-Graphics-FR-125x125.jpg 125w, https:\/\/www.trend-networks.com\/wp-content\/uploads\/2026\/03\/Revised_900x900-Spring-Summer-Product-Graphics-FR-100x100.jpg 100w\" sizes=\"(max-width: 900px) 100vw, 900px\" \/><\/a><\/figure>\n\n\n\n<div style=\"height:30px\" aria-hidden=\"true\" class=\"wp-block-spacer\"><\/div>\n\n\n\n<p class=\"has-text-align-center\"><strong>LanTEK IV-S 3000MHz Lot essentiel fibre<\/strong> <strong>(LT4-3000FS)<br>\u00c9CONOMISEZ \u20ac4,210<\/strong><br>Tests \u00e9volutifs jusqu&#8217;\u00e0 3 000 MHz, id\u00e9aux pour les installations Cat 8 et Ethernet haut d\u00e9bit. Modules fibre optique et assistance Sapphire Care inclus.<\/p>\n<\/div>\n\n\n\n<div class=\"wp-block-column is-layout-flow wp-block-column-is-layout-flow\">\n<figure class=\"wp-block-image size-full\"><a href=\"https:\/\/www.trend-networks.com\/fr\/produit\/lantek-iv-certificateur-de-cables\/\"><img decoding=\"async\" width=\"900\" height=\"900\" src=\"https:\/\/www.trend-networks.com\/wp-content\/uploads\/2026\/03\/Revised_900x900-Spring-Summer-Product-Graphics-FR2.jpg\" alt=\"\" class=\"wp-image-152331\" title=\"\" srcset=\"https:\/\/www.trend-networks.com\/wp-content\/uploads\/2026\/03\/Revised_900x900-Spring-Summer-Product-Graphics-FR2.jpg 900w, https:\/\/www.trend-networks.com\/wp-content\/uploads\/2026\/03\/Revised_900x900-Spring-Summer-Product-Graphics-FR2-600x600.jpg 600w, https:\/\/www.trend-networks.com\/wp-content\/uploads\/2026\/03\/Revised_900x900-Spring-Summer-Product-Graphics-FR2-150x150.jpg 150w, https:\/\/www.trend-networks.com\/wp-content\/uploads\/2026\/03\/Revised_900x900-Spring-Summer-Product-Graphics-FR2-768x768.jpg 768w, https:\/\/www.trend-networks.com\/wp-content\/uploads\/2026\/03\/Revised_900x900-Spring-Summer-Product-Graphics-FR2-125x125.jpg 125w, https:\/\/www.trend-networks.com\/wp-content\/uploads\/2026\/03\/Revised_900x900-Spring-Summer-Product-Graphics-FR2-100x100.jpg 100w\" sizes=\"(max-width: 900px) 100vw, 900px\" \/><\/a><\/figure>\n\n\n\n<div style=\"height:30px\" aria-hidden=\"true\" class=\"wp-block-spacer\"><\/div>\n\n\n\n<p class=\"has-text-align-center\"><strong>LanTEK IV-S 500MHz Lot essentiel fibre (LT4-500FS)<br><strong>\u00c9CONOMISEZ \u20ac4,040<\/strong><\/strong><br>Une solution de certification cuivre et fibre optique puissante et accessible pour les installations r\u00e9seau courantes.<\/p>\n<\/div>\n\n\n\n<div class=\"wp-block-column is-layout-flow wp-block-column-is-layout-flow\">\n<figure class=\"wp-block-image size-full\"><a href=\"https:\/\/www.trend-networks.com\/fr\/produit\/lantek-iv-certificateur-de-cables\/\"><img decoding=\"async\" width=\"900\" height=\"900\" src=\"https:\/\/www.trend-networks.com\/wp-content\/uploads\/2026\/03\/Revised_900x900-Spring-Summer-Product-Graphics-FR3.jpg\" alt=\"\" class=\"wp-image-152340\" title=\"\" srcset=\"https:\/\/www.trend-networks.com\/wp-content\/uploads\/2026\/03\/Revised_900x900-Spring-Summer-Product-Graphics-FR3.jpg 900w, https:\/\/www.trend-networks.com\/wp-content\/uploads\/2026\/03\/Revised_900x900-Spring-Summer-Product-Graphics-FR3-600x600.jpg 600w, https:\/\/www.trend-networks.com\/wp-content\/uploads\/2026\/03\/Revised_900x900-Spring-Summer-Product-Graphics-FR3-150x150.jpg 150w, https:\/\/www.trend-networks.com\/wp-content\/uploads\/2026\/03\/Revised_900x900-Spring-Summer-Product-Graphics-FR3-768x768.jpg 768w, https:\/\/www.trend-networks.com\/wp-content\/uploads\/2026\/03\/Revised_900x900-Spring-Summer-Product-Graphics-FR3-125x125.jpg 125w, https:\/\/www.trend-networks.com\/wp-content\/uploads\/2026\/03\/Revised_900x900-Spring-Summer-Product-Graphics-FR3-100x100.jpg 100w\" sizes=\"(max-width: 900px) 100vw, 900px\" \/><\/a><\/figure>\n\n\n\n<div style=\"height:30px\" aria-hidden=\"true\" class=\"wp-block-spacer\"><\/div>\n\n\n\n<p class=\"has-text-align-center\"><strong>LanTEK IV-L Certificateur de c\u00e2blage (R163030)<br><strong>\u00c9CONOMISEZ \u20ac2,545<\/strong><\/strong><br>Certifiez votre c\u00e2ble Cat 6A en seulement 10 secondes gr\u00e2ce \u00e0 des tests rapides et insensibles au bruit, des capacit\u00e9s PoE int\u00e9gr\u00e9es et un syst\u00e8me de rapports cloud.<\/p>\n<\/div>\n<\/div>\n\n\n\n<div class=\"wp-block-columns column-margin four-col is-layout-flex wp-container-core-columns-is-layout-9d6595d7 wp-block-columns-is-layout-flex\">\n<div class=\"wp-block-column is-layout-flow wp-block-column-is-layout-flow\">\n<figure class=\"wp-block-image size-full\"><a href=\"https:\/\/www.trend-networks.com\/fr\/produit\/fibermaster-fusion-splicer-series-new\/\"><img decoding=\"async\" width=\"900\" height=\"900\" src=\"https:\/\/www.trend-networks.com\/wp-content\/uploads\/2026\/03\/Revised_900x900-Spring-Summer-Product-Graphics-FR4-1.jpg\" alt=\"\" class=\"wp-image-152367\" title=\"\" srcset=\"https:\/\/www.trend-networks.com\/wp-content\/uploads\/2026\/03\/Revised_900x900-Spring-Summer-Product-Graphics-FR4-1.jpg 900w, https:\/\/www.trend-networks.com\/wp-content\/uploads\/2026\/03\/Revised_900x900-Spring-Summer-Product-Graphics-FR4-1-600x600.jpg 600w, https:\/\/www.trend-networks.com\/wp-content\/uploads\/2026\/03\/Revised_900x900-Spring-Summer-Product-Graphics-FR4-1-150x150.jpg 150w, https:\/\/www.trend-networks.com\/wp-content\/uploads\/2026\/03\/Revised_900x900-Spring-Summer-Product-Graphics-FR4-1-768x768.jpg 768w, https:\/\/www.trend-networks.com\/wp-content\/uploads\/2026\/03\/Revised_900x900-Spring-Summer-Product-Graphics-FR4-1-125x125.jpg 125w, https:\/\/www.trend-networks.com\/wp-content\/uploads\/2026\/03\/Revised_900x900-Spring-Summer-Product-Graphics-FR4-1-100x100.jpg 100w\" sizes=\"(max-width: 900px) 100vw, 900px\" \/><\/a><\/figure>\n\n\n\n<div style=\"height:30px\" aria-hidden=\"true\" class=\"wp-block-spacer\"><\/div>\n\n\n\n<p class=\"has-text-align-center\"><strong>FiberMASTER S60 Pack Essentiel (FS-S60-KIT-D)<br><strong>\u00c9CONOMISEZ \u20ac1,220<\/strong><\/strong><br>Une solution polyvalente combinant \u00e9pissure et sertissage pour les installations de fibre optique professionnelles.<\/p>\n<\/div>\n\n\n\n<div class=\"wp-block-column is-layout-flow wp-block-column-is-layout-flow\">\n<figure class=\"wp-block-image size-full\"><a href=\"https:\/\/www.trend-networks.com\/fr\/produit\/localisateur-de-defauts-fibre\/\"><img decoding=\"async\" width=\"900\" height=\"900\" src=\"https:\/\/www.trend-networks.com\/wp-content\/uploads\/2026\/03\/Revised_900x900-Spring-Summer-Product-Graphics-FR5-1.jpg\" alt=\"\" class=\"wp-image-152376\" title=\"\" srcset=\"https:\/\/www.trend-networks.com\/wp-content\/uploads\/2026\/03\/Revised_900x900-Spring-Summer-Product-Graphics-FR5-1.jpg 900w, https:\/\/www.trend-networks.com\/wp-content\/uploads\/2026\/03\/Revised_900x900-Spring-Summer-Product-Graphics-FR5-1-600x600.jpg 600w, https:\/\/www.trend-networks.com\/wp-content\/uploads\/2026\/03\/Revised_900x900-Spring-Summer-Product-Graphics-FR5-1-150x150.jpg 150w, https:\/\/www.trend-networks.com\/wp-content\/uploads\/2026\/03\/Revised_900x900-Spring-Summer-Product-Graphics-FR5-1-768x768.jpg 768w, https:\/\/www.trend-networks.com\/wp-content\/uploads\/2026\/03\/Revised_900x900-Spring-Summer-Product-Graphics-FR5-1-125x125.jpg 125w, https:\/\/www.trend-networks.com\/wp-content\/uploads\/2026\/03\/Revised_900x900-Spring-Summer-Product-Graphics-FR5-1-100x100.jpg 100w\" sizes=\"(max-width: 900px) 100vw, 900px\" \/><\/a><\/figure>\n\n\n\n<div style=\"height:30px\" aria-hidden=\"true\" class=\"wp-block-spacer\"><\/div>\n\n\n\n<p class=\"has-text-align-center\"><strong>Testeur fibre optique detecteur visuel (VFF5)<br><strong>\u00c9CONOMISEZ \u20ac56<\/strong><\/strong><br>Localisez les d\u00e9fauts, les ruptures et les probl\u00e8mes de continuit\u00e9 des fibres optiques en quelques secondes.<\/p>\n<\/div>\n\n\n\n<div class=\"wp-block-column is-layout-flow wp-block-column-is-layout-flow\">\n<figure class=\"wp-block-image size-full\"><a href=\"https:\/\/www.trend-networks.com\/fr\/power-over-ethernet-comparaison-entre-la-classe-le-type-et-la-tension\/poe-pro-4\/\"><img decoding=\"async\" width=\"900\" height=\"900\" src=\"https:\/\/www.trend-networks.com\/wp-content\/uploads\/2026\/03\/Revised_900x900-Spring-Summer-Product-Graphics-FR6.jpg\" alt=\"\" class=\"wp-image-152385\" title=\"\" srcset=\"https:\/\/www.trend-networks.com\/wp-content\/uploads\/2026\/03\/Revised_900x900-Spring-Summer-Product-Graphics-FR6.jpg 900w, https:\/\/www.trend-networks.com\/wp-content\/uploads\/2026\/03\/Revised_900x900-Spring-Summer-Product-Graphics-FR6-600x600.jpg 600w, https:\/\/www.trend-networks.com\/wp-content\/uploads\/2026\/03\/Revised_900x900-Spring-Summer-Product-Graphics-FR6-150x150.jpg 150w, https:\/\/www.trend-networks.com\/wp-content\/uploads\/2026\/03\/Revised_900x900-Spring-Summer-Product-Graphics-FR6-768x768.jpg 768w, https:\/\/www.trend-networks.com\/wp-content\/uploads\/2026\/03\/Revised_900x900-Spring-Summer-Product-Graphics-FR6-125x125.jpg 125w, https:\/\/www.trend-networks.com\/wp-content\/uploads\/2026\/03\/Revised_900x900-Spring-Summer-Product-Graphics-FR6-100x100.jpg 100w\" sizes=\"(max-width: 900px) 100vw, 900px\" \/><\/a><\/figure>\n\n\n\n<div style=\"height:30px\" aria-hidden=\"true\" class=\"wp-block-spacer\"><\/div>\n\n\n\n<p class=\"has-text-align-center\"><strong>PoE Pro Testeur de c\u00e2blage et PoE (R158006)<br><strong>\u00c9CONOMISEZ \u20ac145<\/strong><\/strong><br>Identifiez rapidement la classe PoE, le type d&#8217;injecteur et la puissance disponible avant de connecter les appareils.<\/p>\n<\/div>\n<\/div>\n\n\n\n<div class=\"wp-block-buttons is-content-justification-center is-layout-flex wp-container-core-buttons-is-layout-16018d1d wp-block-buttons-is-layout-flex\">\n<div class=\"wp-block-button\"><a class=\"wp-block-button__link has-text-align-center wp-element-button\" href=\"https:\/\/www.trend-networks.com\/fr\/categorie-produit\/promotions-en-vedette\/\" target=\"_blank\" rel=\"noreferrer noopener\">CLIQUEZ ICI POUR PROFITER DES R\u00c9DUCTIONS DE PRINTEMPS<\/a><\/div>\n<\/div>\n\n\n\n<div style=\"height:50px\" aria-hidden=\"true\" class=\"wp-block-spacer\"><\/div>\n","protected":false},"excerpt":{"rendered":"<p>ACC\u00c9DEZ \u00c0 LA CERTITUDE DU PRINTEMPS GR\u00c2CE \u00c0 DES TESTS PLUS INTELLIGENTS ET DES \u00c9CONOMIES&nbsp;&#8230;<\/p>\n","protected":false},"author":4400,"featured_media":0,"parent":0,"menu_order":0,"comment_status":"closed","ping_status":"closed","template":"","meta":{"_acf_changed":false,"inline_featured_image":false,"_glsr_average":0,"_glsr_ranking":0,"_glsr_reviews":0,"footnotes":""},"class_list":["post-151996","page","type-page","status-publish","hentry"],"acf":[],"_links":{"self":[{"href":"https:\/\/www.trend-networks.com\/fr\/wp-json\/wp\/v2\/pages\/151996","targetHints":{"allow":["GET"]}}],"collection":[{"href":"https:\/\/www.trend-networks.com\/fr\/wp-json\/wp\/v2\/pages"}],"about":[{"href":"https:\/\/www.trend-networks.com\/fr\/wp-json\/wp\/v2\/types\/page"}],"author":[{"embeddable":true,"href":"https:\/\/www.trend-networks.com\/fr\/wp-json\/wp\/v2\/users\/4400"}],"replies":[{"embeddable":true,"href":"https:\/\/www.trend-networks.com\/fr\/wp-json\/wp\/v2\/comments?post=151996"}],"version-history":[{"count":12,"href":"https:\/\/www.trend-networks.com\/fr\/wp-json\/wp\/v2\/pages\/151996\/revisions"}],"predecessor-version":[{"id":152398,"href":"https:\/\/www.trend-networks.com\/fr\/wp-json\/wp\/v2\/pages\/151996\/revisions\/152398"}],"wp:attachment":[{"href":"https:\/\/www.trend-networks.com\/fr\/wp-json\/wp\/v2\/media?parent=151996"}],"curies":[{"name":"wp","href":"https:\/\/api.w.org\/{rel}","templated":true}]}}