{"id":85265,"date":"2022-02-28T11:01:29","date_gmt":"2022-02-28T11:01:29","guid":{"rendered":"https:\/\/www.trend-networks.com\/?post_type=product&#038;p=85265"},"modified":"2026-04-01T13:53:56","modified_gmt":"2026-04-01T12:53:56","slug":"certificador-de-cable-lantek-iv","status":"publish","type":"product","link":"https:\/\/www.trend-networks.com\/es\/producto\/certificador-de-cable-lantek-iv\/","title":{"rendered":"CERTIFICADOR DE CABLE LANTEK IV"},"content":{"rendered":"<p><img decoding=\"async\" class=\"alignnone size-medium wp-image-85505\" src=\"https:\/\/www.trend-networks.com\/wp-content\/uploads\/2022\/02\/ES_01-444x600.jpg\" alt=\"ES_01\" width=\"444\" height=\"600\" title=\"\" srcset=\"https:\/\/www.trend-networks.com\/wp-content\/uploads\/2022\/02\/ES_01-444x600.jpg 444w, https:\/\/www.trend-networks.com\/wp-content\/uploads\/2022\/02\/ES_01-758x1024.jpg 758w, https:\/\/www.trend-networks.com\/wp-content\/uploads\/2022\/02\/ES_01-768x1038.jpg 768w, https:\/\/www.trend-networks.com\/wp-content\/uploads\/2022\/02\/ES_01-1137x1536.jpg 1137w, https:\/\/www.trend-networks.com\/wp-content\/uploads\/2022\/02\/ES_01-1516x2048.jpg 1516w, https:\/\/www.trend-networks.com\/wp-content\/uploads\/2022\/02\/ES_01-600x811.jpg 600w, https:\/\/www.trend-networks.com\/wp-content\/uploads\/2022\/02\/ES_01-scaled.jpg 1895w\" sizes=\"(max-width: 444px) 100vw, 444px\" \/><\/p>\n<p>TRABAJE INTELIGENTEMENTE Y NO MAS DURO, CON EL NUEVO ADAPTADOR VISILINQ\u2122<br \/>\nVisiLINQ\u2122 permite al t\u00e9cnico de campo iniciar la medida y visualizar el resultado, todo sin necesidad de sostener o tocar el certificador.<\/p>\n<p><!--more--><\/p>\n<p><img decoding=\"async\" class=\"alignnone size-medium wp-image-85514\" src=\"https:\/\/www.trend-networks.com\/wp-content\/uploads\/2022\/02\/ES_02-600x449.jpg\" alt=\"\" width=\"600\" height=\"449\" title=\"\" srcset=\"https:\/\/www.trend-networks.com\/wp-content\/uploads\/2022\/02\/ES_02-600x449.jpg 600w, https:\/\/www.trend-networks.com\/wp-content\/uploads\/2022\/02\/ES_02-1024x766.jpg 1024w, https:\/\/www.trend-networks.com\/wp-content\/uploads\/2022\/02\/ES_02-768x575.jpg 768w, https:\/\/www.trend-networks.com\/wp-content\/uploads\/2022\/02\/ES_02-1536x1150.jpg 1536w, https:\/\/www.trend-networks.com\/wp-content\/uploads\/2022\/02\/ES_02-2048x1533.jpg 2048w, https:\/\/www.trend-networks.com\/wp-content\/uploads\/2022\/02\/ES_02.jpg 1920w\" sizes=\"(max-width: 600px) 100vw, 600px\" \/><\/p>\n<p>LAS PUNTAS (TIPS) RJ45 DEL ADAPTADOR DE ENLACE PERMANENTE VISILINQ\u2122 SON REEMPLAZABLES EN CAMPO<br \/>\nLas puntas (Tips) RJ45 del adaptador de enlace permanente VisiLINQ\u2122 son reemplazables en campo para reducir el costo de mantenimiento, verificados por un organismo independiente para mas de 2000 inserciones, lo que es 1250 mas que las 750 insersiones est\u00e1ndar (seg\u00fan ISO\/TIA) de los conectores RJ45 normales.<\/p>\n<p><img decoding=\"async\" class=\"alignnone size-medium wp-image-84757\" src=\"https:\/\/www.trend-networks.com\/wp-content\/uploads\/2022\/02\/UK_03.jpg\" alt=\"UK_03\" width=\"500\" height=\"500\" title=\"\" srcset=\"https:\/\/www.trend-networks.com\/wp-content\/uploads\/2022\/02\/UK_03.jpg 500w, https:\/\/www.trend-networks.com\/wp-content\/uploads\/2022\/02\/UK_03-150x150.jpg 150w, https:\/\/www.trend-networks.com\/wp-content\/uploads\/2022\/02\/UK_03-125x125.jpg 125w, https:\/\/www.trend-networks.com\/wp-content\/uploads\/2022\/02\/UK_03-100x100.jpg 100w\" sizes=\"(max-width: 500px) 100vw, 500px\" \/><\/p>\n<p>SOPORTE EN L\u00cdNEA PARA TEAM VIEWER<br \/>\nGestores de proyectos pueden conectarse remotamente al Lantek IV-S en el lugar de trabajo usando la web TREND AnyWARE para resolver problemas de enlaces con fallos, minimizando el tiempo de resoluci\u00f3n, incrementando la colaboraci\u00f3n.<\/p>\n<p>Acceso puede ser otorgao a fabricantes de cableados y al Soporte de TREND Networks para un mayor soporte en la resoluci\u00f3n de problemas, si requerido.<\/p>\n<p><img decoding=\"async\" class=\"alignnone size-medium wp-image-85523\" src=\"https:\/\/www.trend-networks.com\/wp-content\/uploads\/2022\/02\/ES_04-600x332.jpg\" alt=\"\" width=\"600\" height=\"332\" title=\"\" srcset=\"https:\/\/www.trend-networks.com\/wp-content\/uploads\/2022\/02\/ES_04-600x332.jpg 600w, https:\/\/www.trend-networks.com\/wp-content\/uploads\/2022\/02\/ES_04-1024x567.jpg 1024w, https:\/\/www.trend-networks.com\/wp-content\/uploads\/2022\/02\/ES_04-768x425.jpg 768w, https:\/\/www.trend-networks.com\/wp-content\/uploads\/2022\/02\/ES_04-1536x850.jpg 1536w, https:\/\/www.trend-networks.com\/wp-content\/uploads\/2022\/02\/ES_04-2048x1133.jpg 2048w, https:\/\/www.trend-networks.com\/wp-content\/uploads\/2022\/02\/ES_04.jpg 1952w\" sizes=\"(max-width: 600px) 100vw, 600px\" \/><\/p>\n<p><img decoding=\"async\" class=\"alignnone size-medium wp-image-85532\" src=\"https:\/\/www.trend-networks.com\/wp-content\/uploads\/2022\/02\/ES_05-462x600.jpg\" alt=\"\" width=\"462\" height=\"600\" title=\"\" srcset=\"https:\/\/www.trend-networks.com\/wp-content\/uploads\/2022\/02\/ES_05-462x600.jpg 462w, https:\/\/www.trend-networks.com\/wp-content\/uploads\/2022\/02\/ES_05-788x1024.jpg 788w, https:\/\/www.trend-networks.com\/wp-content\/uploads\/2022\/02\/ES_05-768x998.jpg 768w, https:\/\/www.trend-networks.com\/wp-content\/uploads\/2022\/02\/ES_05-1182x1536.jpg 1182w, https:\/\/www.trend-networks.com\/wp-content\/uploads\/2022\/02\/ES_05-1576x2048.jpg 1576w, https:\/\/www.trend-networks.com\/wp-content\/uploads\/2022\/02\/ES_05-600x780.jpg 600w, https:\/\/www.trend-networks.com\/wp-content\/uploads\/2022\/02\/ES_05-scaled.jpg 1920w\" sizes=\"(max-width: 462px) 100vw, 462px\" \/><\/p>\n<p>SOFTWARE DE GESTI\u00d3N Y REPORTES DEL MEDIDOR<br \/>\nEl nuevo sistema gesti\u00f3n reportes TREND AnyWARE en la web permite colaboraci\u00f3n en tiempo real entre los gestores de proyecto y los t\u00e9cnicos de campo. No hay necesidad que los t\u00e9cnicos de campo configuren las pruebas en el Lantek IV-S, desde su oficina pueden configurar las pruebas en la nube TREND AnyWARE, desde donde podr\u00e1 descargarse al equipo, eliminando posibles errores y minimizando el tiempo requerido para preparar reportes a clientes.<\/p>\n<p><img decoding=\"async\" class=\"alignnone size-full wp-image-84784\" src=\"https:\/\/www.trend-networks.com\/wp-content\/uploads\/2022\/02\/UK_06.jpg\" alt=\"UK_06\" width=\"499\" height=\"266\" title=\"\"><\/p>\n<p>SOFTWARE EN LA WEB<br \/>\n\u2022Opera en cualquier sitio con un acceso web \u2013 TREND AnyWARE en la web puede operar desde un PC, Mac o Tablet (Android e IOS)<br \/>\n\u2022Almacenamiento gratis \u2013 Sin necesidad de Servidores espec\u00edficos o sistemas de backup<br \/>\n\u2022Archivos de proyecto f\u00e1ciles de encontrar \u2013 Adjunte todos los archivos del proyecto incluyendo diagramas de cableados, dibujos, videos y fotos en la web TREND AnyWARE. Todo lo que necesita en un mismo lugar<br \/>\n\u2022Comparta reportes facilmente \u2013 Utilice la web TREND AnyWARE para compartir enlaces a los reportes de prueba, eliminando la necesidad de enviar archivos por email<br \/>\n\u2022Reduzca tiempo de aprendizaje con WalkME \u2013 La web TREND AnyWARE esta embebida con la aplicaci\u00f3n digital WalkME proveyendo proactivamente una gu\u00eda paso-apaso a trav\u00e9s de todas las tareas.<\/p>\n<p><img decoding=\"async\" class=\"alignnone size-full wp-image-84793\" src=\"https:\/\/www.trend-networks.com\/wp-content\/uploads\/2022\/02\/UK_07.jpg\" alt=\"UK_07\" width=\"500\" height=\"348\" title=\"\"><\/p>\n<p>GESTI\u00d3N DE FLOTA<br \/>\nGestionar facilmente la flota de certificadores \u2013 El gestor de flota le permite ver quien tiene el certificador, cuando se actualiz\u00f3 por \u00faltima vez el Software, la fecha de la siguiente calibraci\u00f3n, y cuando los resultados fueron escargados por \u00faltima vez. Permiti\u00e9ndole gestionar los tiempos de parada del equipo y asegurarse que se realice la transferencia de resultados a la oficina sin perderse<\/p>\n<p><img decoding=\"async\" class=\"alignnone size-full wp-image-84802\" src=\"https:\/\/www.trend-networks.com\/wp-content\/uploads\/2022\/02\/UK_08.jpg\" alt=\"UK_08\" width=\"500\" height=\"344\" title=\"\"><\/p>\n<p>PRE-CONFIGURACI\u00d3N<br \/>\nReduce errores de configuraci\u00f3n \u2013 El gestor del proyecto puede pre-configurar todos los datos del proyecto en la web TREND AnyWARE, y los t\u00e9cnicos de campo simplemente descargar el proyecto al Lantek IV-S, simplificando el proceso y eliminando posibles errores al crgar los datos en el equipo<br \/>\nCree los nombres de pruebas mas complejos \u2013 Facilmente cree simples o sofisticados nombres de pruebas requeridos por su cliente<\/p>\n<p>DETECCI\u00d3N DE FALLOS<br \/>\nFiltros avanzados \u2013 aplique filtros en cualquier campo de la pantalla para facilmente listar las pruebas que busca, para reducir el tiempo de b\u00fasqueda<\/p>\n<p>SOPORTE<br \/>\nReducir tiempo de aprendizaje\/entrenamiento \u2013 La web TREND AnyWARE viene con una gu\u00eda proactiva paso-apaso para todas las funciones clave.<br \/>\nSoporte en tiempo real Team Viewer \u2013 Utilizando la web TREND AnyWARE los usuarios pueden conectarse a un Lantek IV-S remotamente para identificar fallos en enlaces fallidos, minimizando tiempo de resoluci\u00f3n, incrementando la colaboraci\u00f3n y los rellamados<\/p>\n<p>REPORTES PROFESIONALES<br \/>\n3 formatos de informe<br \/>\n\u2022 Informe est\u00e1ndar \u2013 El informe est\u00e1ndar combina el informe de l\u00ednea \u00fanica y el breve.<br \/>\n\u2022 Informe de l\u00ednea \u00fanica \u2013 Es un resumen que muestra m\u00faltiples pruebas por p\u00e1gina.<br \/>\n\u2022 Informe breve \u2013 Se trata de un informe exhaustivo con todos los resultados de las mediciones, con una prueba en cada p\u00e1gina.<\/p>\n<p><img decoding=\"async\" class=\"alignnone size-medium wp-image-85032\" src=\"https:\/\/www.trend-networks.com\/wp-content\/uploads\/2022\/02\/UK_09-454x600.jpg\" alt=\"UK_09\" width=\"454\" height=\"600\" title=\"\" srcset=\"https:\/\/www.trend-networks.com\/wp-content\/uploads\/2022\/02\/UK_09-454x600.jpg 454w, https:\/\/www.trend-networks.com\/wp-content\/uploads\/2022\/02\/UK_09-600x793.jpg 600w, https:\/\/www.trend-networks.com\/wp-content\/uploads\/2022\/02\/UK_09.jpg 757w\" sizes=\"(max-width: 454px) 100vw, 454px\" \/><\/p>\n","protected":false},"excerpt":{"rendered":"<h3><b>El certificador de cables de cobre y fibra m\u00e1s potente y r\u00e1pido que hemos fabricado.<\/b><\/h3>\n<p>El certificador de cables de datos de cobre y fibra LanTEK IV-S es el futuro de la certificaci\u00f3n y prueba de cables. Le ahorrar\u00e1 tiempo, ya que prueba y guarda un enlace Cat6A en 7 segundos y certifica enlaces hasta Cat8.1 y Cat8.2, incluyendo mediciones de TCL y desequilibrio de resistencia.<\/p>\n<p><strong>Da un impulso a la primavera con pruebas m\u00e1s inteligentes y el m\u00e1ximo ahorro. <a href=\"https:\/\/www.trend-networks.com\/wp-content\/uploads\/2026\/04\/Spring-Savings_ES-2026.pdf\">Haga clic aqu\u00ed.<\/a><\/strong><\/p>\n<ul>\n<li>Mide una prueba de Cat6A en 7 segundos<\/li>\n<li>El nuevo adaptador VisiLINQ\u2122<\/li>\n<li>El certificador habilitado para la nube m\u00e1s r\u00e1pido del mundo<\/li>\n<li>Navegaci\u00f3n de proyectos en la Nube<\/li>\n<li>El doble de potencia de CPU que LanTEK IV<\/li>\n<li>Reduzca el costo en equipamientos con el Saphire Care Plan<\/li>\n<\/ul>\n","protected":false},"featured_media":153144,"template":"","meta":{"_acf_changed":false,"inline_featured_image":false,"_glsr_average":5,"_glsr_ranking":3.928571428571399959395193945965729653835296630859375,"_glsr_reviews":4},"product_brand":[],"product_cat":[478,2945,2884],"product_tag":[2822],"woo-feed-brand":[],"class_list":{"0":"post-85265","1":"product","2":"type-product","3":"status-publish","4":"has-post-thumbnail","6":"product_cat-comprobadores-de-cobre","7":"product_cat-anyware-cloud-es","8":"product_cat-funciones-de-promociones","9":"product_tag-lantek-iv-s-es","11":"first","12":"instock","13":"sale","14":"taxable","15":"shipping-taxable","16":"product-type-grouped","17":"add-to-wishlist-before_image"},"acf":[],"_links":{"self":[{"href":"https:\/\/www.trend-networks.com\/es\/wp-json\/wp\/v2\/product\/85265","targetHints":{"allow":["GET"]}}],"collection":[{"href":"https:\/\/www.trend-networks.com\/es\/wp-json\/wp\/v2\/product"}],"about":[{"href":"https:\/\/www.trend-networks.com\/es\/wp-json\/wp\/v2\/types\/product"}],"wp:featuredmedia":[{"embeddable":true,"href":"https:\/\/www.trend-networks.com\/es\/wp-json\/wp\/v2\/media\/153144"}],"wp:attachment":[{"href":"https:\/\/www.trend-networks.com\/es\/wp-json\/wp\/v2\/media?parent=85265"}],"wp:term":[{"taxonomy":"product_brand","embeddable":true,"href":"https:\/\/www.trend-networks.com\/es\/wp-json\/wp\/v2\/product_brand?post=85265"},{"taxonomy":"product_cat","embeddable":true,"href":"https:\/\/www.trend-networks.com\/es\/wp-json\/wp\/v2\/product_cat?post=85265"},{"taxonomy":"product_tag","embeddable":true,"href":"https:\/\/www.trend-networks.com\/es\/wp-json\/wp\/v2\/product_tag?post=85265"},{"taxonomy":"woo-feed-brand","embeddable":true,"href":"https:\/\/www.trend-networks.com\/es\/wp-json\/wp\/v2\/woo-feed-brand?post=85265"}],"curies":[{"name":"wp","href":"https:\/\/api.w.org\/{rel}","templated":true}]}}