{"id":79485,"date":"2021-10-07T11:40:20","date_gmt":"2021-10-08T14:07:59","guid":{"rendered":"https:\/\/www.trend-networks.com\/?post_type=product&#038;p=79485"},"modified":"2021-10-12T16:38:38","modified_gmt":"2021-10-12T15:38:38","slug":"garantia-de-2-anos-otdr-pon-de-fibermaster","status":"publish","type":"product","link":"https:\/\/www.trend-networks.com\/es\/producto\/garantia-de-2-anos-otdr-pon-de-fibermaster\/","title":{"rendered":"Garant\u00eda de 2 a\u00f1os &#8211; OTDR PON de FiberMASTER"},"content":{"rendered":"","protected":false},"excerpt":{"rendered":"<p>Garant\u00eda de 2 a\u00f1os &#8211; OTDR PON de FiberMASTER<\/p>\n","protected":false},"featured_media":79026,"template":"","meta":{"_acf_changed":false,"inline_featured_image":false,"_glsr_average":0,"_glsr_ranking":0,"_glsr_reviews":0},"product_brand":[],"product_cat":[465],"product_tag":[2527],"woo-feed-brand":[],"class_list":{"0":"post-79485","1":"product","2":"type-product","3":"status-publish","4":"has-post-thumbnail","6":"product_cat-accesorios","7":"product_tag-fibermaster-es","9":"first","10":"instock","11":"taxable","12":"shipping-taxable","13":"purchasable","14":"product-type-simple","15":"add-to-wishlist-before_image"},"acf":[],"_links":{"self":[{"href":"https:\/\/www.trend-networks.com\/es\/wp-json\/wp\/v2\/product\/79485","targetHints":{"allow":["GET"]}}],"collection":[{"href":"https:\/\/www.trend-networks.com\/es\/wp-json\/wp\/v2\/product"}],"about":[{"href":"https:\/\/www.trend-networks.com\/es\/wp-json\/wp\/v2\/types\/product"}],"wp:featuredmedia":[{"embeddable":true,"href":"https:\/\/www.trend-networks.com\/es\/wp-json\/wp\/v2\/media\/79026"}],"wp:attachment":[{"href":"https:\/\/www.trend-networks.com\/es\/wp-json\/wp\/v2\/media?parent=79485"}],"wp:term":[{"taxonomy":"product_brand","embeddable":true,"href":"https:\/\/www.trend-networks.com\/es\/wp-json\/wp\/v2\/product_brand?post=79485"},{"taxonomy":"product_cat","embeddable":true,"href":"https:\/\/www.trend-networks.com\/es\/wp-json\/wp\/v2\/product_cat?post=79485"},{"taxonomy":"product_tag","embeddable":true,"href":"https:\/\/www.trend-networks.com\/es\/wp-json\/wp\/v2\/product_tag?post=79485"},{"taxonomy":"woo-feed-brand","embeddable":true,"href":"https:\/\/www.trend-networks.com\/es\/wp-json\/wp\/v2\/woo-feed-brand?post=79485"}],"curies":[{"name":"wp","href":"https:\/\/api.w.org\/{rel}","templated":true}]}}