{"id":57104,"date":"2019-04-30T13:25:27","date_gmt":"2019-04-30T12:25:27","guid":{"rendered":"https:\/\/www.trend-networks.com\/product\/lantek-iii-500mhz-inc-link-adapters\/"},"modified":"2021-11-29T14:26:05","modified_gmt":"2021-11-29T14:26:05","slug":"lantek-iii-500mhz-inc-link-adapters","status":"publish","type":"product","link":"https:\/\/www.trend-networks.com\/es\/producto\/lantek-iii-500mhz-inc-link-adapters\/","title":{"rendered":"LanTEK III-500MHz \u2013 (incluyendo adaptadores Enlace Permanente)"},"content":{"rendered":"<p>El Lantek III es un certificador de cableados f\u00e1cil de usar y que cumple con los actuales requerimientos de funcionamiento de la TIA e ISO\/IEC sobre certificaci\u00f3n hasta Cat 6A\/500MHz.<br \/>\nLos adaptadores Fibertek III son usados con el Lantek III para una r\u00e1pida y sencilla certificaci\u00f3n de fibras \u00f3pticas Monomodo y Multimodo de altas prestaciones, incluyendo medidas de Encircled Flux.<\/p>\n<h5><strong>Datos de Medidas, donde las quiera y cuando las quiera<\/strong><\/h5>\n<p>Usando la App gratis IDEAL AnyWARE, t\u00e9cnicos de campo pueden compartir reportes de medidas con colegas o clientes sin abandonar el sitio, cumplimentando el trabajo con mayor colaboraci\u00f3n disponible, en menos tiempo y reduciendo costes.<\/p>\n<h5><strong>Nuevas funciones para resoluci\u00f3n de aver\u00edas que ahorran tiempo y dinero<\/strong><\/h5>\n<p>Si un cable resulta defectuoso, resulta f\u00e1cil localizar el problema con el nuevo \u201cTime Domain Return Loss\u201d (TDRL) y el Time Domain Near End Cross Talk (TDNEXT). Estas funciones adicionales ayudan a localizar conecciones ocultas, empalmes y fallos en el cable, y pueden ahorrarle muchas horas que antes dedicaba a la resoluci\u00f3n de problemas en el trabajo.<br \/>\nPara identificar fallos en el cableado de fibra cada adaptador FiberTEK III incorpora una fuente de luz visible para ayudarle a identificar fallos, roturas o simplemente localizar la fibra.<\/p>\n<h5><strong>Nuevo adaptador de Enlace Permanente (PL) le ahorra dinero<\/strong><\/h5>\n<p>Los nuevos adaptadores PL reducen tiempo de parada y costos de mantenimiento, con puertos RJ45 reemplazables que eliminan la necesidad de reemplazar todo el adaptador.<br \/>\nLos nuevos adaptadores PL cuentan con conectores centrados para asegurar compatibilidad con todos los fabricantes de cableados de Cat 6A \/Clase EA. Los adaptadores PL utilizan un latiguillo ultraflexible de altas prestaciones, que permite utilizarlos de forma mas c\u00f3moda y en espacios reducidos sin da\u00f1ar el adaptador o el puerto que se esta certificando<\/p>\n<h5><strong>Soluci\u00f3n modular para reducir costo de inversi\u00f3n<\/strong><\/h5>\n<p>Para muchos instaladores de cableados el coste de inversi\u00f3n en equipos es una limitaci\u00f3n. El Lantek III y el Fibertek III ofrecen la opci\u00f3n de seleccionar la configuraci\u00f3n a medida, para solo pagar por lo que necesite. Esto incluye una amplia selecci\u00f3n de m\u00f3dulos, accesorios y un plan de soporte CAREPLAN para satisfacer requerimientos espec\u00edficos.<\/p>\n","protected":false},"excerpt":{"rendered":"<p>Sapphire Care Plan \u2013 Protection for your LanTEK II\/III<br \/>\nPermanent link adapter saves money<br \/>\nSend test data anywhere using IDEAL AnyWARE app<br \/>\nProfessional PDF reports with free IDC software<br \/>\nCertifies multimode and single-mode fibre (optional)<\/p>\n","protected":false},"featured_media":81479,"template":"","meta":{"_acf_changed":false,"inline_featured_image":false,"_glsr_average":0,"_glsr_ranking":0,"_glsr_reviews":0},"product_brand":[],"product_cat":[478],"product_tag":[2525],"woo-feed-brand":[],"class_list":{"0":"post-57104","1":"product","2":"type-product","3":"status-publish","4":"has-post-thumbnail","6":"product_cat-comprobadores-de-cobre","7":"product_tag-lantek-iii-es","9":"first","10":"instock","11":"taxable","12":"shipping-taxable","13":"purchasable","14":"product-type-simple","15":"add-to-wishlist-before_image"},"acf":[],"_links":{"self":[{"href":"https:\/\/www.trend-networks.com\/es\/wp-json\/wp\/v2\/product\/57104","targetHints":{"allow":["GET"]}}],"collection":[{"href":"https:\/\/www.trend-networks.com\/es\/wp-json\/wp\/v2\/product"}],"about":[{"href":"https:\/\/www.trend-networks.com\/es\/wp-json\/wp\/v2\/types\/product"}],"wp:featuredmedia":[{"embeddable":true,"href":"https:\/\/www.trend-networks.com\/es\/wp-json\/wp\/v2\/media\/81479"}],"wp:attachment":[{"href":"https:\/\/www.trend-networks.com\/es\/wp-json\/wp\/v2\/media?parent=57104"}],"wp:term":[{"taxonomy":"product_brand","embeddable":true,"href":"https:\/\/www.trend-networks.com\/es\/wp-json\/wp\/v2\/product_brand?post=57104"},{"taxonomy":"product_cat","embeddable":true,"href":"https:\/\/www.trend-networks.com\/es\/wp-json\/wp\/v2\/product_cat?post=57104"},{"taxonomy":"product_tag","embeddable":true,"href":"https:\/\/www.trend-networks.com\/es\/wp-json\/wp\/v2\/product_tag?post=57104"},{"taxonomy":"woo-feed-brand","embeddable":true,"href":"https:\/\/www.trend-networks.com\/es\/wp-json\/wp\/v2\/woo-feed-brand?post=57104"}],"curies":[{"name":"wp","href":"https:\/\/api.w.org\/{rel}","templated":true}]}}