{"id":54193,"date":"2019-09-26T17:20:54","date_gmt":"2019-09-26T16:20:54","guid":{"rendered":"https:\/\/www.trend-networks.com\/?post_type=product&#038;p=54193"},"modified":"2024-07-24T09:22:34","modified_gmt":"2024-07-24T08:22:34","slug":"sapphire-care-plan-1-year-scp1yr-copy","status":"publish","type":"product","link":"https:\/\/www.trend-networks.com\/es\/producto\/sapphire-care-plan-1-year-scp1yr-copy\/","title":{"rendered":"SCP1YF &#8211; Sapphire Care Plan &#8211; Fibra (Por Par) &#8211; 1 a\u00f1o"},"content":{"rendered":"<p>Plan de soporte Sapphire Care Plan &#8211; para adaptadores FiberTEK III y FiberTEK IV &#8211; 1 a\u00f1o &#8211; Aplicable en Europa y EE. UU. Incluye env\u00edo gratuito, unidades de pr\u00e9stamo gratuitas, calibraci\u00f3n anual gratuita, reparaciones gratuitas y capacitaci\u00f3n gratuita a trav\u00e9s de videoconferencia. Aplican T\u00e9rminos y Condiciones. Este art\u00edculo cubre un par (MM o SM) de adaptadores. El LanTEK III \/ IV tambi\u00e9n debe estar cubierto por un plan de soporte.<\/p>\n","protected":false},"excerpt":{"rendered":"<p>Plan de mantenimiento Sapphire: protecci\u00f3n completa para su certificador de cables LanTEK II\/III. Reparaciones gratuitas, calibraci\u00f3n gratuita, unidad en pr\u00e9stamo gratis, env\u00edo gratuito y accesorios gratuitos. Haga clic aqu\u00ed para obtener m\u00e1s informaci\u00f3n.<\/p>\n","protected":false},"featured_media":50952,"template":"","meta":{"_acf_changed":false,"inline_featured_image":false,"_glsr_average":0,"_glsr_ranking":0,"_glsr_reviews":0},"product_brand":[],"product_cat":[465,2907],"product_tag":[],"woo-feed-brand":[],"class_list":{"0":"post-54193","1":"product","2":"type-product","3":"status-publish","4":"has-post-thumbnail","6":"product_cat-accesorios","7":"product_cat-plan-de-mantenimiento-sapphire","9":"first","10":"instock","11":"taxable","12":"shipping-taxable","13":"purchasable","14":"product-type-simple","15":"add-to-wishlist-before_image"},"acf":[],"_links":{"self":[{"href":"https:\/\/www.trend-networks.com\/es\/wp-json\/wp\/v2\/product\/54193","targetHints":{"allow":["GET"]}}],"collection":[{"href":"https:\/\/www.trend-networks.com\/es\/wp-json\/wp\/v2\/product"}],"about":[{"href":"https:\/\/www.trend-networks.com\/es\/wp-json\/wp\/v2\/types\/product"}],"wp:featuredmedia":[{"embeddable":true,"href":"https:\/\/www.trend-networks.com\/es\/wp-json\/wp\/v2\/media\/50952"}],"wp:attachment":[{"href":"https:\/\/www.trend-networks.com\/es\/wp-json\/wp\/v2\/media?parent=54193"}],"wp:term":[{"taxonomy":"product_brand","embeddable":true,"href":"https:\/\/www.trend-networks.com\/es\/wp-json\/wp\/v2\/product_brand?post=54193"},{"taxonomy":"product_cat","embeddable":true,"href":"https:\/\/www.trend-networks.com\/es\/wp-json\/wp\/v2\/product_cat?post=54193"},{"taxonomy":"product_tag","embeddable":true,"href":"https:\/\/www.trend-networks.com\/es\/wp-json\/wp\/v2\/product_tag?post=54193"},{"taxonomy":"woo-feed-brand","embeddable":true,"href":"https:\/\/www.trend-networks.com\/es\/wp-json\/wp\/v2\/woo-feed-brand?post=54193"}],"curies":[{"name":"wp","href":"https:\/\/api.w.org\/{rel}","templated":true}]}}