{"id":53349,"date":"2019-04-26T17:35:22","date_gmt":"2019-10-01T09:19:05","guid":{"rendered":"https:\/\/www.trend-networks.com\/?post_type=product&#038;p=53349"},"modified":"2022-04-07T09:23:19","modified_gmt":"2022-04-07T08:23:19","slug":"navitek-ie","status":"publish","type":"product","link":"https:\/\/www.trend-networks.com\/es\/producto\/navitek-ie\/","title":{"rendered":"NaviTEK IE &#8211; COMPROBADOR DE PROFINET"},"content":{"rendered":"<p><strong>\u00bfQu\u00e9 puede hacer con NaviTEK IE?<\/strong><\/p>\n<p>\u2714<strong> Identificar fallos <\/strong>en cables de cobre y fibra<\/p>\n<p>\u2714 <strong>Configurar nodos f\u00e1cilmente<\/strong> para resolver problemas de conectividad<\/p>\n<p>\u2714<strong> Impedir fallos<\/strong> en la red comprobando el estado del sistema<\/p>\n<p>\u2714<strong> Localizar dispositivos dif\u00edciles<\/strong> de encontrar con la funci\u00f3n de parpadeo de LED<\/p>\n<p>\u2714<strong> Encontrar equipos mal configurados<\/strong> utilizando la herramienta de comparaci\u00f3n NetMAP<\/p>\n<p>\u2714 <strong>Encontrar equipos maliciosos<\/strong> utilizando el registro de eventos de 48\u00a0horas<\/p>\n<p>\u2714 <strong>Crear informes profesionales en formato PDF o CSV<\/strong> para sus clientes<\/p>\n<p>\u2714<strong> Enviar informes a cualquier lugar<\/strong> utilizando la aplicaci\u00f3n gratuita TREND AnyWARE<\/p>\n<p><!--more--><\/p>\n<p><strong>Identifique fallos en los cables y minimice los tiempos de indisponibilidad<\/strong><br \/>\nUna de las principales causas de indisponibilidad en la red son fallos de cables. NaviTEK IE proporciona varias herramientas avanzadas de mapeo de cableado para PROFINET y cableados est\u00e1ndar de redes Ethernet \/ IP:<\/p>\n<p><strong>Cableados de cobre<\/strong><br \/>\nNaviTEK IE ofrece a trav\u00e9s de la interfaz RJ-45 o M12 un mapa de cableado dise\u00f1ado espec\u00edficamente para las redes industriales Ethernet tipo PROFINET y est\u00e1ndar.<\/p>\n<p>\u2022 El equipo muestra los colores de cable correctos para el protocolo utilizado<br \/>\n\u2022 Tipos de cable soportados: 4\u00a0hilos trenzados \/ 2\u00a0pares trenzados \/ 4\u00a0pares trenzados<br \/>\n\u2022 Mide la longitud del cable<br \/>\n\u2022 Determina d\u00f3nde est\u00e1 el fallo y de qu\u00e9 tipo es, incluyendo informaci\u00f3n sobre pares separados, circuitos abiertos, cortocircuitos y cableados incorrectos.<\/p>\n<p><img decoding=\"async\" class=\" wp-image-53359 alignnone\" src=\"https:\/\/www.trend-networks.com\/wp-content\/uploads\/2019\/08\/NaviTEK-IE-1.jpg\" alt=\"\" width=\"833\" height=\"258\" title=\"\" srcset=\"https:\/\/www.trend-networks.com\/wp-content\/uploads\/2019\/08\/NaviTEK-IE-1.jpg 1176w, https:\/\/www.trend-networks.com\/wp-content\/uploads\/2019\/08\/NaviTEK-IE-1-600x186.jpg 600w, https:\/\/www.trend-networks.com\/wp-content\/uploads\/2019\/08\/NaviTEK-IE-1-768x238.jpg 768w, https:\/\/www.trend-networks.com\/wp-content\/uploads\/2019\/08\/NaviTEK-IE-1-1024x317.jpg 1024w, https:\/\/www.trend-networks.com\/wp-content\/uploads\/2019\/08\/NaviTEK-IE-1-1080x334.jpg 1080w\" sizes=\"(max-width: 833px) 100vw, 833px\" \/><\/p>\n<p>&nbsp;<\/p>\n<p><strong>Cableados de fibra<\/strong><br \/>\nNaviTEK IE comprueba los cableados de datos de fibra \u00f3ptica utilizando el m\u00f3dulo SFP opcional.<\/p>\n<p>\u2022 Mide la potencia \u00f3ptica RX recibida, con los SFP soportados, para comprobar la performance<br \/>\n\u2022 Descubre fallos en los cables, como conectores sucios, roturas o curvaturas que exceden los l\u00edmites de p\u00e9rdida especificados<\/p>\n<p><img decoding=\"async\" class=\"size-full wp-image-31583 alignnone\" src=\"https:\/\/www.trend-networks.com\/wp-content\/uploads\/2019\/04\/image-2-4.jpg\" alt=\"\" width=\"619\" height=\"126\" title=\"\" srcset=\"https:\/\/www.trend-networks.com\/wp-content\/uploads\/2019\/04\/image-2-4.jpg 619w, https:\/\/www.trend-networks.com\/wp-content\/uploads\/2019\/04\/image-2-4-600x122.jpg 600w, https:\/\/www.trend-networks.com\/wp-content\/uploads\/2019\/04\/image-2-4-300x61.jpg 300w\" sizes=\"(max-width: 619px) 100vw, 619px\" \/><\/p>\n<p><strong>\u00bfPor qu\u00e9 NaviTEK IE es mejor que otros comprobadores de cables?<\/strong><br \/>\n\u2022<strong> Mide la distancia exacta al fallo utilizando tecnolog\u00eda reflectom\u00e9trica(TDR)<\/strong><br \/>\n\u2022 <strong>Comprueba cada hilo en el cable de datos<\/strong>, no solamente cada par, aislando de manera m\u00e1s eficiente problemas que otros equipos no encuentran<br \/>\n\u2022 <strong>Soporta tanto cables est\u00e1ndar como no est\u00e1ndar<\/strong>, ya que el mapa de cableado es personalizable<\/p>\n<p><img decoding=\"async\" class=\"size-full wp-image-1760 alignnone\" src=\"https:\/\/www.trend-networks.com\/wp-content\/uploads\/2019\/03\/image-3.jpg\" alt=\"\" width=\"422\" height=\"279\" title=\"\" srcset=\"https:\/\/www.trend-networks.com\/wp-content\/uploads\/2019\/03\/image-3.jpg 422w, https:\/\/www.trend-networks.com\/wp-content\/uploads\/2019\/03\/image-3-300x198.jpg 300w\" sizes=\"(max-width: 422px) 100vw, 422px\" \/><\/p>\n<p><strong>Corrija problemas de red utilizando las herramientas de detecci\u00f3n y configuraci\u00f3n<\/strong><br \/>\nNaviTEK IE detecta los siguientes fallos:<\/p>\n<p>\u2022 Nombres de dispositivos incorrectos<br \/>\n\u2022 Direcciones IP duplicadas<br \/>\n\u2022 P\u00e9rdida de paquetes<\/p>\n<p>Si se encuentran fallos de configuraci\u00f3n en los nodos, se pueden corregir f\u00e1cilmente utilizando la herramienta de configuraci\u00f3n sencilla.<\/p>\n<p><img decoding=\"async\" class=\"size-full wp-image-1769 alignnone\" src=\"https:\/\/www.trend-networks.com\/wp-content\/uploads\/2019\/03\/image-4.jpg\" alt=\"\" width=\"426\" height=\"276\" title=\"\" srcset=\"https:\/\/www.trend-networks.com\/wp-content\/uploads\/2019\/03\/image-4.jpg 426w, https:\/\/www.trend-networks.com\/wp-content\/uploads\/2019\/03\/image-4-300x194.jpg 300w\" sizes=\"(max-width: 426px) 100vw, 426px\" \/><\/p>\n<p><strong>Descubra equipos mal configurados que causan conflictos en la red<\/strong><br \/>\nLa herramienta de comparaci\u00f3n COMPARAR puede tambi\u00e9n escanear toda la red para identificar todos los equipos activos y compararlos con escaneos anteriores. Gracias a esta funci\u00f3n es f\u00e1cil identificar dispositivos de red nuevos, desconectados o mal configurados, as\u00ed como cualquier cambio en la configuraci\u00f3n causado por ejemplo por actualizaciones autom\u00e1ticas de firmware.<\/p>\n<p><img decoding=\"async\" class=\"size-full wp-image-1778 alignnone\" src=\"https:\/\/www.trend-networks.com\/wp-content\/uploads\/2019\/03\/image-5.jpg\" alt=\"\" width=\"421\" height=\"272\" title=\"\" srcset=\"https:\/\/www.trend-networks.com\/wp-content\/uploads\/2019\/03\/image-5.jpg 421w, https:\/\/www.trend-networks.com\/wp-content\/uploads\/2019\/03\/image-5-300x194.jpg 300w\" sizes=\"(max-width: 421px) 100vw, 421px\" \/><\/p>\n<p><strong>Encuentre problemas intermitentes utilizando el registro de eventos<\/strong><br \/>\nNaviTEK IE registrar\u00e1 los errores de red claves ocurridos durante las \u00faltimas 48\u00a0horas, incluyendo los siguientes par\u00e1metros. Esto ayudar\u00e1 a determinar si el problema reside en el cableado, los nodos, el PLC o la configuraci\u00f3n de red.<\/p>\n<p>\u2022 Estado del dispositivo<br \/>\n\u2022 Errores de entrada\/salida<\/p>\n<p><img decoding=\"async\" class=\"size-full wp-image-1787 alignnone\" src=\"https:\/\/www.trend-networks.com\/wp-content\/uploads\/2019\/03\/image-6.jpg\" alt=\"\" width=\"419\" height=\"268\" title=\"\" srcset=\"https:\/\/www.trend-networks.com\/wp-content\/uploads\/2019\/03\/image-6.jpg 419w, https:\/\/www.trend-networks.com\/wp-content\/uploads\/2019\/03\/image-6-300x192.jpg 300w\" sizes=\"(max-width: 419px) 100vw, 419px\" \/><\/p>\n<p><strong>Visualice y valide r\u00e1pidamente los detalles de los nodos de red<\/strong><br \/>\nNaviTEK IE utiliza los siguientes protocolos para visualizar los par\u00e1metros m\u00e1s importantes de los nodos de red:<\/p>\n<p>\u2022 Protocolo de descubrimiento y configuraci\u00f3n (DCP)<br \/>\n\u2022 Protocolo de gesti\u00f3n de red simple (SNMP)<br \/>\n\u2022 Protocolo de descubrimiento de capa de enlace (LLDP)<\/p>\n<p><img decoding=\"async\" class=\"size-full wp-image-1796 alignnone\" src=\"https:\/\/www.trend-networks.com\/wp-content\/uploads\/2019\/03\/image-7.jpg\" alt=\"\" width=\"418\" height=\"270\" title=\"\" srcset=\"https:\/\/www.trend-networks.com\/wp-content\/uploads\/2019\/03\/image-7.jpg 418w, https:\/\/www.trend-networks.com\/wp-content\/uploads\/2019\/03\/image-7-300x194.jpg 300w\" sizes=\"(max-width: 418px) 100vw, 418px\" \/><\/p>\n<p><strong>Compruebe el estado del sistema para identificar problemas antes de que causen fallos en la red<\/strong><br \/>\nLa funci\u00f3n de comprobaci\u00f3n del estado indica r\u00e1pidamente el estado de todos los dispositivos con un sistema de sem\u00e1foros sencillo. Haciendo clic en cada dispositivo podr\u00e1 ver f\u00e1cilmente el motivo por el que se ha categorizado como amarillo o rojo, pudiendo tomar las acciones correctivas oportunas.<\/p>\n<p><img decoding=\"async\" class=\"wp-image-53368 alignnone\" src=\"https:\/\/www.trend-networks.com\/wp-content\/uploads\/2019\/08\/NaviTEK-IE-2.jpg\" alt=\"\" width=\"700\" height=\"569\" title=\"\" srcset=\"https:\/\/www.trend-networks.com\/wp-content\/uploads\/2019\/08\/NaviTEK-IE-2.jpg 937w, https:\/\/www.trend-networks.com\/wp-content\/uploads\/2019\/08\/NaviTEK-IE-2-600x488.jpg 600w, https:\/\/www.trend-networks.com\/wp-content\/uploads\/2019\/08\/NaviTEK-IE-2-768x625.jpg 768w\" sizes=\"(max-width: 700px) 100vw, 700px\" \/><\/p>\n<p><img decoding=\"async\" class=\"size-full wp-image-1814 alignnone\" src=\"https:\/\/www.trend-networks.com\/wp-content\/uploads\/2019\/03\/image-8.jpg\" alt=\"\" width=\"426\" height=\"273\" title=\"\" srcset=\"https:\/\/www.trend-networks.com\/wp-content\/uploads\/2019\/03\/image-8.jpg 426w, https:\/\/www.trend-networks.com\/wp-content\/uploads\/2019\/03\/image-8-300x192.jpg 300w\" sizes=\"(max-width: 426px) 100vw, 426px\" \/><\/p>\n<p><strong>Localice dispositivos ocultos o mal etiquetados<\/strong><br \/>\nIdentifique r\u00e1pidamente cierto dispositivo con NaviTEK IE haciendo parpadear sus LEDs.<\/p>\n<p><img decoding=\"async\" class=\"size-full wp-image-1823 alignnone\" src=\"https:\/\/www.trend-networks.com\/wp-content\/uploads\/2019\/03\/image-9-1.jpg\" alt=\"\" width=\"600\" height=\"336\" title=\"\" srcset=\"https:\/\/www.trend-networks.com\/wp-content\/uploads\/2019\/03\/image-9-1.jpg 600w, https:\/\/www.trend-networks.com\/wp-content\/uploads\/2019\/03\/image-9-1-300x168.jpg 300w\" sizes=\"(max-width: 600px) 100vw, 600px\" \/><\/p>\n<p><img decoding=\"async\" class=\"wp-image-63362 size-full alignnone\" src=\"https:\/\/www.trend-networks.com\/wp-content\/uploads\/2019\/04\/NaviTEK-IE-ES.jpg\" alt=\"\" width=\"600\" height=\"465\" title=\"\" srcset=\"https:\/\/www.trend-networks.com\/wp-content\/uploads\/2019\/04\/NaviTEK-IE-ES.jpg 600w, https:\/\/www.trend-networks.com\/wp-content\/uploads\/2019\/04\/NaviTEK-IE-ES-480x372.jpg 480w\" sizes=\"(max-width: 600px) 100vw, 600px\" \/><\/p>\n<p><strong>Reportes de pruebas<\/strong><br \/>\nNaviTEK NT genera autom\u00e1ticamente reportes de pruebas en formato PDF o CSV.<\/p>\n<p>La hoja resumen de cada reporte puede ser personalizada para incluir logo, detalles de compa\u00f1\u00eda y operario. Selecci\u00f3n entre 3 tipos diferentes de reportes que pueden mostrar solamente los que han pasado, los que han fallado o todos los reportes:<\/p>\n<p>\u2022 Resumen<br \/>\n\u2022 Breve<br \/>\n\u2022 Completo (vea ejemplo en el lado derecho)<\/p>\n<p><img decoding=\"async\" class=\"size-full wp-image-1841 alignnone\" src=\"https:\/\/www.trend-networks.com\/wp-content\/uploads\/2019\/03\/image-17.jpg\" alt=\"\" width=\"1023\" height=\"367\" title=\"\" srcset=\"https:\/\/www.trend-networks.com\/wp-content\/uploads\/2019\/03\/image-17.jpg 1023w, https:\/\/www.trend-networks.com\/wp-content\/uploads\/2019\/03\/image-17-600x215.jpg 600w, https:\/\/www.trend-networks.com\/wp-content\/uploads\/2019\/03\/image-17-300x108.jpg 300w, https:\/\/www.trend-networks.com\/wp-content\/uploads\/2019\/03\/image-17-768x276.jpg 768w\" sizes=\"(max-width: 1023px) 100vw, 1023px\" \/><\/p>\n<p><img decoding=\"async\" class=\" wp-image-53386 alignnone\" src=\"https:\/\/www.trend-networks.com\/wp-content\/uploads\/2019\/08\/NaviTEK-IE-4.jpg\" alt=\"\" width=\"647\" height=\"531\" title=\"\" srcset=\"https:\/\/www.trend-networks.com\/wp-content\/uploads\/2019\/08\/NaviTEK-IE-4.jpg 960w, https:\/\/www.trend-networks.com\/wp-content\/uploads\/2019\/08\/NaviTEK-IE-4-600x493.jpg 600w, https:\/\/www.trend-networks.com\/wp-content\/uploads\/2019\/08\/NaviTEK-IE-4-768x630.jpg 768w\" sizes=\"(max-width: 647px) 100vw, 647px\" \/><\/p>\n<p><strong>NaviTEK NT Pro<\/strong><\/p>\n<p>\u2022\u00a0 Informaci\u00f3n de configuraci\u00f3n de Red &#8211; IPv4 \/IPv6<br \/>\n\u2022 Detecci\u00f3n de errores de mapeado de hilos incluyendo Par separado (split), abiertos, cruzados, en corto<br \/>\n\u2022 Distancia a circuitos abiertos o en corto (TDR) \u2022 Detecci\u00f3n de PoE\/PoE+ con info detallada (Watts, V, mA)<br \/>\n\u2022 Generador de Tonos para localizaci\u00f3n de cables \u2022 Tecla Autotest para medidas de Ping y Traza de Ruta IP (modo Red)<br \/>\n\u2022 Generar parpadeo de LED en Switch para localizaci\u00f3n de puerto<br \/>\n\u2022 Cliente DHCP<br \/>\n\u2022 Detecci\u00f3n de Switch 10\/100\/1000 Mb\/s<br \/>\n\u2022 Puertos RJ45 reemplazables<br \/>\n\u2022 Soporta hasta 12 remotos para mapeado de hilos<br \/>\n\u2022 Pantalla retroiluminada en color<br \/>\n\u2022 Con pantalla t\u00e1ctil<br \/>\n\u2022 Mapeado de hilos personalizado<br \/>\n\u2022 Bot\u00f3n Autotest que realiza la serie de medidas de red seleccionadas: Conectividad a internet (Ping IP, DNS, Gateway, Traza de ruta IP) y Mapa de Red (Netscan)<br \/>\n\u2022 El relevamiento del puerto de Red (NET TEST) provee info detallada de la red y el puerto<br \/>\n\u2022 Identificaci\u00f3n del puerto utilizando EDP\/CDP\/LLDP \u2022 Soporte VLAN (Detectar las VLANs presentes y seleccionar la que se desee medir)<br \/>\n\u2022 Scan de Red (Direcciones IP y MAC)<br \/>\n\u2022 Prueba de carga PoE\/PoE+<br \/>\n\u2022 Tr\u00e1fico en el puerto, en modo de gr\u00e1fico en % sobre la capacidad total<br \/>\n\u2022 Memoria interna para 5000 mediciones<br \/>\n\u2022 Generaci\u00f3n de reportes (PDF o CSV)<br \/>\n\u2022 Interf\u00e1z de Fibra Optica<br \/>\n\u2022 Posibilidad de acceso a redes con protocolo de seguridad de acceso 802.1x<\/p>\n<p><strong>NaviTEK IE<\/strong><\/p>\n<p>Todas las prestaciones de NaviTEK NT Pro m\u00e1s las siguientes:<\/p>\n<p>\u2022 Comprobaci\u00f3n de cables M12 PROFINET<br \/>\n\u2022 Comprobaci\u00f3n de cables de fibra PROFINET<br \/>\n\u2022 Comprobaci\u00f3n del estado de red con un sistema de sem\u00e1foros<br \/>\n\u2022 Parpadeo de LEDs para localizar dispositivos m\u00e1s r\u00e1pido<br \/>\n\u2022 Funci\u00f3n COMPARAR para identificar cambios en la red<br \/>\n\u2022 Configuraci\u00f3n de los ajustes de los nodos sin necesidad de utilizar un ordenador<br \/>\n\u2022 Listado de todos los detalles de los nodos de red: direcci\u00f3n IP, detalles del proveedor, versi\u00f3n de software, etc.<br \/>\n\u2022 Posibilidad de restablecer los valores predeterminados del dispositivo<br \/>\n\u2022 Detecci\u00f3n de errores\/alarmas en el dispositivo<br \/>\n\u2022 Informes profesionales en formato PDF o CSV para las redes industriales Ethernet<\/p>\n<p><strong>NaviTEK IE<\/strong><br \/>\nCopper and Fibre Troubleshooter for PROFINET Industrial Ethernet Networks<\/p>\n<p><strong>Informaci\u00f3n para pedidos<\/strong><\/p>\n<p><img decoding=\"async\" class=\" wp-image-53395 alignnone\" src=\"https:\/\/www.trend-networks.com\/wp-content\/uploads\/2019\/08\/NaviTEK-IE-5.jpg\" alt=\"\" width=\"640\" height=\"157\" title=\"\" srcset=\"https:\/\/www.trend-networks.com\/wp-content\/uploads\/2019\/08\/NaviTEK-IE-5.jpg 820w, https:\/\/www.trend-networks.com\/wp-content\/uploads\/2019\/08\/NaviTEK-IE-5-600x147.jpg 600w, https:\/\/www.trend-networks.com\/wp-content\/uploads\/2019\/08\/NaviTEK-IE-5-768x188.jpg 768w\" sizes=\"(max-width: 640px) 100vw, 640px\" \/><\/p>\n<p><strong>Accesorios<\/strong><\/p>\n<p><img decoding=\"async\" class=\"size-full wp-image-1868 alignnone\" src=\"https:\/\/www.trend-networks.com\/wp-content\/uploads\/2019\/03\/image-14.jpg\" alt=\"\" width=\"646\" height=\"347\" title=\"\" srcset=\"https:\/\/www.trend-networks.com\/wp-content\/uploads\/2019\/03\/image-14.jpg 646w, https:\/\/www.trend-networks.com\/wp-content\/uploads\/2019\/03\/image-14-600x322.jpg 600w, https:\/\/www.trend-networks.com\/wp-content\/uploads\/2019\/03\/image-14-300x161.jpg 300w\" sizes=\"(max-width: 646px) 100vw, 646px\" \/><\/p>\n<p>Para accesorios de repuesto, por favor, visite nuestra p\u00e1gina web<\/p>\n<p><strong>Basic Specifications<\/strong><\/p>\n<p><img decoding=\"async\" class=\"size-full wp-image-1877 alignnone\" src=\"https:\/\/www.trend-networks.com\/wp-content\/uploads\/2019\/03\/image-15.jpg\" alt=\"\" width=\"646\" height=\"87\" title=\"\" srcset=\"https:\/\/www.trend-networks.com\/wp-content\/uploads\/2019\/03\/image-15.jpg 646w, https:\/\/www.trend-networks.com\/wp-content\/uploads\/2019\/03\/image-15-600x81.jpg 600w, https:\/\/www.trend-networks.com\/wp-content\/uploads\/2019\/03\/image-15-300x40.jpg 300w\" sizes=\"(max-width: 646px) 100vw, 646px\" \/><\/p>\n<p>Para especificaciones detalladas, por favor, visite nuestra p\u00e1gina web<\/p>\n<p>\u00bfD\u00f3nde puede utilizar NaviTEK IE en su red?<\/p>\n<p><img decoding=\"async\" class=\"size-full wp-image-1886 alignnone\" src=\"https:\/\/www.trend-networks.com\/wp-content\/uploads\/2019\/03\/Navitek-IE.jpg\" alt=\"\" width=\"500\" height=\"360\" title=\"\"><\/p>\n","protected":false},"excerpt":{"rendered":"<h3>Comprobador de PROFINET para resolver problemas en redes Ethernet industriales<\/h3>\n<p>El comprobador de PROFINET NaviTEK IE se utiliza para puesta en marcha, el mantenimiento preventivo y la resoluci\u00f3n de problemas de redes Ethernet industriales, as\u00ed como de redes Ethernet IP est\u00e1ndares.<\/p>\n<ul>\n<li>Detecci\u00f3n de Fallos de cableados en redes PROFINET (RJ45, M12, Fibra)<\/li>\n<li>Configurar nodos f\u00e1cilmente<\/li>\n<li>Prevenir fallos en la red comprobando el estado del sistema<\/li>\n<li>Localizar dispositivos dif\u00edciles de encontrar con la funci\u00f3n de parpadeo de LED<\/li>\n<li>Encontrar equipos mal configurados utilizando la herramienta de comparaci\u00f3n NetMAP<\/li>\n<li>Encontrar equipos maliciosos utilizando el registro de eventos de 48\u00a0horas<\/li>\n<\/ul>\n","protected":false},"featured_media":59998,"template":"","meta":{"_acf_changed":false,"inline_featured_image":false,"_glsr_average":0,"_glsr_ranking":0,"_glsr_reviews":0},"product_brand":[],"product_cat":[473,2900],"product_tag":[2554],"woo-feed-brand":[],"class_list":{"0":"post-53349","1":"product","2":"type-product","3":"status-publish","4":"has-post-thumbnail","6":"product_cat-comprobadores-de-red-cctv","7":"product_cat-comprobadores-de-redes","8":"product_tag-navitek-ie-es","10":"first","11":"instock","12":"taxable","13":"shipping-taxable","14":"purchasable","15":"product-type-simple","16":"add-to-wishlist-before_image"},"acf":[],"_links":{"self":[{"href":"https:\/\/www.trend-networks.com\/es\/wp-json\/wp\/v2\/product\/53349","targetHints":{"allow":["GET"]}}],"collection":[{"href":"https:\/\/www.trend-networks.com\/es\/wp-json\/wp\/v2\/product"}],"about":[{"href":"https:\/\/www.trend-networks.com\/es\/wp-json\/wp\/v2\/types\/product"}],"wp:featuredmedia":[{"embeddable":true,"href":"https:\/\/www.trend-networks.com\/es\/wp-json\/wp\/v2\/media\/59998"}],"wp:attachment":[{"href":"https:\/\/www.trend-networks.com\/es\/wp-json\/wp\/v2\/media?parent=53349"}],"wp:term":[{"taxonomy":"product_brand","embeddable":true,"href":"https:\/\/www.trend-networks.com\/es\/wp-json\/wp\/v2\/product_brand?post=53349"},{"taxonomy":"product_cat","embeddable":true,"href":"https:\/\/www.trend-networks.com\/es\/wp-json\/wp\/v2\/product_cat?post=53349"},{"taxonomy":"product_tag","embeddable":true,"href":"https:\/\/www.trend-networks.com\/es\/wp-json\/wp\/v2\/product_tag?post=53349"},{"taxonomy":"woo-feed-brand","embeddable":true,"href":"https:\/\/www.trend-networks.com\/es\/wp-json\/wp\/v2\/woo-feed-brand?post=53349"}],"curies":[{"name":"wp","href":"https:\/\/api.w.org\/{rel}","templated":true}]}}