{"id":53330,"date":"2019-06-05T15:29:37","date_gmt":"2019-06-05T14:29:37","guid":{"rendered":"https:\/\/www.trend-networks.com\/?post_type=product&#038;p=53330"},"modified":"2026-04-01T15:39:25","modified_gmt":"2026-04-01T14:39:25","slug":"poe-pro","status":"publish","type":"product","link":"https:\/\/www.trend-networks.com\/es\/producto\/poe-pro\/","title":{"rendered":"POE PRO POWER OVER ETHERNET TESTER"},"content":{"rendered":"<p><strong>\u00bfHay suficiente potencia en la ubicaci\u00f3n del dispositivo?<\/strong><\/p>\n<p>PoE Pro muestra la potencia m\u00e1xima disponible en la ubicaci\u00f3n del dispositivo, incluyendo los vatios m\u00e1ximos, clase (0-8), tensi\u00f3n, tipo (af\/at\/bt) y operaci\u00f3n de 2\/4 pares.<\/p>\n<p>La alimentaci\u00f3n proporcionada por algunos switches o inyectores de PoE puede exceder su clasificaci\u00f3n IEEE. La prueba de potencia extendida de PoE Pro comprueba esta capacidad. Simplemente pulse el bot\u00f3n de red durante 3\u00a0segundos y PoE Pro incrementar\u00e1 la demanda de potencia hasta un m\u00e1ximo de 90\u00a0vatios.<!--more--><\/p>\n<p><img decoding=\"async\" class=\"alignnone wp-image-106702 size-medium\" src=\"https:\/\/www.trend-networks.com\/wp-content\/uploads\/2019\/06\/product_feature_1_es-600x509.jpg\" alt=\"\" width=\"600\" height=\"509\" title=\"\" srcset=\"https:\/\/www.trend-networks.com\/wp-content\/uploads\/2019\/06\/product_feature_1_es-600x509.jpg 600w, https:\/\/www.trend-networks.com\/wp-content\/uploads\/2019\/06\/product_feature_1_es-768x652.jpg 768w, https:\/\/www.trend-networks.com\/wp-content\/uploads\/2019\/06\/product_feature_1_es.jpg 1000w\" sizes=\"(max-width: 600px) 100vw, 600px\" \/><\/p>\n<p><strong>Probar y generar informes en 3 sencillos pasos. <\/strong>Test. Upload. Report.<\/p>\n<p><strong>Ventajas de AnyWARE Cloud:<\/strong><br \/>\n\u2022 Acceso desde cualquier lugar, en cualquier momento y desde cualquier dispositivo<br \/>\n\u2022 Almacenamiento de datos ilimitados, gratis<br \/>\n\u2022 No es necesario invertir en hardware inform\u00e1tico<br \/>\n\u2022 El software siempre est\u00e1 actualizado<br \/>\n\u2022 Se guardan los datos constantemente<br \/>\n\u2022 Es f\u00e1cil compartir datos para aumentar la colaboraci\u00f3n<br \/>\n\u2022 Cumple con m\u00e1s de 100 normas internacionales en materia de seguridad y privacidad<\/p>\n<p><img decoding=\"async\" class=\"alignnone wp-image-106746 size-medium\" src=\"https:\/\/www.trend-networks.com\/wp-content\/uploads\/2019\/06\/AnyWARE-Cloud-App-600x179.jpg\" sizes=\"(max-width: 600px) 100vw, 600px\" srcset=\"https:\/\/www.trend-networks.com\/wp-content\/uploads\/2019\/06\/AnyWARE-Cloud-App-600x179.jpg 600w, https:\/\/www.trend-networks.com\/wp-content\/uploads\/2019\/06\/AnyWARE-Cloud-App-1024x306.jpg 1024w, https:\/\/www.trend-networks.com\/wp-content\/uploads\/2019\/06\/AnyWARE-Cloud-App-768x229.jpg 768w, https:\/\/www.trend-networks.com\/wp-content\/uploads\/2019\/06\/AnyWARE-Cloud-App.jpg 1242w\" alt=\"AnyWARE Cloud App\" width=\"600\" height=\"179\" title=\"\"><\/p>\n<p><img decoding=\"async\" class=\"alignnone wp-image-106948 size-medium\" src=\"https:\/\/www.trend-networks.com\/wp-content\/uploads\/2019\/06\/laptop-report_v2-1-600x348.png\" sizes=\"(max-width: 600px) 100vw, 600px\" srcset=\"https:\/\/www.trend-networks.com\/wp-content\/uploads\/2019\/06\/laptop-report_v2-1-600x348.png 600w, https:\/\/www.trend-networks.com\/wp-content\/uploads\/2019\/06\/laptop-report_v2-1-1024x594.png 1024w, https:\/\/www.trend-networks.com\/wp-content\/uploads\/2019\/06\/laptop-report_v2-1-768x445.png 768w, https:\/\/www.trend-networks.com\/wp-content\/uploads\/2019\/06\/laptop-report_v2-1-1536x890.png 1536w, https:\/\/www.trend-networks.com\/wp-content\/uploads\/2019\/06\/laptop-report_v2-1-2048x1187.png 2048w\" alt=\"laptop report v2 1\" width=\"600\" height=\"348\" title=\"\"><\/p>\n<p><strong>\u00bfQu\u00e9 tipo de equipos de suministro de energ\u00eda est\u00e1n en uso?<\/strong><\/p>\n<p>Reduzca el tiempo de resoluci\u00f3n de problemas identificando los equipos PoE en uso. Los switches PoE de final de l\u00ednea residen en salas de equipos, mientras que los inyectores de PoE pueden estar en cualquier punto del cable.<\/p>\n<p>Esto se consigue visualizando los pares trenzados alimentados. Potencia en los pares 1\/2, 3\/6 indica que se est\u00e1 utilizando un switch PoE, mientras que en los pares 4\/5, 7\/8 indica la presencia de un inyector de PoE.<\/p>\n<p><strong>\u00bfEl switch PoE proporciona suficiente potencia?<\/strong><\/p>\n<p>Compruebe y verifique los switches PoE e inyectores de PoE conect\u00e1ndose directamente a ellos y visualizando la potencia m\u00e1xima. Tipo (af\/at\/bt), clase (0-8) y tensi\u00f3n<\/p>\n<p><strong><img decoding=\"async\" class=\"alignnone wp-image-106711 size-medium\" src=\"https:\/\/www.trend-networks.com\/wp-content\/uploads\/2019\/06\/product_feature_es_cn-571x600.jpg\" alt=\"\" width=\"571\" height=\"600\" title=\"\" srcset=\"https:\/\/www.trend-networks.com\/wp-content\/uploads\/2019\/06\/product_feature_es_cn-571x600.jpg 571w, https:\/\/www.trend-networks.com\/wp-content\/uploads\/2019\/06\/product_feature_es_cn-975x1024.jpg 975w, https:\/\/www.trend-networks.com\/wp-content\/uploads\/2019\/06\/product_feature_es_cn-768x806.jpg 768w, https:\/\/www.trend-networks.com\/wp-content\/uploads\/2019\/06\/product_feature_es_cn-600x630.jpg 600w, https:\/\/www.trend-networks.com\/wp-content\/uploads\/2019\/06\/product_feature_es_cn.jpg 1000w\" sizes=\"(max-width: 571px) 100vw, 571px\" \/><br \/>\nVerificaci\u00f3n y resoluci\u00f3n de problemas en cables<\/strong><\/p>\n<p><em>Una detecci\u00f3n de problemas precisa ahorra tiempo y dinero<\/em><\/p>\n<p>PoE Pro utiliza la tecnolog\u00eda reflectom\u00e9trica (TDR) para medir con precisi\u00f3n la longitud del cable y mostrar la distancia al fallo. Esto acelera la detecci\u00f3n de problemas y minimiza el tiempo de interrupci\u00f3n y los da\u00f1os potenciales en las fijaciones y monturas.<\/p>\n<p><em>Resultados instant\u00e1neos<\/em><\/p>\n<p>PoE Pro proporciona detalles completos de los circuitos abiertos, cortocircuitos, circuitos cruzados y pares separados, identificando instant\u00e1neamente cualquier error en los cables.<\/p>\n<p><em>No necesita adquirir comprobadores adicionales.<\/em><\/p>\n<p>Los conectores integrados RJ-11\/RJ-12 (voz), RJ-45 (datos) y tipo\u00a0F (video) permiten comprobar m\u00e1s r\u00e1pidamente la mayor\u00eda de los cables de baja tensi\u00f3n, eliminando as\u00ed la necesidad de adquirir varios comprobadores.<\/p>\n<p><em>Valide los servicios de voz y datos con m\u00e1s rapidez<\/em><\/p>\n<p>PoE Pro determina r\u00e1pidamente qu\u00e9 tipo de servicio de comunicaci\u00f3n se transmite por el cable &#8211; Ethernet, RDSI, PBX o PoE &#8211; acelerando los diagn\u00f3sticos de aver\u00edas.<\/p>\n<p><em>Determine r\u00e1pidamente la velocidad de red<\/em><\/p>\n<p>La funci\u00f3n de detecci\u00f3n de red facilita la resoluci\u00f3n de problemas en redes Ethernet activas, mostrando la velocidad (10\/100\/1000) y el estado d\u00faplex (semi\/completo) del puerto de red.<\/p>\n<p><em>Protecci\u00f3n contra sobretensiones en el verificador<\/em><\/p>\n<p>PoE Pro detecta alta tensi\u00f3n y da un aviso visual y audible para evitar da\u00f1os en el verificador.<\/p>\n<p><em>Trazado de cables para ahorrar tiempo<\/em><\/p>\n<p>El generador de tonos m\u00faltiples an\u00e1logos\/digitales puede ser usado con la mayor\u00eda de sondas de trazado de cables an\u00e1logas y digitales, lo cual es esencial para encontrar los cables defectuosos o mal etiquetados.<\/p>\n<p><em>Identificaci\u00f3n de puertos<\/em><\/p>\n<p>La funci\u00f3n de parpadeo de puertos identifica el puerto del switch donde est\u00e1 conectado el cable.<\/p>\n<p><img decoding=\"async\" class=\"alignnone wp-image-106340 size-medium\" src=\"https:\/\/www.trend-networks.com\/wp-content\/uploads\/2019\/06\/PoE_BT_img1-600x600.jpg\" alt=\"\" width=\"600\" height=\"600\" title=\"\" srcset=\"https:\/\/www.trend-networks.com\/wp-content\/uploads\/2019\/06\/PoE_BT_img1-600x600.jpg 600w, https:\/\/www.trend-networks.com\/wp-content\/uploads\/2019\/06\/PoE_BT_img1-150x150.jpg 150w, https:\/\/www.trend-networks.com\/wp-content\/uploads\/2019\/06\/PoE_BT_img1-768x768.jpg 768w, https:\/\/www.trend-networks.com\/wp-content\/uploads\/2019\/06\/PoE_BT_img1-125x125.jpg 125w, https:\/\/www.trend-networks.com\/wp-content\/uploads\/2019\/06\/PoE_BT_img1-100x100.jpg 100w, https:\/\/www.trend-networks.com\/wp-content\/uploads\/2019\/06\/PoE_BT_img1.jpg 900w\" sizes=\"(max-width: 600px) 100vw, 600px\" \/><\/p>\n<p><img decoding=\"async\" class=\"alignnone wp-image-106746 size-medium\" src=\"https:\/\/www.trend-networks.com\/wp-content\/uploads\/2019\/06\/AnyWARE-Cloud-App-600x179.jpg\" alt=\"\" width=\"600\" height=\"179\" title=\"\" srcset=\"https:\/\/www.trend-networks.com\/wp-content\/uploads\/2019\/06\/AnyWARE-Cloud-App-600x179.jpg 600w, https:\/\/www.trend-networks.com\/wp-content\/uploads\/2019\/06\/AnyWARE-Cloud-App-1024x306.jpg 1024w, https:\/\/www.trend-networks.com\/wp-content\/uploads\/2019\/06\/AnyWARE-Cloud-App-768x229.jpg 768w, https:\/\/www.trend-networks.com\/wp-content\/uploads\/2019\/06\/AnyWARE-Cloud-App.jpg 1242w\" sizes=\"(max-width: 600px) 100vw, 600px\" \/><\/p>\n","protected":false},"excerpt":{"rendered":"<h3>Instalar, mantener y solucionar problemas de dispositivos PoE y cableado de datos.<\/h3>\n<p><strong>Da un impulso a la primavera con pruebas m\u00e1s inteligentes y el m\u00e1ximo ahorro. <a href=\"https:\/\/www.trend-networks.com\/wp-content\/uploads\/2026\/04\/Spring-Savings_ES-2026.pdf\">Haga clic aqu\u00ed.<\/a><\/strong><\/p>\n<ul>\n<li>No m\u00e1s prueba y error<\/li>\n<li>Soporta PoE de hasta 90W (PoE++)<\/li>\n<li>Identifica los pares accionados<\/li>\n<li>Verifique la instalaci\u00f3n<\/li>\n<li>Proporcione una indicaci\u00f3n de pase\/fallo<\/li>\n<li>Ahora con informes profesionales en PDF con resultados de aprobaci\u00f3n\/rechazo<\/li>\n<li>Ahora detecta enlaces con velocidades de hasta 10G<\/li>\n<\/ul>\n","protected":false},"featured_media":153144,"template":"","meta":{"_acf_changed":false,"inline_featured_image":false,"_glsr_average":0,"_glsr_ranking":0,"_glsr_reviews":0},"product_brand":[],"product_cat":[2945,473,2900,2884],"product_tag":[2566],"woo-feed-brand":[],"class_list":{"0":"post-53330","1":"product","2":"type-product","3":"status-publish","4":"has-post-thumbnail","6":"product_cat-anyware-cloud-es","7":"product_cat-comprobadores-de-red-cctv","8":"product_cat-comprobadores-de-redes","9":"product_cat-funciones-de-promociones","10":"product_tag-poe-pro-es","12":"first","13":"instock","14":"sale","15":"taxable","16":"shipping-taxable","17":"product-type-grouped","18":"add-to-wishlist-before_image"},"acf":[],"_links":{"self":[{"href":"https:\/\/www.trend-networks.com\/es\/wp-json\/wp\/v2\/product\/53330","targetHints":{"allow":["GET"]}}],"collection":[{"href":"https:\/\/www.trend-networks.com\/es\/wp-json\/wp\/v2\/product"}],"about":[{"href":"https:\/\/www.trend-networks.com\/es\/wp-json\/wp\/v2\/types\/product"}],"wp:featuredmedia":[{"embeddable":true,"href":"https:\/\/www.trend-networks.com\/es\/wp-json\/wp\/v2\/media\/153144"}],"wp:attachment":[{"href":"https:\/\/www.trend-networks.com\/es\/wp-json\/wp\/v2\/media?parent=53330"}],"wp:term":[{"taxonomy":"product_brand","embeddable":true,"href":"https:\/\/www.trend-networks.com\/es\/wp-json\/wp\/v2\/product_brand?post=53330"},{"taxonomy":"product_cat","embeddable":true,"href":"https:\/\/www.trend-networks.com\/es\/wp-json\/wp\/v2\/product_cat?post=53330"},{"taxonomy":"product_tag","embeddable":true,"href":"https:\/\/www.trend-networks.com\/es\/wp-json\/wp\/v2\/product_tag?post=53330"},{"taxonomy":"woo-feed-brand","embeddable":true,"href":"https:\/\/www.trend-networks.com\/es\/wp-json\/wp\/v2\/woo-feed-brand?post=53330"}],"curies":[{"name":"wp","href":"https:\/\/api.w.org\/{rel}","templated":true}]}}