{"id":50845,"date":"2019-06-30T08:45:55","date_gmt":"2019-06-30T07:45:55","guid":{"rendered":"https:\/\/www.trend-networks.com\/?post_type=product&#038;p=50845"},"modified":"2024-02-23T11:05:21","modified_gmt":"2024-02-23T11:05:21","slug":"kit-fibertek-iii-con-fuentes-led-multimodo-y-fuentes-laser-monomodo-2","status":"publish","type":"product","link":"https:\/\/www.trend-networks.com\/es\/producto\/kit-fibertek-iii-con-fuentes-led-multimodo-y-fuentes-laser-monomodo-2\/","title":{"rendered":"Kit FiberTEK IV con fuentes LED multimodo y fuentes l\u00e1ser monomodo"},"content":{"rendered":"<p>Kit FiberTEK III combinatorio de multimodo y monomodo con fuentes LED multimodo y fuentes l\u00e1ser monomodo.<\/p>\n<p>Compatible con todos los modelos de LanTEK II (disponibilidad prevista hasta el 2T de 2016) y LanTEK III. Haga clic aqu\u00ed para obtener m\u00e1s informaci\u00f3n.<\/p>\n<p>Contenido del kit Incluye dos m\u00f3dulos FiberTEK III multimodo; dos m\u00f3dulos FiberTEK III monomodo; malet\u00edn de transporte semirr\u00edgido equipado de cierre con llave; adaptadores SC, FC y ST para m\u00f3dulos (2 cada uno); 6 cables de interconexi\u00f3n SC-SC con fibra monomodo de 9 \u03bcm y 6 cables con fibra multimodo de 50 \u03bcm, conformes con la norma ISO\/IEC 14763-3; gu\u00eda de referencia r\u00e1pida.<\/p>\n","protected":false},"excerpt":{"rendered":"<p>Kit FiberTEK III combinatorio de multimodo y monomodo con fuentes LED multimodo y fuentes l\u00e1ser monomodo.<\/p>\n<p>Compatible con todos los modelos de LanTEK II (disponibilidad prevista hasta el 2T de 2016) y LanTEK III.<\/p>\n<p>Haga clic aqu\u00ed para obtener m\u00e1s informaci\u00f3n.<\/p>\n<p>Contenido del kit Incluye dos m\u00f3dulos FiberTEK III multimodo; dos m\u00f3dulos FiberTEK III monomodo; malet\u00edn de transporte semirr\u00edgido equipado de cierre con llave; adaptadores SC, FC y ST para m\u00f3dulos (2 cada uno); 6 cables de interconexi\u00f3n SC-SC con fibra monomodo de 9 \u03bcm y 6 cables con fibra multimodo de 50 \u03bcm, conformes con la norma ISO\/IEC 14763-3; gu\u00eda de referencia r\u00e1pida.<\/p>\n","protected":false},"featured_media":149742,"template":"","meta":{"_acf_changed":false,"inline_featured_image":false,"_glsr_average":0,"_glsr_ranking":0,"_glsr_reviews":0},"product_brand":[],"product_cat":[465,493],"product_tag":[],"woo-feed-brand":[],"class_list":{"0":"post-50845","1":"product","2":"type-product","3":"status-publish","4":"has-post-thumbnail","6":"product_cat-accesorios","7":"product_cat-comprobador-de-fibra","9":"first","10":"instock","11":"taxable","12":"shipping-taxable","13":"purchasable","14":"product-type-simple","15":"add-to-wishlist-before_image"},"acf":[],"_links":{"self":[{"href":"https:\/\/www.trend-networks.com\/es\/wp-json\/wp\/v2\/product\/50845","targetHints":{"allow":["GET"]}}],"collection":[{"href":"https:\/\/www.trend-networks.com\/es\/wp-json\/wp\/v2\/product"}],"about":[{"href":"https:\/\/www.trend-networks.com\/es\/wp-json\/wp\/v2\/types\/product"}],"wp:featuredmedia":[{"embeddable":true,"href":"https:\/\/www.trend-networks.com\/es\/wp-json\/wp\/v2\/media\/149742"}],"wp:attachment":[{"href":"https:\/\/www.trend-networks.com\/es\/wp-json\/wp\/v2\/media?parent=50845"}],"wp:term":[{"taxonomy":"product_brand","embeddable":true,"href":"https:\/\/www.trend-networks.com\/es\/wp-json\/wp\/v2\/product_brand?post=50845"},{"taxonomy":"product_cat","embeddable":true,"href":"https:\/\/www.trend-networks.com\/es\/wp-json\/wp\/v2\/product_cat?post=50845"},{"taxonomy":"product_tag","embeddable":true,"href":"https:\/\/www.trend-networks.com\/es\/wp-json\/wp\/v2\/product_tag?post=50845"},{"taxonomy":"woo-feed-brand","embeddable":true,"href":"https:\/\/www.trend-networks.com\/es\/wp-json\/wp\/v2\/woo-feed-brand?post=50845"}],"curies":[{"name":"wp","href":"https:\/\/api.w.org\/{rel}","templated":true}]}}