{"id":50723,"date":"2019-04-26T17:35:51","date_gmt":"2019-06-28T13:57:32","guid":{"rendered":"https:\/\/www.trend-networks.com\/?post_type=product&#038;p=50723"},"modified":"2019-11-22T09:59:47","modified_gmt":"2019-11-22T09:59:47","slug":"unipro-mgig1-duo-plus","status":"publish","type":"product","link":"https:\/\/www.trend-networks.com\/es\/producto\/unipro-mgig1-duo-plus\/","title":{"rendered":"UNIPRO MGIG1 DUO PLUS"},"content":{"rendered":"<p><strong>UniPRO MGig1 Duo Plus<\/strong><br \/>\nComprobador de transmisi\u00f3n bidireccional de flujos m\u00faltiples Gigabit Ethernet con doble puerto de cobre y \u00f3ptico<\/p>\n<p><strong>Contenido del kit<\/strong><br \/>\n1 ud. UniPRO MGig1 Duo Plus, 1 ud. bater\u00eda NiMH, 2 ud. cable de interconexi\u00f3n, 1 unidad de alimentaci\u00f3n con adaptadores para UE\/Reino Unido\/EE. UU., 1 ud. manual en CD, 1 ud. gu\u00eda de referencia r\u00e1pida en ingl\u00e9s, 1 ud. estuche de transporte, 1 ud. correa de transporte.<\/p>\n","protected":false},"excerpt":{"rendered":"<p>UniPRO MGig1 Duo Plus Comprobador de transmisi\u00f3n bidireccional de flujos m\u00faltiples Gigabit Ethernet con doble&nbsp;&#8230;<\/p>\n","protected":false},"featured_media":63380,"template":"","meta":{"_acf_changed":false,"inline_featured_image":false,"_glsr_average":0,"_glsr_ranking":0,"_glsr_reviews":0},"product_brand":[],"product_cat":[473],"product_tag":[2571],"woo-feed-brand":[],"class_list":{"0":"post-50723","1":"product","2":"type-product","3":"status-publish","4":"has-post-thumbnail","6":"product_cat-comprobadores-de-red-cctv","7":"product_tag-unipro-mgig1-es","9":"first","10":"instock","11":"taxable","12":"shipping-taxable","13":"purchasable","14":"product-type-simple","15":"add-to-wishlist-before_image"},"acf":[],"_links":{"self":[{"href":"https:\/\/www.trend-networks.com\/es\/wp-json\/wp\/v2\/product\/50723","targetHints":{"allow":["GET"]}}],"collection":[{"href":"https:\/\/www.trend-networks.com\/es\/wp-json\/wp\/v2\/product"}],"about":[{"href":"https:\/\/www.trend-networks.com\/es\/wp-json\/wp\/v2\/types\/product"}],"wp:featuredmedia":[{"embeddable":true,"href":"https:\/\/www.trend-networks.com\/es\/wp-json\/wp\/v2\/media\/63380"}],"wp:attachment":[{"href":"https:\/\/www.trend-networks.com\/es\/wp-json\/wp\/v2\/media?parent=50723"}],"wp:term":[{"taxonomy":"product_brand","embeddable":true,"href":"https:\/\/www.trend-networks.com\/es\/wp-json\/wp\/v2\/product_brand?post=50723"},{"taxonomy":"product_cat","embeddable":true,"href":"https:\/\/www.trend-networks.com\/es\/wp-json\/wp\/v2\/product_cat?post=50723"},{"taxonomy":"product_tag","embeddable":true,"href":"https:\/\/www.trend-networks.com\/es\/wp-json\/wp\/v2\/product_tag?post=50723"},{"taxonomy":"woo-feed-brand","embeddable":true,"href":"https:\/\/www.trend-networks.com\/es\/wp-json\/wp\/v2\/woo-feed-brand?post=50723"}],"curies":[{"name":"wp","href":"https:\/\/api.w.org\/{rel}","templated":true}]}}